

{"id":126,"date":"2022-02-18T15:15:24","date_gmt":"2022-02-18T14:15:24","guid":{"rendered":"https:\/\/blog.hwr-berlin.de\/mieterstromplus\/?page_id=126"},"modified":"2022-03-23T12:06:11","modified_gmt":"2022-03-23T11:06:11","slug":"ergebnisse","status":"publish","type":"page","link":"https:\/\/blog.hwr-berlin.de\/mieterstromplus\/ergebnisse\/","title":{"rendered":"Ergebnisse"},"content":{"rendered":"\n<p><a href=\"https:\/\/blog.hwr-berlin.de\/mieterstromplus\/wp-content\/uploads_mieterstromplus\/2022\/02\/Whitepaper-MieterstromPlus.pdf\" target=\"_blank\" rel=\"noreferrer noopener\">Whitepaper MieterstromPlus!<\/a><\/p>\n\n\n\n<p><a rel=\"noreferrer noopener\" href=\"https:\/\/blog.hwr-berlin.de\/mieterstromplus\/wp-content\/uploads_mieterstromplus\/2022\/02\/MieterstromPlus_Intro-key-results_25.02.22.pdf\" target=\"_blank\">Projekt- und Ergebnispr\u00e4sentation<\/a><\/p>\n\n\n\n<p><a rel=\"noreferrer noopener\" href=\"https:\/\/www.ifaf-berlin.de\/media\/ifaf_mieterstromplus_poster_urania.pdf\" target=\"_blank\">Posterpr\u00e4sentation auf der Wissenschaftsmesse &#8222;Tabula rasa&#8220;<\/a><\/p>\n\n\n\n<p><a href=\"https:\/\/blog.hwr-berlin.de\/mieterstromplus\/wp-content\/uploads_mieterstromplus\/2022\/03\/HTW-Schaubild-Herausforderungen-Loesungen-Mieterstrom-1.pdf\" target=\"_blank\" rel=\"noreferrer noopener\">Mieterstrom &#8211; Herausforderungen und L\u00f6sungsans\u00e4tze<\/a><\/p>\n\n\n\n<p><a rel=\"noreferrer noopener\" href=\"https:\/\/solar.htw-berlin.de\/forschungsgruppe\/mieterstromplus\/mieterstrom-potenzialkarte\/\" target=\"_blank\">Mieterstrom-Potenzialkarte<\/a><\/p>\n","protected":false},"excerpt":{"rendered":"<p>Whitepaper MieterstromPlus! Projekt- und Ergebnispr\u00e4sentation Posterpr\u00e4sentation auf der Wissenschaftsmesse &#8222;Tabula rasa&#8220; Mieterstrom &#8211; Herausforderungen und L\u00f6sungsans\u00e4tze Mieterstrom-Potenzialkarte<\/p>\n","protected":false},"author":2,"featured_media":308,"parent":0,"menu_order":0,"comment_status":"closed","ping_status":"closed","template":"","meta":{"footnotes":""},"class_list":["post-126","page","type-page","status-publish","has-post-thumbnail","hentry"],"_links":{"self":[{"href":"https:\/\/blog.hwr-berlin.de\/mieterstromplus\/wp-json\/wp\/v2\/pages\/126","targetHints":{"allow":["GET"]}}],"collection":[{"href":"https:\/\/blog.hwr-berlin.de\/mieterstromplus\/wp-json\/wp\/v2\/pages"}],"about":[{"href":"https:\/\/blog.hwr-berlin.de\/mieterstromplus\/wp-json\/wp\/v2\/types\/page"}],"author":[{"embeddable":true,"href":"https:\/\/blog.hwr-berlin.de\/mieterstromplus\/wp-json\/wp\/v2\/users\/2"}],"replies":[{"embeddable":true,"href":"https:\/\/blog.hwr-berlin.de\/mieterstromplus\/wp-json\/wp\/v2\/comments?post=126"}],"version-history":[{"count":13,"href":"https:\/\/blog.hwr-berlin.de\/mieterstromplus\/wp-json\/wp\/v2\/pages\/126\/revisions"}],"predecessor-version":[{"id":536,"href":"https:\/\/blog.hwr-berlin.de\/mieterstromplus\/wp-json\/wp\/v2\/pages\/126\/revisions\/536"}],"wp:featuredmedia":[{"embeddable":true,"href":"https:\/\/blog.hwr-berlin.de\/mieterstromplus\/wp-json\/wp\/v2\/media\/308"}],"wp:attachment":[{"href":"https:\/\/blog.hwr-berlin.de\/mieterstromplus\/wp-json\/wp\/v2\/media?parent=126"}],"curies":[{"name":"wp","href":"https:\/\/api.w.org\/{rel}","templated":true}]}}