

{"id":129,"date":"2021-07-26T13:17:45","date_gmt":"2021-07-26T11:17:45","guid":{"rendered":"https:\/\/blog.hwr-berlin.de\/mieterstromplus\/?page_id=129"},"modified":"2023-06-06T16:26:26","modified_gmt":"2023-06-06T14:26:26","slug":"projektbeschreibung","status":"publish","type":"page","link":"https:\/\/blog.hwr-berlin.de\/mieterstromplus\/projektbeschreibung\/","title":{"rendered":"Projektbeschreibung"},"content":{"rendered":"\n<h3 class=\"wp-block-heading\">Energiewende in der Stadt<\/h3>\n\n\n\n<p>Ein vielversprechender Weg die Energiewende im st\u00e4dtischen Raum voranzubringen, ist die Nutzung der Dachfl\u00e4chen von Mietsh\u00e4usern zur Erzeugung von Solarenergie, welche den Mieterinnen und Mietern vor Ort dann als sogenannter Mieterstrom angeboten werden kann.<\/p>\n\n\n\n<p style=\"line-height:1.5\">Das regionale und umweltfreundliche Stromprodukt ist per Gesetz immer mindestens 10 % g\u00fcnstiger als der vor Ort geltende Grundversorgungstarif, was Mieterstrom zu einem preislich sehr attraktiven \u00d6kostromprodukt macht.<\/p>\n\n\n\n<p style=\"line-height:1.5\">Dennoch st\u00f6\u00dft das Mieterstrom-Modell oft an seine Grenzen: Zum einen sind die regulatorischen Anforderungen f\u00fcr die Umsetzung solcher Projekte sehr komplex und zum anderen ist im Vorhinein nicht klar, wie viele Mietparteien sich f\u00fcr den Bezug des Solarstroms vom Hausdach entscheiden und diesen letztendlich auch abnehmen.&nbsp;<\/p>\n\n\n\n<h3 class=\"wp-block-heading\" style=\"line-height:1.5\">Das Forschungsprojekt <\/h3>\n\n\n\n<p style=\"line-height:1.5\">Hier setzt das Forschungsprojekt MieterstromPlus an, das von der Hochschule f\u00fcr Wirtschaft und Recht Berlin in Kooperation mit der Hochschule f\u00fcr Wirtschaft und Technik Berlin durchgef\u00fchrt wird. Gemeinsam mit unseren Praxispartner\/innen wollen wir herausfinden, was Menschen motiviert, sich f\u00fcr das Solarstromprodukt Mieterstrom zu entscheiden und was m\u00f6gliche Hinderungsgr\u00fcnde sind.&nbsp;<\/p>\n\n\n\n<p style=\"line-height:1.5\">Dar\u00fcber hinaus wird untersucht, inwieweit das Modell Mieterstrom durch die Kombination von Zusatzdienstleistungen, wie beispielsweise Anwendungen intelligenter Stromz\u00e4hler oder das Bereitstellen von E-Lades\u00e4ulen, sinnvoll erg\u00e4nzt werden kann. Dabei werden neue Gesch\u00e4ftsmodelle ausgelotet und Hilfestellungen f\u00fcr ein erfolgreiches Mieterstrom Marketing entwickelt.<\/p>\n\n\n\n<p>Das Projekt wird gef\u00f6rdert durch das Institut f\u00fcr angewandte Forschung Berlin. Weitere Informationen \u00fcber das Forschungsprojekt k\u00f6nnen Sie unserem&nbsp;<a rel=\"noreferrer noopener\" href=\"https:\/\/blog.hwr-berlin.de\/mieterstromplus\/wp-content\/uploads_mieterstromplus\/2021\/06\/projektfyler-mieterstromplus.pdf\" target=\"_blank\">Projektflyer<\/a>&nbsp;entnehmen.<\/p>\n\n\n\n<h3 class=\"wp-block-heading\">Projektlaufzeit<\/h3>\n\n\n\n<p>01.10.2019 &#8211; 31.03.2022<\/p>\n\n\n\n<h3 class=\"wp-block-heading\">Praxispartner\/innen<\/h3>\n\n\n\n<ul class=\"wp-block-list\" id=\"block-e9ff3733-449e-4bb8-85aa-d3728e83274a\">\n<li><a rel=\"noreferrer noopener\" href=\"https:\/\/berlinerstadtwerke.de\/\" target=\"_blank\">Berliner Stadtwerke<\/a><\/li>\n\n\n\n<li><a rel=\"noreferrer noopener\" href=\"https:\/\/www.berliner-mieterverein.de\/\" target=\"_blank\">Berliner Mieterverein e.V.<\/a><\/li>\n\n\n\n<li><a rel=\"noreferrer noopener\" href=\"https:\/\/www.co2online.de\/\" target=\"_blank\">co2online gGmbH<\/a><\/li>\n\n\n\n<li><a rel=\"noreferrer noopener\" href=\"http:\/\/klinkenberg-architekten.de\/\" target=\"_blank\">Klinkenberg Architekten<\/a><\/li>\n\n\n\n<li><a rel=\"noreferrer noopener\" href=\"https:\/\/bbu.de\/\" target=\"_blank\">Verband Berlin-Brandenburgischer Wohnungsunternehmen e.V.<\/a><\/li>\n\n\n\n<li><a rel=\"noreferrer noopener\" href=\"https:\/\/www.mollgenossenschaft.de\/\" target=\"_blank\">Wohnungsgenossenschaft Mollstra\u00dfe eG<\/a><\/li>\n<\/ul>\n","protected":false},"excerpt":{"rendered":"<p>Energiewende in der Stadt Ein vielversprechender Weg die Energiewende im st\u00e4dtischen Raum voranzubringen, ist die Nutzung der Dachfl\u00e4chen von Mietsh\u00e4usern zur Erzeugung von Solarenergie, welche den Mieterinnen und Mietern vor Ort dann als sogenannter Mieterstrom angeboten werden kann. Das regionale und umweltfreundliche Stromprodukt ist per Gesetz immer mindestens 10 % g\u00fcnstiger als der vor Ort &hellip; <\/p>\n<p class=\"link-more\"><a href=\"https:\/\/blog.hwr-berlin.de\/mieterstromplus\/projektbeschreibung\/\" class=\"more-link\"><span class=\"screen-reader-text\">\u201eProjektbeschreibung\u201c <\/span>weiterlesen<\/a><\/p>\n","protected":false},"author":2,"featured_media":0,"parent":0,"menu_order":0,"comment_status":"closed","ping_status":"closed","template":"","meta":{"footnotes":""},"class_list":["post-129","page","type-page","status-publish","hentry"],"_links":{"self":[{"href":"https:\/\/blog.hwr-berlin.de\/mieterstromplus\/wp-json\/wp\/v2\/pages\/129","targetHints":{"allow":["GET"]}}],"collection":[{"href":"https:\/\/blog.hwr-berlin.de\/mieterstromplus\/wp-json\/wp\/v2\/pages"}],"about":[{"href":"https:\/\/blog.hwr-berlin.de\/mieterstromplus\/wp-json\/wp\/v2\/types\/page"}],"author":[{"embeddable":true,"href":"https:\/\/blog.hwr-berlin.de\/mieterstromplus\/wp-json\/wp\/v2\/users\/2"}],"replies":[{"embeddable":true,"href":"https:\/\/blog.hwr-berlin.de\/mieterstromplus\/wp-json\/wp\/v2\/comments?post=129"}],"version-history":[{"count":52,"href":"https:\/\/blog.hwr-berlin.de\/mieterstromplus\/wp-json\/wp\/v2\/pages\/129\/revisions"}],"predecessor-version":[{"id":584,"href":"https:\/\/blog.hwr-berlin.de\/mieterstromplus\/wp-json\/wp\/v2\/pages\/129\/revisions\/584"}],"wp:attachment":[{"href":"https:\/\/blog.hwr-berlin.de\/mieterstromplus\/wp-json\/wp\/v2\/media?parent=129"}],"curies":[{"name":"wp","href":"https:\/\/api.w.org\/{rel}","templated":true}]}}