

{"id":187,"date":"2021-07-26T13:09:21","date_gmt":"2021-07-26T11:09:21","guid":{"rendered":"https:\/\/blog.hwr-berlin.de\/mieterstromplus\/?page_id=187"},"modified":"2022-02-18T16:48:29","modified_gmt":"2022-02-18T15:48:29","slug":"stakeholder-dialog","status":"publish","type":"page","link":"https:\/\/blog.hwr-berlin.de\/mieterstromplus\/stakeholder-dialog\/","title":{"rendered":"Stakeholder-Dialog"},"content":{"rendered":"\n<p>Gemeinsam mit knapp 50 Vertreterinnen und Vertretern der Energie- und Immobilienwirtschaft haben wir uns am 23.09.2021 \u00fcber die solare Stromversorgung f\u00fcr Berliner Mieterinnen und Mieter ausgetauscht.&nbsp;Inspirierende Vortr\u00e4ge und lebhafte Diskussionsrunden haben die dreist\u00fcndige Veranstaltung gepr\u00e4gt und einen nachhaltigen Austausch aller Akteure gef\u00f6rdert. Wir bedanken uns bei allen Beteiligten.  <\/p>\n\n\n\n<figure class=\"wp-block-image size-large\"><img loading=\"lazy\" decoding=\"async\" width=\"1024\" height=\"577\" src=\"https:\/\/blog.hwr-berlin.de\/mieterstromplus\/wp-content\/uploads_mieterstromplus\/2021\/09\/Selfie-Stakeholder-Dialog-neu-1024x577.jpg\" alt=\"\" class=\"wp-image-482\" srcset=\"https:\/\/blog.hwr-berlin.de\/mieterstromplus\/wp-content\/uploads_mieterstromplus\/2021\/09\/Selfie-Stakeholder-Dialog-neu-1024x577.jpg 1024w, https:\/\/blog.hwr-berlin.de\/mieterstromplus\/wp-content\/uploads_mieterstromplus\/2021\/09\/Selfie-Stakeholder-Dialog-neu-300x169.jpg 300w, https:\/\/blog.hwr-berlin.de\/mieterstromplus\/wp-content\/uploads_mieterstromplus\/2021\/09\/Selfie-Stakeholder-Dialog-neu-768x433.jpg 768w, https:\/\/blog.hwr-berlin.de\/mieterstromplus\/wp-content\/uploads_mieterstromplus\/2021\/09\/Selfie-Stakeholder-Dialog-neu-1536x866.jpg 1536w, https:\/\/blog.hwr-berlin.de\/mieterstromplus\/wp-content\/uploads_mieterstromplus\/2021\/09\/Selfie-Stakeholder-Dialog-neu-2048x1155.jpg 2048w\" sizes=\"auto, (max-width: 767px) 89vw, (max-width: 1000px) 54vw, (max-width: 1071px) 543px, 580px\" \/><\/figure>\n\n\n\n<p><strong>Inhalte unseres Dialoges umfassten unter anderem: <\/strong><\/p>\n\n\n\n<ul class=\"wp-block-list\"><li>Wie kann das Modell Mieterstrom f\u00fcr die Zukunft attraktiver gestaltet werden?<\/li><li>Wann ist die Kombination mit Zusatzdienstleistungen im Bereich E-Mobilit\u00e4t, Smart Meter und W\u00e4rmeerzeugung sinnvoll und welche Herausforderungen gibt es noch?<\/li><\/ul>\n\n\n\n<h3 class=\"wp-block-heading\" id=\"agenda\">Agenda<\/h3>\n\n\n\n<figure class=\"wp-block-table is-style-regular\"><table><tbody><tr><td class=\"has-text-align-center\" data-align=\"center\">Uhrzeit<\/td><td><strong>Programmpunkte <\/strong><\/td><\/tr><tr><td class=\"has-text-align-center\" data-align=\"center\">09:30 &#8211; 09:45<\/td><td><strong>Begr\u00fc\u00dfung<\/strong><br>Gru\u00dfwort von Frau Prof. Andrea Rumler (HWR Berlin) und Herrn Prof. Volker Quaschning (HTW Berlin)<\/td><\/tr><tr><td class=\"has-text-align-center\" data-align=\"center\">09:45 &#8211; 09:55<\/td><td><strong>Kennenlernen in Kleingruppen<\/strong><\/td><\/tr><tr><td class=\"has-text-align-center\" data-align=\"center\">09:55 &#8211; 10:35<\/td><td><strong>Forschungsprojekt MieterstromPlus<\/strong><br>\u2022 Projektvorstellung (Bernhard Siegel, HTW Berlin)<br>\u2022 Pr\u00e4sentation der Studienergebnisse (Julia Memmert, HWR Berlin)<br>\u2022 Diskussion der Studienergebnisse<\/td><\/tr><tr><td class=\"has-text-align-center\" data-align=\"center\">10:50 &#8211; 11:00<\/td><td><strong>Vorstellung des Forschungsprojekts Stromnachbarn<\/strong><br>(Katharina Umpfenbach, Ecologic Institute)<\/td><\/tr><tr><td class=\"has-text-align-center\" data-align=\"center\">11:00 &#8211; 11:45<\/td><td><strong>Praxisbeispiele<\/strong><br>\u2022 Anwendungsbeispiele mit Smart-Meter Gateway (Christoph Cormann, Discovergy GmbH)<br>\u2022 W\u00e4rmeerzeugung im Projekt Future Living Berlin (Jan-Peter Tholen, Polarstern GmbH)<br>\u2022 Elektromobilit\u00e4t im Projekt WINNER reloaded (Ringo Lottig, Chemnitzer Siedlungsgemeinschaft eG)<\/td><\/tr><tr><td class=\"has-text-align-center\" data-align=\"center\">12:00 &#8211; 12:20 <\/td><td><strong><strong>Austausch in Kleingruppen zum Thema Mieterstrom<\/strong><br><\/strong>(1) ohne Verletzung der Dachhaut (Paul K\u00e4stner, Berliner Stadtwerke)&nbsp;<br>(2) mit E-Mobilit\u00e4t (Ringo Lottig, Chemnitzer Siedlungsgemeinschaft eG)<br>(3) mit Smart Meter Gateway (Christoph Cormann, Discovergy GmbH)<br>(4) mit W\u00e4rmepumpen (Jan-Peter Tholen, Polarstern GmbH)<br>(5) aus Perspektive der Mieterinnen und Mieter (Julia Memmert, Bernhard Siegel, Katharina Umpfenbach)<\/td><\/tr><tr><td class=\"has-text-align-center\" data-align=\"center\">12:20 &#8211; 12:30<\/td><td><strong>Ausblick und Verabschiedung<\/strong><\/td><\/tr><\/tbody><\/table><\/figure>\n\n\n\n<p><\/p>\n","protected":false},"excerpt":{"rendered":"<p>Gemeinsam mit knapp 50 Vertreterinnen und Vertretern der Energie- und Immobilienwirtschaft haben wir uns am 23.09.2021 \u00fcber die solare Stromversorgung f\u00fcr Berliner Mieterinnen und Mieter ausgetauscht.&nbsp;Inspirierende Vortr\u00e4ge und lebhafte Diskussionsrunden haben die dreist\u00fcndige Veranstaltung gepr\u00e4gt und einen nachhaltigen Austausch aller Akteure gef\u00f6rdert. Wir bedanken uns bei allen Beteiligten. Inhalte unseres Dialoges umfassten unter anderem: Wie &hellip; <\/p>\n<p class=\"link-more\"><a href=\"https:\/\/blog.hwr-berlin.de\/mieterstromplus\/stakeholder-dialog\/\" class=\"more-link\"><span class=\"screen-reader-text\">\u201eStakeholder-Dialog\u201c <\/span>weiterlesen<\/a><\/p>\n","protected":false},"author":2,"featured_media":0,"parent":0,"menu_order":0,"comment_status":"closed","ping_status":"closed","template":"","meta":{"footnotes":""},"class_list":["post-187","page","type-page","status-publish","hentry"],"_links":{"self":[{"href":"https:\/\/blog.hwr-berlin.de\/mieterstromplus\/wp-json\/wp\/v2\/pages\/187","targetHints":{"allow":["GET"]}}],"collection":[{"href":"https:\/\/blog.hwr-berlin.de\/mieterstromplus\/wp-json\/wp\/v2\/pages"}],"about":[{"href":"https:\/\/blog.hwr-berlin.de\/mieterstromplus\/wp-json\/wp\/v2\/types\/page"}],"author":[{"embeddable":true,"href":"https:\/\/blog.hwr-berlin.de\/mieterstromplus\/wp-json\/wp\/v2\/users\/2"}],"replies":[{"embeddable":true,"href":"https:\/\/blog.hwr-berlin.de\/mieterstromplus\/wp-json\/wp\/v2\/comments?post=187"}],"version-history":[{"count":83,"href":"https:\/\/blog.hwr-berlin.de\/mieterstromplus\/wp-json\/wp\/v2\/pages\/187\/revisions"}],"predecessor-version":[{"id":510,"href":"https:\/\/blog.hwr-berlin.de\/mieterstromplus\/wp-json\/wp\/v2\/pages\/187\/revisions\/510"}],"wp:attachment":[{"href":"https:\/\/blog.hwr-berlin.de\/mieterstromplus\/wp-json\/wp\/v2\/media?parent=187"}],"curies":[{"name":"wp","href":"https:\/\/api.w.org\/{rel}","templated":true}]}}