

{"id":547,"date":"2023-05-02T16:53:36","date_gmt":"2023-05-02T14:53:36","guid":{"rendered":"https:\/\/blog.hwr-berlin.de\/mieterstromplus\/?page_id=547"},"modified":"2023-06-08T11:52:28","modified_gmt":"2023-06-08T09:52:28","slug":"transfer-projekt-solarberlin","status":"publish","type":"page","link":"https:\/\/blog.hwr-berlin.de\/mieterstromplus\/transfer-projekt-solarberlin\/","title":{"rendered":"Projektbeschreibung"},"content":{"rendered":"\n<h3 class=\"wp-block-heading\">Von MieterstromPlus! zu SolarBerlin<\/h3>\n\n\n\n<p>Im Projekt SolarBerlin werden b\u00fcrgernahe Kommunikationsma\u00dfnahmen in bestehenden Mieterstrom-H\u00e4usern in Berlin getestet und ihr Effekt wird wissenschaftlich untersucht. Im Fokus stehen dabei besonders Instrumente des &#8222;Green Nudging\u201c.<\/p>\n\n\n\n<p>Weiterhin wird eine bereits entwickelte Mieterstrom-Potenzialkarte f\u00fcr Berlin verbessert. Diese hilft der Energie- und Wohnungswirtschaft, geeignete Areale f\u00fcr den Ausbau von Mieterstrom zu identifizieren.<br>Der Karten-Prototyp wird im Transfer-Projekt in ein Format mit h\u00f6herer Nutzerfreundlichkeit und intuitiverer Bedienung weiterentwickelt. Auch ist eine Erweiterung der Darstellungsm\u00f6glichkeiten angestrebt.<\/p>\n\n\n\n<h3 class=\"wp-block-heading\">Projektlaufzeit<\/h3>\n\n\n\n<p>01.04.2023 &#8211; 31.03.2024<\/p>\n\n\n\n<h3 class=\"wp-block-heading\">Transferpartner\/innen<\/h3>\n\n\n\n<ul class=\"wp-block-list\">\n<li><a href=\"https:\/\/www.berliner-mieterverein.de\/\">Berliner Mieterverein e.V.<\/a><\/li>\n\n\n\n<li><a href=\"https:\/\/bbu.de\/\">Verband Berlin-Brandenburgischer Wohnungsunternehmen e.V.<\/a><\/li>\n\n\n\n<li><a href=\"https:\/\/www.buerger-energie-berlin.de\/\">B\u00fcrgerEnergie Berlin eG<\/a><\/li>\n\n\n\n<li><a href=\"https:\/\/www.gesobau.de\/\">Gesobau AG<\/a><\/li>\n\n\n\n<li><a href=\"https:\/\/www.gwneukoelln.de\/\">Wohnungsgenossenschaft Neuk\u00f6lln eG<\/a><\/li>\n<\/ul>\n","protected":false},"excerpt":{"rendered":"<p>Von MieterstromPlus! zu SolarBerlin Im Projekt SolarBerlin werden b\u00fcrgernahe Kommunikationsma\u00dfnahmen in bestehenden Mieterstrom-H\u00e4usern in Berlin getestet und ihr Effekt wird wissenschaftlich untersucht. Im Fokus stehen dabei besonders Instrumente des &#8222;Green Nudging\u201c. Weiterhin wird eine bereits entwickelte Mieterstrom-Potenzialkarte f\u00fcr Berlin verbessert. Diese hilft der Energie- und Wohnungswirtschaft, geeignete Areale f\u00fcr den Ausbau von Mieterstrom zu identifizieren.Der &hellip; <\/p>\n<p class=\"link-more\"><a href=\"https:\/\/blog.hwr-berlin.de\/mieterstromplus\/transfer-projekt-solarberlin\/\" class=\"more-link\"><span class=\"screen-reader-text\">\u201eProjektbeschreibung\u201c <\/span>weiterlesen<\/a><\/p>\n","protected":false},"author":2,"featured_media":0,"parent":0,"menu_order":0,"comment_status":"closed","ping_status":"closed","template":"","meta":{"footnotes":""},"class_list":["post-547","page","type-page","status-publish","hentry"],"_links":{"self":[{"href":"https:\/\/blog.hwr-berlin.de\/mieterstromplus\/wp-json\/wp\/v2\/pages\/547","targetHints":{"allow":["GET"]}}],"collection":[{"href":"https:\/\/blog.hwr-berlin.de\/mieterstromplus\/wp-json\/wp\/v2\/pages"}],"about":[{"href":"https:\/\/blog.hwr-berlin.de\/mieterstromplus\/wp-json\/wp\/v2\/types\/page"}],"author":[{"embeddable":true,"href":"https:\/\/blog.hwr-berlin.de\/mieterstromplus\/wp-json\/wp\/v2\/users\/2"}],"replies":[{"embeddable":true,"href":"https:\/\/blog.hwr-berlin.de\/mieterstromplus\/wp-json\/wp\/v2\/comments?post=547"}],"version-history":[{"count":8,"href":"https:\/\/blog.hwr-berlin.de\/mieterstromplus\/wp-json\/wp\/v2\/pages\/547\/revisions"}],"predecessor-version":[{"id":589,"href":"https:\/\/blog.hwr-berlin.de\/mieterstromplus\/wp-json\/wp\/v2\/pages\/547\/revisions\/589"}],"wp:attachment":[{"href":"https:\/\/blog.hwr-berlin.de\/mieterstromplus\/wp-json\/wp\/v2\/media?parent=547"}],"curies":[{"name":"wp","href":"https:\/\/api.w.org\/{rel}","templated":true}]}}