

{"id":85,"date":"2017-03-27T16:27:35","date_gmt":"2017-03-27T14:27:35","guid":{"rendered":"https:\/\/blog.hwr-berlin.de\/mim2019\/?page_id=85"},"modified":"2017-05-09T08:01:23","modified_gmt":"2017-05-09T06:01:23","slug":"about-berlin","status":"publish","type":"page","link":"https:\/\/blog.hwr-berlin.de\/mim2019\/about-berlin\/","title":{"rendered":"About Berlin"},"content":{"rendered":"<figure id=\"attachment_259\" aria-describedby=\"caption-attachment-259\" style=\"width: 290px\" class=\"wp-caption alignleft\"><img loading=\"lazy\" decoding=\"async\" class=\"size-medium wp-image-259\" src=\"https:\/\/blog.hwr-berlin.de\/mim2019\/wp-content\/uploads\/2017\/03\/8426673254_877a6b43e6_o-300x201.jpg\" alt=\"\" width=\"300\" height=\"201\" srcset=\"https:\/\/blog.hwr-berlin.de\/mim2019\/wp-content\/uploads\/2017\/03\/8426673254_877a6b43e6_o-300x201.jpg 300w, https:\/\/blog.hwr-berlin.de\/mim2019\/wp-content\/uploads\/2017\/03\/8426673254_877a6b43e6_o-150x101.jpg 150w, https:\/\/blog.hwr-berlin.de\/mim2019\/wp-content\/uploads\/2017\/03\/8426673254_877a6b43e6_o-768x515.jpg 768w, https:\/\/blog.hwr-berlin.de\/mim2019\/wp-content\/uploads\/2017\/03\/8426673254_877a6b43e6_o.jpg 1024w\" sizes=\"auto, (max-width: 300px) 100vw, 300px\" \/><figcaption id=\"caption-attachment-259\" class=\"wp-caption-text\">Brandenburg Gate<br \/>\u00a9 visitBerlin, Foto: Wolfgang Scholvien<\/figcaption><\/figure>\n<p>With over 3,5 Million inhabitants <strong>Berlin<\/strong> is the largest City of the Federal Republic of Germany. <span id=\"result_box\" lang=\"en\">Berlin is considered the world capital of culture, politics, media and sciences. The universities, research facilities, sports events and museums of Berlin enjoy an international reputation. The metropolis carries the UNESCO title of City of Design and is one of the most visited centers on the continent. Berlin&#8217;s architecture, festivals, nightlife and varied living conditions are known all over the world.<br \/>\n<\/span><span id=\"result_box\" lang=\"en\">According to the Berlin constitution the city is divided into<strong> twelve districts<\/strong>:<br \/>\n<\/span>Mitte, Friedrichshain-Kreuzberg, Pankow, Charlottenburg-Wilmersdorf, Spandau, Steglitz-Zehlendorf, Tempelhof-Sch\u00f6neberg, Neuk\u00f6lln, Treptow-K\u00f6penick, Marzahn-Hellerdorf, Lichtenberg, Reinickendorf<\/p>\n<p>&nbsp;<\/p>\n<figure id=\"attachment_251\" aria-describedby=\"caption-attachment-251\" style=\"width: 290px\" class=\"wp-caption alignright\"><img loading=\"lazy\" decoding=\"async\" class=\"size-medium wp-image-251\" src=\"https:\/\/blog.hwr-berlin.de\/mim2019\/wp-content\/uploads\/2017\/03\/8414356072_9a6de79695_o-300x200.jpg\" alt=\"\" width=\"300\" height=\"200\" srcset=\"https:\/\/blog.hwr-berlin.de\/mim2019\/wp-content\/uploads\/2017\/03\/8414356072_9a6de79695_o-300x200.jpg 300w, https:\/\/blog.hwr-berlin.de\/mim2019\/wp-content\/uploads\/2017\/03\/8414356072_9a6de79695_o-150x100.jpg 150w, https:\/\/blog.hwr-berlin.de\/mim2019\/wp-content\/uploads\/2017\/03\/8414356072_9a6de79695_o-768x512.jpg 768w, https:\/\/blog.hwr-berlin.de\/mim2019\/wp-content\/uploads\/2017\/03\/8414356072_9a6de79695_o.jpg 1024w\" sizes=\"auto, (max-width: 300px) 100vw, 300px\" \/><figcaption id=\"caption-attachment-251\" class=\"wp-caption-text\">Berlin-Mitte<br \/>\u00a9 visitBerlin, Foto: Wolfgang Scholvien<\/figcaption><\/figure>\n<p><span id=\"result_box\" lang=\"en\">In addition to extensive forest areas in the west and southeast of the City, Berlin has many large parks. Since almost all streets are lined with trees, Berlin is a especially <strong>green City<\/strong>. In the center of the city lies the <strong>Great Tiergarten<\/strong>. It is the oldest and most important park in Berlin with 210 hectares and is the most important park in Berlin and has been designed for more than 500 years. Originally an extensive forest area at the gates of the city, used by the Prussian nobles as a hunting and riding area, this was gradually enclosed by urban development. Today, the park stretches from <strong>Bahnhof Zoo<\/strong> to the <strong>Brandenburg Gate<\/strong> and borders directly to the government district.<\/span>(translated, <a href=\"https:\/\/de.wikipedia.org\/wiki\/Berlin\">Source: Wikipedia\/Berlin<\/a>)<\/p>\n<p>&nbsp;<\/p>\n<figure id=\"attachment_244\" aria-describedby=\"caption-attachment-244\" style=\"width: 290px\" class=\"wp-caption alignleft\"><img loading=\"lazy\" decoding=\"async\" class=\"size-medium wp-image-244\" src=\"https:\/\/blog.hwr-berlin.de\/mim2019\/wp-content\/uploads\/2017\/03\/4688263526_e01b83e9e1_o-300x203.jpg\" alt=\"\" width=\"300\" height=\"203\" srcset=\"https:\/\/blog.hwr-berlin.de\/mim2019\/wp-content\/uploads\/2017\/03\/4688263526_e01b83e9e1_o-300x203.jpg 300w, https:\/\/blog.hwr-berlin.de\/mim2019\/wp-content\/uploads\/2017\/03\/4688263526_e01b83e9e1_o-150x102.jpg 150w, https:\/\/blog.hwr-berlin.de\/mim2019\/wp-content\/uploads\/2017\/03\/4688263526_e01b83e9e1_o-768x521.jpg 768w, https:\/\/blog.hwr-berlin.de\/mim2019\/wp-content\/uploads\/2017\/03\/4688263526_e01b83e9e1_o.jpg 1024w\" sizes=\"auto, (max-width: 300px) 100vw, 300px\" \/><figcaption id=\"caption-attachment-244\" class=\"wp-caption-text\">Kurf\u00fcrstendamm<br \/>\u00a9 visitBerlin, Foto: Wolfgang Scholvien<\/figcaption><\/figure>\n<p><strong><span style=\"color: #30478f;\">Public Transport<br \/>\n<\/span><\/strong>The city offers different transport\u00a0opportunities for exploring the environment. Many Hotels offer <strong>bike Rentals<\/strong> or maybe you have a shop or rental station near by. You can also take one of the serveral carsharing cars, which you can find distributed in the whole City.<br \/>\nWith the <strong>BVG<\/strong>, Berlin has a very well developed local Transport System. On the <a href=\"http:\/\/www.bvg.de\/en\">Homepage of the BVG<\/a> you can start right away to plan your tour through the capital. The Company also provides an <a href=\"http:\/\/www.bvg.de\/de\/Fahrinfo\/Jederzeit-mobil\">app for your mobilephone<\/a> (only available in german), with which you can plan routes, see delays and can buy tickets. <span id=\"result_box\" lang=\"en\">It is also advisable to take one of the magazines, provided in the BVG busses at the middle door, because they contain a BVG net plan for the trains and subways.<br \/>\n<\/span>(translated, <a href=\"https:\/\/de.wikipedia.org\/wiki\/Nahverkehr_in_Berlin\">Source: Wikipedia\/Berlin_nahverkehr<\/a>)<\/p>\n<p><span id=\"result_box\" lang=\"en\">Additionally you can take one of the <strong>7500 caps <\/strong>driving through the streets.<br \/>\n<\/span>030 <strong>44 33 22 <\/strong> Taxi Funk Berlin<br \/>\n030 <strong>26 10 26 <\/strong> Funk Taxi Berlin<br \/>\n030 <strong>26 30 00 <\/strong> Quality Taxi<br \/>\n030 <strong>21 01 01 <\/strong> W\u00fcrfelfunk<br \/>\n030 <strong>21 02 02 <\/strong> City Funk<br \/>\n<span style=\"color: #30478f;\"><span style=\"color: #000000;\">(translated <a href=\"https:\/\/www.berlin.de\/tourismus\/infos\/1756978-1721039-taxi.html\">Source: Berlin.de<\/a>)<\/span><\/span><\/p>\n<p><span style=\"color: #30478f;\"><strong>Art &amp; Culture<\/strong><\/span><\/p>\n<figure id=\"attachment_262\" aria-describedby=\"caption-attachment-262\" style=\"width: 290px\" class=\"wp-caption alignright\"><img loading=\"lazy\" decoding=\"async\" class=\"size-medium wp-image-262\" src=\"https:\/\/blog.hwr-berlin.de\/mim2019\/wp-content\/uploads\/2017\/03\/8484335749_a2f9b14881_o-300x200.jpg\" alt=\"\" width=\"300\" height=\"200\" srcset=\"https:\/\/blog.hwr-berlin.de\/mim2019\/wp-content\/uploads\/2017\/03\/8484335749_a2f9b14881_o-300x200.jpg 300w, https:\/\/blog.hwr-berlin.de\/mim2019\/wp-content\/uploads\/2017\/03\/8484335749_a2f9b14881_o-150x100.jpg 150w, https:\/\/blog.hwr-berlin.de\/mim2019\/wp-content\/uploads\/2017\/03\/8484335749_a2f9b14881_o-768x511.jpg 768w, https:\/\/blog.hwr-berlin.de\/mim2019\/wp-content\/uploads\/2017\/03\/8484335749_a2f9b14881_o.jpg 1024w\" sizes=\"auto, (max-width: 300px) 100vw, 300px\" \/><figcaption id=\"caption-attachment-262\" class=\"wp-caption-text\">Spring time boating<br \/>\u00a9 visitBerlin, Foto: Wolfgang Scholvien<\/figcaption><\/figure>\n<p><span id=\"result_box\" lang=\"en\">Berlin is an outstanding art and cultural center and has a reputation as a European city. As a production center for various branches of the creative industry, the city is increasingly regarded as an international attraction for cultural producers. Renowned institutions of the high culture, daily happenings of the popular arts and a constantly changing scene life characterize the cultural landscape of Berlin.<\/span><span id=\"t-served-community-button\" class=\"trans-verified-button goog-toolbar-button\"><\/span><\/p>\n<p><span id=\"result_box\" class=\"short_text\" lang=\"en\">Berlin has a variety of museums.<\/span><span id=\"t-served-community-button\" class=\"trans-verified-button goog-toolbar-button\"><\/span> <span id=\"result_box\" lang=\"en\">In 1841, a royal order, the museum island surrounded by Spree and Kupfergraben, in the northern part of the <strong>Spreeinsel<\/strong>, was a &#8222;district dedicated to art and antiquarian science&#8220;. Already before, there was the\u00a0<strong>Old<\/strong><strong> Museum<\/strong> at the Lustgarten, which now had several museums, such as the <strong>New Museum<\/strong>, the <strong>Alte Nationalgalerie<\/strong>, today&#8217;s<strong> Bode Museum<\/strong> and the <strong>Pergamonmuseum<\/strong>. These museums are mainly famous for their exhibits from the time of antiquity. In 1999, the<strong> Museum Island<\/strong> was included in the <strong>UNESCO World Cultural Heritage List<\/strong>.<br \/>\n<\/span>(translated, <a href=\"https:\/\/de.wikipedia.org\/wiki\/Berlin\">Source: Wikipedia\/Berlin<\/a>)<\/p>\n<p><span style=\"color: #30478f;\"><strong>Nightlife<\/strong><\/span><\/p>\n<figure id=\"attachment_253\" aria-describedby=\"caption-attachment-253\" style=\"width: 290px\" class=\"wp-caption alignleft\"><img loading=\"lazy\" decoding=\"async\" class=\"size-medium wp-image-253\" src=\"https:\/\/blog.hwr-berlin.de\/mim2019\/wp-content\/uploads\/2017\/03\/8423330696_94baa67ed8_o_philip_koschel-300x200.jpg\" alt=\"\" width=\"300\" height=\"200\" srcset=\"https:\/\/blog.hwr-berlin.de\/mim2019\/wp-content\/uploads\/2017\/03\/8423330696_94baa67ed8_o_philip_koschel-300x200.jpg 300w, https:\/\/blog.hwr-berlin.de\/mim2019\/wp-content\/uploads\/2017\/03\/8423330696_94baa67ed8_o_philip_koschel-150x100.jpg 150w, https:\/\/blog.hwr-berlin.de\/mim2019\/wp-content\/uploads\/2017\/03\/8423330696_94baa67ed8_o_philip_koschel-768x511.jpg 768w, https:\/\/blog.hwr-berlin.de\/mim2019\/wp-content\/uploads\/2017\/03\/8423330696_94baa67ed8_o_philip_koschel.jpg 1024w\" sizes=\"auto, (max-width: 300px) 100vw, 300px\" \/><figcaption id=\"caption-attachment-253\" class=\"wp-caption-text\">Arena, Berlin-Kreuzberg<br \/>\u00a9 visitBerlin, Foto: Philip Koschel<\/figcaption><\/figure>\n<p>Berlin&#8217;s nightlife is one of the most exciting in the world and clubs such as the <strong>Berghain<\/strong> or the <strong>Watergate<\/strong> are a good start for the best international DJs.<span id=\"t-served-community-button\" class=\"trans-verified-button goog-toolbar-button\"><\/span> <span id=\"result_box\" lang=\"en\">In addition to the <a href=\"http:\/\/www.berlin.de\/clubs-und-party\/clubguide\/\">endless list of clubs and parties<\/a>, there are also <a href=\"http:\/\/www.berlin.de\/bars\/stadtteile\/\">numerous bars,<\/a> where you can end the evening in a pleasant atmosphere. <\/span>(translated, <a href=\"https:\/\/de.wikipedia.org\/wiki\/Berlin\">Source: visitBerlin.de\/nightlife<\/a>, <a href=\"http:\/\/www.berlin.de\/bars\/stadtteile\/\">visitBerlin.de\/Clubs<\/a>)<\/p>\n<p>To find out more about <strong>Berlin<\/strong> and possible activities during your stay, please visit <a href=\"http:\/\/www.visitberlin.de\/en\/plan\/city-info?tid=848\">visitBerlin.de<\/a>\u00a0or <a href=\"http:\/\/www.berlin.de\/en\/tourism\/\">Berlin.de<\/a>.<\/p>\n<p>&nbsp;<\/p>\n","protected":false},"excerpt":{"rendered":"<p>With over 3,5 Million inhabitants Berlin is the largest City of the Federal Republic of Germany. Berlin is considered the world capital of culture, politics, media and sciences. The universities, research facilities, sports events and museums of Berlin enjoy an international reputation. The metropolis carries the UNESCO title of City of Design and is one &#8230; <a title=\"About Berlin\" class=\"read-more\" href=\"https:\/\/blog.hwr-berlin.de\/mim2019\/about-berlin\/\" aria-label=\"Mehr Informationen \u00fcber About Berlin\">Weiterlesen<\/a><\/p>\n","protected":false},"author":2,"featured_media":0,"parent":0,"menu_order":0,"comment_status":"closed","ping_status":"closed","template":"","meta":{"footnotes":""},"class_list":["post-85","page","type-page","status-publish"],"_links":{"self":[{"href":"https:\/\/blog.hwr-berlin.de\/mim2019\/wp-json\/wp\/v2\/pages\/85","targetHints":{"allow":["GET"]}}],"collection":[{"href":"https:\/\/blog.hwr-berlin.de\/mim2019\/wp-json\/wp\/v2\/pages"}],"about":[{"href":"https:\/\/blog.hwr-berlin.de\/mim2019\/wp-json\/wp\/v2\/types\/page"}],"author":[{"embeddable":true,"href":"https:\/\/blog.hwr-berlin.de\/mim2019\/wp-json\/wp\/v2\/users\/2"}],"replies":[{"embeddable":true,"href":"https:\/\/blog.hwr-berlin.de\/mim2019\/wp-json\/wp\/v2\/comments?post=85"}],"version-history":[{"count":11,"href":"https:\/\/blog.hwr-berlin.de\/mim2019\/wp-json\/wp\/v2\/pages\/85\/revisions"}],"predecessor-version":[{"id":277,"href":"https:\/\/blog.hwr-berlin.de\/mim2019\/wp-json\/wp\/v2\/pages\/85\/revisions\/277"}],"wp:attachment":[{"href":"https:\/\/blog.hwr-berlin.de\/mim2019\/wp-json\/wp\/v2\/media?parent=85"}],"curies":[{"name":"wp","href":"https:\/\/api.w.org\/{rel}","templated":true}]}}