

{"id":123,"date":"2024-07-03T13:33:58","date_gmt":"2024-07-03T11:33:58","guid":{"rendered":"https:\/\/blog.hwr-berlin.de\/oev-eval\/?page_id=123"},"modified":"2024-07-03T13:33:58","modified_gmt":"2024-07-03T11:33:58","slug":"prof-dr-tobias-ringeisen","status":"publish","type":"page","link":"https:\/\/blog.hwr-berlin.de\/oev-eval\/prof-dr-tobias-ringeisen\/","title":{"rendered":"Prof. Dr. Tobias Ringeisen"},"content":{"rendered":"\n<div class=\"wp-block-media-text is-stacked-on-mobile\"><figure class=\"wp-block-media-text__media\"><img loading=\"lazy\" decoding=\"async\" width=\"450\" height=\"450\" src=\"https:\/\/blog.hwr-berlin.de\/oev-eval\/wp-content\/uploads_oev-eval\/2024\/07\/csm_FB-3-Ringeisen_c18ffa1c89.jpg\" alt=\"\" class=\"wp-image-65 size-full\" srcset=\"https:\/\/blog.hwr-berlin.de\/oev-eval\/wp-content\/uploads_oev-eval\/2024\/07\/csm_FB-3-Ringeisen_c18ffa1c89.jpg 450w, https:\/\/blog.hwr-berlin.de\/oev-eval\/wp-content\/uploads_oev-eval\/2024\/07\/csm_FB-3-Ringeisen_c18ffa1c89-300x300.jpg 300w, https:\/\/blog.hwr-berlin.de\/oev-eval\/wp-content\/uploads_oev-eval\/2024\/07\/csm_FB-3-Ringeisen_c18ffa1c89-150x150.jpg 150w, https:\/\/blog.hwr-berlin.de\/oev-eval\/wp-content\/uploads_oev-eval\/2024\/07\/csm_FB-3-Ringeisen_c18ffa1c89-100x100.jpg 100w\" sizes=\"auto, (max-width: 450px) 100vw, 450px\" \/><\/figure><div class=\"wp-block-media-text__content\">\n<p><strong>Prof. Dr. Tobias Ringeisen<\/strong><\/p>\n\n\n\n<p><strong>E-Mail:<\/strong> <a href=\"mailto:carolin.hagelskamp@hwr-berlin.de\">tobias.ringeisen@hwr-berlin.de<\/a><\/p>\n\n\n\n<p><strong>ORCID<\/strong>: <a href=\"https:\/\/orcid.org\/0000-0002-4863-5262\" data-type=\"link\" data-id=\"https:\/\/orcid.org\/0000-0002-4863-5262\">0000-0002-4863-5262<\/a><\/p>\n\n\n\n<p><strong>Researchgate: <\/strong><a href=\"https:\/\/www.researchgate.net\/profile\/Tobias-Ringeisen\">https:\/\/www.researchgate.net\/profile\/Tobias-Ringeisen<\/a><\/p>\n<\/div><\/div>\n\n\n\n<p>Tobias Ringeisen ist Professor f\u00fcr Angewandte Psychologie an der Hochschule f\u00fcr Wirtschaft und Recht Berlin (HWR Berlin). In Forschung und Praxis besch\u00e4ftigt er sich mit der F\u00f6rderung und Diagnostik von berufsrelevanten Kompetenzen im jungen Erwachsenenalter. Sein besonderes Interesse gilt den lernbegleitenden Emotionen und der Bedeutung von Diversit\u00e4t in berufs- und lernbezogenen Kontexten. Zu diesen Themen hat er mehr als 100 Arbeiten ver\u00f6ffentlicht. Dar\u00fcber hinaus engagiert er sich f\u00fcr eine enge Verzahnung von Theorie und Praxis in Anwendungsprojekten mit Wirtschaft und Verwaltung. Er arbeitete als Personalentwickler, Berater und Trainer in verschiedenen Unternehmen und Bundesverwaltungen sowie als wissenschaftlicher Mitarbeiter am Boston College, USA, und an der Bergischen Universit\u00e4t Wuppertal. Von 2020 bis 2022 war er Pr\u00e4sident der Stress, Trauma, Anxiety, and Resilience Society (STAR Society).<\/p>\n","protected":false},"excerpt":{"rendered":"<p>Prof. Dr. Tobias Ringeisen E-Mail: tobias.ringeisen@hwr-berlin.de ORCID: 0000-0002-4863-5262 Researchgate: https:\/\/www.researchgate.net\/profile\/Tobias-Ringeisen Tobias Ringeisen ist Professor f\u00fcr Angewandte Psychologie an der Hochschule f\u00fcr Wirtschaft und Recht Berlin (HWR Berlin). In Forschung und Praxis besch\u00e4ftigt er sich mit der F\u00f6rderung und Diagnostik von berufsrelevanten Kompetenzen im jungen Erwachsenenalter. Sein besonderes Interesse gilt den lernbegleitenden Emotionen und der Bedeutung &hellip; <\/p>\n<p class=\"link-more\"><a href=\"https:\/\/blog.hwr-berlin.de\/oev-eval\/prof-dr-tobias-ringeisen\/\" class=\"more-link\"><span class=\"screen-reader-text\">\u201eProf. Dr. Tobias Ringeisen\u201c <\/span>weiterlesen<\/a><\/p>\n","protected":false},"author":4,"featured_media":0,"parent":0,"menu_order":0,"comment_status":"closed","ping_status":"closed","template":"","meta":{"footnotes":""},"class_list":["post-123","page","type-page","status-publish","hentry"],"_links":{"self":[{"href":"https:\/\/blog.hwr-berlin.de\/oev-eval\/wp-json\/wp\/v2\/pages\/123","targetHints":{"allow":["GET"]}}],"collection":[{"href":"https:\/\/blog.hwr-berlin.de\/oev-eval\/wp-json\/wp\/v2\/pages"}],"about":[{"href":"https:\/\/blog.hwr-berlin.de\/oev-eval\/wp-json\/wp\/v2\/types\/page"}],"author":[{"embeddable":true,"href":"https:\/\/blog.hwr-berlin.de\/oev-eval\/wp-json\/wp\/v2\/users\/4"}],"replies":[{"embeddable":true,"href":"https:\/\/blog.hwr-berlin.de\/oev-eval\/wp-json\/wp\/v2\/comments?post=123"}],"version-history":[{"count":1,"href":"https:\/\/blog.hwr-berlin.de\/oev-eval\/wp-json\/wp\/v2\/pages\/123\/revisions"}],"predecessor-version":[{"id":124,"href":"https:\/\/blog.hwr-berlin.de\/oev-eval\/wp-json\/wp\/v2\/pages\/123\/revisions\/124"}],"wp:attachment":[{"href":"https:\/\/blog.hwr-berlin.de\/oev-eval\/wp-json\/wp\/v2\/media?parent=123"}],"curies":[{"name":"wp","href":"https:\/\/api.w.org\/{rel}","templated":true}]}}