

{"id":126,"date":"2024-07-03T13:35:55","date_gmt":"2024-07-03T11:35:55","guid":{"rendered":"https:\/\/blog.hwr-berlin.de\/oev-eval\/?page_id=126"},"modified":"2024-07-03T13:35:55","modified_gmt":"2024-07-03T11:35:55","slug":"dr-faye-barth-farkas","status":"publish","type":"page","link":"https:\/\/blog.hwr-berlin.de\/oev-eval\/dr-faye-barth-farkas\/","title":{"rendered":"Dr. Faye Barth-Farkas"},"content":{"rendered":"\n<div class=\"wp-block-media-text is-stacked-on-mobile\"><figure class=\"wp-block-media-text__media\"><img loading=\"lazy\" decoding=\"async\" width=\"200\" height=\"200\" src=\"https:\/\/blog.hwr-berlin.de\/oev-eval\/wp-content\/uploads_oev-eval\/2024\/07\/1639732218569.jpeg\" alt=\"\" class=\"wp-image-66 size-full\" srcset=\"https:\/\/blog.hwr-berlin.de\/oev-eval\/wp-content\/uploads_oev-eval\/2024\/07\/1639732218569.jpeg 200w, https:\/\/blog.hwr-berlin.de\/oev-eval\/wp-content\/uploads_oev-eval\/2024\/07\/1639732218569-150x150.jpeg 150w, https:\/\/blog.hwr-berlin.de\/oev-eval\/wp-content\/uploads_oev-eval\/2024\/07\/1639732218569-100x100.jpeg 100w\" sizes=\"auto, (max-width: 200px) 100vw, 200px\" \/><\/figure><div class=\"wp-block-media-text__content\">\n<p><strong>Dr.<\/strong> <strong>Faye Barth-Farkas<\/strong><\/p>\n\n\n\n<p><strong>E-Mail:<\/strong> faye.barth-farkas@hwr-berlin.de<\/p>\n\n\n\n<p><strong>ORCID<\/strong>: <a href=\"https:\/\/orcid.org\/0000-0002-1445-1414\" data-type=\"link\" data-id=\"https:\/\/orcid.org\/0000-0002-1445-1414\">0000-0002-1445-1414<\/a><\/p>\n\n\n\n<p><strong>Researchgate: <\/strong><a href=\"https:\/\/www.researchgate.net\/profile\/Faye-Barth-Farkas\">https:\/\/www.researchgate.net\/profile\/Faye-Barth-Farkas<\/a><\/p>\n<\/div><\/div>\n\n\n\n<p>Faye Barth-Farkas ist wissenschaftliche Mitarbeiterin an der Hochschule f\u00fcr Wirtschaft und Recht Berlin (HWR Berlin). Gef\u00f6rdert durch die Berliner Qualit\u00e4ts- und Innovationsoffensive (QIO) evaluiert Sie den Studiengang \u00d6ffentliche Verwaltung und erforscht Pr\u00e4diktoren des Studienerfolgs. Sie promovierte an der Deutschen Hochschule der Polizei zum Thema \u201eF\u00fchrung und Macht in der Polizei\u201c.<\/p>\n","protected":false},"excerpt":{"rendered":"<p>Dr. Faye Barth-Farkas E-Mail: faye.barth-farkas@hwr-berlin.de ORCID: 0000-0002-1445-1414 Researchgate: https:\/\/www.researchgate.net\/profile\/Faye-Barth-Farkas Faye Barth-Farkas ist wissenschaftliche Mitarbeiterin an der Hochschule f\u00fcr Wirtschaft und Recht Berlin (HWR Berlin). Gef\u00f6rdert durch die Berliner Qualit\u00e4ts- und Innovationsoffensive (QIO) evaluiert Sie den Studiengang \u00d6ffentliche Verwaltung und erforscht Pr\u00e4diktoren des Studienerfolgs. Sie promovierte an der Deutschen Hochschule der Polizei zum Thema \u201eF\u00fchrung und &hellip; <\/p>\n<p class=\"link-more\"><a href=\"https:\/\/blog.hwr-berlin.de\/oev-eval\/dr-faye-barth-farkas\/\" class=\"more-link\"><span class=\"screen-reader-text\">\u201eDr. Faye Barth-Farkas\u201c <\/span>weiterlesen<\/a><\/p>\n","protected":false},"author":4,"featured_media":0,"parent":0,"menu_order":0,"comment_status":"closed","ping_status":"closed","template":"","meta":{"footnotes":""},"class_list":["post-126","page","type-page","status-publish","hentry"],"_links":{"self":[{"href":"https:\/\/blog.hwr-berlin.de\/oev-eval\/wp-json\/wp\/v2\/pages\/126","targetHints":{"allow":["GET"]}}],"collection":[{"href":"https:\/\/blog.hwr-berlin.de\/oev-eval\/wp-json\/wp\/v2\/pages"}],"about":[{"href":"https:\/\/blog.hwr-berlin.de\/oev-eval\/wp-json\/wp\/v2\/types\/page"}],"author":[{"embeddable":true,"href":"https:\/\/blog.hwr-berlin.de\/oev-eval\/wp-json\/wp\/v2\/users\/4"}],"replies":[{"embeddable":true,"href":"https:\/\/blog.hwr-berlin.de\/oev-eval\/wp-json\/wp\/v2\/comments?post=126"}],"version-history":[{"count":1,"href":"https:\/\/blog.hwr-berlin.de\/oev-eval\/wp-json\/wp\/v2\/pages\/126\/revisions"}],"predecessor-version":[{"id":127,"href":"https:\/\/blog.hwr-berlin.de\/oev-eval\/wp-json\/wp\/v2\/pages\/126\/revisions\/127"}],"wp:attachment":[{"href":"https:\/\/blog.hwr-berlin.de\/oev-eval\/wp-json\/wp\/v2\/media?parent=126"}],"curies":[{"name":"wp","href":"https:\/\/api.w.org\/{rel}","templated":true}]}}