

{"id":128,"date":"2024-07-03T13:38:36","date_gmt":"2024-07-03T11:38:36","guid":{"rendered":"https:\/\/blog.hwr-berlin.de\/oev-eval\/?page_id=128"},"modified":"2024-09-11T09:12:12","modified_gmt":"2024-09-11T07:12:12","slug":"alina-streicher","status":"publish","type":"page","link":"https:\/\/blog.hwr-berlin.de\/oev-eval\/alina-streicher\/","title":{"rendered":"Alina Streicher"},"content":{"rendered":"\n<div class=\"wp-block-media-text is-stacked-on-mobile\"><figure class=\"wp-block-media-text__media\"><img loading=\"lazy\" decoding=\"async\" width=\"512\" height=\"512\" src=\"https:\/\/blog.hwr-berlin.de\/oev-eval\/wp-content\/uploads_oev-eval\/2024\/07\/Alina-Streicher.jpg\" alt=\"\" class=\"wp-image-116 size-full\" srcset=\"https:\/\/blog.hwr-berlin.de\/oev-eval\/wp-content\/uploads_oev-eval\/2024\/07\/Alina-Streicher.jpg 512w, https:\/\/blog.hwr-berlin.de\/oev-eval\/wp-content\/uploads_oev-eval\/2024\/07\/Alina-Streicher-300x300.jpg 300w, https:\/\/blog.hwr-berlin.de\/oev-eval\/wp-content\/uploads_oev-eval\/2024\/07\/Alina-Streicher-150x150.jpg 150w, https:\/\/blog.hwr-berlin.de\/oev-eval\/wp-content\/uploads_oev-eval\/2024\/07\/Alina-Streicher-100x100.jpg 100w\" sizes=\"auto, (max-width: 512px) 100vw, 512px\" \/><\/figure><div class=\"wp-block-media-text__content\">\n<p><strong>Alina Streicher<\/strong><\/p>\n\n\n\n<p><strong>E-Mail:<\/strong> <\/p>\n\n\n\n<p><strong>ORCID<\/strong>:  <a href=\"https:\/\/orcid.org\/0000-0002-3416-1457\" data-type=\"link\" data-id=\"https:\/\/orcid.org\/0000-0002-3416-1457\">0000-0002-3416-1457<\/a><\/p>\n\n\n\n<p><strong>Researchgate: <\/strong><a href=\"https:\/\/www.researchgate.net\/profile\/Alina-Streicher\">https:\/\/www.researchgate.net\/profile\/Alina-Streicher<\/a><\/p>\n<\/div><\/div>\n\n\n\n<p>Alina Streicher ist wissenschaftliche Mitarbeiterin an der Hochschule f\u00fcr Wirtschaft und Recht Berlin (HWR Berlin). Im Rahmen der Evaluation des Studiengangs \u00d6ffentliche Verwaltung, ein durch die Berliner Qualit\u00e4ts- und Innovationsoffensive (QIO) gef\u00f6rdertes Projekt, besch\u00e4ftigt sie sich mit der Datenanalyse und statistischen Auswertung der Daten. Sie studierte Psychologie an der Universit\u00e4t Wien und absolviert aktuell die Ausbildung zur Psychotherapeutin.<\/p>\n","protected":false},"excerpt":{"rendered":"<p>Alina Streicher E-Mail: ORCID: 0000-0002-3416-1457 Researchgate: https:\/\/www.researchgate.net\/profile\/Alina-Streicher Alina Streicher ist wissenschaftliche Mitarbeiterin an der Hochschule f\u00fcr Wirtschaft und Recht Berlin (HWR Berlin). Im Rahmen der Evaluation des Studiengangs \u00d6ffentliche Verwaltung, ein durch die Berliner Qualit\u00e4ts- und Innovationsoffensive (QIO) gef\u00f6rdertes Projekt, besch\u00e4ftigt sie sich mit der Datenanalyse und statistischen Auswertung der Daten. Sie studierte Psychologie an &hellip; <\/p>\n<p class=\"link-more\"><a href=\"https:\/\/blog.hwr-berlin.de\/oev-eval\/alina-streicher\/\" class=\"more-link\"><span class=\"screen-reader-text\">\u201eAlina Streicher\u201c <\/span>weiterlesen<\/a><\/p>\n","protected":false},"author":4,"featured_media":0,"parent":0,"menu_order":0,"comment_status":"closed","ping_status":"closed","template":"","meta":{"footnotes":""},"class_list":["post-128","page","type-page","status-publish","hentry"],"_links":{"self":[{"href":"https:\/\/blog.hwr-berlin.de\/oev-eval\/wp-json\/wp\/v2\/pages\/128","targetHints":{"allow":["GET"]}}],"collection":[{"href":"https:\/\/blog.hwr-berlin.de\/oev-eval\/wp-json\/wp\/v2\/pages"}],"about":[{"href":"https:\/\/blog.hwr-berlin.de\/oev-eval\/wp-json\/wp\/v2\/types\/page"}],"author":[{"embeddable":true,"href":"https:\/\/blog.hwr-berlin.de\/oev-eval\/wp-json\/wp\/v2\/users\/4"}],"replies":[{"embeddable":true,"href":"https:\/\/blog.hwr-berlin.de\/oev-eval\/wp-json\/wp\/v2\/comments?post=128"}],"version-history":[{"count":3,"href":"https:\/\/blog.hwr-berlin.de\/oev-eval\/wp-json\/wp\/v2\/pages\/128\/revisions"}],"predecessor-version":[{"id":205,"href":"https:\/\/blog.hwr-berlin.de\/oev-eval\/wp-json\/wp\/v2\/pages\/128\/revisions\/205"}],"wp:attachment":[{"href":"https:\/\/blog.hwr-berlin.de\/oev-eval\/wp-json\/wp\/v2\/media?parent=128"}],"curies":[{"name":"wp","href":"https:\/\/api.w.org\/{rel}","templated":true}]}}