

{"id":140,"date":"2024-07-03T13:46:48","date_gmt":"2024-07-03T11:46:48","guid":{"rendered":"https:\/\/blog.hwr-berlin.de\/oev-eval\/?page_id=140"},"modified":"2026-01-24T19:54:38","modified_gmt":"2026-01-24T18:54:38","slug":"demografische-varablen","status":"publish","type":"page","link":"https:\/\/blog.hwr-berlin.de\/oev-eval\/demografische-varablen\/","title":{"rendered":"Demografische Variablen Studienanf\u00e4nger*innen"},"content":{"rendered":"\n<p><strong>\u00dcberblick der Demografischen Variablen von Studienanf\u00e4nger:innen im ersten Semester&nbsp; <\/strong><\/p>\n\n\n\n<p>Die Studierenden der drei Studienformate \u2013 Pr\u00e4senz, Blended, Dual \u2013 unterscheiden sich demografisch. Die Blended-Studierenden sind etwas \u00e4lter, haben in der Mehrzahl bereits eine abgeschlossene Berufsausbildung und Arbeitserfahrung im \u00f6ffentlichen Dienst.<\/p>\n\n\n\n<figure class=\"wp-block-image size-full\"><img loading=\"lazy\" decoding=\"async\" width=\"812\" height=\"456\" src=\"https:\/\/blog.hwr-berlin.de\/oev-eval\/wp-content\/uploads_oev-eval\/2024\/07\/image-2.png\" alt=\"Darstellung Anteil an abgeschlossener Berufsausbildung in den drei Studienformen.\" class=\"wp-image-77\" srcset=\"https:\/\/blog.hwr-berlin.de\/oev-eval\/wp-content\/uploads_oev-eval\/2024\/07\/image-2.png 812w, https:\/\/blog.hwr-berlin.de\/oev-eval\/wp-content\/uploads_oev-eval\/2024\/07\/image-2-300x168.png 300w, https:\/\/blog.hwr-berlin.de\/oev-eval\/wp-content\/uploads_oev-eval\/2024\/07\/image-2-768x431.png 768w\" sizes=\"auto, (max-width: 706px) 89vw, (max-width: 767px) 82vw, 740px\" \/><\/figure>\n\n\n\n<figure class=\"wp-block-image size-large\"><img loading=\"lazy\" decoding=\"async\" width=\"1024\" height=\"640\" src=\"https:\/\/blog.hwr-berlin.de\/oev-eval\/wp-content\/uploads_oev-eval\/2026\/01\/image-6-1024x640.png\" alt=\"\" class=\"wp-image-328\" srcset=\"https:\/\/blog.hwr-berlin.de\/oev-eval\/wp-content\/uploads_oev-eval\/2026\/01\/image-6-1024x640.png 1024w, https:\/\/blog.hwr-berlin.de\/oev-eval\/wp-content\/uploads_oev-eval\/2026\/01\/image-6-300x188.png 300w, https:\/\/blog.hwr-berlin.de\/oev-eval\/wp-content\/uploads_oev-eval\/2026\/01\/image-6-768x480.png 768w, https:\/\/blog.hwr-berlin.de\/oev-eval\/wp-content\/uploads_oev-eval\/2026\/01\/image-6-1536x960.png 1536w, https:\/\/blog.hwr-berlin.de\/oev-eval\/wp-content\/uploads_oev-eval\/2026\/01\/image-6-2048x1280.png 2048w\" sizes=\"auto, (max-width: 706px) 89vw, (max-width: 767px) 82vw, 740px\" \/><\/figure>\n\n\n\n<figure class=\"wp-block-image size-large\"><img loading=\"lazy\" decoding=\"async\" width=\"1024\" height=\"640\" src=\"https:\/\/blog.hwr-berlin.de\/oev-eval\/wp-content\/uploads_oev-eval\/2026\/01\/image-7-1024x640.png\" alt=\"\" class=\"wp-image-329\" srcset=\"https:\/\/blog.hwr-berlin.de\/oev-eval\/wp-content\/uploads_oev-eval\/2026\/01\/image-7-1024x640.png 1024w, https:\/\/blog.hwr-berlin.de\/oev-eval\/wp-content\/uploads_oev-eval\/2026\/01\/image-7-300x188.png 300w, https:\/\/blog.hwr-berlin.de\/oev-eval\/wp-content\/uploads_oev-eval\/2026\/01\/image-7-768x480.png 768w, https:\/\/blog.hwr-berlin.de\/oev-eval\/wp-content\/uploads_oev-eval\/2026\/01\/image-7-1536x960.png 1536w, https:\/\/blog.hwr-berlin.de\/oev-eval\/wp-content\/uploads_oev-eval\/2026\/01\/image-7-2048x1280.png 2048w\" sizes=\"auto, (max-width: 706px) 89vw, (max-width: 767px) 82vw, 740px\" \/><\/figure>\n\n\n\n<p>Die Verteilung von weiblich und m\u00e4nnlich gelesenen Studierenden unterscheidet sich auch zwischen den drei Formaten. Weibliche Studierende sind in allen drei Formaten in der \u00dcberzahl, im dualen Studiengang sind jedoch signifikant mehr m\u00e4nnliche Studierende. Der Anteil von Studierenden mit Migrationshintergrund ist im dualen Studiengang am geringsten. Zus\u00e4tzlich kommen duale Studierende zu einer h\u00f6heren Wahrscheinlichkeit aus Elternh\u00e4usern mit Hochschulabschl\u00fcssen und haben im Vergleich zu den Blended- und Pr\u00e4senz-Studierenden auch h\u00e4ufiger eigene Hochschulerfahrungen vor Aufnahme des \u00d6ffentlichen Verwaltung Studiums gesammelt.<\/p>\n\n\n\n<figure class=\"wp-block-image size-large\"><img loading=\"lazy\" decoding=\"async\" width=\"1024\" height=\"640\" src=\"https:\/\/blog.hwr-berlin.de\/oev-eval\/wp-content\/uploads_oev-eval\/2026\/01\/image-8-1024x640.png\" alt=\"\" class=\"wp-image-330\" srcset=\"https:\/\/blog.hwr-berlin.de\/oev-eval\/wp-content\/uploads_oev-eval\/2026\/01\/image-8-1024x640.png 1024w, https:\/\/blog.hwr-berlin.de\/oev-eval\/wp-content\/uploads_oev-eval\/2026\/01\/image-8-300x188.png 300w, https:\/\/blog.hwr-berlin.de\/oev-eval\/wp-content\/uploads_oev-eval\/2026\/01\/image-8-768x480.png 768w, https:\/\/blog.hwr-berlin.de\/oev-eval\/wp-content\/uploads_oev-eval\/2026\/01\/image-8-1536x960.png 1536w, https:\/\/blog.hwr-berlin.de\/oev-eval\/wp-content\/uploads_oev-eval\/2026\/01\/image-8-2048x1280.png 2048w\" sizes=\"auto, (max-width: 706px) 89vw, (max-width: 767px) 82vw, 740px\" \/><\/figure>\n\n\n\n<figure class=\"wp-block-image size-large\"><img loading=\"lazy\" decoding=\"async\" width=\"1024\" height=\"640\" src=\"https:\/\/blog.hwr-berlin.de\/oev-eval\/wp-content\/uploads_oev-eval\/2026\/01\/image-9-1024x640.png\" alt=\"\" class=\"wp-image-331\" srcset=\"https:\/\/blog.hwr-berlin.de\/oev-eval\/wp-content\/uploads_oev-eval\/2026\/01\/image-9-1024x640.png 1024w, https:\/\/blog.hwr-berlin.de\/oev-eval\/wp-content\/uploads_oev-eval\/2026\/01\/image-9-300x188.png 300w, https:\/\/blog.hwr-berlin.de\/oev-eval\/wp-content\/uploads_oev-eval\/2026\/01\/image-9-768x480.png 768w, https:\/\/blog.hwr-berlin.de\/oev-eval\/wp-content\/uploads_oev-eval\/2026\/01\/image-9-1536x960.png 1536w, https:\/\/blog.hwr-berlin.de\/oev-eval\/wp-content\/uploads_oev-eval\/2026\/01\/image-9-2048x1280.png 2048w\" sizes=\"auto, (max-width: 706px) 89vw, (max-width: 767px) 82vw, 740px\" \/><\/figure>\n\n\n\n<figure class=\"wp-block-image size-large\"><img loading=\"lazy\" decoding=\"async\" width=\"1024\" height=\"640\" src=\"https:\/\/blog.hwr-berlin.de\/oev-eval\/wp-content\/uploads_oev-eval\/2026\/01\/image-10-1024x640.png\" alt=\"\" class=\"wp-image-332\" srcset=\"https:\/\/blog.hwr-berlin.de\/oev-eval\/wp-content\/uploads_oev-eval\/2026\/01\/image-10-1024x640.png 1024w, https:\/\/blog.hwr-berlin.de\/oev-eval\/wp-content\/uploads_oev-eval\/2026\/01\/image-10-300x188.png 300w, https:\/\/blog.hwr-berlin.de\/oev-eval\/wp-content\/uploads_oev-eval\/2026\/01\/image-10-768x480.png 768w, https:\/\/blog.hwr-berlin.de\/oev-eval\/wp-content\/uploads_oev-eval\/2026\/01\/image-10-1536x960.png 1536w, https:\/\/blog.hwr-berlin.de\/oev-eval\/wp-content\/uploads_oev-eval\/2026\/01\/image-10-2048x1280.png 2048w\" sizes=\"auto, (max-width: 706px) 89vw, (max-width: 767px) 82vw, 740px\" \/><\/figure>\n\n\n\n<figure class=\"wp-block-image size-large\"><img loading=\"lazy\" decoding=\"async\" width=\"1024\" height=\"640\" src=\"https:\/\/blog.hwr-berlin.de\/oev-eval\/wp-content\/uploads_oev-eval\/2026\/01\/image-11-1024x640.png\" alt=\"\" class=\"wp-image-333\" srcset=\"https:\/\/blog.hwr-berlin.de\/oev-eval\/wp-content\/uploads_oev-eval\/2026\/01\/image-11-1024x640.png 1024w, https:\/\/blog.hwr-berlin.de\/oev-eval\/wp-content\/uploads_oev-eval\/2026\/01\/image-11-300x188.png 300w, https:\/\/blog.hwr-berlin.de\/oev-eval\/wp-content\/uploads_oev-eval\/2026\/01\/image-11-768x480.png 768w, https:\/\/blog.hwr-berlin.de\/oev-eval\/wp-content\/uploads_oev-eval\/2026\/01\/image-11-1536x960.png 1536w, https:\/\/blog.hwr-berlin.de\/oev-eval\/wp-content\/uploads_oev-eval\/2026\/01\/image-11-2048x1280.png 2048w\" sizes=\"auto, (max-width: 706px) 89vw, (max-width: 767px) 82vw, 740px\" \/><\/figure>\n\n\n\n<p><\/p>\n","protected":false},"excerpt":{"rendered":"<p>\u00dcberblick der Demografischen Variablen von Studienanf\u00e4nger:innen im ersten Semester&nbsp; Die Studierenden der drei Studienformate \u2013 Pr\u00e4senz, Blended, Dual \u2013 unterscheiden sich demografisch. Die Blended-Studierenden sind etwas \u00e4lter, haben in der Mehrzahl bereits eine abgeschlossene Berufsausbildung und Arbeitserfahrung im \u00f6ffentlichen Dienst. Die Verteilung von weiblich und m\u00e4nnlich gelesenen Studierenden unterscheidet sich auch zwischen den drei Formaten. &hellip; <\/p>\n<p class=\"link-more\"><a href=\"https:\/\/blog.hwr-berlin.de\/oev-eval\/demografische-varablen\/\" class=\"more-link\"><span class=\"screen-reader-text\">\u201eDemografische Variablen Studienanf\u00e4nger*innen\u201c <\/span>weiterlesen<\/a><\/p>\n","protected":false},"author":4,"featured_media":0,"parent":0,"menu_order":0,"comment_status":"closed","ping_status":"closed","template":"","meta":{"footnotes":""},"class_list":["post-140","page","type-page","status-publish","hentry"],"_links":{"self":[{"href":"https:\/\/blog.hwr-berlin.de\/oev-eval\/wp-json\/wp\/v2\/pages\/140","targetHints":{"allow":["GET"]}}],"collection":[{"href":"https:\/\/blog.hwr-berlin.de\/oev-eval\/wp-json\/wp\/v2\/pages"}],"about":[{"href":"https:\/\/blog.hwr-berlin.de\/oev-eval\/wp-json\/wp\/v2\/types\/page"}],"author":[{"embeddable":true,"href":"https:\/\/blog.hwr-berlin.de\/oev-eval\/wp-json\/wp\/v2\/users\/4"}],"replies":[{"embeddable":true,"href":"https:\/\/blog.hwr-berlin.de\/oev-eval\/wp-json\/wp\/v2\/comments?post=140"}],"version-history":[{"count":3,"href":"https:\/\/blog.hwr-berlin.de\/oev-eval\/wp-json\/wp\/v2\/pages\/140\/revisions"}],"predecessor-version":[{"id":334,"href":"https:\/\/blog.hwr-berlin.de\/oev-eval\/wp-json\/wp\/v2\/pages\/140\/revisions\/334"}],"wp:attachment":[{"href":"https:\/\/blog.hwr-berlin.de\/oev-eval\/wp-json\/wp\/v2\/media?parent=140"}],"curies":[{"name":"wp","href":"https:\/\/api.w.org\/{rel}","templated":true}]}}