

{"id":142,"date":"2024-07-03T13:46:48","date_gmt":"2024-07-03T11:46:48","guid":{"rendered":"https:\/\/blog.hwr-berlin.de\/oev-eval\/?page_id=142"},"modified":"2026-01-16T17:44:41","modified_gmt":"2026-01-16T16:44:41","slug":"die-rolle-von-freundschaften-im-studium","status":"publish","type":"page","link":"https:\/\/blog.hwr-berlin.de\/oev-eval\/die-rolle-von-freundschaften-im-studium\/","title":{"rendered":"Die Rolle von Freundschaften im Studium"},"content":{"rendered":"\n<p><a href=\"https:\/\/blog.hwr-berlin.de\/oev-eval\/bachelorarbeiten\/\" data-type=\"link\" data-id=\"https:\/\/blog.hwr-berlin.de\/oev-eval\/bachelorarbeiten\/\">Martin H\u00fcbner (2024): Stressbew\u00e4ltigung durch Freundschaften im Studium: Eine qualitative Studie unter Studierenden der \u00f6ffentlichen Verwaltung. Bachelorarbeit im Bachelor \u00d6ffentliche Verwaltung.<\/a><\/p>\n\n\n\n<div class=\"wp-block-group is-nowrap is-layout-flex wp-container-core-group-is-layout-ad2f72ca wp-block-group-is-layout-flex\">\n<p>Die vorliegende qualitative Studie untersucht die Rolle von Freundschaften f\u00fcr die Stress-<br>bew\u00e4ltigung bei Studierenden der \u00f6ffentlichen Verwaltung. Im Fokus stehen dabei zum<br>einen die Entstehung und Entwicklung von Freundschaften im Studienverlauf und zum<br>anderen das Erleben von Freundschaften bei studienbezogenem Stress. Dazu wurden 21<br>weibliche Studierende des Studiengangs \u00d6ffentliche Verwaltung der Hochschule f\u00fcr Wirt-<br>schaft und Recht Berlin im f\u00fcnften und siebten Fachsemester in drei Fokusgruppen in-<br>terviewt. Die Auswertung der Interviewdaten erfolgte mittels qualitativer Inhaltsanalyse<br>nach Mayring (2022) unter Verwendung der Software MAXQDA. <\/p>\n<\/div>\n\n\n\n<p><\/p>\n\n\n\n<div class=\"wp-block-media-text is-stacked-on-mobile is-vertically-aligned-center\" style=\"grid-template-columns:59% auto\"><figure class=\"wp-block-media-text__media\"><img loading=\"lazy\" decoding=\"async\" width=\"1024\" height=\"723\" src=\"https:\/\/blog.hwr-berlin.de\/oev-eval\/wp-content\/uploads_oev-eval\/2026\/01\/2024-06-19-Grafik-Entstehung-von-Freundschaften_1-2-1024x723.jpeg\" alt=\"\" class=\"wp-image-288 size-full\" srcset=\"https:\/\/blog.hwr-berlin.de\/oev-eval\/wp-content\/uploads_oev-eval\/2026\/01\/2024-06-19-Grafik-Entstehung-von-Freundschaften_1-2-1024x723.jpeg 1024w, https:\/\/blog.hwr-berlin.de\/oev-eval\/wp-content\/uploads_oev-eval\/2026\/01\/2024-06-19-Grafik-Entstehung-von-Freundschaften_1-2-300x212.jpeg 300w, https:\/\/blog.hwr-berlin.de\/oev-eval\/wp-content\/uploads_oev-eval\/2026\/01\/2024-06-19-Grafik-Entstehung-von-Freundschaften_1-2-768x542.jpeg 768w, https:\/\/blog.hwr-berlin.de\/oev-eval\/wp-content\/uploads_oev-eval\/2026\/01\/2024-06-19-Grafik-Entstehung-von-Freundschaften_1-2-1536x1085.jpeg 1536w, https:\/\/blog.hwr-berlin.de\/oev-eval\/wp-content\/uploads_oev-eval\/2026\/01\/2024-06-19-Grafik-Entstehung-von-Freundschaften_1-2-2048x1447.jpeg 2048w\" sizes=\"auto, (max-width: 706px) 89vw, (max-width: 767px) 82vw, 740px\" \/><\/figure><div class=\"wp-block-media-text__content\">\n<p>Bez\u00fcglich der Entstehung und Entwicklung von Freundschaft unter Studierenden zeigen sich Homophilie und Propinquit\u00e4t als entscheidende Einflussfaktoren. Im Studienverlauf verkleinern sich die anf\u00e4nglich gr\u00f6\u00dferen Freundschaftsgruppen, was auf abnehmenden Kontakt, Differenzen, einseitige Beziehungen und fehlende emotionale Unterst\u00fctzung<br>zur\u00fcckgef\u00fchrt wird.<\/p>\n<\/div><\/div>\n\n\n\n<p> <br>Hinsichtlich des Erlebens von Freundschaften bei Stress zeigt sich, dass Freundschaf-<br>ten eine wichtige Ressource bei der Bew\u00e4ltigung von Stress im Studium darstellen. Dabei<br>zeigt sich, dass befreundete Kommiliton:innen fast als einzige Unterst\u00fctzungsm\u00f6glichkeit<br>beim Umgang mit Stress benannt werden. Sie bieten emotionalen R\u00fcckhalt, Verst\u00e4ndnis<br>und Ermutigung. Hierbei erfahren die Studentinnen die soziale Unterst\u00fctzung in Form<br>instrumenteller, informationeller und emotionaler Art. Neben dieser sozialen Ressource,<br>stellen Freundschaften auch eine Motivationsquelle dar und f\u00f6rdern die pers\u00f6nliche Ent-<br>wicklung. In Abh\u00e4ngigkeit von der Qualit\u00e4t, der Reziprozit\u00e4t und den Interaktionsmus-<br>tern der Freundschaften ergeben sich jedoch auch Nachteile von Freundschaften. Durch<br>dynamische Gruppenprozesse wie Konflikte, Ausgrenzung oder entt\u00e4uschte Erwartungen<br>werden sie selbst zur Quelle von Stress.<\/p>\n\n\n<div class=\"wp-block-image\">\n<figure class=\"aligncenter size-large\"><img loading=\"lazy\" decoding=\"async\" width=\"1024\" height=\"723\" src=\"https:\/\/blog.hwr-berlin.de\/oev-eval\/wp-content\/uploads_oev-eval\/2026\/01\/2024-06-19-Grafik-Bedeutung-von-Freundschaften-auf-das-Stresserleben_1-1024x723.jpeg\" alt=\"\" class=\"wp-image-293\" srcset=\"https:\/\/blog.hwr-berlin.de\/oev-eval\/wp-content\/uploads_oev-eval\/2026\/01\/2024-06-19-Grafik-Bedeutung-von-Freundschaften-auf-das-Stresserleben_1-1024x723.jpeg 1024w, https:\/\/blog.hwr-berlin.de\/oev-eval\/wp-content\/uploads_oev-eval\/2026\/01\/2024-06-19-Grafik-Bedeutung-von-Freundschaften-auf-das-Stresserleben_1-300x212.jpeg 300w, https:\/\/blog.hwr-berlin.de\/oev-eval\/wp-content\/uploads_oev-eval\/2026\/01\/2024-06-19-Grafik-Bedeutung-von-Freundschaften-auf-das-Stresserleben_1-768x542.jpeg 768w, https:\/\/blog.hwr-berlin.de\/oev-eval\/wp-content\/uploads_oev-eval\/2026\/01\/2024-06-19-Grafik-Bedeutung-von-Freundschaften-auf-das-Stresserleben_1-1536x1085.jpeg 1536w, https:\/\/blog.hwr-berlin.de\/oev-eval\/wp-content\/uploads_oev-eval\/2026\/01\/2024-06-19-Grafik-Bedeutung-von-Freundschaften-auf-das-Stresserleben_1-2048x1447.jpeg 2048w\" sizes=\"auto, (max-width: 706px) 89vw, (max-width: 767px) 82vw, 740px\" \/><\/figure>\n<\/div>\n\n\n<p>Die Studie liefert damit einen differenzierten Einblick in die komplexe Dynamik von<br>Freundschaften im spezifischen Kontext des Studiums der \u00f6ffentlichen Verwaltung. Eine<br>Einordnung zu aktuellen theoretischen Befunden und m\u00f6gliche Implikationen f\u00fcr For-<br>schung und Praxis werden diskutiert.<\/p>\n","protected":false},"excerpt":{"rendered":"<p>Martin H\u00fcbner (2024): Stressbew\u00e4ltigung durch Freundschaften im Studium: Eine qualitative Studie unter Studierenden der \u00f6ffentlichen Verwaltung. Bachelorarbeit im Bachelor \u00d6ffentliche Verwaltung. Die vorliegende qualitative Studie untersucht die Rolle von Freundschaften f\u00fcr die Stress-bew\u00e4ltigung bei Studierenden der \u00f6ffentlichen Verwaltung. Im Fokus stehen dabei zumeinen die Entstehung und Entwicklung von Freundschaften im Studienverlauf und zumanderen das Erleben &hellip; <\/p>\n<p class=\"link-more\"><a href=\"https:\/\/blog.hwr-berlin.de\/oev-eval\/die-rolle-von-freundschaften-im-studium\/\" class=\"more-link\"><span class=\"screen-reader-text\">\u201eDie Rolle von Freundschaften im Studium\u201c <\/span>weiterlesen<\/a><\/p>\n","protected":false},"author":4,"featured_media":0,"parent":0,"menu_order":0,"comment_status":"closed","ping_status":"closed","template":"","meta":{"footnotes":""},"class_list":["post-142","page","type-page","status-publish","hentry"],"_links":{"self":[{"href":"https:\/\/blog.hwr-berlin.de\/oev-eval\/wp-json\/wp\/v2\/pages\/142","targetHints":{"allow":["GET"]}}],"collection":[{"href":"https:\/\/blog.hwr-berlin.de\/oev-eval\/wp-json\/wp\/v2\/pages"}],"about":[{"href":"https:\/\/blog.hwr-berlin.de\/oev-eval\/wp-json\/wp\/v2\/types\/page"}],"author":[{"embeddable":true,"href":"https:\/\/blog.hwr-berlin.de\/oev-eval\/wp-json\/wp\/v2\/users\/4"}],"replies":[{"embeddable":true,"href":"https:\/\/blog.hwr-berlin.de\/oev-eval\/wp-json\/wp\/v2\/comments?post=142"}],"version-history":[{"count":15,"href":"https:\/\/blog.hwr-berlin.de\/oev-eval\/wp-json\/wp\/v2\/pages\/142\/revisions"}],"predecessor-version":[{"id":301,"href":"https:\/\/blog.hwr-berlin.de\/oev-eval\/wp-json\/wp\/v2\/pages\/142\/revisions\/301"}],"wp:attachment":[{"href":"https:\/\/blog.hwr-berlin.de\/oev-eval\/wp-json\/wp\/v2\/media?parent=142"}],"curies":[{"name":"wp","href":"https:\/\/api.w.org\/{rel}","templated":true}]}}