

{"id":16,"date":"2024-06-18T17:08:57","date_gmt":"2024-06-18T15:08:57","guid":{"rendered":"https:\/\/blog.hwr-berlin.de\/oev-eval\/?page_id=16"},"modified":"2026-01-24T19:45:20","modified_gmt":"2026-01-24T18:45:20","slug":"studentischer-beirat","status":"publish","type":"page","link":"https:\/\/blog.hwr-berlin.de\/oev-eval\/studentischer-beirat\/","title":{"rendered":"Studentischer Beirat"},"content":{"rendered":"\n<p>Der studentische Beirat von 23 Studierenden der \u00f6ffentlichen Verwaltung begleitete von 2022 bis 2024 das Forschungsprojekt. Der demografisch diverse Beirat repr\u00e4sentierte die Studierendenschaft des Studiengangs und setzt sich aus Studierenden aller Studienformen zusammen. Die Beiratsmitglieder unterst\u00fctzen durch regelm\u00e4\u00dfige R\u00fcckmeldungen zu vorl\u00e4ufigen statistischen Auswertungen die Interpretation der Befunde, wodurch die Studierenden noch vor der Ver\u00f6ffentlichung von Fachartikeln in den Forschungsdiskurs einbezogen wurden. Zus\u00e4tzlich lenkten sie aktiv, welche Themenschwerpunkte in anschlie\u00dfenden qualitativen Fokusgruppen im Forschungsprojekt untersucht wurden.<\/p>\n\n\n\n<figure class=\"wp-block-image size-large\"><img loading=\"lazy\" decoding=\"async\" width=\"768\" height=\"1024\" src=\"https:\/\/blog.hwr-berlin.de\/oev-eval\/wp-content\/uploads_oev-eval\/2024\/07\/image-15-768x1024.png\" alt=\"\" class=\"wp-image-167\" srcset=\"https:\/\/blog.hwr-berlin.de\/oev-eval\/wp-content\/uploads_oev-eval\/2024\/07\/image-15-768x1024.png 768w, https:\/\/blog.hwr-berlin.de\/oev-eval\/wp-content\/uploads_oev-eval\/2024\/07\/image-15-225x300.png 225w, https:\/\/blog.hwr-berlin.de\/oev-eval\/wp-content\/uploads_oev-eval\/2024\/07\/image-15.png 1090w\" sizes=\"auto, (max-width: 706px) 89vw, (max-width: 767px) 82vw, 740px\" \/><figcaption class=\"wp-element-caption\">Die Studierenden im Beirat haben sich \u00fcber Unterschiede und Gemeinsamkeiten des Studiums ausgetauscht und Feedback gegeben, was ihre Beweggr\u00fcnde zur Teilnahme am studentischen Beirat waren.<\/figcaption><\/figure>\n\n\n\n<p><strong>Impressionen aus dem Beirat:<\/strong><\/p>\n\n\n\n<div class=\"wp-block-group is-vertical is-content-justification-center is-layout-flex wp-container-core-group-is-layout-4b2eccd6 wp-block-group-is-layout-flex\">\n<div class=\"wp-block-group is-vertical is-layout-flex wp-container-core-group-is-layout-8cf370e7 wp-block-group-is-layout-flex\">\n<div class=\"wp-block-group is-vertical is-layout-flex wp-container-core-group-is-layout-8cf370e7 wp-block-group-is-layout-flex\">\n<div class=\"wp-block-group\"><div class=\"wp-block-group__inner-container is-layout-constrained wp-block-group-is-layout-constrained\">\n<div class=\"wp-block-group is-vertical is-layout-flex wp-container-core-group-is-layout-8cf370e7 wp-block-group-is-layout-flex\">\n<div class=\"wp-block-group is-vertical is-layout-flex wp-container-core-group-is-layout-8cf370e7 wp-block-group-is-layout-flex\">\n<div class=\"wp-block-group is-vertical is-content-justification-center is-layout-flex wp-container-core-group-is-layout-48c2c4f0 wp-block-group-is-layout-flex\">\n<div class=\"wp-block-group\"><div class=\"wp-block-group__inner-container is-layout-constrained wp-block-group-is-layout-constrained\">\n<div class=\"wp-block-group\"><div class=\"wp-block-group__inner-container is-layout-constrained wp-block-group-is-layout-constrained\">\n<p class=\"has-text-align-center\"><em>\u201eDer Beirat erm\u00f6glichte einen Blick \u00fcber den Studien-Tellerrand. Eine gro\u00dfe Bereicherung!\u201c<\/em><\/p>\n\n\n\n<p class=\"has-text-align-center\"><strong>Diana<\/strong><\/p>\n<\/div><\/div>\n<\/div><\/div>\n\n\n\n<div class=\"wp-block-group\"><div class=\"wp-block-group__inner-container is-layout-constrained wp-block-group-is-layout-constrained\">\n<div class=\"wp-block-group\"><div class=\"wp-block-group__inner-container is-layout-constrained wp-block-group-is-layout-constrained\">\n<div class=\"wp-block-group\"><div class=\"wp-block-group__inner-container is-layout-constrained wp-block-group-is-layout-constrained\">\n<p class=\"has-text-align-center\"><em>\u201eIch habe das Gef\u00fchl, dass ich mit meiner Teilnahme am Beirat die Qualit\u00e4t des Studiums verbessern konnte\u201c<\/em><\/p>\n\n\n\n<p class=\"has-text-align-center\"><strong>Vivian-Latysha<\/strong><\/p>\n<\/div><\/div>\n<\/div><\/div>\n<\/div><\/div>\n<\/div>\n<\/div>\n<\/div>\n<\/div><\/div>\n\n\n\n<div class=\"wp-block-group is-vertical is-content-justification-center is-layout-flex wp-container-core-group-is-layout-4b2eccd6 wp-block-group-is-layout-flex\">\n<div class=\"wp-block-group is-vertical is-content-justification-center is-layout-flex wp-container-core-group-is-layout-73a99bce wp-block-group-is-layout-flex\">\n<div class=\"wp-block-group\"><div class=\"wp-block-group__inner-container is-layout-constrained wp-block-group-is-layout-constrained\">\n<div class=\"wp-block-group\"><div class=\"wp-block-group__inner-container is-layout-constrained wp-block-group-is-layout-constrained\">\n<div class=\"wp-block-group\"><div class=\"wp-block-group__inner-container is-layout-constrained wp-block-group-is-layout-constrained\">\n<p class=\"has-text-align-center\"><em>\u201eEs war super interaktiv und spannend.\u201c<\/em><\/p>\n\n\n\n<p class=\"has-text-align-center\"><strong>Alexa<\/strong><\/p>\n<\/div><\/div>\n<\/div><\/div>\n<\/div><\/div>\n\n\n\n<div class=\"wp-block-group is-vertical is-content-justification-center is-layout-flex wp-container-core-group-is-layout-48c2c4f0 wp-block-group-is-layout-flex\">\n<div class=\"wp-block-group\"><div class=\"wp-block-group__inner-container is-layout-constrained wp-block-group-is-layout-constrained\">\n<div class=\"wp-block-group\"><div class=\"wp-block-group__inner-container is-layout-constrained wp-block-group-is-layout-constrained\">\n<div class=\"wp-block-group\"><div class=\"wp-block-group__inner-container is-layout-constrained wp-block-group-is-layout-constrained\">\n<p class=\"has-text-align-center\"><em>\u201eMeine Meinung und Interessen wurden geh\u00f6rt, ber\u00fccksichtigt und erforscht.\u201c<\/em><\/p>\n\n\n\n<p class=\"has-text-align-center\"><strong>Katharina<\/strong><\/p>\n<\/div><\/div>\n<\/div><\/div>\n<\/div><\/div>\n\n\n\n<div class=\"wp-block-group is-vertical is-layout-flex wp-container-core-group-is-layout-8cf370e7 wp-block-group-is-layout-flex\">\n<div class=\"wp-block-group\"><div class=\"wp-block-group__inner-container is-layout-constrained wp-block-group-is-layout-constrained\">\n<div class=\"wp-block-group\"><div class=\"wp-block-group__inner-container is-layout-constrained wp-block-group-is-layout-constrained\">\n<p class=\"has-text-align-center\"><em>\u201eIm Beirat hatte ich nicht nur das Gef\u00fchl, den Forschenden helfen zu k\u00f6nnen, sondern konnte auch von ihnen \u00fcber wissenschaftliches Arbeiten lernen.\u201c<\/em><\/p>\n\n\n\n<p class=\"has-text-align-center\"><strong>Marie<\/strong><\/p>\n<\/div><\/div>\n<\/div><\/div>\n\n\n\n<div class=\"wp-block-group is-vertical is-content-justification-center is-layout-flex wp-container-core-group-is-layout-48c2c4f0 wp-block-group-is-layout-flex\">\n<div class=\"wp-block-group\"><div class=\"wp-block-group__inner-container is-layout-constrained wp-block-group-is-layout-constrained\">\n<div class=\"wp-block-group\"><div class=\"wp-block-group__inner-container is-layout-constrained wp-block-group-is-layout-constrained\">\n<p class=\"has-text-align-center\"><em>\u201eF\u00fcr mich war die Arbeit im Beirat sehr aufschlussreich. Vor allem der Austausch mit den anderen Formaten und die Parallelen, die sich gefunden haben, waren sehr wertvoll.\u201c<\/em><\/p>\n\n\n\n<p class=\"has-text-align-center\"><strong>Darlyn<\/strong><\/p>\n<\/div><\/div>\n<\/div><\/div>\n\n\n\n<div class=\"wp-block-group\"><div class=\"wp-block-group__inner-container is-layout-constrained wp-block-group-is-layout-constrained\">\n<div class=\"wp-block-group\"><div class=\"wp-block-group__inner-container is-layout-constrained wp-block-group-is-layout-constrained\">\n<div class=\"wp-block-group\"><div class=\"wp-block-group__inner-container is-layout-constrained wp-block-group-is-layout-constrained\">\n<p class=\"has-text-align-center\"><em>\u201eEs war eine therapeutische Erfahrung.\u201c<\/em><\/p>\n\n\n\n<p class=\"has-text-align-center\"><strong>Liza<\/strong><\/p>\n<\/div><\/div>\n<\/div><\/div>\n<\/div><\/div>\n<\/div>\n<\/div>\n<\/div>\n<\/div>\n<\/div>\n<\/div>\n<\/div>\n<\/div>\n\n\n\n<p><\/p>\n","protected":false},"excerpt":{"rendered":"<p>Der studentische Beirat von 23 Studierenden der \u00f6ffentlichen Verwaltung begleitete von 2022 bis 2024 das Forschungsprojekt. Der demografisch diverse Beirat repr\u00e4sentierte die Studierendenschaft des Studiengangs und setzt sich aus Studierenden aller Studienformen zusammen. Die Beiratsmitglieder unterst\u00fctzen durch regelm\u00e4\u00dfige R\u00fcckmeldungen zu vorl\u00e4ufigen statistischen Auswertungen die Interpretation der Befunde, wodurch die Studierenden noch vor der Ver\u00f6ffentlichung von &hellip; <\/p>\n<p class=\"link-more\"><a href=\"https:\/\/blog.hwr-berlin.de\/oev-eval\/studentischer-beirat\/\" class=\"more-link\"><span class=\"screen-reader-text\">\u201eStudentischer Beirat\u201c <\/span>weiterlesen<\/a><\/p>\n","protected":false},"author":4,"featured_media":0,"parent":0,"menu_order":0,"comment_status":"closed","ping_status":"closed","template":"","meta":{"footnotes":""},"class_list":["post-16","page","type-page","status-publish","hentry"],"_links":{"self":[{"href":"https:\/\/blog.hwr-berlin.de\/oev-eval\/wp-json\/wp\/v2\/pages\/16","targetHints":{"allow":["GET"]}}],"collection":[{"href":"https:\/\/blog.hwr-berlin.de\/oev-eval\/wp-json\/wp\/v2\/pages"}],"about":[{"href":"https:\/\/blog.hwr-berlin.de\/oev-eval\/wp-json\/wp\/v2\/types\/page"}],"author":[{"embeddable":true,"href":"https:\/\/blog.hwr-berlin.de\/oev-eval\/wp-json\/wp\/v2\/users\/4"}],"replies":[{"embeddable":true,"href":"https:\/\/blog.hwr-berlin.de\/oev-eval\/wp-json\/wp\/v2\/comments?post=16"}],"version-history":[{"count":19,"href":"https:\/\/blog.hwr-berlin.de\/oev-eval\/wp-json\/wp\/v2\/pages\/16\/revisions"}],"predecessor-version":[{"id":324,"href":"https:\/\/blog.hwr-berlin.de\/oev-eval\/wp-json\/wp\/v2\/pages\/16\/revisions\/324"}],"wp:attachment":[{"href":"https:\/\/blog.hwr-berlin.de\/oev-eval\/wp-json\/wp\/v2\/media?parent=16"}],"curies":[{"name":"wp","href":"https:\/\/api.w.org\/{rel}","templated":true}]}}