

{"id":17,"date":"2024-06-18T17:08:57","date_gmt":"2024-06-18T15:08:57","guid":{"rendered":"https:\/\/blog.hwr-berlin.de\/oev-eval\/?page_id=17"},"modified":"2025-05-22T20:32:12","modified_gmt":"2025-05-22T18:32:12","slug":"bachelorarbeiten","status":"publish","type":"page","link":"https:\/\/blog.hwr-berlin.de\/oev-eval\/bachelorarbeiten\/","title":{"rendered":"Bachelorarbeiten"},"content":{"rendered":"\n<p>Falls Sie daran interessiert sind, unseren Datensatz f\u00fcr Bachelorarbeiten zu nutzen, k\u00f6nnen Sie uns gerne eine Nachricht senden. Kontaktinformationen finden sie im Bereich <a href=\"https:\/\/blog.hwr-berlin.de\/oev-eval\/personen\/\">Personen<\/a>.<\/p>\n\n\n\n<p><\/p>\n\n\n\n<p><strong>Abgeschlossene Bachelorarbeiten:<\/strong><\/p>\n\n\n\n<p>Martin H\u00fcbner (2024): Stressbew\u00e4ltigung durch Freundschaften im Studium: Eine qualitative Studie unter Studierenden der \u00f6ffentlichen Verwaltung. Bachelorarbeit im Bachelor \u00d6ffentliche Verwaltung.<\/p>\n\n\n\n<p>Caroline Spindler (2023): Gestaltung des Peer-Mentorings in der Studieneingangsphase\u00a0 im Studiengang \u201e\u00d6ffentliche Verwaltung\u201c der Hochschule f\u00fcr Wirtschaft und Recht Berlin. Bachelorarbeit im Bachelor \u00d6ffentliche Verwaltung.<\/p>\n\n\n\n<p><\/p>\n","protected":false},"excerpt":{"rendered":"<p>Falls Sie daran interessiert sind, unseren Datensatz f\u00fcr Bachelorarbeiten zu nutzen, k\u00f6nnen Sie uns gerne eine Nachricht senden. Kontaktinformationen finden sie im Bereich Personen. Abgeschlossene Bachelorarbeiten: Martin H\u00fcbner (2024): Stressbew\u00e4ltigung durch Freundschaften im Studium: Eine qualitative Studie unter Studierenden der \u00f6ffentlichen Verwaltung. Bachelorarbeit im Bachelor \u00d6ffentliche Verwaltung. Caroline Spindler (2023): Gestaltung des Peer-Mentorings in der &hellip; <\/p>\n<p class=\"link-more\"><a href=\"https:\/\/blog.hwr-berlin.de\/oev-eval\/bachelorarbeiten\/\" class=\"more-link\"><span class=\"screen-reader-text\">\u201eBachelorarbeiten\u201c <\/span>weiterlesen<\/a><\/p>\n","protected":false},"author":4,"featured_media":0,"parent":0,"menu_order":0,"comment_status":"closed","ping_status":"closed","template":"","meta":{"footnotes":""},"class_list":["post-17","page","type-page","status-publish","hentry"],"_links":{"self":[{"href":"https:\/\/blog.hwr-berlin.de\/oev-eval\/wp-json\/wp\/v2\/pages\/17","targetHints":{"allow":["GET"]}}],"collection":[{"href":"https:\/\/blog.hwr-berlin.de\/oev-eval\/wp-json\/wp\/v2\/pages"}],"about":[{"href":"https:\/\/blog.hwr-berlin.de\/oev-eval\/wp-json\/wp\/v2\/types\/page"}],"author":[{"embeddable":true,"href":"https:\/\/blog.hwr-berlin.de\/oev-eval\/wp-json\/wp\/v2\/users\/4"}],"replies":[{"embeddable":true,"href":"https:\/\/blog.hwr-berlin.de\/oev-eval\/wp-json\/wp\/v2\/comments?post=17"}],"version-history":[{"count":7,"href":"https:\/\/blog.hwr-berlin.de\/oev-eval\/wp-json\/wp\/v2\/pages\/17\/revisions"}],"predecessor-version":[{"id":236,"href":"https:\/\/blog.hwr-berlin.de\/oev-eval\/wp-json\/wp\/v2\/pages\/17\/revisions\/236"}],"wp:attachment":[{"href":"https:\/\/blog.hwr-berlin.de\/oev-eval\/wp-json\/wp\/v2\/media?parent=17"}],"curies":[{"name":"wp","href":"https:\/\/api.w.org\/{rel}","templated":true}]}}