

{"id":115,"date":"2025-10-15T13:02:47","date_gmt":"2025-10-15T11:02:47","guid":{"rendered":"https:\/\/blog.hwr-berlin.de\/professorale-karriere\/?page_id=115"},"modified":"2026-03-17T11:15:33","modified_gmt":"2026-03-17T10:15:33","slug":"teilprojekte","status":"publish","type":"page","link":"https:\/\/blog.hwr-berlin.de\/professorale-karriere\/teilprojekte\/","title":{"rendered":"Teilprojekte"},"content":{"rendered":"\t\t<div data-elementor-type=\"wp-page\" data-elementor-id=\"115\" class=\"elementor elementor-115\">\n\t\t\t\t<div class=\"elementor-element elementor-element-6c56e54 e-flex e-con-boxed e-con e-parent\" data-id=\"6c56e54\" data-element_type=\"container\" data-e-type=\"container\">\n\t\t\t\t\t<div class=\"e-con-inner\">\n\t\t\t\t<div class=\"elementor-element elementor-element-354ec05 elementor-widget elementor-widget-text-editor\" data-id=\"354ec05\" data-element_type=\"widget\" data-e-type=\"widget\" data-widget_type=\"text-editor.default\">\n\t\t\t\t\t\t\t\t\t<p><span style=\"color: #000000;\">Das Projekt \u201eProfessorale Karriere an der HWR Berlin\u201c setzt sich aus verschiedenen Teilprojekten zusammen, die sich den Bereichen \u201ePersonalmarketing\u201c, \u201ePersonalgewinnung\u201c und \u201ePersonalbindung\u201c zuordnen lassen. Das Zusammenspiel der einzelnen Ma\u00dfnahmen soll in der Gesamtheit dazu f\u00fchren, dass die HWR Berlin als Arbeitgeberin pr\u00e4senter und der Karriereweg der HAW-Professur an der Hochschule st\u00e4rker wahrgenommen wird. Die Bewerbung auf eine Professur und das damit verbundene Berufungsverfahren sollen transparenter und effizienter ablaufen, der Einstieg in die neue Position als Professor*in soll von Anfang an unterst\u00fctzend begleitet werden.\u00a0<\/span><\/p><p><span style=\"color: #000000;\">Hier finden Sie Details zu den einzelnen Teilprojekten:<\/span><\/p><ul><li><span style=\"text-decoration: underline;\"><a href=\"https:\/\/blog.hwr-berlin.de\/professorale-karriere\/personalmarketing\/\" target=\"_blank\" rel=\"noopener\"><strong>Personalmarketing<\/strong><\/a><\/span><span style=\"color: #000000;\">:<\/span><ul><li><span style=\"color: #000000;\">Schaffung einer Arbeitgerbermarke<\/span><\/li><li><span style=\"color: #000000;\">Erh\u00f6hung der Sichtbarkeit als Arbeitgeberin<\/span><\/li><li><span style=\"color: #000000;\">Ausbau der Netzwerkarbeit<\/span><\/li><\/ul><\/li><\/ul><ul><li><span style=\"color: #000000;\"><span style=\"text-decoration: underline;\"><a href=\"https:\/\/blog.hwr-berlin.de\/professorale-karriere\/personalgewinnung\/\" target=\"_blank\" rel=\"noopener\"><strong>Personalgewinnung<\/strong><\/a><\/span>:<\/span><ul><li><span style=\"color: #000000;\">Ausbau der Promotionsm\u00f6glichkeiten<\/span><\/li><li><span style=\"color: #000000;\">Qualifizierung potenzieller Bewerber*innen<\/span><\/li><li><span style=\"color: #000000;\">Rekrutierung von Lehrbeauftragten<\/span><\/li><li><span style=\"color: #000000;\">Unterst\u00fctzung bei der Professionalisierung von Berufungsverfahren<\/span><\/li><\/ul><\/li><\/ul><ul><li><span style=\"color: #000000;\"><span style=\"text-decoration: underline;\"><a href=\"https:\/\/blog.hwr-berlin.de\/professorale-karriere\/personalbindung\/\" target=\"_blank\" rel=\"noopener\"><strong>Personalbindung<\/strong><\/a><\/span>:<\/span><ul><li><span style=\"color: #000000;\">Onboarding-Unterst\u00fctzung f\u00fcr neuberufene Professor*innen<\/span><\/li><li><span style=\"color: #000000;\">F\u00f6rderung innovativer, interdisziplin\u00e4rer Projekte<\/span><\/li><\/ul><\/li><\/ul>\t\t\t\t\t\t\t\t<\/div>\n\t\t\t\t\t<\/div>\n\t\t\t\t<\/div>\n\t\t\t\t<\/div>\n\t\t","protected":false},"excerpt":{"rendered":"<p>Das Projekt \u201eProfessorale Karriere an der HWR Berlin\u201c setzt sich aus verschiedenen Teilprojekten zusammen, die sich den Bereichen \u201ePersonalmarketing\u201c, \u201ePersonalgewinnung\u201c und \u201ePersonalbindung\u201c zuordnen lassen. Das Zusammenspiel der einzelnen Ma\u00dfnahmen soll in der Gesamtheit dazu f\u00fchren, dass die HWR Berlin als Arbeitgeberin pr\u00e4senter und der Karriereweg der HAW-Professur an der Hochschule st\u00e4rker wahrgenommen wird. Die Bewerbung &hellip; <\/p>\n<p class=\"link-more\"><a href=\"https:\/\/blog.hwr-berlin.de\/professorale-karriere\/teilprojekte\/\" class=\"more-link\"><span class=\"screen-reader-text\">\u201eTeilprojekte\u201c <\/span>weiterlesen<\/a><\/p>\n","protected":false},"author":2,"featured_media":0,"parent":0,"menu_order":0,"comment_status":"closed","ping_status":"closed","template":"","meta":{"footnotes":""},"class_list":["post-115","page","type-page","status-publish","hentry"],"_links":{"self":[{"href":"https:\/\/blog.hwr-berlin.de\/professorale-karriere\/wp-json\/wp\/v2\/pages\/115","targetHints":{"allow":["GET"]}}],"collection":[{"href":"https:\/\/blog.hwr-berlin.de\/professorale-karriere\/wp-json\/wp\/v2\/pages"}],"about":[{"href":"https:\/\/blog.hwr-berlin.de\/professorale-karriere\/wp-json\/wp\/v2\/types\/page"}],"author":[{"embeddable":true,"href":"https:\/\/blog.hwr-berlin.de\/professorale-karriere\/wp-json\/wp\/v2\/users\/2"}],"replies":[{"embeddable":true,"href":"https:\/\/blog.hwr-berlin.de\/professorale-karriere\/wp-json\/wp\/v2\/comments?post=115"}],"version-history":[{"count":29,"href":"https:\/\/blog.hwr-berlin.de\/professorale-karriere\/wp-json\/wp\/v2\/pages\/115\/revisions"}],"predecessor-version":[{"id":857,"href":"https:\/\/blog.hwr-berlin.de\/professorale-karriere\/wp-json\/wp\/v2\/pages\/115\/revisions\/857"}],"wp:attachment":[{"href":"https:\/\/blog.hwr-berlin.de\/professorale-karriere\/wp-json\/wp\/v2\/media?parent=115"}],"curies":[{"name":"wp","href":"https:\/\/api.w.org\/{rel}","templated":true}]}}