

{"id":119,"date":"2025-10-15T13:02:47","date_gmt":"2025-10-15T11:02:47","guid":{"rendered":"https:\/\/blog.hwr-berlin.de\/professorale-karriere\/?page_id=119"},"modified":"2025-10-15T13:32:27","modified_gmt":"2025-10-15T11:32:27","slug":"strategie-c-personalbindung","status":"publish","type":"page","link":"https:\/\/blog.hwr-berlin.de\/professorale-karriere\/strategie-c-personalbindung\/","title":{"rendered":"Strategie C &#8211; Personalbindung"},"content":{"rendered":"\n<p><strong>C.I \u2013 Erprobung eines Onboardingteams f\u00fcr neuberufene Professor*innen<\/strong><\/p>\n\n\n\n<p><strong>&nbsp;Ziele:<\/strong><\/p>\n\n\n\n<ul class=\"wp-block-list\">\n<li>Konzeption eines Onboardingteams<\/li>\n\n\n\n<li>Erprobung des Onboarding-Konzepts f\u00fcr Neuberufene<\/li>\n<\/ul>\n\n\n\n<p>&nbsp;<strong>Aktueller Stand:<\/strong><\/p>\n\n\n\n<p>Neuberufenen wird mittlerweile ein Onboardingteam mit drei festen Ansprechpartner*innen f\u00fcr das erste Jahr an der HWR Berlin zur Seite gestellt. Dieses Team besteht jeweils aus<\/p>\n\n\n\n<p>&#8211; einem professoralen Buddy, der*die in die Spezifika der Professur\/des Fachbereichs einf\u00fchrt und die kollegiale Vernetzung f\u00f6rdert<br>&#8211; einer Verwaltungsfachkraft, die bei Fragen zu Prozessen, Zust\u00e4ndigkeiten oder zur Ausstattung weiterhilft und<br>&#8211; einer studentischen Hilfskraft, die z.B. bei der Erstvorbereitung der Lehrunterlagen unterst\u00fctzt<\/p>\n\n\n\n<p>Die Mitglieder des Onboardingteams sorgen f\u00fcr eine personalisierte Begleitung in der Anfangsphase und erleichtern die fachliche Einbindung sowie ein schnelles Einfinden in die Verwaltungsprozesse der Hochschule und die Lehre.Das Projektteam initiiert die Fertigstellung der pers\u00f6nlichen Profile der Neuberufenen und bereitet die darauf verlinkende Pressemitteilung (<a href=\"https:\/\/www.hwr-berlin.de\/aktuelles\/neuigkeiten\/neuigkeit-detail\/4072-neue-professoren-und-professorinnen-an-der-hwr-berlin\/\" target=\"_blank\" rel=\"noreferrer noopener\">Bsp. SoSe 2024<\/a>) vor. Diese wird dann gemeinsam mit Pressesprecherin und Internetredaktion \u00fcber die Website sowie den&nbsp;<a href=\"https:\/\/nachrichten.idw-online.de\/2024\/04\/26\/neue-professorinnen-und-professoren-an-der-hwr-berlin\" target=\"_blank\" rel=\"noreferrer noopener\">Informationsdienst Wissenschaft<\/a>&nbsp;und Social Media ver\u00f6ffentlicht.<\/p>\n\n\n\n<p><strong>C.II \u2013 St\u00e4rkung der Zusammenarbeit in innovativen, interdisziplin\u00e4ren Projekten<\/strong><\/p>\n\n\n\n<p><strong>Ziele:<\/strong><\/p>\n\n\n\n<ul class=\"wp-block-list\">\n<li>Die St\u00e4rkung der multidisziplin\u00e4ren Ausrichtung als Profilelement der Hochschule<\/li>\n\n\n\n<li>Die F\u00f6rderung des kollegialen Austausch der Professor*innen<\/li>\n<\/ul>\n\n\n\n<p><strong>Aktueller Stand:<\/strong><strong><\/strong><\/p>\n\n\n\n<p>Es werden im Rahmen von ProfKarriere erstmalig interdisziplin\u00e4re Projekte unter Beteiligung von Professor*innen unterschiedlicher Fachbereiche und -Disziplinen in den Hochschulbereichen Lehre, Forschung und Transfer durchgef\u00fchrt. Die Ergebnisse der gef\u00f6rderten Projekte werden in Abschlussveranstaltungen pr\u00e4sentiert.<\/p>\n\n\n\n<p id=\"yui_3_18_1_1_1760527838313_97\">Die F\u00f6rderung von interdisziplin\u00e4ren, innovativen Projekten wurde \u00fcber&nbsp;Calls&nbsp;jeweils zum Jahresende 2021, 2022 und 2023 sowie im Juli 2024 ausgeschrieben. Interessierte Professorinnen und Professoren konnten entsprechend ihre Projektskizzen einreichen. In den Calls sind die mit der Wiss. Projektleitung abgestimmten F\u00f6rderkriterien und Rahmenbedingungen aufgef\u00fchrt. Sie dienen als Entscheidungsgrundlage f\u00fcr die F\u00f6rderung. Insgesamt wurden\/werden&nbsp;neunzehn Projekte&nbsp;gef\u00f6rdert. Detaillierte Informationen zu den einzelnen Projekten erhalten Sie nachfolgend.<\/p>\n","protected":false},"excerpt":{"rendered":"<p>C.I \u2013 Erprobung eines Onboardingteams f\u00fcr neuberufene Professor*innen &nbsp;Ziele: &nbsp;Aktueller Stand: Neuberufenen wird mittlerweile ein Onboardingteam mit drei festen Ansprechpartner*innen f\u00fcr das erste Jahr an der HWR Berlin zur Seite gestellt. Dieses Team besteht jeweils aus &#8211; einem professoralen Buddy, der*die in die Spezifika der Professur\/des Fachbereichs einf\u00fchrt und die kollegiale Vernetzung f\u00f6rdert&#8211; einer Verwaltungsfachkraft, &hellip; <\/p>\n<p class=\"link-more\"><a href=\"https:\/\/blog.hwr-berlin.de\/professorale-karriere\/strategie-c-personalbindung\/\" class=\"more-link\"><span class=\"screen-reader-text\">\u201eStrategie C &#8211; Personalbindung\u201c <\/span>weiterlesen<\/a><\/p>\n","protected":false},"author":2,"featured_media":0,"parent":0,"menu_order":0,"comment_status":"closed","ping_status":"closed","template":"","meta":{"footnotes":""},"class_list":["post-119","page","type-page","status-publish","hentry"],"_links":{"self":[{"href":"https:\/\/blog.hwr-berlin.de\/professorale-karriere\/wp-json\/wp\/v2\/pages\/119","targetHints":{"allow":["GET"]}}],"collection":[{"href":"https:\/\/blog.hwr-berlin.de\/professorale-karriere\/wp-json\/wp\/v2\/pages"}],"about":[{"href":"https:\/\/blog.hwr-berlin.de\/professorale-karriere\/wp-json\/wp\/v2\/types\/page"}],"author":[{"embeddable":true,"href":"https:\/\/blog.hwr-berlin.de\/professorale-karriere\/wp-json\/wp\/v2\/users\/2"}],"replies":[{"embeddable":true,"href":"https:\/\/blog.hwr-berlin.de\/professorale-karriere\/wp-json\/wp\/v2\/comments?post=119"}],"version-history":[{"count":3,"href":"https:\/\/blog.hwr-berlin.de\/professorale-karriere\/wp-json\/wp\/v2\/pages\/119\/revisions"}],"predecessor-version":[{"id":147,"href":"https:\/\/blog.hwr-berlin.de\/professorale-karriere\/wp-json\/wp\/v2\/pages\/119\/revisions\/147"}],"wp:attachment":[{"href":"https:\/\/blog.hwr-berlin.de\/professorale-karriere\/wp-json\/wp\/v2\/media?parent=119"}],"curies":[{"name":"wp","href":"https:\/\/api.w.org\/{rel}","templated":true}]}}