

{"id":197,"date":"2025-12-17T14:15:27","date_gmt":"2025-12-17T13:15:27","guid":{"rendered":"https:\/\/blog.hwr-berlin.de\/professorale-karriere\/?page_id=197"},"modified":"2026-03-17T10:56:55","modified_gmt":"2026-03-17T09:56:55","slug":"personalmarketing","status":"publish","type":"page","link":"https:\/\/blog.hwr-berlin.de\/professorale-karriere\/personalmarketing\/","title":{"rendered":"Personalmarketing"},"content":{"rendered":"\t\t<div data-elementor-type=\"wp-page\" data-elementor-id=\"197\" class=\"elementor elementor-197\">\n\t\t\t\t<div class=\"elementor-element elementor-element-d1decb6 e-flex e-con-boxed e-con e-parent\" data-id=\"d1decb6\" data-element_type=\"container\" data-e-type=\"container\">\n\t\t\t\t\t<div class=\"e-con-inner\">\n\t\t\t\t<div class=\"elementor-element elementor-element-9a3be41 elementor-widget elementor-widget-text-editor\" data-id=\"9a3be41\" data-element_type=\"widget\" data-e-type=\"widget\" data-widget_type=\"text-editor.default\">\n\t\t\t\t\t\t\t\t\t<p><span style=\"color: #000000;\">Die Bewerbung auf eine Professur setzt voraus, dass potenzielle Bewerber*innen den Karriereweg der HAW-Professur und seine Voraussetzungen, die sich von denen einer Universit\u00e4tsprofessur unterscheiden, \u00fcberhaupt erst einmal kennen. Ist dies der Fall, stellt sich die Frage, welche Hochschulen f\u00fcr die eigene Laufbahn als Professor*in in Frage kommen und schlie\u00dflich gilt es herauszufinden, an welcher dieser Hochschulen sich die eigenen Interessen am besten verfolgen, die eigenen Vorstellungen von Lehre und Forschung am besten verwirklichen lassen. Damit m\u00f6glichst viele geeignete Personen sich f\u00fcr eine Professur interessieren und sie diese Fragen f\u00fcr sich bestm\u00f6glich beantworten k\u00f6nnen, ist es f\u00fcr die Hochschule elementar, sich nach au\u00dfen entsprechend zu pr\u00e4sentieren und ausf\u00fchrliche Informationen zum Karriereweg der HAW-Professur und den eigenen komparativen St\u00e4rken bereitzustellen. Dies geschieht im Rahmen des Personalmarketings.<\/span><\/p>\n<p><span style=\"color: #000000;\">Im Projekt \u201eProfessorale Karriere an der HWR Berlin\u201c wird daf\u00fcr eine Arbeitgebermarke f\u00fcr die HWR Berlin geschaffen und eine Kampagne zur Verbreitung dieser Marke entwickelt. Flankierend dazu erh\u00f6hen au\u00dferdem diverse Einzelma\u00dfnahmen die Sichtbarkeit der HWR Berlin als Arbeitgeberin. Und durch den Ausbau der Netzwerkarbeit werden im Projekt entwickelte Informationsangebote zum Karriereweg HAW Professur zielgerichtet verbreitet.<\/span><\/p>\n<ul>\n<li><span style=\"text-decoration: underline;\"><a href=\"https:\/\/blog.hwr-berlin.de\/professorale-karriere\/schaffung-einer-arbeitgebermarke\/\" target=\"_blank\" rel=\"noopener\"><span style=\"color: #000000; text-decoration: underline;\">Schaffung einer Arbeitgebermarke<\/span><\/a><\/span><\/li>\n<li><span style=\"text-decoration: underline;\"><a href=\"https:\/\/blog.hwr-berlin.de\/professorale-karriere\/erhohung-der-sichtbarkeit-als-arbeitgeberin\/\" target=\"_blank\" rel=\"noopener\"><span style=\"color: #000000; text-decoration: underline;\">Erh\u00f6hung der Sichtbarkeit als Arbeitgeberin<\/span><\/a><\/span><\/li>\n<li><span style=\"text-decoration: underline;\"><a href=\"https:\/\/blog.hwr-berlin.de\/professorale-karriere\/ausbau-der-netzwerkarbeit-2\/\" target=\"_blank\" rel=\"noopener\"><span style=\"color: #000000; text-decoration: underline;\">Ausbau der Netzwerkarbeit<\/span><\/a><\/span><\/li>\n<\/ul>\t\t\t\t\t\t\t\t<\/div>\n\t\t\t\t\t<\/div>\n\t\t\t\t<\/div>\n\t\t\t\t<\/div>\n\t\t","protected":false},"excerpt":{"rendered":"<p>Die Bewerbung auf eine Professur setzt voraus, dass potenzielle Bewerber*innen den Karriereweg der HAW-Professur und seine Voraussetzungen, die sich von denen einer Universit\u00e4tsprofessur unterscheiden, \u00fcberhaupt erst einmal kennen. Ist dies der Fall, stellt sich die Frage, welche Hochschulen f\u00fcr die eigene Laufbahn als Professor*in in Frage kommen und schlie\u00dflich gilt es herauszufinden, an welcher dieser &hellip; <\/p>\n<p class=\"link-more\"><a href=\"https:\/\/blog.hwr-berlin.de\/professorale-karriere\/personalmarketing\/\" class=\"more-link\"><span class=\"screen-reader-text\">\u201ePersonalmarketing\u201c <\/span>weiterlesen<\/a><\/p>\n","protected":false},"author":2,"featured_media":0,"parent":0,"menu_order":0,"comment_status":"closed","ping_status":"closed","template":"","meta":{"footnotes":""},"class_list":["post-197","page","type-page","status-publish","hentry"],"_links":{"self":[{"href":"https:\/\/blog.hwr-berlin.de\/professorale-karriere\/wp-json\/wp\/v2\/pages\/197","targetHints":{"allow":["GET"]}}],"collection":[{"href":"https:\/\/blog.hwr-berlin.de\/professorale-karriere\/wp-json\/wp\/v2\/pages"}],"about":[{"href":"https:\/\/blog.hwr-berlin.de\/professorale-karriere\/wp-json\/wp\/v2\/types\/page"}],"author":[{"embeddable":true,"href":"https:\/\/blog.hwr-berlin.de\/professorale-karriere\/wp-json\/wp\/v2\/users\/2"}],"replies":[{"embeddable":true,"href":"https:\/\/blog.hwr-berlin.de\/professorale-karriere\/wp-json\/wp\/v2\/comments?post=197"}],"version-history":[{"count":19,"href":"https:\/\/blog.hwr-berlin.de\/professorale-karriere\/wp-json\/wp\/v2\/pages\/197\/revisions"}],"predecessor-version":[{"id":847,"href":"https:\/\/blog.hwr-berlin.de\/professorale-karriere\/wp-json\/wp\/v2\/pages\/197\/revisions\/847"}],"wp:attachment":[{"href":"https:\/\/blog.hwr-berlin.de\/professorale-karriere\/wp-json\/wp\/v2\/media?parent=197"}],"curies":[{"name":"wp","href":"https:\/\/api.w.org\/{rel}","templated":true}]}}