

{"id":200,"date":"2025-12-17T14:15:27","date_gmt":"2025-12-17T13:15:27","guid":{"rendered":"https:\/\/blog.hwr-berlin.de\/professorale-karriere\/?page_id=200"},"modified":"2026-03-17T10:53:57","modified_gmt":"2026-03-17T09:53:57","slug":"personalbindung","status":"publish","type":"page","link":"https:\/\/blog.hwr-berlin.de\/professorale-karriere\/personalbindung\/","title":{"rendered":"Personalbindung"},"content":{"rendered":"\t\t<div data-elementor-type=\"wp-page\" data-elementor-id=\"200\" class=\"elementor elementor-200\">\n\t\t\t\t<div class=\"elementor-element elementor-element-7cbd6a4 e-flex e-con-boxed e-con e-parent\" data-id=\"7cbd6a4\" data-element_type=\"container\" data-e-type=\"container\">\n\t\t\t\t\t<div class=\"e-con-inner\">\n\t\t\t\t<div class=\"elementor-element elementor-element-54b1da6 elementor-widget elementor-widget-text-editor\" data-id=\"54b1da6\" data-element_type=\"widget\" data-e-type=\"widget\" data-widget_type=\"text-editor.default\">\n\t\t\t\t\t\t\t\t\t<p><span style=\"color: #000000;\">Damit erfolgreich gewonnenes professorales Personal sich auch langfristig an einer Hochschule f\u00fcr angewandte Wissenschaften bindet, muss die Organisation der in der Bewerbungsphase wahrgenommenen Attraktivit\u00e4t als Arbeitgeberin auch gerecht werden. Geeignete Ma\u00dfnahmen der Personalbindung sorgen daf\u00fcr, dass eine Identifikation mit der Hochschule und ein Zugeh\u00f6rigkeitsgef\u00fchl zum Kollegium entstehen und sich im Laufe der Zugeh\u00f6rigkeit zur Hochschule verfestigen. Neuberufene Professor*innen sollen m\u00f6glichst schnell in die bestehenden Strukturen eingebunden werden.<\/span><\/p><p><span style=\"color: #000000;\">Im Projekt \u201eProfessorale Karriere an der HWR Berlin\u201c werden zwei Ma\u00dfnahmen erprobt, um die Personalbindung zu erh\u00f6hen: Neuberufene werden in der Einstiegsphase durch feste professorale und verwaltungsseitige Ansprechpersonen an ihrem Fachbereich, eine studentische Hilfskraft sowie einem Leitfaden f\u00fcr Neuberufene unterst\u00fctzt. Und um die Vernetzung innerhalb der gesamten Professor*innenschaft auszubauen, werden innovative, interdisziplin\u00e4r konzipierte Forschungsprojekte gef\u00f6rdert.<\/span><\/p><p><span style=\"color: #000000;\">Das Onboarding, also die ganzheitliche Einf\u00fchrung in die neue Stelle, ist ein bedeutsamer Moment hinsichtlich der Personalbindung. Es bietet einen ersten Eindruck, wie gut die Hochschule organisiert ist, wie ernst sie es mit ihrem Arbeitgeberversprechen meint und welche Wertsch\u00e4tzung neuen Mitarbeitenden entgegengebracht wird. Ein holpriger Start senkt die Chance auf eine schnelle und erfolgreiche Integration. Ein gelungenes Ankommen, nicht nur in fachlicher, sondern auch in sozialer und hochschulkultureller Hinsicht, erh\u00f6ht diese Chance hingegen.<\/span><\/p><p><span style=\"color: #000000;\">Einmal gut angekommen und im eigenen Fachbereich integriert, gilt es, die Professor*innen auch \u00fcber den Fachbereich hinaus in der Hochschule zu vernetzen. Welche T\u00e4tigkeit w\u00e4re hierzu geeigneter als gemeinsame, interdisziplin\u00e4re Forschung? Interdisziplin\u00e4re Forschung \u00fcber die Grenzen der eigenen Facheinheiten st\u00e4rkt dabei nicht nur die Vernetzung innerhalb der Professor*innenschaft, es betont zudem noch die multidisziplin\u00e4ren Ausrichtung als Profilelement der Hochschule.<\/span><\/p><ul><li><span style=\"text-decoration: underline;\"><a href=\"https:\/\/blog.hwr-berlin.de\/professorale-karriere\/erprobung-eines-onboarding-teams-fuer-neuberufene-professorinnen\/\" target=\"_blank\" rel=\"noopener\"><span style=\"color: #000000; text-decoration: underline;\">Onboarding-Unterst\u00fctzung f\u00fcr neuberufene Professor*innen<\/span><\/a><\/span><\/li><li><a href=\"https:\/\/blog.hwr-berlin.de\/professorale-karriere\/forderung-innovativer-interdisziplinarer-projekte\/\" target=\"_blank\" rel=\"noopener\"><span style=\"text-decoration: underline;\">F\u00f6rderung innovativer, interdisziplin\u00e4rer Projekte<\/span><\/a><\/li><\/ul>\t\t\t\t\t\t\t\t<\/div>\n\t\t\t\t\t<\/div>\n\t\t\t\t<\/div>\n\t\t\t\t<\/div>\n\t\t","protected":false},"excerpt":{"rendered":"<p>Damit erfolgreich gewonnenes professorales Personal sich auch langfristig an einer Hochschule f\u00fcr angewandte Wissenschaften bindet, muss die Organisation der in der Bewerbungsphase wahrgenommenen Attraktivit\u00e4t als Arbeitgeberin auch gerecht werden. Geeignete Ma\u00dfnahmen der Personalbindung sorgen daf\u00fcr, dass eine Identifikation mit der Hochschule und ein Zugeh\u00f6rigkeitsgef\u00fchl zum Kollegium entstehen und sich im Laufe der Zugeh\u00f6rigkeit zur Hochschule &hellip; <\/p>\n<p class=\"link-more\"><a href=\"https:\/\/blog.hwr-berlin.de\/professorale-karriere\/personalbindung\/\" class=\"more-link\"><span class=\"screen-reader-text\">\u201ePersonalbindung\u201c <\/span>weiterlesen<\/a><\/p>\n","protected":false},"author":2,"featured_media":0,"parent":0,"menu_order":0,"comment_status":"closed","ping_status":"closed","template":"","meta":{"footnotes":""},"class_list":["post-200","page","type-page","status-publish","hentry"],"_links":{"self":[{"href":"https:\/\/blog.hwr-berlin.de\/professorale-karriere\/wp-json\/wp\/v2\/pages\/200","targetHints":{"allow":["GET"]}}],"collection":[{"href":"https:\/\/blog.hwr-berlin.de\/professorale-karriere\/wp-json\/wp\/v2\/pages"}],"about":[{"href":"https:\/\/blog.hwr-berlin.de\/professorale-karriere\/wp-json\/wp\/v2\/types\/page"}],"author":[{"embeddable":true,"href":"https:\/\/blog.hwr-berlin.de\/professorale-karriere\/wp-json\/wp\/v2\/users\/2"}],"replies":[{"embeddable":true,"href":"https:\/\/blog.hwr-berlin.de\/professorale-karriere\/wp-json\/wp\/v2\/comments?post=200"}],"version-history":[{"count":26,"href":"https:\/\/blog.hwr-berlin.de\/professorale-karriere\/wp-json\/wp\/v2\/pages\/200\/revisions"}],"predecessor-version":[{"id":844,"href":"https:\/\/blog.hwr-berlin.de\/professorale-karriere\/wp-json\/wp\/v2\/pages\/200\/revisions\/844"}],"wp:attachment":[{"href":"https:\/\/blog.hwr-berlin.de\/professorale-karriere\/wp-json\/wp\/v2\/media?parent=200"}],"curies":[{"name":"wp","href":"https:\/\/api.w.org\/{rel}","templated":true}]}}