

{"id":202,"date":"2025-12-17T14:15:27","date_gmt":"2025-12-17T13:15:27","guid":{"rendered":"https:\/\/blog.hwr-berlin.de\/professorale-karriere\/?page_id=202"},"modified":"2026-03-16T21:14:52","modified_gmt":"2026-03-16T20:14:52","slug":"qualifizierung-potenzieller-bewerberinnen","status":"publish","type":"page","link":"https:\/\/blog.hwr-berlin.de\/professorale-karriere\/qualifizierung-potenzieller-bewerberinnen\/","title":{"rendered":"Qualifizierung potenzieller Bewerber*innen"},"content":{"rendered":"\t\t<div data-elementor-type=\"wp-page\" data-elementor-id=\"202\" class=\"elementor elementor-202\">\n\t\t\t\t<div class=\"elementor-element elementor-element-b94be82 e-flex e-con-boxed e-con e-parent\" data-id=\"b94be82\" data-element_type=\"container\" data-e-type=\"container\">\n\t\t\t\t\t<div class=\"e-con-inner\">\n\t\t\t\t<div class=\"elementor-element elementor-element-cb7d487 elementor-widget elementor-widget-text-editor\" data-id=\"cb7d487\" data-element_type=\"widget\" data-e-type=\"widget\" data-widget_type=\"text-editor.default\">\n\t\t\t\t\t\t\t\t\t<p style=\"text-align: left;\"><span style=\"color: #000000;\"><b>Ziel:<\/b><\/span><\/p><ul><li style=\"text-align: left;\"><span style=\"color: #000000; text-indent: -2.175rem;\">Entwicklung von Angeboten zur Qualifizierung von Personal<\/span><\/li><\/ul><p style=\"text-align: left;\"><span style=\"color: #000000;\"><b>Aktueller Stand:<\/b><\/span><\/p><p style=\"text-align: left;\"><span style=\"color: #000000;\">Um geeignete Personen f\u00fcr eine zuk\u00fcnftige Karriere als HAW-Professor*in zu qualifizieren, wurde je Fachbereich eine halbe Gastdozenturstelle durch das Projekt finanziert. Die Stellen f\u00f6rdern am Karriereweg HAW-Professur interessierte Praktiker*innen, Lehrbeauftragte und Nachwuchswissenschaftler*innen. An allen f\u00fcnf Fachbereichen konnten Gastdozenturen besetzt werden: am Fachbereich 1 \u201eWirtschaftswissenschaften\u201c durch<span style=\"text-decoration: underline;\"> <a style=\"color: #000000; text-decoration: underline;\" href=\"https:\/\/www.hwr-berlin.de\/search\/kontaktdetail\/detail\/2818-stefan-paulus\">Dr. Stefan Paulus<\/a><\/span> und <span style=\"text-decoration: underline;\"><a style=\"color: #000000; text-decoration: underline;\" href=\"https:\/\/www.hwr-berlin.de\/en\/hwr-berlin\/about-us\/contact?tx_ttaddress_listview%5Baction%5D=show&amp;tx_ttaddress_listview%5Baddress%5D=3118&amp;tx_ttaddress_listview%5Bcontroller%5D=Address&amp;cHash=c57bccda8e3d57147bef2da6a74ddbf3\">Salim Chujfi La Roche<\/a><\/span>, am Fachbereich 2 \u201eDuales Studium: Wirtschaft und Technik\u201c durch<span style=\"text-decoration: underline;\"> <a style=\"color: #000000; text-decoration: underline;\" href=\"https:\/\/www.hwr-berlin.de\/hwr-berlin\/ueber-uns\/personen-von-a-bis-z\/2858-sebastian-knoechel\/\">Sebastian Kn\u00f6chel<\/a><\/span>, am Fachbereich 3 \u201eAllgemeine Verwaltung\u201c durch <a style=\"color: #000000;\" href=\"https:\/\/www.hwr-berlin.de\/hwr-berlin\/fachbereiche-und-bps\/fb-3-allgemeine-verwaltung\/personen-kontakte\/2706-marco-brunzel\/\"><span style=\"text-decoration: underline;\">Marco Brunzel<\/span><\/a>, am Fachbereich 4 \u201eRechtspflege\u201c durch <span style=\"text-decoration: underline;\"><a style=\"color: #000000; text-decoration: underline;\" href=\"https:\/\/www.hwr-berlin.de\/hwr-berlin\/fachbereiche-und-bps\/fb-4-rechtspflege\/personen-kontakte\/2910-mark-heeseler\/\">Mark Heeseler<\/a><\/span> und am Fachbereich 5 \u201ePolizei und Sicherheitsmanagement\u201c durch <span style=\"text-decoration: underline;\"><a style=\"color: #000000; text-decoration: underline;\" href=\"https:\/\/www.hwr-berlin.de\/hwr-berlin\/fachbereiche-und-bps\/fb-5-polizei-und-sicherheitsmanagement\/personen-kontakte\/2741-florian-floersheimer\/\">Dr. Florian Fl\u00f6rsheimer<\/a><\/span>.<\/span><\/p><p style=\"text-align: left;\"><span style=\"color: #000000;\">Dar\u00fcber hinaus wurde eine turnusm\u00e4\u00dfige <span style=\"text-decoration: underline;\"><a style=\"color: #000000; text-decoration: underline;\" href=\"https:\/\/media.hwr-berlin.de\/m\/6b68b49b57c19328aaaf2fa1ba1a6bc48b0670ff85d2d901bba104c143298b464b580ffbe1ac75b6871c4d751d949b606a7513b8b3c5539715291e28151b8aea\">Infoveranstaltung<\/a><\/span> f\u00fcr Lehrbeauftragte entwickelt und durchgef\u00fchrt, mit dem Ziel, geeigneten Personen, die an einer Promotion interessiert sind, die f\u00fcr eine HAW-Professur erforderliche Qualifizierung nahezulegen. Lehrbeauftragte, die durch ihre T\u00e4tigkeit bereits die Berufungsvoraussetzung der didaktischen Erfahrung sammeln, werden so animiert, mit der Promotion den neben der beruflichen Erfahrung dritten zentralen Baustein f\u00fcr die Berufungsf\u00e4higkeit zu erwerben.<\/span><\/p><p style=\"text-align: left;\"><span style=\"color: #000000;\">Um die F\u00f6rderung geeigneter Personen bereits fr\u00fchzeitig zu unterst\u00fctzen, wurden zudem ein<span style=\"text-decoration: underline;\"> <a style=\"color: #000000; text-decoration: underline;\" href=\"https:\/\/moodle.hwr-berlin.de\/pluginfile.php\/2089578\/mod_page\/content\/30\/Info-Dokument%20Beruflichen%20Austausch%20gestalten.pdf?time=1748334354288\">Info-Dokument<\/a><\/span>\u00a0f\u00fcr den beruflichen Austausch zur Unterst\u00fctzung des Karrierewegs HAW-Professur sowie ein Leitfaden f\u00fcr wissenschaftliche Mitarbeitende entwickelt und bereitgestellt. Allgemeine Informationen zu den Rahmenbedingungen und Anforderungen des Karrierewegs HAW Professur erhalten Interessierte au\u00dferdem in der Brosch\u00fcre &#8222;<span style=\"text-decoration: underline;\"><a style=\"color: #000000; text-decoration: underline;\" href=\"https:\/\/www.hwr-berlin.de\/fileadmin\/portal\/Dokumente\/HWR-Berlin\/Brosch%C3%BCre-Wege-zur-Professur.pdf\">Wege zur Professur<\/a><\/span>\u201c.<\/span><\/p>\t\t\t\t\t\t\t\t<\/div>\n\t\t\t\t\t<\/div>\n\t\t\t\t<\/div>\n\t\t<div class=\"elementor-element elementor-element-3d199df e-flex e-con-boxed e-con e-parent\" data-id=\"3d199df\" data-element_type=\"container\" data-e-type=\"container\">\n\t\t\t\t\t<div class=\"e-con-inner\">\n\t\t\t\t<div class=\"elementor-element elementor-element-a9c9459 elementor-widget elementor-widget-text-editor\" data-id=\"a9c9459\" data-element_type=\"widget\" data-e-type=\"widget\" data-widget_type=\"text-editor.default\">\n\t\t\t\t\t\t\t\t\t<ul><li><a href=\"https:\/\/blog.hwr-berlin.de\/professorale-karriere\/ausbau-der-promotionsmoglichkeiten\/\" target=\"_blank\" rel=\"noopener\"><span style=\"text-decoration: underline;\">Ausbau der Promotionsm\u00f6glichkeiten<\/span><\/a><\/li><li><a href=\"https:\/\/blog.hwr-berlin.de\/professorale-karriere\/rekrutierung-von-lehrbeauftragten\/\" target=\"_blank\" rel=\"noopener\"><span style=\"text-decoration: underline;\">Rekrutierung von Lehrbeauftragten<\/span><\/a><\/li><li><a href=\"https:\/\/blog.hwr-berlin.de\/professorale-karriere\/unterstuetzung-bei-der-professionalisierung-von-berufungsverfahren\/\" target=\"_blank\" rel=\"noopener\"><span style=\"text-decoration: underline;\">Unterst\u00fctzung bei der Professionalisierung von Berufungsverfahren<\/span><\/a><\/li><\/ul>\t\t\t\t\t\t\t\t<\/div>\n\t\t\t\t\t<\/div>\n\t\t\t\t<\/div>\n\t\t\t\t<\/div>\n\t\t","protected":false},"excerpt":{"rendered":"<p>Ziel: Entwicklung von Angeboten zur Qualifizierung von Personal Aktueller Stand: Um geeignete Personen f\u00fcr eine zuk\u00fcnftige Karriere als HAW-Professor*in zu qualifizieren, wurde je Fachbereich eine halbe Gastdozenturstelle durch das Projekt finanziert. Die Stellen f\u00f6rdern am Karriereweg HAW-Professur interessierte Praktiker*innen, Lehrbeauftragte und Nachwuchswissenschaftler*innen. An allen f\u00fcnf Fachbereichen konnten Gastdozenturen besetzt werden: am Fachbereich 1 \u201eWirtschaftswissenschaften\u201c durch &hellip; <\/p>\n<p class=\"link-more\"><a href=\"https:\/\/blog.hwr-berlin.de\/professorale-karriere\/qualifizierung-potenzieller-bewerberinnen\/\" class=\"more-link\"><span class=\"screen-reader-text\">\u201eQualifizierung potenzieller Bewerber*innen\u201c <\/span>weiterlesen<\/a><\/p>\n","protected":false},"author":2,"featured_media":0,"parent":0,"menu_order":0,"comment_status":"closed","ping_status":"closed","template":"","meta":{"footnotes":""},"class_list":["post-202","page","type-page","status-publish","hentry"],"_links":{"self":[{"href":"https:\/\/blog.hwr-berlin.de\/professorale-karriere\/wp-json\/wp\/v2\/pages\/202","targetHints":{"allow":["GET"]}}],"collection":[{"href":"https:\/\/blog.hwr-berlin.de\/professorale-karriere\/wp-json\/wp\/v2\/pages"}],"about":[{"href":"https:\/\/blog.hwr-berlin.de\/professorale-karriere\/wp-json\/wp\/v2\/types\/page"}],"author":[{"embeddable":true,"href":"https:\/\/blog.hwr-berlin.de\/professorale-karriere\/wp-json\/wp\/v2\/users\/2"}],"replies":[{"embeddable":true,"href":"https:\/\/blog.hwr-berlin.de\/professorale-karriere\/wp-json\/wp\/v2\/comments?post=202"}],"version-history":[{"count":20,"href":"https:\/\/blog.hwr-berlin.de\/professorale-karriere\/wp-json\/wp\/v2\/pages\/202\/revisions"}],"predecessor-version":[{"id":800,"href":"https:\/\/blog.hwr-berlin.de\/professorale-karriere\/wp-json\/wp\/v2\/pages\/202\/revisions\/800"}],"wp:attachment":[{"href":"https:\/\/blog.hwr-berlin.de\/professorale-karriere\/wp-json\/wp\/v2\/media?parent=202"}],"curies":[{"name":"wp","href":"https:\/\/api.w.org\/{rel}","templated":true}]}}