

{"id":203,"date":"2025-12-17T14:15:27","date_gmt":"2025-12-17T13:15:27","guid":{"rendered":"https:\/\/blog.hwr-berlin.de\/professorale-karriere\/?page_id=203"},"modified":"2026-03-16T21:09:55","modified_gmt":"2026-03-16T20:09:55","slug":"ausbau-der-promotionsmoglichkeiten","status":"publish","type":"page","link":"https:\/\/blog.hwr-berlin.de\/professorale-karriere\/ausbau-der-promotionsmoglichkeiten\/","title":{"rendered":"Ausbau der Promotionsm\u00f6glichkeiten"},"content":{"rendered":"\t\t<div data-elementor-type=\"wp-page\" data-elementor-id=\"203\" class=\"elementor elementor-203\">\n\t\t\t\t<div class=\"elementor-element elementor-element-30408d9 e-flex e-con-boxed e-con e-parent\" data-id=\"30408d9\" data-element_type=\"container\" data-e-type=\"container\">\n\t\t\t\t\t<div class=\"e-con-inner\">\n\t\t\t\t<div class=\"elementor-element elementor-element-51e1287 elementor-widget elementor-widget-text-editor\" data-id=\"51e1287\" data-element_type=\"widget\" data-e-type=\"widget\" data-widget_type=\"text-editor.default\">\n\t\t\t\t\t\t\t\t\t<p><strong>Ziele<\/strong>:<\/p><ul><li>Aufbau und Erprobung neuer Formate im \u201eHWR Promotionskolleg\u201c<\/li><li>Organisation und Etablierung einer International Doctoral Summer School<\/li><li>Unterst\u00fctzung bei der Umsetzung des eigenst\u00e4ndigen Promotionsrechts<\/li><\/ul><p><strong>Aktueller Stand:<\/strong><\/p><p>Das Teilprojekt \u201eF\u00f6rderung von Promotionsm\u00f6glichkeiten\u201c hat die Aufgabe die \u00fcberfachliche Betreuung und Qualifizierung f\u00fcr die an der HWR kooperativ Promovierenden zu unterst\u00fctzen und im Rahmen der Nachwuchsf\u00f6rderung ein strukturiertes Angebot zur \u00fcberfachlichen Weiterbildung, Vertiefung von Soft-Skill-Kompetenz sowie den Austausch und die Vernetzung zu machen. Zudem soll der Qualifizierungsweg <em>Promotion<\/em> strukturiert dargestellt werden und Beratungen rund ums Promovieren angeboten werden, um mittel- und langfristig den Bewerber*innenpool f\u00fcr professorale Ausschreibungen zu erh\u00f6hen.<\/p><p>Das Promotionskolleg der HWR Berlin bietet ein breitgef\u00e4chertes\u00a0<span style=\"text-decoration: underline;\"><a href=\"https:\/\/www.hwr-berlin.de\/fileadmin\/portal\/Dokumente\/Forschung\/Promotionskolleg-Programm%C3%BCbersicht.pdf\" target=\"_blank\" rel=\"noopener\">Programm<\/a><\/span>, das die Promovierenden bei ihrer Promotion in Hinblick auf methodische und wissenschaftliche Techniken unterst\u00fctzt, M\u00f6glichkeiten zum Austausch und der gegenseitigen Unterst\u00fctzung schafft und Angebote zu Weiterqualifizierungsma\u00dfnahmen zu nichtfachspezifischen Qualifikationen bietet. Im Rahmen der Teilprojektaufgabe \u201eAusbau der Promotionsm\u00f6glichkeiten\u201c wurden daf\u00fcr, aufbauend auf einer\u00a0<span style=\"text-decoration: underline;\"><a href=\"https:\/\/moodle.hwr-berlin.de\/pluginfile.php\/2092492\/mod_page\/content\/34\/zusammenfassende%20Analyse%20der%20Angebote%20des%20Promotionskollegs%20und%20ihrer%20Nutzung_23.06.2022.pdf\" target=\"_blank\" rel=\"noopener\">Analyse der Angebote des Promotionskolleg und ihrer Nutzung<\/a><\/span>\u00a0sowie einer\u00a0<span style=\"text-decoration: underline;\"><a href=\"https:\/\/moodle.hwr-berlin.de\/pluginfile.php\/2092492\/mod_page\/content\/34\/Teilergebnisse%20Bedarfsanalyse%20Promotionskolleg_Okt.%202022.pdf\" target=\"_blank\" rel=\"noopener\">Bedarfsanalyse f\u00fcr die Angebotsentwicklung am Promotionskolleg<\/a><\/span>,\u00a0 neue Angebote am HWR Promotionskolleg eingef\u00fchrt und ausprobiert. Neben singul\u00e4ren Veranstaltungen wurden Veranstaltungsreihen etabliert, wie z.B. die\u00a0<span style=\"text-decoration: underline;\"><a href=\"https:\/\/moodle.hwr-berlin.de\/course\/view.php?id=75662\" target=\"_blank\" rel=\"noopener\">Methodenwerkstatt Statistik<\/a><\/span> f\u00fcr Einblicke in neue methodische Ans\u00e4tze und Unterst\u00fctzung durch kollegiale Beratung, das Doktorand*innenkolloquium als prozessbegleitendes Angebot, die Promotionswerkstatt f\u00fcr eine schreibdidaktische Begleitung sowie der HWR Promovierendentag, der einmal im Semester in Pr\u00e4senz stattfindet und gezielt Raum f\u00fcr Austausch und Hilfestellungen zu den Promotionsvorhaben bietet. F\u00fcr die Kommunikation der Angebote und Informationen rund ums Promovieren und die weitere Karrieregestaltung wurde HWR-intern ein\u00a0<span style=\"text-decoration: underline;\"><a href=\"https:\/\/moodle.hwr-berlin.de\/course\/view.php?id=67586\" target=\"_blank\" rel=\"noopener\">Moodlekurs f\u00fcr das HWR Promotionskolleg<\/a><\/span>\u00a0eingerichtet und regelm\u00e4\u00dfig gepflegt.<\/p><p>Ein weiterer Baustein ist die <span style=\"text-decoration: underline;\"><a href=\"https:\/\/www.hwr-berlin.de\/international-doctoral-summer-school\/\" target=\"_blank\" rel=\"noopener\">International Doctoral Summer School<\/a><\/span>, die vom 7. bis 11.09.2026 bereits zum zweiten Mal stattfinden wird. Mit der Entwicklung dieses Angebots wird insbesondere HAW-Promovierenden w\u00e4hrend eines f\u00fcnft\u00e4gigen, \u00fcberfachlichen Workshopangebots die M\u00f6glichkeit gegeben aus interdisziplin\u00e4rer Sicht sich mit ihrem Promotionsvorhaben auseinanderzusetzen, anwendungsorientierte Sichtweisen zu diskutieren und zu reflektieren und mit Gleichgesinnten in den Austausch zu kommen. Verschiedene Inputveranstaltungen und interaktive Workshops zu methodischen Ans\u00e4tzen und Wissenschaftskommunikation werden von hochqualifizierten, internationalen Dozent*innen abgehalten. Weitere Informationen zur International Doctoral Summer School finden Sie\u00a0<span style=\"text-decoration: underline;\"><a href=\"https:\/\/www.hwr-berlin.de\/international-doctoral-summer-school\" target=\"_blank\" rel=\"noopener\">hier<\/a><\/span>.<\/p><p>Weiterhin findet regelm\u00e4\u00dfig eine <span style=\"text-decoration: underline;\"><a href=\"https:\/\/www.hwr-berlin.de\/aktuelles\/veranstaltung\/detail\/6196-promovieren-an-der-hwr-berlin\" target=\"_blank\" rel=\"noopener\">Informationsveranstaltung<\/a><\/span> zum Thema &#8222;Was bedeutet es zu promovieren? &#8211; Voraussetzungen, Herausforderungen und aktuelle Rahmenbedingungen an Berliner HAWs&#8220; statt, die \u00fcber verschiedene Aspekte des Promovierens und den Ablauf bei einem kooperativen Promotionsverfahren ber\u00e4t und geeigneten Personen die m\u00f6glichen Qualifizierungswege aufzeigt. Diese turnusm\u00e4\u00dfige\u00a0<span style=\"text-decoration: underline;\"><a href=\"https:\/\/media.hwr-berlin.de\/m\/6b68b49b57c19328aaaf2fa1ba1a6bc48b0670ff85d2d901bba104c143298b464b580ffbe1ac75b6871c4d751d949b606a7513b8b3c5539715291e28151b8aea\" target=\"_blank\" rel=\"noopener\">Infoveranstaltung<\/a><\/span>\u00a0richtet sich insbesondere an Lehrbeauftragte, die an einer Promotion interessiert sind.\u00a0Erg\u00e4nzend dazu ber\u00e4t Dr. Katharina Maak-Castro, unsere Projektstelle im Zentralreferat Forschungsf\u00f6rderung, promotionsinteressierte Lehrbeauftragte, Praktiker*innen und Masterabsolvent*innen in pers\u00f6nlichen Gespr\u00e4chen zu administrativen und organisatorischen Fragen rund um das Thema Promovieren.<\/p><p>Zudem unterst\u00fctzt Dr. Katharina Maak-Castro bei der Umsetzung des eigenst\u00e4ndigen Promotionsrechts an Berliner Hochschulen f\u00fcr Angewandte Wissenschaften. Die Aufgaben umfassen u.a. die Vorbereitung der Antr\u00e4ge auf Einrichtung von Promotionszentren sowie, nach Bewilligung durch die Senatsverwaltung Berlin, die Implementierung der erforderlichen Governance-Strukturen und administrativer Prozesse sowie die Umsetzung eines \u00fcberfachlichen Betreuungs- und Qualifizierungsprogramms.<\/p>\t\t\t\t\t\t\t\t<\/div>\n\t\t\t\t\t<\/div>\n\t\t\t\t<\/div>\n\t\t<div class=\"elementor-element elementor-element-5dd219f e-flex e-con-boxed e-con e-parent\" data-id=\"5dd219f\" data-element_type=\"container\" data-e-type=\"container\">\n\t\t\t\t\t<div class=\"e-con-inner\">\n\t\t\t\t<div class=\"elementor-element elementor-element-3545a4d elementor-widget elementor-widget-text-editor\" data-id=\"3545a4d\" data-element_type=\"widget\" data-e-type=\"widget\" data-widget_type=\"text-editor.default\">\n\t\t\t\t\t\t\t\t\t<ul><li><a href=\"https:\/\/blog.hwr-berlin.de\/professorale-karriere\/qualifizierung-potenzieller-bewerberinnen\/\" target=\"_blank\" rel=\"noopener\"><span style=\"text-decoration: underline;\">Qualifizierung potenzieller Bewerber*innen<\/span><\/a><\/li><li><a href=\"https:\/\/blog.hwr-berlin.de\/professorale-karriere\/rekrutierung-von-lehrbeauftragten\/\" target=\"_blank\" rel=\"noopener\"><span style=\"text-decoration: underline;\">Rekrutierung von Lehrbeauftragten<\/span><\/a><\/li><li><a href=\"https:\/\/blog.hwr-berlin.de\/professorale-karriere\/unterstuetzung-bei-der-professionalisierung-von-berufungsverfahren\/\" target=\"_blank\" rel=\"noopener\"><span style=\"text-decoration: underline;\">Unterst\u00fctzung bei der Professionalisierung von Berufungsverfahren<\/span><\/a><\/li><\/ul>\t\t\t\t\t\t\t\t<\/div>\n\t\t\t\t\t<\/div>\n\t\t\t\t<\/div>\n\t\t\t\t<\/div>\n\t\t","protected":false},"excerpt":{"rendered":"<p>Ziele: Aufbau und Erprobung neuer Formate im \u201eHWR Promotionskolleg\u201c Organisation und Etablierung einer International Doctoral Summer School Unterst\u00fctzung bei der Umsetzung des eigenst\u00e4ndigen Promotionsrechts Aktueller Stand: Das Teilprojekt \u201eF\u00f6rderung von Promotionsm\u00f6glichkeiten\u201c hat die Aufgabe die \u00fcberfachliche Betreuung und Qualifizierung f\u00fcr die an der HWR kooperativ Promovierenden zu unterst\u00fctzen und im Rahmen der Nachwuchsf\u00f6rderung ein strukturiertes &hellip; <\/p>\n<p class=\"link-more\"><a href=\"https:\/\/blog.hwr-berlin.de\/professorale-karriere\/ausbau-der-promotionsmoglichkeiten\/\" class=\"more-link\"><span class=\"screen-reader-text\">\u201eAusbau der Promotionsm\u00f6glichkeiten\u201c <\/span>weiterlesen<\/a><\/p>\n","protected":false},"author":2,"featured_media":0,"parent":0,"menu_order":0,"comment_status":"closed","ping_status":"closed","template":"","meta":{"footnotes":""},"class_list":["post-203","page","type-page","status-publish","hentry"],"_links":{"self":[{"href":"https:\/\/blog.hwr-berlin.de\/professorale-karriere\/wp-json\/wp\/v2\/pages\/203","targetHints":{"allow":["GET"]}}],"collection":[{"href":"https:\/\/blog.hwr-berlin.de\/professorale-karriere\/wp-json\/wp\/v2\/pages"}],"about":[{"href":"https:\/\/blog.hwr-berlin.de\/professorale-karriere\/wp-json\/wp\/v2\/types\/page"}],"author":[{"embeddable":true,"href":"https:\/\/blog.hwr-berlin.de\/professorale-karriere\/wp-json\/wp\/v2\/users\/2"}],"replies":[{"embeddable":true,"href":"https:\/\/blog.hwr-berlin.de\/professorale-karriere\/wp-json\/wp\/v2\/comments?post=203"}],"version-history":[{"count":29,"href":"https:\/\/blog.hwr-berlin.de\/professorale-karriere\/wp-json\/wp\/v2\/pages\/203\/revisions"}],"predecessor-version":[{"id":797,"href":"https:\/\/blog.hwr-berlin.de\/professorale-karriere\/wp-json\/wp\/v2\/pages\/203\/revisions\/797"}],"wp:attachment":[{"href":"https:\/\/blog.hwr-berlin.de\/professorale-karriere\/wp-json\/wp\/v2\/media?parent=203"}],"curies":[{"name":"wp","href":"https:\/\/api.w.org\/{rel}","templated":true}]}}