

{"id":204,"date":"2025-12-17T14:15:27","date_gmt":"2025-12-17T13:15:27","guid":{"rendered":"https:\/\/blog.hwr-berlin.de\/professorale-karriere\/?page_id=204"},"modified":"2026-03-16T21:20:58","modified_gmt":"2026-03-16T20:20:58","slug":"rekrutierung-von-lehrbeauftragten","status":"publish","type":"page","link":"https:\/\/blog.hwr-berlin.de\/professorale-karriere\/rekrutierung-von-lehrbeauftragten\/","title":{"rendered":"Rekrutierung von Lehrbeauftragten"},"content":{"rendered":"\t\t<div data-elementor-type=\"wp-page\" data-elementor-id=\"204\" class=\"elementor elementor-204\">\n\t\t\t\t<div class=\"elementor-element elementor-element-0d6bcca e-flex e-con-boxed e-con e-parent\" data-id=\"0d6bcca\" data-element_type=\"container\" data-e-type=\"container\">\n\t\t\t\t\t<div class=\"e-con-inner\">\n\t\t\t\t<div class=\"elementor-element elementor-element-60f509d elementor-widget elementor-widget-text-editor\" data-id=\"60f509d\" data-element_type=\"widget\" data-e-type=\"widget\" data-widget_type=\"text-editor.default\">\n\t\t\t\t\t\t\t\t\t<p><span style=\"color: #000000;\"><strong>\u00a0Ziel:<\/strong><\/span><\/p>\n<ul>\n<li><span style=\"color: #000000;\">Die Gewinnung von Lehrbeauftragten<\/span><\/li>\n<\/ul>\n<p><span style=\"color: #000000;\"><strong>Aktueller Stand:<\/strong><\/span><\/p>\n<p><span style=\"color: #000000;\">Die HWR Berlin vergibt in jedem Semester diverse Lehrauftr\u00e4ge unterschiedlicher fachlicher Ausrichtung an Praktiker*innen aus der Wirtschaft, der Verwaltung und dem Non-Profit-Sektor sowie an Wissenschaftler*innen in Karrierephasen vor der Professur. Um neue Lehrbeauftragte zu gewinnen, wurde im Mai 2024 und November 2025 die Online-Infoveranstaltung<span style=\"text-decoration: underline;\"><a style=\"color: #000000; text-decoration: underline;\" href=\"https:\/\/www.hwr-berlin.de\/aktuelles\/veranstaltungen\/veranstaltung-detail\/1153-lehrauftrag-an-der-hwr-berlin\/\" target=\"_blank\" rel=\"noopener\">\u00a0\u201eLehrauftrag an der HWR Berlin&#8220;<\/a><\/span> organisiert und durchgef\u00fchrt. Diese Infoveranstaltung wird im Mai 2026 das n\u00e4chste Mal stattfinden. Au\u00dferdem wurde in enger Zusammenarbeit mit der Hochschulkommunikation die Brosch\u00fcre<span style=\"text-decoration: underline;\"> <a style=\"color: #000000; text-decoration: underline;\" href=\"https:\/\/www.hwr-berlin.de\/fileadmin\/portal\/Dokumente\/HWR-Berlin\/Lehrauftrag-Brosch%C3%BCre.pdf\" target=\"_blank\" rel=\"noopener\">\u201eLehrauftrag an der HWR Berlin&#8220;<\/a><\/span>\u00a0erstellt und entwickelt, die n\u00fctzliche Informationen f\u00fcr interessierte Personen bereithalten.<\/span><\/p>\t\t\t\t\t\t\t\t<\/div>\n\t\t\t\t\t<\/div>\n\t\t\t\t<\/div>\n\t\t<div class=\"elementor-element elementor-element-fb62ef8 e-flex e-con-boxed e-con e-parent\" data-id=\"fb62ef8\" data-element_type=\"container\" data-e-type=\"container\">\n\t\t\t\t\t<div class=\"e-con-inner\">\n\t\t\t\t<div class=\"elementor-element elementor-element-ac9bb9e elementor-widget elementor-widget-text-editor\" data-id=\"ac9bb9e\" data-element_type=\"widget\" data-e-type=\"widget\" data-widget_type=\"text-editor.default\">\n\t\t\t\t\t\t\t\t\t<ul><li><a href=\"https:\/\/blog.hwr-berlin.de\/professorale-karriere\/ausbau-der-promotionsmoglichkeiten\/\" target=\"_blank\" rel=\"noopener\"><span style=\"text-decoration: underline; color: #000000;\">Ausbau der Promotionsm\u00f6glichkeiten<\/span><\/a><\/li><li><a href=\"https:\/\/blog.hwr-berlin.de\/professorale-karriere\/qualifizierung-potenzieller-bewerberinnen\/\" target=\"_blank\" rel=\"noopener\"><span style=\"text-decoration: underline; color: #000000;\">Qualifizierung potenzieller Bewerber*innen<\/span><\/a><\/li><li><span style=\"color: #000000;\"><a style=\"color: #000000;\" href=\"https:\/\/blog.hwr-berlin.de\/professorale-karriere\/unterstuetzung-bei-der-professionalisierung-von-berufungsverfahren\/\" target=\"_blank\" rel=\"noopener\"><span style=\"text-decoration: underline;\">Unterst\u00fctzung bei der Professionalisierung von Berufungsverfahren<\/span><\/a><\/span><\/li><\/ul>\t\t\t\t\t\t\t\t<\/div>\n\t\t\t\t\t<\/div>\n\t\t\t\t<\/div>\n\t\t\t\t<\/div>\n\t\t","protected":false},"excerpt":{"rendered":"<p>\u00a0Ziel: Die Gewinnung von Lehrbeauftragten Aktueller Stand: Die HWR Berlin vergibt in jedem Semester diverse Lehrauftr\u00e4ge unterschiedlicher fachlicher Ausrichtung an Praktiker*innen aus der Wirtschaft, der Verwaltung und dem Non-Profit-Sektor sowie an Wissenschaftler*innen in Karrierephasen vor der Professur. Um neue Lehrbeauftragte zu gewinnen, wurde im Mai 2024 und November 2025 die Online-Infoveranstaltung\u00a0\u201eLehrauftrag an der HWR Berlin&#8220; &hellip; <\/p>\n<p class=\"link-more\"><a href=\"https:\/\/blog.hwr-berlin.de\/professorale-karriere\/rekrutierung-von-lehrbeauftragten\/\" class=\"more-link\"><span class=\"screen-reader-text\">\u201eRekrutierung von Lehrbeauftragten\u201c <\/span>weiterlesen<\/a><\/p>\n","protected":false},"author":2,"featured_media":0,"parent":0,"menu_order":0,"comment_status":"closed","ping_status":"closed","template":"","meta":{"footnotes":""},"class_list":["post-204","page","type-page","status-publish","hentry"],"_links":{"self":[{"href":"https:\/\/blog.hwr-berlin.de\/professorale-karriere\/wp-json\/wp\/v2\/pages\/204","targetHints":{"allow":["GET"]}}],"collection":[{"href":"https:\/\/blog.hwr-berlin.de\/professorale-karriere\/wp-json\/wp\/v2\/pages"}],"about":[{"href":"https:\/\/blog.hwr-berlin.de\/professorale-karriere\/wp-json\/wp\/v2\/types\/page"}],"author":[{"embeddable":true,"href":"https:\/\/blog.hwr-berlin.de\/professorale-karriere\/wp-json\/wp\/v2\/users\/2"}],"replies":[{"embeddable":true,"href":"https:\/\/blog.hwr-berlin.de\/professorale-karriere\/wp-json\/wp\/v2\/comments?post=204"}],"version-history":[{"count":36,"href":"https:\/\/blog.hwr-berlin.de\/professorale-karriere\/wp-json\/wp\/v2\/pages\/204\/revisions"}],"predecessor-version":[{"id":804,"href":"https:\/\/blog.hwr-berlin.de\/professorale-karriere\/wp-json\/wp\/v2\/pages\/204\/revisions\/804"}],"wp:attachment":[{"href":"https:\/\/blog.hwr-berlin.de\/professorale-karriere\/wp-json\/wp\/v2\/media?parent=204"}],"curies":[{"name":"wp","href":"https:\/\/api.w.org\/{rel}","templated":true}]}}