

{"id":205,"date":"2025-12-17T14:15:27","date_gmt":"2025-12-17T13:15:27","guid":{"rendered":"https:\/\/blog.hwr-berlin.de\/professorale-karriere\/?page_id=205"},"modified":"2026-03-30T21:20:44","modified_gmt":"2026-03-30T19:20:44","slug":"erprobung-eines-onboarding-teams-fuer-neuberufene-professorinnen","status":"publish","type":"page","link":"https:\/\/blog.hwr-berlin.de\/professorale-karriere\/erprobung-eines-onboarding-teams-fuer-neuberufene-professorinnen\/","title":{"rendered":"Onboarding-Unterst\u00fctzung f\u00fcr neuberufene Professor*innen"},"content":{"rendered":"\t\t<div data-elementor-type=\"wp-page\" data-elementor-id=\"205\" class=\"elementor elementor-205\">\n\t\t\t\t<div class=\"elementor-element elementor-element-828da92 e-flex e-con-boxed e-con e-parent\" data-id=\"828da92\" data-element_type=\"container\" data-e-type=\"container\">\n\t\t\t\t\t<div class=\"e-con-inner\">\n\t\t\t\t<div class=\"elementor-element elementor-element-7f296ea elementor-widget elementor-widget-image\" data-id=\"7f296ea\" data-element_type=\"widget\" data-e-type=\"widget\" data-widget_type=\"image.default\">\n\t\t\t\t\t\t\t\t\t\t\t\t<figure class=\"wp-caption\">\n\t\t\t\t\t\t\t\t\t\t<img fetchpriority=\"high\" decoding=\"async\" width=\"1920\" height=\"1280\" src=\"https:\/\/blog.hwr-berlin.de\/professorale-karriere\/wp-content\/uploads_professorale-karriere\/2026\/03\/2023-11-29_Image-CL_34_klein.jpg\" class=\"attachment-full size-full wp-image-892\" alt=\"\" srcset=\"https:\/\/blog.hwr-berlin.de\/professorale-karriere\/wp-content\/uploads_professorale-karriere\/2026\/03\/2023-11-29_Image-CL_34_klein.jpg 1920w, https:\/\/blog.hwr-berlin.de\/professorale-karriere\/wp-content\/uploads_professorale-karriere\/2026\/03\/2023-11-29_Image-CL_34_klein-300x200.jpg 300w, https:\/\/blog.hwr-berlin.de\/professorale-karriere\/wp-content\/uploads_professorale-karriere\/2026\/03\/2023-11-29_Image-CL_34_klein-1024x683.jpg 1024w, https:\/\/blog.hwr-berlin.de\/professorale-karriere\/wp-content\/uploads_professorale-karriere\/2026\/03\/2023-11-29_Image-CL_34_klein-768x512.jpg 768w, https:\/\/blog.hwr-berlin.de\/professorale-karriere\/wp-content\/uploads_professorale-karriere\/2026\/03\/2023-11-29_Image-CL_34_klein-1536x1024.jpg 1536w\" sizes=\"100vw\" \/>\t\t\t\t\t\t\t\t\t\t\t<figcaption class=\"widget-image-caption wp-caption-text\">Foto: Lukas Schramm<\/figcaption>\n\t\t\t\t\t\t\t\t\t\t<\/figure>\n\t\t\t\t\t\t\t\t\t<\/div>\n\t\t\t\t<div class=\"elementor-element elementor-element-45227dd elementor-widget elementor-widget-spacer\" data-id=\"45227dd\" data-element_type=\"widget\" data-e-type=\"widget\" data-widget_type=\"spacer.default\">\n\t\t\t\t\t\t\t<div class=\"elementor-spacer\">\n\t\t\t<div class=\"elementor-spacer-inner\"><\/div>\n\t\t<\/div>\n\t\t\t\t\t\t<\/div>\n\t\t\t\t<div class=\"elementor-element elementor-element-2cb9547 elementor-widget elementor-widget-text-editor\" data-id=\"2cb9547\" data-element_type=\"widget\" data-e-type=\"widget\" data-widget_type=\"text-editor.default\">\n\t\t\t\t\t\t\t\t\t<p><span style=\"color: #000000;\"><strong>Ziel:<\/strong><\/span><\/p><ul><li>Konzeption und Erprobung von Unterst\u00fctzungsma\u00dfnahmen beim Onboarding von Neuberufenen<\/li><\/ul><p><span style=\"color: #000000;\"><strong>Aktueller Stand:<\/strong><\/span><\/p><p>Neuberufene Professor*innen an der HWR Berlin werden seit dem Wintersemester 2022\/23 in der Einstiegsphase gezielt unterst\u00fctzt. Feste professorale und verwaltungsseitige Ansprechpersonen am jeweiligen Fachbereich, eine studentische Hilfskraft sowie ein neugestalteter Leitfaden unterst\u00fctzen die Neuberufenen bei der Orientierung auf der neuen Stelle: Der*die professorale Kolleg*in f\u00fchrt in die Spezifika der Professur\/des Fachbereichs ein und f\u00f6rdert die kollegiale Vernetzung, die Verwaltungsfachkraft hilft bei Fragen zu Prozessen, Zust\u00e4ndigkeiten oder zur Ausstattung weiter und die Hilfskraft unterst\u00fctzt z.B. bei der Erstvorbereitung der Lehrunterlagen. So soll f\u00fcr eine personalisierte Begleitung in der Anfangsphase gesorgt werden und die fachliche Einbindung sowie ein schnelles Einfinden in die Verwaltungsprozesse der Hochschule und die Lehre soll erleichtert werden.<\/p><p>Das Projektteam organisiert zu jedem Semester die Onboarding-Unterst\u00fctzung, aktualisiert den Leitfaden f\u00fcr Neuberufene, initiiert die Fertigstellung der pers\u00f6nlichen Profile der Neuberufenen f\u00fcr die Website der HWR Berlin und bereitet die darauf verlinkende Pressemitteilung <a href=\"https:\/\/www.hwr-berlin.de\/aktuelles\/neuigkeiten\/neuigkeit-detail\/4072-neue-professoren-und-professorinnen-an-der-hwr-berlin\/\" target=\"_blank\" rel=\"noopener\"><span style=\"text-decoration: underline;\">(Bsp. SoSe 2024)<\/span><\/a> vor. Diese wird dann gemeinsam mit Pressesprecherin und Internetredaktion \u00fcber die Website sowie den <a href=\"https:\/\/nachrichten.idw-online.de\/2024\/04\/26\/neue-professorinnen-und-professoren-an-der-hwr-berlin\" target=\"_blank\" rel=\"noopener\"><span style=\"text-decoration: underline;\">Informationsdienst Wissenschaft<\/span><\/a> und Social Media ver\u00f6ffentlicht.<\/p>\t\t\t\t\t\t\t\t<\/div>\n\t\t\t\t\t<\/div>\n\t\t\t\t<\/div>\n\t\t<div class=\"elementor-element elementor-element-0b2343b e-flex e-con-boxed e-con e-parent\" data-id=\"0b2343b\" data-element_type=\"container\" data-e-type=\"container\">\n\t\t\t\t\t<div class=\"e-con-inner\">\n\t\t\t\t<div class=\"elementor-element elementor-element-fd14e9c elementor-widget elementor-widget-text-editor\" data-id=\"fd14e9c\" data-element_type=\"widget\" data-e-type=\"widget\" data-widget_type=\"text-editor.default\">\n\t\t\t\t\t\t\t\t\t<ul><li><a href=\"https:\/\/blog.hwr-berlin.de\/professorale-karriere\/forderung-innovativer-interdisziplinarer-projekte\/\" target=\"_blank\" rel=\"noopener\"><span style=\"text-decoration: underline;\">F\u00f6rderung innovativer, interdisziplin\u00e4rer Projekte<\/span><\/a><\/li><\/ul>\t\t\t\t\t\t\t\t<\/div>\n\t\t\t\t\t<\/div>\n\t\t\t\t<\/div>\n\t\t<div class=\"elementor-element elementor-element-3c510b3 e-flex e-con-boxed e-con e-parent\" data-id=\"3c510b3\" data-element_type=\"container\" data-e-type=\"container\">\n\t\t\t\t\t<div class=\"e-con-inner\">\n\t\t\t\t\t<\/div>\n\t\t\t\t<\/div>\n\t\t\t\t<\/div>\n\t\t","protected":false},"excerpt":{"rendered":"<p>Foto: Lukas Schramm Ziel: Konzeption und Erprobung von Unterst\u00fctzungsma\u00dfnahmen beim Onboarding von Neuberufenen Aktueller Stand: Neuberufene Professor*innen an der HWR Berlin werden seit dem Wintersemester 2022\/23 in der Einstiegsphase gezielt unterst\u00fctzt. Feste professorale und verwaltungsseitige Ansprechpersonen am jeweiligen Fachbereich, eine studentische Hilfskraft sowie ein neugestalteter Leitfaden unterst\u00fctzen die Neuberufenen bei der Orientierung auf der neuen &hellip; <\/p>\n<p class=\"link-more\"><a href=\"https:\/\/blog.hwr-berlin.de\/professorale-karriere\/erprobung-eines-onboarding-teams-fuer-neuberufene-professorinnen\/\" class=\"more-link\"><span class=\"screen-reader-text\">\u201eOnboarding-Unterst\u00fctzung f\u00fcr neuberufene Professor*innen\u201c <\/span>weiterlesen<\/a><\/p>\n","protected":false},"author":2,"featured_media":0,"parent":0,"menu_order":0,"comment_status":"closed","ping_status":"closed","template":"","meta":{"footnotes":""},"class_list":["post-205","page","type-page","status-publish","hentry"],"_links":{"self":[{"href":"https:\/\/blog.hwr-berlin.de\/professorale-karriere\/wp-json\/wp\/v2\/pages\/205","targetHints":{"allow":["GET"]}}],"collection":[{"href":"https:\/\/blog.hwr-berlin.de\/professorale-karriere\/wp-json\/wp\/v2\/pages"}],"about":[{"href":"https:\/\/blog.hwr-berlin.de\/professorale-karriere\/wp-json\/wp\/v2\/types\/page"}],"author":[{"embeddable":true,"href":"https:\/\/blog.hwr-berlin.de\/professorale-karriere\/wp-json\/wp\/v2\/users\/2"}],"replies":[{"embeddable":true,"href":"https:\/\/blog.hwr-berlin.de\/professorale-karriere\/wp-json\/wp\/v2\/comments?post=205"}],"version-history":[{"count":37,"href":"https:\/\/blog.hwr-berlin.de\/professorale-karriere\/wp-json\/wp\/v2\/pages\/205\/revisions"}],"predecessor-version":[{"id":898,"href":"https:\/\/blog.hwr-berlin.de\/professorale-karriere\/wp-json\/wp\/v2\/pages\/205\/revisions\/898"}],"wp:attachment":[{"href":"https:\/\/blog.hwr-berlin.de\/professorale-karriere\/wp-json\/wp\/v2\/media?parent=205"}],"curies":[{"name":"wp","href":"https:\/\/api.w.org\/{rel}","templated":true}]}}