

{"id":346,"date":"2026-01-27T12:01:48","date_gmt":"2026-01-27T11:01:48","guid":{"rendered":"https:\/\/blog.hwr-berlin.de\/professorale-karriere\/?page_id=346"},"modified":"2026-03-16T21:07:29","modified_gmt":"2026-03-16T20:07:29","slug":"ausbau-der-netzwerkarbeit-2","status":"publish","type":"page","link":"https:\/\/blog.hwr-berlin.de\/professorale-karriere\/ausbau-der-netzwerkarbeit-2\/","title":{"rendered":"Ausbau der Netzwerkarbeit"},"content":{"rendered":"\t\t<div data-elementor-type=\"wp-page\" data-elementor-id=\"346\" class=\"elementor elementor-346\">\n\t\t\t\t<div class=\"elementor-element elementor-element-d179e2e e-flex e-con-boxed e-con e-parent\" data-id=\"d179e2e\" data-element_type=\"container\" data-e-type=\"container\">\n\t\t\t\t\t<div class=\"e-con-inner\">\n\t\t\t\t<div class=\"elementor-element elementor-element-c3b972e elementor-widget elementor-widget-text-editor\" data-id=\"c3b972e\" data-element_type=\"widget\" data-e-type=\"widget\" data-widget_type=\"text-editor.default\">\n\t\t\t\t\t\t\t\t\t<p><span style=\"color: #000000;\"><b>Ziele:<\/b><\/span><\/p><ul><li><span style=\"color: #000000;\">Die Erschlie\u00dfung von Netzwerken zur Gewinnung von Lehrbeauftragten und zur Bewerbung des Karrierewegs HAW Professur<\/span><\/li><li><span style=\"color: #000000;\">Die bedarfsgerechte St\u00e4rkung der Verbindung von Professur und Praxis<\/span><\/li><\/ul><p><span style=\"color: #000000;\"><b>Aktueller Stand:<\/b><\/span><\/p><p><span style=\"color: #000000;\">Das Projektteam hat einen Netzwerkpool aufgebaut, der eine umf\u00e4ngliche, \u00fcbersichtliche und zielgerichtete Auswahl von Netzwerken f\u00fcr die Erh\u00f6hung der Reichweite von Ma\u00dfnahmen zur Personalgewinnung und -qualifizierung erm\u00f6glicht.<\/span><\/p><p><em><span style=\"color: #000000;\">Falls Sie Interesse daran haben, dass Ihr Netzwerk oder Ihre Organisation in unseren Netzwerkpool aufgenommen wird, <a style=\"color: #000000;\" href=\"mailto:profkarriere@hwr-berlin.de\" target=\"_blank\" rel=\"noopener\"><span style=\"text-decoration: underline;\">schreiben Sie uns gerne<\/span><\/a>. Sie erhalten dann Informationen zum Karriereweg HAW-Professur und zu Lehrauftr\u00e4gen sowie Einladungen zu Informationsveranstaltungen.<\/span><\/em><\/p><p><span style=\"color: #000000;\">Zur St\u00e4rkung der Verbindung von Professur und Praxis fand im Oktober 2025 am Fachbereich 4 und durch das Projekt unterst\u00fctzt die<span style=\"text-decoration: underline;\"> <a style=\"color: #000000; text-decoration: underline;\" href=\"https:\/\/www.hwr-berlin.de\/aktuelles\/veranstaltung\/detail\/6209-fachtagung-rechtspflege-an-der-hwr-berlin-praxis-trifft-lehre\" target=\"_blank\" rel=\"noopener\">Fachtagung Rechtspflege<\/a><\/span> statt. Hier tauschten sich praxiserfahrene Rechtspfleger*innen an den Gerichten und die Modulverantwortlichen des jeweiligen Rechtsgebietes am Fachbereichs Rechtspflege aus, mit dem Ziel die Theorie- und Praxisphasen bestm\u00f6glich zu verzahnen, um die Studierenden optimal auf die Berufspraxis vorzubereiten.<\/span><\/p><p><span style=\"color: #000000;\">Au\u00dferdem ist die HWR Berlin seit September 2025 an die UAS7-App Sciper angeschlossen, die von der FH M\u00fcnster entwickelt wurde, um einen zus\u00e4tzlichen Kanal zum Matching von Stellenausschreibungen und Bewerber*innen auf Professuren zu etablieren.<\/span><\/p>\t\t\t\t\t\t\t\t<\/div>\n\t\t\t\t\t<\/div>\n\t\t\t\t<\/div>\n\t\t<div class=\"elementor-element elementor-element-e4bbf40 e-flex e-con-boxed e-con e-parent\" data-id=\"e4bbf40\" data-element_type=\"container\" data-e-type=\"container\">\n\t\t\t\t\t<div class=\"e-con-inner\">\n\t\t\t\t<div class=\"elementor-element elementor-element-7e7b3b0 elementor-widget elementor-widget-text-editor\" data-id=\"7e7b3b0\" data-element_type=\"widget\" data-e-type=\"widget\" data-widget_type=\"text-editor.default\">\n\t\t\t\t\t\t\t\t\t<ul><li><span style=\"text-decoration: underline;\"><a href=\"https:\/\/blog.hwr-berlin.de\/professorale-karriere\/schaffung-einer-arbeitgebermarke\/\" target=\"_blank\" rel=\"noopener\">Schaffung einer Arbeitgebermarke<\/a><\/span><\/li><li><span style=\"text-decoration: underline;\"><a href=\"https:\/\/blog.hwr-berlin.de\/professorale-karriere\/erhohung-der-sichtbarkeit-als-arbeitgeberin\/\" target=\"_blank\" rel=\"noopener\">Erh\u00f6hung der Sichtbarkeit als Arbeitgeberin<\/a><\/span><\/li><\/ul>\t\t\t\t\t\t\t\t<\/div>\n\t\t\t\t\t<\/div>\n\t\t\t\t<\/div>\n\t\t\t\t<\/div>\n\t\t","protected":false},"excerpt":{"rendered":"<p>Ziele: Die Erschlie\u00dfung von Netzwerken zur Gewinnung von Lehrbeauftragten und zur Bewerbung des Karrierewegs HAW Professur Die bedarfsgerechte St\u00e4rkung der Verbindung von Professur und Praxis Aktueller Stand: Das Projektteam hat einen Netzwerkpool aufgebaut, der eine umf\u00e4ngliche, \u00fcbersichtliche und zielgerichtete Auswahl von Netzwerken f\u00fcr die Erh\u00f6hung der Reichweite von Ma\u00dfnahmen zur Personalgewinnung und -qualifizierung erm\u00f6glicht. Falls &hellip; <\/p>\n<p class=\"link-more\"><a href=\"https:\/\/blog.hwr-berlin.de\/professorale-karriere\/ausbau-der-netzwerkarbeit-2\/\" class=\"more-link\"><span class=\"screen-reader-text\">\u201eAusbau der Netzwerkarbeit\u201c <\/span>weiterlesen<\/a><\/p>\n","protected":false},"author":2,"featured_media":0,"parent":0,"menu_order":0,"comment_status":"closed","ping_status":"closed","template":"","meta":{"footnotes":""},"class_list":["post-346","page","type-page","status-publish","hentry"],"_links":{"self":[{"href":"https:\/\/blog.hwr-berlin.de\/professorale-karriere\/wp-json\/wp\/v2\/pages\/346","targetHints":{"allow":["GET"]}}],"collection":[{"href":"https:\/\/blog.hwr-berlin.de\/professorale-karriere\/wp-json\/wp\/v2\/pages"}],"about":[{"href":"https:\/\/blog.hwr-berlin.de\/professorale-karriere\/wp-json\/wp\/v2\/types\/page"}],"author":[{"embeddable":true,"href":"https:\/\/blog.hwr-berlin.de\/professorale-karriere\/wp-json\/wp\/v2\/users\/2"}],"replies":[{"embeddable":true,"href":"https:\/\/blog.hwr-berlin.de\/professorale-karriere\/wp-json\/wp\/v2\/comments?post=346"}],"version-history":[{"count":31,"href":"https:\/\/blog.hwr-berlin.de\/professorale-karriere\/wp-json\/wp\/v2\/pages\/346\/revisions"}],"predecessor-version":[{"id":794,"href":"https:\/\/blog.hwr-berlin.de\/professorale-karriere\/wp-json\/wp\/v2\/pages\/346\/revisions\/794"}],"wp:attachment":[{"href":"https:\/\/blog.hwr-berlin.de\/professorale-karriere\/wp-json\/wp\/v2\/media?parent=346"}],"curies":[{"name":"wp","href":"https:\/\/api.w.org\/{rel}","templated":true}]}}