

{"id":38,"date":"2025-09-17T13:30:53","date_gmt":"2025-09-17T11:30:53","guid":{"rendered":"https:\/\/blog.hwr-berlin.de\/professorale-karriere\/?page_id=38"},"modified":"2026-03-30T21:09:24","modified_gmt":"2026-03-30T19:09:24","slug":"ein-homepage-abschnitt","status":"publish","type":"page","link":"https:\/\/blog.hwr-berlin.de\/professorale-karriere\/","title":{"rendered":"Herzlich Willkommen \u2013 entdecken Sie unser Projekt"},"content":{"rendered":"\t\t<div data-elementor-type=\"wp-page\" data-elementor-id=\"38\" class=\"elementor elementor-38\">\n\t\t\t\t<div class=\"elementor-element elementor-element-1554f447 e-flex e-con-boxed e-con e-parent\" data-id=\"1554f447\" data-element_type=\"container\" data-e-type=\"container\">\n\t\t\t\t\t<div class=\"e-con-inner\">\n\t\t\t\t<div class=\"elementor-element elementor-element-1e7bc12 elementor-widget elementor-widget-image\" data-id=\"1e7bc12\" data-element_type=\"widget\" data-e-type=\"widget\" data-widget_type=\"image.default\">\n\t\t\t\t\t\t\t\t\t\t\t\t<figure class=\"wp-caption\">\n\t\t\t\t\t\t\t\t\t\t<img fetchpriority=\"high\" decoding=\"async\" width=\"1600\" height=\"1067\" src=\"https:\/\/blog.hwr-berlin.de\/professorale-karriere\/wp-content\/uploads_professorale-karriere\/2026\/03\/2020-06-04_CS_032_klein.jpg\" class=\"attachment-full size-full wp-image-868\" alt=\"\" srcset=\"https:\/\/blog.hwr-berlin.de\/professorale-karriere\/wp-content\/uploads_professorale-karriere\/2026\/03\/2020-06-04_CS_032_klein.jpg 1600w, https:\/\/blog.hwr-berlin.de\/professorale-karriere\/wp-content\/uploads_professorale-karriere\/2026\/03\/2020-06-04_CS_032_klein-300x200.jpg 300w, https:\/\/blog.hwr-berlin.de\/professorale-karriere\/wp-content\/uploads_professorale-karriere\/2026\/03\/2020-06-04_CS_032_klein-1024x683.jpg 1024w, https:\/\/blog.hwr-berlin.de\/professorale-karriere\/wp-content\/uploads_professorale-karriere\/2026\/03\/2020-06-04_CS_032_klein-768x512.jpg 768w, https:\/\/blog.hwr-berlin.de\/professorale-karriere\/wp-content\/uploads_professorale-karriere\/2026\/03\/2020-06-04_CS_032_klein-1536x1024.jpg 1536w\" sizes=\"100vw\" \/>\t\t\t\t\t\t\t\t\t\t\t<figcaption class=\"widget-image-caption wp-caption-text\">Foto: Oana Popa-Costea<\/figcaption>\n\t\t\t\t\t\t\t\t\t\t<\/figure>\n\t\t\t\t\t\t\t\t\t<\/div>\n\t\t\t\t<div class=\"elementor-element elementor-element-6e1a1f5 elementor-widget-divider--view-line elementor-widget elementor-widget-divider\" data-id=\"6e1a1f5\" data-element_type=\"widget\" data-e-type=\"widget\" data-widget_type=\"divider.default\">\n\t\t\t\t\t\t\t<div class=\"elementor-divider\">\n\t\t\t<span class=\"elementor-divider-separator\">\n\t\t\t\t\t\t<\/span>\n\t\t<\/div>\n\t\t\t\t\t\t<\/div>\n\t\t\t\t<div class=\"elementor-element elementor-element-465974b4 elementor-widget elementor-widget-text-editor\" data-id=\"465974b4\" data-element_type=\"widget\" data-e-type=\"widget\" data-widget_type=\"text-editor.default\">\n\t\t\t\t\t\t\t\t\t<p><strong><span style=\"color: #000000;\">Professorale Karriere an der HWR Berlin<\/span><\/strong><\/p><p><span style=\"color: #000000;\">Im Projekt werden Ma\u00dfnahmen entwickelt und erprobt, die an den einzelnen Phasen des Einstiegs in die professorale Karriere ansetzen und diese an der HWR Berlin f\u00f6rdern. Vom Personalmarketing \u00fcber die Personalgewinnung bis zur Personalbindung werden dabei alle Bereiche der professoralen Personalarbeit abgedeckt. Dadurch wird die professorale Personalarbeit an der HWR Berlin nicht nur in einzelnen Aspekten, sondern auch systematisch in ihrer Gesamtheit gest\u00e4rkt.<\/span><\/p><p><span style=\"color: #000000;\">Die Finanzierung erfolgt durch das Bund-L\u00e4nder-Programm zur F\u00f6rderung der Gewinnung und Entwicklung von professoralem Personal an Fachhochschulen (&#8222;FH-Personal&#8220;). Ziel des Programms ist die St\u00e4rkung der Leistungsf\u00e4higkeit der Hochschulen f\u00fcr Angewandte Wissenschaften (HAW) durch die F\u00f6rderung der Gewinnung und Qualifizierung von professoralem Personal.<\/span><\/p><p><span style=\"color: #000000;\">Die Projektlaufzeit endet zum 31.03.2027. Die im Projekt modellhaft erprobten Ma\u00dfnahmen werden hinsichtlich ihres Impacts auf die Gewinnung und Bindung von (professoralem) Personal evaluiert. F\u00fcr positiv evaluierte Ma\u00dfnahmen wird eine \u00dcbernahme in die Kernstrukturen der HWR Berlin \u00fcber die Projektlaufzeit hinaus angestrebt.<\/span><\/p><p><span style=\"color: #000000;\">Auf dieser Blog-Seite informieren wir Sie \u00fcber Inhalte, aktuelle Entwicklungen und erreichte Meilensteine im Projekt.<\/span><\/p><p>Bei Interesse oder Fragen wenden Sie sich bitte an <span style=\"text-decoration: underline;\"><a href=\"mailto:profkarriere@hwr-berlin.de\">profkarriere@hwr-berlin.de <\/a><\/span>oder an die jeweiligen <span style=\"text-decoration: underline;\"><a href=\"https:\/\/blog.hwr-berlin.de\/professorale-karriere\/projektteam\/\" target=\"_blank\" rel=\"noopener\">Mitglieder des Projektteams<\/a><\/span>.<\/p>\t\t\t\t\t\t\t\t<\/div>\n\t\t\t\t<div class=\"elementor-element elementor-element-a1d7306 elementor-widget-divider--view-line elementor-widget elementor-widget-divider\" data-id=\"a1d7306\" data-element_type=\"widget\" data-e-type=\"widget\" data-widget_type=\"divider.default\">\n\t\t\t\t\t\t\t<div class=\"elementor-divider\">\n\t\t\t<span class=\"elementor-divider-separator\">\n\t\t\t\t\t\t<\/span>\n\t\t<\/div>\n\t\t\t\t\t\t<\/div>\n\t\t\t\t\t<\/div>\n\t\t\t\t<\/div>\n\t\t<div class=\"elementor-element elementor-element-b05f629 e-con-full e-flex e-con e-parent\" data-id=\"b05f629\" data-element_type=\"container\" data-e-type=\"container\">\n\t\t<div class=\"elementor-element elementor-element-51db215 e-con-full e-flex e-con e-child\" data-id=\"51db215\" data-element_type=\"container\" data-e-type=\"container\">\n\t\t\t\t<div class=\"elementor-element elementor-element-bf3e341 elementor-widget__width-initial elementor-widget elementor-widget-image\" data-id=\"bf3e341\" data-element_type=\"widget\" data-e-type=\"widget\" data-widget_type=\"image.default\">\n\t\t\t\t\t\t\t\t\t\t\t\t\t\t\t<img decoding=\"async\" width=\"644\" height=\"430\" src=\"https:\/\/blog.hwr-berlin.de\/professorale-karriere\/wp-content\/uploads_professorale-karriere\/2026\/02\/internet_in_farbe_de.jpg\" class=\"attachment-large size-large wp-image-416\" alt=\"\" srcset=\"https:\/\/blog.hwr-berlin.de\/professorale-karriere\/wp-content\/uploads_professorale-karriere\/2026\/02\/internet_in_farbe_de.jpg 850w, https:\/\/blog.hwr-berlin.de\/professorale-karriere\/wp-content\/uploads_professorale-karriere\/2026\/02\/internet_in_farbe_de-300x200.jpg 300w, https:\/\/blog.hwr-berlin.de\/professorale-karriere\/wp-content\/uploads_professorale-karriere\/2026\/02\/internet_in_farbe_de-768x512.jpg 768w\" sizes=\"100vw\" \/>\t\t\t\t\t\t\t\t\t\t\t\t\t\t\t<\/div>\n\t\t\t\t<\/div>\n\t\t\t\t<div class=\"elementor-element elementor-element-7c3f67f elementor-widget__width-initial elementor-widget elementor-widget-image\" data-id=\"7c3f67f\" data-element_type=\"widget\" data-e-type=\"widget\" data-widget_type=\"image.default\">\n\t\t\t\t\t\t\t\t\t\t\t\t\t\t\t<img decoding=\"async\" width=\"644\" height=\"430\" src=\"https:\/\/blog.hwr-berlin.de\/professorale-karriere\/wp-content\/uploads_professorale-karriere\/2026\/02\/B_SEN_WiGeP_Logo_DE_V_PW_RGB-1024x683.png\" class=\"attachment-large size-large wp-image-418\" alt=\"\" srcset=\"https:\/\/blog.hwr-berlin.de\/professorale-karriere\/wp-content\/uploads_professorale-karriere\/2026\/02\/B_SEN_WiGeP_Logo_DE_V_PW_RGB-1024x683.png 1024w, https:\/\/blog.hwr-berlin.de\/professorale-karriere\/wp-content\/uploads_professorale-karriere\/2026\/02\/B_SEN_WiGeP_Logo_DE_V_PW_RGB-300x200.png 300w, https:\/\/blog.hwr-berlin.de\/professorale-karriere\/wp-content\/uploads_professorale-karriere\/2026\/02\/B_SEN_WiGeP_Logo_DE_V_PW_RGB-768x512.png 768w, https:\/\/blog.hwr-berlin.de\/professorale-karriere\/wp-content\/uploads_professorale-karriere\/2026\/02\/B_SEN_WiGeP_Logo_DE_V_PW_RGB-1536x1024.png 1536w, https:\/\/blog.hwr-berlin.de\/professorale-karriere\/wp-content\/uploads_professorale-karriere\/2026\/02\/B_SEN_WiGeP_Logo_DE_V_PW_RGB.png 1773w\" sizes=\"100vw\" \/>\t\t\t\t\t\t\t\t\t\t\t\t\t\t\t<\/div>\n\t\t<div class=\"elementor-element elementor-element-f6a1682 e-con-full e-flex e-con e-child\" data-id=\"f6a1682\" data-element_type=\"container\" data-e-type=\"container\">\n\t\t\t\t<div class=\"elementor-element elementor-element-93ea36a elementor-widget elementor-widget-image\" data-id=\"93ea36a\" data-element_type=\"widget\" data-e-type=\"widget\" data-widget_type=\"image.default\">\n\t\t\t\t\t\t\t\t\t\t\t\t\t\t\t<img loading=\"lazy\" decoding=\"async\" width=\"644\" height=\"320\" src=\"https:\/\/blog.hwr-berlin.de\/professorale-karriere\/wp-content\/uploads_professorale-karriere\/2026\/02\/gwk-1024x509.png\" class=\"attachment-large size-large wp-image-419\" alt=\"\" srcset=\"https:\/\/blog.hwr-berlin.de\/professorale-karriere\/wp-content\/uploads_professorale-karriere\/2026\/02\/gwk-1024x509.png 1024w, https:\/\/blog.hwr-berlin.de\/professorale-karriere\/wp-content\/uploads_professorale-karriere\/2026\/02\/gwk-300x149.png 300w, https:\/\/blog.hwr-berlin.de\/professorale-karriere\/wp-content\/uploads_professorale-karriere\/2026\/02\/gwk-768x382.png 768w, https:\/\/blog.hwr-berlin.de\/professorale-karriere\/wp-content\/uploads_professorale-karriere\/2026\/02\/gwk.png 1184w\" sizes=\"100vw\" \/>\t\t\t\t\t\t\t\t\t\t\t\t\t\t\t<\/div>\n\t\t\t\t<\/div>\n\t\t\t\t<\/div>\n\t\t\t\t<\/div>\n\t\t","protected":false},"excerpt":{"rendered":"<p>Foto: Oana Popa-Costea Professorale Karriere an der HWR Berlin Im Projekt werden Ma\u00dfnahmen entwickelt und erprobt, die an den einzelnen Phasen des Einstiegs in die professorale Karriere ansetzen und diese an der HWR Berlin f\u00f6rdern. Vom Personalmarketing \u00fcber die Personalgewinnung bis zur Personalbindung werden dabei alle Bereiche der professoralen Personalarbeit abgedeckt. Dadurch wird die professorale &hellip; <\/p>\n<p class=\"link-more\"><a href=\"https:\/\/blog.hwr-berlin.de\/professorale-karriere\/\" class=\"more-link\"><span class=\"screen-reader-text\">\u201eHerzlich Willkommen \u2013 entdecken Sie unser Projekt\u201c <\/span>weiterlesen<\/a><\/p>\n","protected":false},"author":2,"featured_media":0,"parent":0,"menu_order":0,"comment_status":"closed","ping_status":"closed","template":"","meta":{"footnotes":""},"class_list":["post-38","page","type-page","status-publish","hentry"],"_links":{"self":[{"href":"https:\/\/blog.hwr-berlin.de\/professorale-karriere\/wp-json\/wp\/v2\/pages\/38","targetHints":{"allow":["GET"]}}],"collection":[{"href":"https:\/\/blog.hwr-berlin.de\/professorale-karriere\/wp-json\/wp\/v2\/pages"}],"about":[{"href":"https:\/\/blog.hwr-berlin.de\/professorale-karriere\/wp-json\/wp\/v2\/types\/page"}],"author":[{"embeddable":true,"href":"https:\/\/blog.hwr-berlin.de\/professorale-karriere\/wp-json\/wp\/v2\/users\/2"}],"replies":[{"embeddable":true,"href":"https:\/\/blog.hwr-berlin.de\/professorale-karriere\/wp-json\/wp\/v2\/comments?post=38"}],"version-history":[{"count":59,"href":"https:\/\/blog.hwr-berlin.de\/professorale-karriere\/wp-json\/wp\/v2\/pages\/38\/revisions"}],"predecessor-version":[{"id":887,"href":"https:\/\/blog.hwr-berlin.de\/professorale-karriere\/wp-json\/wp\/v2\/pages\/38\/revisions\/887"}],"wp:attachment":[{"href":"https:\/\/blog.hwr-berlin.de\/professorale-karriere\/wp-json\/wp\/v2\/media?parent=38"}],"curies":[{"name":"wp","href":"https:\/\/api.w.org\/{rel}","templated":true}]}}