

{"id":10,"date":"2017-10-25T14:58:18","date_gmt":"2017-10-25T12:58:18","guid":{"rendered":"https:\/\/blog.hwr-berlin.de\/schmietendorf\/?page_id=10"},"modified":"2018-08-29T15:39:07","modified_gmt":"2018-08-29T13:39:07","slug":"ueber-mich","status":"publish","type":"page","link":"https:\/\/blog.hwr-berlin.de\/schmietendorf\/ueber-mich\/","title":{"rendered":"\u00dcber mich"},"content":{"rendered":"<p>Im Jahr 2004 verlagerte ich den Schwerpunkt meiner T\u00e4tigkeit in den Hochschulbereich. Daf\u00fcr hatte ich zun\u00e4chst eine Professur f\u00fcr Datenbanksysteme an der Hochschule Harz in Wernigerode inne. Seit mehr als 10 Jahren arbeitete ich als Professor f\u00fcr Wirtschaftsinformatik (Schwerpunkt \u2013 Systementwicklung) an der Hochschule f\u00fcr Wirtschaft und Recht Berlin (Berlin School of Economics and Law). Meine berufliche und wissenschaftliche Entwicklung im Bereich der Informationsverarbeitung ist eng mit der Deutschen Telekom AG bzw. T-Systems GmbH verbunden, bei der ich mehr als zw\u00f6lf Jahre besch\u00e4ftigt war. Zuletzt verantwortete ich \u00fcber mehrere Jahre die Abteilung Integration Services im Entwicklungszentrum Berlin. Nach wir vor berate ich industrielle Projekte zu ausgew\u00e4hlten Problemstellungen wie z.B. zu Big Data L\u00f6sungen, dem Management von Software-Entwicklungsprojekten oder zur Implementierung service- und cloudbasierter Architekturen. Dar\u00fcber hinaus betreue ich im Rahmen meiner an der OvG-Universit\u00e4t Magdeburg gehaltenen Privatdozentur mehrere Doktoranden.<\/p>\n","protected":false},"excerpt":{"rendered":"<p>Im Jahr 2004 verlagerte ich den Schwerpunkt meiner T\u00e4tigkeit in den Hochschulbereich. Daf\u00fcr hatte ich zun\u00e4chst eine Professur f\u00fcr Datenbanksysteme an der Hochschule Harz in Wernigerode inne. Seit mehr als 10 Jahren arbeitete ich als Professor f\u00fcr Wirtschaftsinformatik (Schwerpunkt \u2013 Systementwicklung) an der Hochschule f\u00fcr Wirtschaft und Recht Berlin (Berlin School of Economics and Law). [&hellip;]<\/p>\n","protected":false},"author":2,"featured_media":7,"parent":0,"menu_order":0,"comment_status":"closed","ping_status":"closed","template":"","meta":{"footnotes":""},"class_list":["post-10","page","type-page","status-publish","hentry"],"_links":{"self":[{"href":"https:\/\/blog.hwr-berlin.de\/schmietendorf\/wp-json\/wp\/v2\/pages\/10","targetHints":{"allow":["GET"]}}],"collection":[{"href":"https:\/\/blog.hwr-berlin.de\/schmietendorf\/wp-json\/wp\/v2\/pages"}],"about":[{"href":"https:\/\/blog.hwr-berlin.de\/schmietendorf\/wp-json\/wp\/v2\/types\/page"}],"author":[{"embeddable":true,"href":"https:\/\/blog.hwr-berlin.de\/schmietendorf\/wp-json\/wp\/v2\/users\/2"}],"replies":[{"embeddable":true,"href":"https:\/\/blog.hwr-berlin.de\/schmietendorf\/wp-json\/wp\/v2\/comments?post=10"}],"version-history":[{"count":4,"href":"https:\/\/blog.hwr-berlin.de\/schmietendorf\/wp-json\/wp\/v2\/pages\/10\/revisions"}],"predecessor-version":[{"id":352,"href":"https:\/\/blog.hwr-berlin.de\/schmietendorf\/wp-json\/wp\/v2\/pages\/10\/revisions\/352"}],"wp:featuredmedia":[{"embeddable":true,"href":"https:\/\/blog.hwr-berlin.de\/schmietendorf\/wp-json\/wp\/v2\/media\/7"}],"wp:attachment":[{"href":"https:\/\/blog.hwr-berlin.de\/schmietendorf\/wp-json\/wp\/v2\/media?parent=10"}],"curies":[{"name":"wp","href":"https:\/\/api.w.org\/{rel}","templated":true}]}}