

{"id":1063,"date":"2022-02-17T13:18:13","date_gmt":"2022-02-17T12:18:13","guid":{"rendered":"https:\/\/blog.hwr-berlin.de\/schmietendorf\/?page_id=1063"},"modified":"2022-12-13T12:25:07","modified_gmt":"2022-12-13T11:25:07","slug":"forschung-2022","status":"publish","type":"page","link":"https:\/\/blog.hwr-berlin.de\/schmietendorf\/forschung-2022\/","title":{"rendered":"Forschung 2022"},"content":{"rendered":"\r\n<p>&nbsp;<\/p>\r\n\r\n\r\n\r\n<p><em><strong>Gehaltende Vortr\u00e4ge und Moderationen<\/strong><\/em><\/p>\r\n\r\n\r\n\r\n<ul class=\"wp-block-list\">\r\n<li>Schmietendorf, A.: Informationen zum Urheber und Zitatrecht in wissenschaftlichen Arbeiten (Umgang mit Klein- und Gro\u00dfzitaten bei Texten, Grafiken\/Bildern und Fotografien), interner Doktorandentag, HWR Berlin, 20. Januar 2022<\/li>\r\n\r\n\r\n\r\n<li>Schmietendorf, A.: ML-Algorithmen von der \u201eStange\u201c &#8211; Komplexit\u00e4tsreduktion von KI-Projekten durch vorgefertigte und ggf. trainierte KI-Web-APIs \u2013 Hintergr\u00fcnde und Ziele des Projekt TAHAI, externer Doktorandentag, Institute for Data-Driven Digital Transformation (d-cube), HWR Berlin, 10. M\u00e4rz 2022.<\/li>\r\n\r\n\r\n\r\n<li>Bieleke, M.; Schmietendorf, A.: Performanceaspekte von Single-Page-Applications aus Sicht der Softwareentwicklung, fortgeschrittenen Vortrag im Rahmen der 5. ASQF Net Week, 25. M\u00e4rz 2022<\/li>\r\n\r\n\r\n\r\n<li>Schmietendorf, A.: Einhergehende Erfolgskriterien im Zusammenhang mit der Reife von Open Data bzw. Open API Angeboten &#8211; Impulsvortrag zum Thema &#8222;Gemeinsame Plattformen f\u00fcr starke Digitalisierung in Europa&#8220;, Bitkom-Veranstaltung, 18. Mai 2022<\/li>\r\n\r\n\r\n\r\n<li>Schmietendorf, A.: Einf\u00fchrung zum Workshop &#8222;Verwendung vorgefertigter KI-Services im wissenschaftlichen und industriellen Diskurs&#8220;, Institute for Data-Driven Digital Transformation (d-cube), HWR Berlin, 24. Juni 2022.<\/li>\r\n\r\n\r\n\r\n<li>Schmietendorf, A.: Impulsvortrag zum Workshop &#8222;Sicherheits- und Vertrauensaspekte von beh\u00f6rdlich eingesetzten KI-L\u00f6sungen &#8211; Themenbereiche KI-Verst\u00e4ndnis und KI-Erfahrungen&#8220;, Gastgeber Deutsche Bahn AG \u2013 Cube Berlin, 15. September 2022<\/li>\r\n\r\n\r\n\r\n<li>Schmietendorf, A.: Er\u00f6ffnung des Workshops &#8222;Vertrauensw\u00fcrdigkeit von KI-L\u00f6sungen &#8211; Implikationen im Data Science und Software-Engineering (ESAPI 2022), Fraunhofer IESE, 15. November 2022<\/li>\r\n\r\n\r\n\r\n<li>\u2026<\/li>\r\n<\/ul>\r\n\r\n\r\n\r\n<p><em><strong>Publikationen<\/strong><\/em><\/p>\r\n\r\n\r\n\r\n<ul class=\"wp-block-list\">\r\n<li>Bieleke, M.; Schmietendorf, A.: Bewertung und Optimierung der Performance von Single Page Applications &#8211; Buchhinweis, in 46. WI-MAW-Rundbrief, S. 49-50, Jahrgang 28 \u2013 Heft 1, Mai 2022, ISSN 1610-5753<\/li>\r\n\r\n\r\n\r\n<li>Schmietendorf, A.: Verantwortungs-, Umfangs- und Aufwandsaspekte nachhaltig betriebener Webpr\u00e4senzen im Diskurs von kleinen Organisationseinheiten, in Software Measurement News \u2013 Journal of the Software Metrics Community, S. 28-42, Volume 27, Number 1, April 2022, ISSN 1867-9196<\/li>\r\n\r\n\r\n\r\n<li>Schmietendorf, A.: ESAPI_light 2021 &#8211; \u00d6ffentlicher Expertenworkshop im Zusammenhang mit den Ergebnissen des Projekts KI-Web-APIs, in Software Measurement News \u2013 Journal of the Software Metrics Community, S. 6-8, Volume 27, Number 1, April 2022, ISSN 1867-9196<\/li>\r\n\r\n\r\n\r\n<li>Schmietendorf, A.: No-Code bzw. Low-Code Softwareentwicklung im Diskurs fachlich ben\u00f6tigter KI-L\u00f6sungen, in Proc. ESAPI light 2021 &#8211; Fraunhofer IESE Kaiserslautern\/HWR Berlin, S. 45-56, Shaker-Verlag, D\u00fcren, April 2022<\/li>\r\n\r\n\r\n\r\n<li>Schmietendorf, A.; Hartenstein, S.: M\u00f6glichkeiten Metriken-gest\u00fctzter Reviews zur Quellcodebewertung, in Proc. 24. Workshops Software-Reengineering &amp; Evolution (WSRE 2022), Softwaretechnik-Trends, Band 42, Heft 2, S. 41-42, Bad-Honnef, 02.-04. Mai 2022, ISSN 0720-8928<\/li>\r\n\r\n\r\n\r\n<li>Schmietendorf, A.: Workshopbericht &#8211; Verwendung vorgefertigter KI-Services im wissenschaftlichen und industriellen Diskurs (M\u00f6glichkeiten, Voraussetzungen und Grenzen), in Software Measurement News \u2013 Journal of the Software Metrics Community, S. 14-16, Volume 27, Number 2, Oktober 2022, ISSN 1867-9196<\/li>\r\n\r\n\r\n\r\n<li>Schinschke, J.; Schmietendorf, A.: LoRaWAN Network Coverage Analysis in the Transportation Sector: A Real-World Approach, 9th International Electronic Conference on Sensors and Applications (ECSA-9), accepted paper, Eng. Proc. 2022, 01-15. November 2022\/online<\/li>\r\n\r\n\r\n\r\n<li>Letzel, H. W.; Schmietendorf, A.; Will, D.: Mediation: zugleich Akteur und Forschungsgegenstand &#8211; aus der Arbeit der BAFM-Fachgruppe \u201eForschung und Wissenschaft\u201c, Beitrag f\u00fcr das Journal Perspektive Mediation \u2013 Beitr\u00e4ge zur Konfliktkultur, November 2022, S. 272-277, Verlag \u00d6sterreich, Deutschland, \u00d6sterreich, Schweiz, ISSN 1814-3695<\/li>\r\n<\/ul>\r\n\r\n\r\n\r\n<ul class=\"wp-block-list\">\r\n<li>\u2026<\/li>\r\n<\/ul>\r\n\r\n\r\n\r\n<p><strong>Ver\u00f6ffentlichte B\u00fccher und Studien<\/strong><\/p>\r\n\r\n\r\n\r\n<ul class=\"wp-block-list\">\r\n<li>Schmietendorf, A. (Hrsg.): ESAPI light 2021 \u2013 \u00d6ffentlicher Expertenworkshop im Zusammenhang mit den Ergebnissen des Projekts KI-Web-APIs, 84 Seiten, in Berliner Schriften zu modernen Integrationsarchitekturen, Shaker-Verlag, D\u00fcren, April 2022, Band 27, ISBN 978-3-8440-8326-2 <a><img decoding=\"async\" class=\"citavipicker978-3-8440-8326-2\" style=\"border: 0px none; width: 16px; height: 16px !important; margin-left: 1px !important; margin-right: 1px !important; vertical-align: bottom !important;\" title=\"Titel anhand dieser ISBN in Citavi-Projekt \u00fcbernehmen\" src=\"data:image\/png;base64,iVBORw0KGgoAAAANSUhEUgAAABAAAAAQCAYAAAAf8\/9hAAAAGXRFWHRTb2Z0d2FyZQBBZG9iZSBJbWFnZVJlYWR5ccllPAAAAUlJREFUeNpiZEADV7XlEoBUPBA7oEkdAOKF2lcfLUAWZETSqACk1gOxgUBACAOvkzsDMy8fWO7v508Mn\/ftZPiwYQ2IewGIA4EGPUC2VQGI398N9vj\/\/frV\/7gASA6kBqQWaiHcgPMgiT+fPsIVv1009\/+DhLD\/zzsa\/v96+hguDlIDNeQ83M9AjGIzSDNIDIZvWOigGA5SC5VLYAIFGMjPHBpacBeB\/IwMQPyPEP+DAUgtSA9IL8gAB1CAIQNeJzd4AMLAj5tX0dSA9TiADMBQDLJB\/fhlBq0rDxmEYpPAYqxSsihqYHqYGAgAZl5+iAHSMljlmbD5GRl82LgabBvIW+jhAjPgACiRYAPPaooZfj99wiDV2ovhTaieA1ijEZZgQNH3fsNqrAkKFo1YE9KnvTv\/P60uQklAOBMSpUmZ4szESGl2BggwAJR\/ZVgK6XqqAAAAAElFTkSuQmCC\" \/><\/a> <a><img decoding=\"async\" class=\"citavipicker978-3-8440-8326-2\" style=\"border: 0px none; width: 16px; height: 16px !important; margin-left: 1px !important; margin-right: 1px !important; vertical-align: bottom !important;\" title=\"Titel anhand dieser ISBN in Citavi-Projekt \u00fcbernehmen\" src=\"data:image\/png;base64,iVBORw0KGgoAAAANSUhEUgAAABAAAAAQCAYAAAAf8\/9hAAAAGXRFWHRTb2Z0d2FyZQBBZG9iZSBJbWFnZVJlYWR5ccllPAAAAUlJREFUeNpiZEADV7XlEoBUPBA7oEkdAOKF2lcfLUAWZETSqACk1gOxgUBACAOvkzsDMy8fWO7v508Mn\/ftZPiwYQ2IewGIA4EGPUC2VQGI398N9vj\/\/frV\/7gASA6kBqQWaiHcgPMgiT+fPsIVv1009\/+DhLD\/zzsa\/v96+hguDlIDNeQ83M9AjGIzSDNIDIZvWOigGA5SC5VLYAIFGMjPHBpacBeB\/IwMQPyPEP+DAUgtSA9IL8gAB1CAIQNeJzd4AMLAj5tX0dSA9TiADMBQDLJB\/fhlBq0rDxmEYpPAYqxSsihqYHqYGAgAZl5+iAHSMljlmbD5GRl82LgabBvIW+jhAjPgACiRYAPPaooZfj99wiDV2ovhTaieA1ijEZZgQNH3fsNqrAkKFo1YE9KnvTv\/P60uQklAOBMSpUmZ4szESGl2BggwAJR\/ZVgK6XqqAAAAAElFTkSuQmCC\" \/><\/a><\/li>\r\n\r\n\r\n\r\n<li>Schmietendorf, A.: Empirische Analyse langj\u00e4hrig betriebenen Web Content Management Systeme (kurz WebCMS) im Diskurs kleiner Organisationen, Studie\/Forschungsbericht, ca. 50 Seiten, HWR Berlin, 1. Quartal 2022<\/li>\r\n<\/ul>\r\n\r\n\r\n\r\n<p>&nbsp;<\/p>\r\n\r\n\r\n\r\n<p>&nbsp;<\/p>\r\n","protected":false},"excerpt":{"rendered":"<p>&nbsp; Gehaltende Vortr\u00e4ge und Moderationen Publikationen Ver\u00f6ffentlichte B\u00fccher und Studien &nbsp; &nbsp;<\/p>\n","protected":false},"author":2,"featured_media":0,"parent":0,"menu_order":0,"comment_status":"closed","ping_status":"closed","template":"","meta":{"footnotes":""},"class_list":["post-1063","page","type-page","status-publish","hentry"],"_links":{"self":[{"href":"https:\/\/blog.hwr-berlin.de\/schmietendorf\/wp-json\/wp\/v2\/pages\/1063","targetHints":{"allow":["GET"]}}],"collection":[{"href":"https:\/\/blog.hwr-berlin.de\/schmietendorf\/wp-json\/wp\/v2\/pages"}],"about":[{"href":"https:\/\/blog.hwr-berlin.de\/schmietendorf\/wp-json\/wp\/v2\/types\/page"}],"author":[{"embeddable":true,"href":"https:\/\/blog.hwr-berlin.de\/schmietendorf\/wp-json\/wp\/v2\/users\/2"}],"replies":[{"embeddable":true,"href":"https:\/\/blog.hwr-berlin.de\/schmietendorf\/wp-json\/wp\/v2\/comments?post=1063"}],"version-history":[{"count":39,"href":"https:\/\/blog.hwr-berlin.de\/schmietendorf\/wp-json\/wp\/v2\/pages\/1063\/revisions"}],"predecessor-version":[{"id":1339,"href":"https:\/\/blog.hwr-berlin.de\/schmietendorf\/wp-json\/wp\/v2\/pages\/1063\/revisions\/1339"}],"wp:attachment":[{"href":"https:\/\/blog.hwr-berlin.de\/schmietendorf\/wp-json\/wp\/v2\/media?parent=1063"}],"curies":[{"name":"wp","href":"https:\/\/api.w.org\/{rel}","templated":true}]}}