

{"id":120,"date":"2017-12-28T14:21:43","date_gmt":"2017-12-28T13:21:43","guid":{"rendered":"https:\/\/blog.hwr-berlin.de\/schmietendorf\/?page_id=120"},"modified":"2017-12-28T14:43:41","modified_gmt":"2017-12-28T13:43:41","slug":"forschung-2015","status":"publish","type":"page","link":"https:\/\/blog.hwr-berlin.de\/schmietendorf\/forschung-2015\/","title":{"rendered":"Forschung 2015"},"content":{"rendered":"<p><b><i><span style=\"font-family: Arial;\">Gehaltene Vortr\u00e4ge<\/span><\/i><\/b><\/p>\n<ul>\n<li>Schmietendorf, A.: Reifegrad \u00fcber das Internet angebotener Programmierschnittstellen (Cloud-APIs) &#8211; Summarische Auswertung eines empirischen Langzeitexperiments, 3. Forschungsforum der HWR Berlin, 26. Januar 2015<\/li>\n<li>Schmietendorf, A. (Moderation): In Memory Computing &#8211; SAP HANA &amp; Co, Podiumsdiskussion im Rahmen der Enterprise Computing Conference (ECC 2015), Hannover, 25. M\u00e4rz 2015<\/li>\n<li>Schmietendorf, A.: Big Data \u2013 Spannungsfeld zwischen Technik und Einsatzszenarien, Er\u00f6ffnungsvortrag im Rahmen des Big Data Seminars auf der Enterprise Computing Conference (ECC 2015), Hannover, 26. M\u00e4rz 2015<\/li>\n<li>Schmietendorf, A.: Universal Performance Assessment of Cross-Platform Mobile Applications, Vortrag zum 31st UK Performance Engineering Workshop (UKPEW2015), University of Leeds, Leeds\/UK, 17. September 2015<\/li>\n<li>Schmietendorf, A.: Wirtschaftlichkeit und Qualit\u00e4t als Schl\u00fcssel einer erfolgreichen Digitalisierung, Impulsvortrag im Rahmen des &#8222;Digital Science Match&#8220;, Netzwerk- und Recruiting-Event der Digitalwirtschaft und -wissenschaft, Berlin, 07. Oktober 2015<\/li>\n<li>Schmietendorf, A.: \u201eAPI economy\u201c &#8211; Ergebnisbericht einer empirischen Untersuchung von API-Serviceverzeichnissen und -Serviceangeboten, Vortrag im Rahmen des DASMA Software Metrik Kongress (Metrikon2015), K\u00f6ln, 05.\/06. November 2015<\/li>\n<li>Schmietendorf, A.: Wie kann die Software-Messung von den M\u00f6glichkeiten einer Big Data L\u00f6sung profitieren?, Vortrag im Rahmen des DASMA Software Metrik Kongress (Metrikon2015), K\u00f6ln, 05.\/06. November 2015<\/li>\n<li>&#8230;<\/li>\n<\/ul>\n<p><b><i><span style=\"font-family: Arial;\">Externe Publikationen<\/span><\/i><\/b><\/p>\n<ul>\n<li>Schmietendorf, A.; Simon, F.: Bewertungsaspekte service- und cloudbasierter Architekturen (BSOA\/BCloud2013) &#8211; detaillierter Workshopbericht, in Software Measurement News, Journal of GI-Interest Group on Software Metrics, S. 11-18, Vol. 20 No. 1, February 2015, ISSN 1867-9196<\/li>\n<li>Schmietendorf, A.: Big-Data-L\u00f6sungen \u2013 Visionen, Systemans\u00e4tze und Strategien, in Fachbuch: Eine praxisorientierte Bewertung von Architekturen und Techniken f\u00fcr Big Data, S. 1-14, Shaker-Verlag, Aachen 2015<\/li>\n<li>Nitze, A.; Schmietendorf, A.: HWR macht mobil &#8211; Im neu er\u00f6ffneten &#8222;Mobile Quality Lab &#8211; MQLab&#8220; werden Methoden zur Qualit\u00e4tssicherung von Unternehmens-Apps untersucht, in SemesterJournal 1\/2015, S. 39, HWR Berlin, Juni 2015, ISSN 0945-7933<\/li>\n<li>Nitze, A., Schmietendorf, A.: A Survey On Mobile Users&#8216; Software Quality Perceptions and Expectations, in: IEEE Eighth International Conference on Software Testing, Verification and Validation Workshops (ICSTW), Graz\/\u00d6sterreich, April 2015, DOI 10.1109\/ICSTW.2015.7107417<\/li>\n<li>Nitze, A.; Schmietendorf, A.: Universal Performance Assessment of Cross-Platform Mobile Applications, in Proc. UKPEW 2015 (31st UK Performance Engineering Workshop), S. 72-80, University of Leeds\/UK, 17th September 2015, ISBN 978-194384296-4<\/li>\n<li>Schmietendorf, A.; Nitze, A.: API economy \u2013 Qualit\u00e4t als Schl\u00fcssel zum Erfolg, in SQ Magazin 36 &#8211; Themenschwerpunkt &#8222;Software as a Service &#8211; Neue Freiheit oder gesch\u00f6nte Abh\u00e4ngigkeit?&#8220;, Arbeitskreis Software-Qualit\u00e4t und -Fortbildung (ASQF), S. 16-17, September 2015<\/li>\n<li>Neumann, R.; P\u00f6hls, M.; Schmietendorf, A.; Fiegler, A.; Dumke, R.: Towards Optimal Server License Balancing in a Virtual Server, in Proc. MetriKon 2015 &#8211; Praxis der Software-Messung, S. 161-172, Shaker-Verlag, Aachen, November 2015, ISBN 978-3-8440-4026-5<\/li>\n<li>Schmietendorf, A.: \u201eAPI economy\u201c &#8211; Ergebnisbericht einer empirischen Untersuchung von API-Serviceverzeichnissen und -Serviceangeboten, in Proc. MetriKon 2015 &#8211; Praxis der Software-Messung, S. 183-194, Shaker-Verlag, Aachen, November 2015, ISBN 978-3-8440-4026-5<\/li>\n<li>Schmietendorf, A.: Wie kann die Software-Messung von den M\u00f6glichkeiten einer Big Data L\u00f6sung profitieren?, in Proc. MetriKon 2015 &#8211; Praxis der Software-Messung, S. 253-262, Shaker-Verlag, Aachen, November 2015, ISBN 978-3-8440-4026-5<\/li>\n<li>Hentschel, J.; Neumann, R.; Schmietendorf, A.: Data Nebuala &#8211; Was ist falsch an Data Lakes?, in Proc. BSOA\/BCloud 2015 &#8211; 10. Workshop Bewertungsaspekte service- und cloudbasierter Architekturen, S. 79-84, Shaker-Verlag, Aachen, November 2015<\/li>\n<li>Hentschel, J.; Neumann, R.; Schmietendorf, A.: Mehrwertpotentiale von Big Data L\u00f6sungen &#8211; Kreativit\u00e4t entscheidet \u00fcber die Ergebnisse, in SQ Magazin 37 &#8211; Themenschwerpunkt &#8222;BIG DATA &#8211; Wem n\u00fctzt der Datenberg?&#8220;, Arbeitskreis Software-Qualit\u00e4t und -Fortbildung (ASQF), S. 14-15, Dezember 2015<\/li>\n<\/ul>\n<p><b><i><span style=\"font-family: Arial;\">Publizierte B\u00fccher<\/span><\/i><\/b><\/p>\n<ul>\n<li>Schmietendorf, A. (Hrsg.): Eine praxisorientierte Bewertung von Architekturen und Techniken f\u00fcr Big Data, in Berliner Schriften zu modernen Integrationsarchitekuren, 110 Seiten, Shaker-Verlag, Aachen, M\u00e4rz 2015, ISBN 978-3-8440-2939-0<\/li>\n<li>Schmietendorf, A.; Kunisch, M. (Hrsg.): BSOA\/BCloud 2015 &#8211; 10. Workshop Bewertungsaspekte service- und cloudbasierter Architekturen (Leipzig &#8211; 03. November 2015), in Berliner Schriften zu modernen Integrationsarchitekuren, Shaker-Verlag, Aachen, November 2015, ISBN 978-3-8440-3891-0<\/li>\n<\/ul>\n","protected":false},"excerpt":{"rendered":"<p>Gehaltene Vortr\u00e4ge Schmietendorf, A.: Reifegrad \u00fcber das Internet angebotener Programmierschnittstellen (Cloud-APIs) &#8211; Summarische Auswertung eines empirischen Langzeitexperiments, 3. Forschungsforum der HWR Berlin, 26. Januar 2015 Schmietendorf, A. (Moderation): In Memory Computing &#8211; SAP HANA &amp; Co, Podiumsdiskussion im Rahmen der Enterprise Computing Conference (ECC 2015), Hannover, 25. M\u00e4rz 2015 Schmietendorf, A.: Big Data \u2013 Spannungsfeld [&hellip;]<\/p>\n","protected":false},"author":2,"featured_media":0,"parent":0,"menu_order":0,"comment_status":"closed","ping_status":"closed","template":"","meta":{"footnotes":""},"class_list":["post-120","page","type-page","status-publish","hentry"],"_links":{"self":[{"href":"https:\/\/blog.hwr-berlin.de\/schmietendorf\/wp-json\/wp\/v2\/pages\/120","targetHints":{"allow":["GET"]}}],"collection":[{"href":"https:\/\/blog.hwr-berlin.de\/schmietendorf\/wp-json\/wp\/v2\/pages"}],"about":[{"href":"https:\/\/blog.hwr-berlin.de\/schmietendorf\/wp-json\/wp\/v2\/types\/page"}],"author":[{"embeddable":true,"href":"https:\/\/blog.hwr-berlin.de\/schmietendorf\/wp-json\/wp\/v2\/users\/2"}],"replies":[{"embeddable":true,"href":"https:\/\/blog.hwr-berlin.de\/schmietendorf\/wp-json\/wp\/v2\/comments?post=120"}],"version-history":[{"count":2,"href":"https:\/\/blog.hwr-berlin.de\/schmietendorf\/wp-json\/wp\/v2\/pages\/120\/revisions"}],"predecessor-version":[{"id":132,"href":"https:\/\/blog.hwr-berlin.de\/schmietendorf\/wp-json\/wp\/v2\/pages\/120\/revisions\/132"}],"wp:attachment":[{"href":"https:\/\/blog.hwr-berlin.de\/schmietendorf\/wp-json\/wp\/v2\/media?parent=120"}],"curies":[{"name":"wp","href":"https:\/\/api.w.org\/{rel}","templated":true}]}}