

{"id":1291,"date":"2022-11-14T13:20:59","date_gmt":"2022-11-14T12:20:59","guid":{"rendered":"https:\/\/blog.hwr-berlin.de\/schmietendorf\/?page_id=1291"},"modified":"2022-11-21T10:43:31","modified_gmt":"2022-11-21T09:43:31","slug":"workshop-vertrauenswuerdigkeit-von-ki-loesungen-15-11-2022-fraunhoger-iese-kaiserslautern","status":"publish","type":"page","link":"https:\/\/blog.hwr-berlin.de\/schmietendorf\/workshop-vertrauenswuerdigkeit-von-ki-loesungen-15-11-2022-fraunhoger-iese-kaiserslautern\/","title":{"rendered":"Workshop: Vertrauensw\u00fcrdigkeit von KI-L\u00f6sungen, 15.11.2022, Fraunhofer IESE Kaiserslautern"},"content":{"rendered":"\r\n<p><strong>Er\u00f6ffnung und Motivation zum Thema<\/strong><\/p>\r\n\r\n\r\n\r\n<div class=\"wp-block-group\"><div class=\"wp-block-group__inner-container is-layout-constrained wp-block-group-is-layout-constrained\">\r\n<p>Prof. Dr. Andreas Schmietendorf \u2013 <span style=\"color: #0000ff;\"><a style=\"color: #0000ff;\" href=\"https:\/\/blog.hwr-berlin.de\/schmietendorf\/wp-content\/uploads\/2022\/11\/eroeffnung-schmietendorf-esapi2022.pdf\" target=\"_blank\" rel=\"noreferrer noopener\">Er\u00f6ffnung und Motivation<\/a><\/span><\/p>\r\n\r\n\r\n\r\n<p>Dr. Jens Heidrich \u2013 Gru\u00dfwort des Gastgeber am Fraunhofer IESE<\/p>\r\n\r\n\r\n\r\n<p>Dr. Andreas Jedlitschka \u2013 Gru\u00dfwort des Sprecher der GI-Fachgruppe 2.1.10<\/p>\r\n<\/div><\/div>\r\n\r\n\r\n\r\n<p><strong>Eingeladene Gastvortr\u00e4ge<\/strong><\/p>\r\n\r\n\r\n\r\n<div class=\"wp-block-group\"><div class=\"wp-block-group__inner-container is-layout-constrained wp-block-group-is-layout-constrained\">\r\n<p>Dr. Gaby Gurczik, &#8222;KI-Innovationen als Standortchance f\u00fcr Deutschland und Europa&#8220;:\u00a0Referentin f\u00fcr Grunds\u00e4tze K\u00fcnstliche Intelligenz und Daten\u00f6konomie beim BMDV<\/p>\r\n\r\n\r\n\r\n<p>Dr. Rasmus Adler, &#8222;<span style=\"color: #0000ff;\"><a style=\"color: #0000ff;\" href=\"https:\/\/blog.hwr-berlin.de\/schmietendorf\/wp-content\/uploads\/2022\/11\/vortrag-adler-esapi2022.pdf\" target=\"_blank\" rel=\"noopener\">Das Spaltma\u00df f\u00fcr KI-Systeme &#8211; Wie sieht es aus und was sind akzeptable Grenzwerte?<\/a><\/span>&#8222;:\u00a0Leiter des Programms Autonome Systeme, Fraunhofer IESE<\/p>\r\n\r\n\r\n\r\n<p>Prof. Dr. Katharina Zweig, &#8222;Kann man mit Surrogatans\u00e4tzen KI-Entscheidungen erkl\u00e4ren?&#8220;, Leitern Algorithm Accountability Lab, TU Kaiserslautern<\/p>\r\n<\/div><\/div>\r\n\r\n\r\n\r\n<p><strong>Poster-Session mit einf\u00fchrenden Impulsvortr\u00e4gen<\/strong><\/p>\r\n\r\n\r\n\r\n<p>Sandro Hartenstein (<a href=\"https:\/\/blog.hwr-berlin.de\/schmietendorf\/wp-content\/uploads\/2022\/11\/poster-hartenstein-esapi2022.pdf\" target=\"_blank\" rel=\"noreferrer noopener\"><span style=\"color: #0000ff;\">Vertrauen in KI-Web-APIs<\/span><\/a>)<\/p>\r\n\r\n\r\n\r\n<p>Julius Schinschke (<a href=\"https:\/\/blog.hwr-berlin.de\/schmietendorf\/wp-content\/uploads\/2022\/11\/poster-schinschke-esapi2022.pdf\" target=\"_blank\" rel=\"noopener\"><span style=\"color: #0000ff;\">LoRaWAN Netzabdeckungsmessungen<\/span><\/a>)<\/p>\r\n\r\n\r\n\r\n<p>Lukas Scholz (<span style=\"color: #0000ff;\"><a style=\"color: #0000ff;\" href=\"https:\/\/blog.hwr-berlin.de\/schmietendorf\/wp-content\/uploads\/2022\/11\/poster-scholz-esapi2022.pdf\" target=\"_blank\" rel=\"noopener\">Explainable Artificial Intelligence<\/a><\/span>)<\/p>\r\n\r\n\r\n\r\n<p>Daniel Krohmer (<span style=\"color: #0000ff;\"><a style=\"color: #0000ff;\" href=\"https:\/\/blog.hwr-berlin.de\/schmietendorf\/wp-content\/uploads\/2022\/11\/poster-krohmer-esapi2022.pdf\" target=\"_blank\" rel=\"noopener\">Software Marketplaces for Extensible Web Apps<\/a><\/span>)<\/p>\r\n\r\n\r\n\r\n<p>Dr. Michael Kl\u00e4s (<a href=\"https:\/\/blog.hwr-berlin.de\/schmietendorf\/wp-content\/uploads\/2022\/11\/poster-klaes-esapi2022.pdf\" target=\"_blank\" rel=\"noopener\"><span style=\"color: #0000ff;\">Assurance Case Pattern<\/span><\/a>)<\/p>\r\n","protected":false},"excerpt":{"rendered":"<p>Er\u00f6ffnung und Motivation zum Thema Prof. Dr. Andreas Schmietendorf \u2013 Er\u00f6ffnung und Motivation Dr. Jens Heidrich \u2013 Gru\u00dfwort des Gastgeber am Fraunhofer IESE Dr. Andreas Jedlitschka \u2013 Gru\u00dfwort des Sprecher der GI-Fachgruppe 2.1.10 Eingeladene Gastvortr\u00e4ge Dr. Gaby Gurczik, &#8222;KI-Innovationen als Standortchance f\u00fcr Deutschland und Europa&#8220;:\u00a0Referentin f\u00fcr Grunds\u00e4tze K\u00fcnstliche Intelligenz und Daten\u00f6konomie beim BMDV Dr. Rasmus [&hellip;]<\/p>\n","protected":false},"author":2,"featured_media":0,"parent":0,"menu_order":0,"comment_status":"closed","ping_status":"closed","template":"","meta":{"footnotes":""},"class_list":["post-1291","page","type-page","status-publish","hentry"],"_links":{"self":[{"href":"https:\/\/blog.hwr-berlin.de\/schmietendorf\/wp-json\/wp\/v2\/pages\/1291","targetHints":{"allow":["GET"]}}],"collection":[{"href":"https:\/\/blog.hwr-berlin.de\/schmietendorf\/wp-json\/wp\/v2\/pages"}],"about":[{"href":"https:\/\/blog.hwr-berlin.de\/schmietendorf\/wp-json\/wp\/v2\/types\/page"}],"author":[{"embeddable":true,"href":"https:\/\/blog.hwr-berlin.de\/schmietendorf\/wp-json\/wp\/v2\/users\/2"}],"replies":[{"embeddable":true,"href":"https:\/\/blog.hwr-berlin.de\/schmietendorf\/wp-json\/wp\/v2\/comments?post=1291"}],"version-history":[{"count":13,"href":"https:\/\/blog.hwr-berlin.de\/schmietendorf\/wp-json\/wp\/v2\/pages\/1291\/revisions"}],"predecessor-version":[{"id":1326,"href":"https:\/\/blog.hwr-berlin.de\/schmietendorf\/wp-json\/wp\/v2\/pages\/1291\/revisions\/1326"}],"wp:attachment":[{"href":"https:\/\/blog.hwr-berlin.de\/schmietendorf\/wp-json\/wp\/v2\/media?parent=1291"}],"curies":[{"name":"wp","href":"https:\/\/api.w.org\/{rel}","templated":true}]}}