

{"id":1341,"date":"2023-02-06T15:14:44","date_gmt":"2023-02-06T14:14:44","guid":{"rendered":"https:\/\/blog.hwr-berlin.de\/schmietendorf\/?page_id=1341"},"modified":"2024-07-05T10:16:53","modified_gmt":"2024-07-05T08:16:53","slug":"forschung-2023","status":"publish","type":"page","link":"https:\/\/blog.hwr-berlin.de\/schmietendorf\/forschung-2023\/","title":{"rendered":"Forschung 2023"},"content":{"rendered":"<p>&nbsp;<\/p>\n<p><em><strong>Vortr\u00e4ge, Diskussionen und Jury<br \/>\n<\/strong><\/em><\/p>\n<ul>\n<li>Schmietendorf, A.: M\u00f6glichkeiten und Grenzen des Einsatzes KI-basierter Chat-Systeme im Forschungsdiskurs (speziell chatGPT), Impulsvortrag zur Diskussion, interner Doktorandentag, HWR Berlin, 14. Februar 2023<\/li>\n<li>Schmietendorf, A.: Das duale Studium der Wirtschaftsinformatik an der HWR Berlin, Vortrag im Rahmen des Tag des Dualen Studiums 2023 (in Vertretung f\u00fcr Herrn Prof. Dr. Faustmann), 23. M\u00e4rz 2023<\/li>\n<li>Schmietendorf, A.: <span id=\"x_m_-311558295833540965m_-4986911721500016729m_-8842011773769512544m_1922346400939969876m_-3425923972238498187m_5633978818011615796gmail-docs-internal-guid-4ab11bc2-7fff-e55e-8b6f-be0911729003\"><span style=\"font-family: arial, sans-serif;\">KI-basierte Ver\u00e4nderungen im Software-Engineering<\/span><\/span>, Vortrag im Rahmen des <span id=\"x_m_-311558295833540965m_-4986911721500016729m_-8842011773769512544m_1922346400939969876m_-3425923972238498187m_5633978818011615796gmail-docs-internal-guid-4ab11bc2-7fff-e55e-8b6f-be0911729003\"><span style=\"font-family: arial, sans-serif;\">Thementags \u201c Software &amp; Requirements Engineering\u201d auf <\/span><\/span>der 6. ASQF Net Week, 11. Mai 2023<\/li>\n<li>Schmietendorf, A.: Research Focus of the Team Business Information Systems &#8211; System Development, Vortrag im Rahmen eines Workshops mit Vertretern der Bulgarian Academy of Sciences\/Institute of Information and Communication Technologies, HWR Berlin, 06. Juni 2023<\/li>\n<li>Schmietendorf, A.: Mitwirkung in der Jury zum &#8222;Finale des Deutschen Startup-Pokals &amp; Use Case Awards (Cybersecurity\/KI Software)&#8220; &#8211; <span style=\"color: #0000ff;\"><a style=\"color: #0000ff;\" href=\"https:\/\/www.united-innovations.eu\/event\/finale-des-deutschen-startup-pokals-use-case-award-security-ki\/\" target=\"_blank\" rel=\"noopener\">United Innovation Awards<\/a><\/span>, Mannnheim, 13. Juni 2023<\/li>\n<li>Schmietendorf, A.: Motivation und Ziele zum IFAF-Verbund Projekt TAHAI (TrusAdHocAI), Einf\u00fchrungsvortrag im Rahmen des Kick Off, HWR Berlin &#8211; Campus Lichtenberg, 28. Juli 2023<\/li>\n<li>Schmietendorf, A.: M\u00f6glichkeiten des KI-Einsatzes im Diskurs der Softwaremodernisierung, eingelandener Vortrag, Workshop der ceCMG zum Thema Anwendungsmodernisierung im Enterprise Umfeld, K\u00f6ln, 4\/5. Juli 2023<span id=\"divtagdefaultwrapper\"><\/span><\/li>\n<li><span class=\"product-header__title\" aria-label=\"Episode 56: AI &amp; Anwendungsmodernisierung @ ceCMG (Andreas Schmietendorf)\"> Schmidt, H.; Leichert, T.; Schmietendorf, A. (eigenladener Gast): Episode 56: AI &amp; Anwendungsmodernisierung @ ceCMG, Podcast der Reihe <\/span> <span class=\"product-header__identity podcast-header__identity\"> Mainframe \u2013 What the Heck?, Juli 2023 <\/span><\/li>\n<li>Schmietendorf, A.: Wie macht man eigentlich Forschung? &#8211; Inspiration Talk im Rahmen des Workshops Young Scientists and early-stage research in Data Science Workshop (YSDS-23), GI Jahrestagung Informatik 2023, Berlin, 27. September 2023<b><br \/>\n<\/b><\/li>\n<li>Schmietendorf, A.: KI-Szenarien im Zeitalter von ChatGPT &amp; Co &#8211; Impuls zum Workshop (ESAPI-23) im Kontext des Projekts TAHAI, Fraunhofer IESE Kaiserslautern, 21. November 2023<b><br \/>\n<\/b><\/li>\n<li>\u2026<\/li>\n<\/ul>\n<p><em><strong>Publikationen<\/strong><\/em><\/p>\n<ul>\n<li>Schmietendorf, A.: M\u00f6glichkeiten und Grenzen KI-basierter Chatbots im Diskurs des Pair Programmings, in Software Measurement News \u2013 Journal of the Software Metrics Community, S. 26-42, Volume 28, Number 1, April 2023, ISSN 1867-9196<\/li>\n<li>Schmietendorf, A.; Heidrich, J.: Vertrauensw\u00fcrdigkeit von KI-L\u00f6sungen (Implikationen im Data Science und Software-Engineering), detaillierter Bericht zum ESAPI-Workshop 2022, in 47. WI-MAW-Rundbrief, S. 79-83, Jahrgang 29 \u2013 Heft 1, Mai 2023, ISSN 1610-5753<\/li>\n<li>Hartenstein, S.; Schmietendorf, A.: KI basierte Ver\u00e4nderungen der Aufgaben innerhalb des Software Engineerings &#8211; Eine Bestandsaufnahme im Zusammenhang mit dem Hype um ChatGPT, in 47. WI-MAW-Rundbrief, S. 3-14, Jahrgang 29 \u2013 Heft 1, Mai 2023, ISSN 1610-5753<\/li>\n<li>Schmietendorf, A.; Hartenstein, S.; Johnson, S. L.: KI-gest\u00fctzte Modernisierung von Altanwendungen: (Sentiment-) Analysen im Diskurs des Anforderungsmanagements, in Proc. 25. Workshops Software-Reengineering &amp; Evolution (WSRE 2023), Softwaretechnik-Trends, Band 43, Heft 2, S. 28-29, Bad-Honnef, 08.-10. M\u00e4rz 2023, ISSN 0720-8928<\/li>\n<li>Schmietendorf, A.: Possibilities and risks when using AI algorithms obtained via web APIs, <span id=\"page3R_mcid2\" class=\"markedContent\"><span dir=\"ltr\" role=\"presentation\">Survey of Tools for <\/span><\/span><span id=\"page3R_mcid3\" class=\"markedContent\"><span dir=\"ltr\" role=\"presentation\">Software Engineering<\/span><\/span>, <span id=\"page3R_mcid6\" class=\"markedContent\"><span dir=\"ltr\" role=\"presentation\">Release Q2 \/ 2023<\/span><\/span>, S. 28-29, United Innovations<\/li>\n<li>Hartenstein, S.; Johnson, S. L.; Schmietendorf, A.: Towards a Fast Cost Estimation Supported by Large Language Models, in Software Measurement News \u2013 Journal of the Software Metrics Community, S. 46-65, Volume 28, Number 2, Oktober 2023, ISSN 1867-9196 (invited to publish on the <a href=\"https:\/\/cosmic-sizing.org\/publications\/fast-cost-estimation-by-chatgpt\/\" target=\"_blank\" rel=\"noopener\"><span style=\"color: #0000ff;\">COSMIC-website<\/span><\/a>)<\/li>\n<li>Schmietendorf, A.: Impressionen zum Workshop &#8222;KI-Szenarien im Zeitalter von ChatGPT &amp; Co &#8211; inspiriert durch die Themen des IFAF-Forschungsprojekts TAHAI&#8220;, <span style=\"color: #0000ff;\"><a style=\"color: #0000ff;\" href=\"https:\/\/fg-data-science.gi.de\/fileadmin\/FG\/Metriken\/Workshop-2023\/Impressionen_zum_Workshop_v2.pdf\" target=\"_blank\" rel=\"noopener\">Online-Versio<\/a>n<\/span>, GI-FG Data Science, Dezember 2023<\/li>\n<li>\u2026<\/li>\n<\/ul>\n<p><strong>Ver\u00f6ffentlichte B\u00fccher und Studien<\/strong><\/p>\n<ul>\n<li>Schmietendorf, A. (Hrsg.): Diskussionsbeitr\u00e4ge zum Projekt TAHAI (TrustAdHocAI) &#8211; Ergebnisse eines \u00f6ffentlichen Expertenworkshops am Fraunhofer IESE &#8211; November 2023, in Berliner Schriften zu modernen Integrationsarchitekturen, Shaker-Verlag, D\u00fcren, Band 28, ISBN 978-3-8440-9244-8 (in Vorbereitung)<\/li>\n<li>Knuth, M.; Schmietendorf, A.: Ver\u00e4nderungen im Software Engineering durch den Einsatz von \u201elow code\u201c orientierten Softwareentwicklungsans\u00e4tzen, Ausgew\u00e4hlte Ergebnisse des Projekts TAHAI (gef\u00f6rdert durch das IFAF Berlin), ca. 120 Seiten, Monografie, Logos-Verlag, Berlin, ISBN 978-3-8325-5733-1 (in Vorbereitung)<\/li>\n<li>&#8230;<\/li>\n<\/ul>\n","protected":false},"excerpt":{"rendered":"<p>&nbsp; Vortr\u00e4ge, Diskussionen und Jury Schmietendorf, A.: M\u00f6glichkeiten und Grenzen des Einsatzes KI-basierter Chat-Systeme im Forschungsdiskurs (speziell chatGPT), Impulsvortrag zur Diskussion, interner Doktorandentag, HWR Berlin, 14. Februar 2023 Schmietendorf, A.: Das duale Studium der Wirtschaftsinformatik an der HWR Berlin, Vortrag im Rahmen des Tag des Dualen Studiums 2023 (in Vertretung f\u00fcr Herrn Prof. Dr. Faustmann), [&hellip;]<\/p>\n","protected":false},"author":2,"featured_media":0,"parent":0,"menu_order":0,"comment_status":"closed","ping_status":"closed","template":"","meta":{"footnotes":""},"class_list":["post-1341","page","type-page","status-publish","hentry"],"_links":{"self":[{"href":"https:\/\/blog.hwr-berlin.de\/schmietendorf\/wp-json\/wp\/v2\/pages\/1341","targetHints":{"allow":["GET"]}}],"collection":[{"href":"https:\/\/blog.hwr-berlin.de\/schmietendorf\/wp-json\/wp\/v2\/pages"}],"about":[{"href":"https:\/\/blog.hwr-berlin.de\/schmietendorf\/wp-json\/wp\/v2\/types\/page"}],"author":[{"embeddable":true,"href":"https:\/\/blog.hwr-berlin.de\/schmietendorf\/wp-json\/wp\/v2\/users\/2"}],"replies":[{"embeddable":true,"href":"https:\/\/blog.hwr-berlin.de\/schmietendorf\/wp-json\/wp\/v2\/comments?post=1341"}],"version-history":[{"count":46,"href":"https:\/\/blog.hwr-berlin.de\/schmietendorf\/wp-json\/wp\/v2\/pages\/1341\/revisions"}],"predecessor-version":[{"id":1741,"href":"https:\/\/blog.hwr-berlin.de\/schmietendorf\/wp-json\/wp\/v2\/pages\/1341\/revisions\/1741"}],"wp:attachment":[{"href":"https:\/\/blog.hwr-berlin.de\/schmietendorf\/wp-json\/wp\/v2\/media?parent=1341"}],"curies":[{"name":"wp","href":"https:\/\/api.w.org\/{rel}","templated":true}]}}