

{"id":1531,"date":"2023-11-23T15:54:56","date_gmt":"2023-11-23T14:54:56","guid":{"rendered":"https:\/\/blog.hwr-berlin.de\/schmietendorf\/?page_id=1531"},"modified":"2024-02-29T11:34:17","modified_gmt":"2024-02-29T10:34:17","slug":"workshop-ki-szenarien-im-zeitalter-von-chatgpt-co-fraunhofer-iese-2023","status":"publish","type":"page","link":"https:\/\/blog.hwr-berlin.de\/schmietendorf\/workshop-ki-szenarien-im-zeitalter-von-chatgpt-co-fraunhofer-iese-2023\/","title":{"rendered":"Workshop &#8211; KI-Szenarien im Zeitalter von ChatGPT &#038; Co, Fraunhofer IESE 2023"},"content":{"rendered":"<p><strong> Fraunhofer IESE, 21. November 2023<\/strong><\/p>\r\n<p>\u00d6ffentlicher Expertenworkshop unter Ber\u00fccksichtigung ausgew\u00e4hlter Themen des <span style=\"color: #0000ff;\"><a style=\"color: #0000ff;\" href=\"https:\/\/www.ifaf-berlin.de\/projekte\/tahai\/\" target=\"_blank\" rel=\"noopener\">IFAF-Forschungsprojekts TAHAI<\/a><\/span> (TrustAdHocAI). Im folgenden finden sich die Themen der gehaltenen Vortr\u00e4ge, zum Teil sind diese bereits mit den entsprechenden Beitr\u00e4gen hinterlegt.<\/p>\r\n<p><strong>Er\u00f6ffnung und Motivation zum Thema<\/strong><\/p>\r\n<!-- \/wp:post-content -->\r\n\r\n<!-- wp:group {\"layout\":{\"type\":\"constrained\"}} -->\r\n<ul>\r\n<li class=\"wp-block-group\"><!-- wp:paragraph -->Dr. Andreas Jedlitschka \u2013 Gru\u00dfwort des Gastgeber am Fraunhofer IESE bzw. Sprecher der <span style=\"color: #0000ff;\"><a style=\"color: #0000ff;\" href=\"https:\/\/fg-data-science.gi.de\" target=\"_blank\" rel=\"noopener\">GI-Fachgruppe 2.1.10<\/a><\/span><\/li>\r\n<li class=\"wp-block-group\">Prof. Dr. Andreas Schmietendorf \u2013 <span style=\"color: #0000ff;\"><a style=\"color: #0000ff;\" href=\"https:\/\/blog.hwr-berlin.de\/schmietendorf\/wp-content\/uploads\/2023\/11\/schmietendorf-fin.pdf\" target=\"_blank\" rel=\"noreferrer noopener\">Er\u00f6ffnung und Motivation<\/a><\/span> <!-- \/wp:paragraph -->\r\n\r\n<!-- wp:paragraph \/--><\/li>\r\n<\/ul>\r\n<!-- \/wp:group -->\r\n\r\n<!-- wp:paragraph -->\r\n<p><strong>Eingeladene Gastvortr\u00e4ge<\/strong><\/p>\r\n<!-- \/wp:paragraph -->\r\n\r\n<!-- wp:group {\"layout\":{\"type\":\"constrained\"}} -->\r\n<ul>\r\n<li class=\"wp-block-group\">Prof. Dr. Claudia Nass (<em>HS Mainz\/Fraunhofer IESE<\/em>) \u2013 M\u00f6glichkeiten des Design Thinking im Diskurs von KI-Szenarien<\/li>\r\n<li>Prof. Dr. Erik Rodner <em>(HTW Berlin)<\/em> \u2013 Der KI-T\u00dcV: KI-Robustheit evaluieren und St\u00e4rken und Schw\u00e4chen aufzeigen<\/li>\r\n<li>Dr. Peter M\u00fcnte (<em>Universit\u00e4t Innsbruck) <\/em>\u2013 <span style=\"color: #0000ff;\"><a style=\"color: #0000ff;\" href=\"https:\/\/blog.hwr-berlin.de\/schmietendorf\/wp-content\/uploads\/2023\/11\/muente-fin.pdf\" target=\"_blank\" rel=\"noopener\">Fachliche Daten transkribierter Gepr\u00e4chsverl\u00e4ufe im Mediationskontext<\/a><\/span><\/li>\r\n<li class=\"wp-block-group\">Walter Letzel <em>(TU Berlin)<\/em> \u2013 <span style=\"color: #0000ff;\"><a style=\"color: #0000ff;\" href=\"https:\/\/blog.hwr-berlin.de\/schmietendorf\/wp-content\/uploads\/2023\/11\/letzel-fin.pdf\" target=\"_blank\" rel=\"noopener\">Konzeptioneller Ansatz zur Analyse und Bewertung von Mediationssitzungen<\/a><\/span><\/li>\r\n<li class=\"wp-block-group\">Sandro Hartenstein <em>(HWR Berlin)<\/em> \u2013 <span style=\"color: #0000ff;\"><a style=\"color: #0000ff;\" href=\"https:\/\/blog.hwr-berlin.de\/schmietendorf\/wp-content\/uploads\/2023\/11\/hartenstein-fin-1.pdf\" target=\"_blank\" rel=\"noopener\">Prototypische Analyse von KI-APIs f\u00fcr LLMs (Cloud vs. OnPremise)<\/a><\/span><\/li>\r\n<li class=\"wp-block-group\">Prof. Dr. Ralf Schnieders (<em>HTW Berlin<\/em>) \u2013 <span style=\"color: #0000ff;\"><a style=\"color: #0000ff;\" href=\"https:\/\/blog.hwr-berlin.de\/schmietendorf\/wp-content\/uploads\/2023\/11\/schnieders-fin.pdf\" target=\"_blank\" rel=\"noopener\">Compliance-Aspekte im Diskurs der Daten\u00fcberlassung &#8211; Datenschutz, Urheberrecht und Haftung<\/a><\/span><\/li>\r\n<\/ul>\r\n<p><strong>Reflektion und Dank<\/strong><\/p>\r\n<p>Auf der Grundlage der vorgenannten Impulsvortr\u00e4ge entstand eine lebhafte und vor allem interdisziplin\u00e4r gepr\u00e4gte Diskussion zu den M\u00f6glichkeiten und Grenzen von KI-Sprachmodellen (speziell &#8222;Large Language Models&#8220;). Zur Geltung kamen dabei insbesondere die Sichtweisen der Informatik, der Soziologie, der Psychologie aber auch der Rechtswissenschaften.<\/p>\r\n<p>Aus fachlicher Sicht galt das Interesse insbesondere der KI-basierten Verarbeitung anonymisierter Transskripte (alternativ w\u00e4re auch die direkte Verarbeitung der Audiosequenzen denkbar). Insbesondere bei umfangreichen Transskripten erscheint eine manuell durchgef\u00fchrte Anonymisierung, ob des damit einhergehenden Aufwands nur noch bedingt zielf\u00fchrend. Dem entsprechend w\u00e4re hier ebenfalls eine mit Hilfe von Algorithmen bzw. Programmen (ggf. KI) gesteuerte Anonymisierung sinnvoll. Aus Sicht des Autors bleibt dabei allerdings ein Restrisiko, d.h. die Anonymisierung kann ggf. nur mit einer Wahrscheinlichkeit erf\u00fcllt werden. Im Zusammenhang mit den Herausforderungen der Compliance (z.B. EU DSGVO) k\u00f6nnen f\u00fcr den wissenschaftlichen Bereich dabei immense und ggf. auch unkalkulierbare Herausforderungen entstehen.<\/p>\r\n<p>Konkrete Tests bezogen sich auf Quantifizierungs- und Klassifizierungsaspekte aber auch Sentimentanalysen von Transskripten. Daf\u00fcr wurden prim\u00e4r die KI-Modelle ChatGPT 3.5, ChatGPT 4 sowie LLAMA2 zum Einsatz gebracht. Im Zusammenhang mit der Ergebnisinterpretation zeigten sich hier massive dom\u00e4nenspezifische Herausforderungen hinsichtlich der Ergebnisvalidierung aber auch der Erkl\u00e4rbarkeit der eingesetzten Large Language Models, was einmal mehr den Bedarf interdiskziplin\u00e4r zusammengesetzter Teams unterstreicht.<\/p>\r\n<p>Neben den hier zur Verf\u00fcgung gestellten Vortr\u00e4gen ist die Publikation eines Tagungsbands zum 1. Quartal 2024 vorgesehen. Titel: Diskussionsbeitr\u00e4ge zum Projekt TAHAI (TrustAdHocAI) \u2013 Ergebnisse eines \u00f6ffentlichen Expertenworkshops am Fraunhofer IESE \u2013 November 2023, in Berliner Schriften zu modernen Integrationsarchitekturen, Shaker-Verlag, D\u00fcren, Band 28, ISBN 978-3-8440-9244-8 \u00a0<\/p>\r\n<p>Ein solcher Workshop w\u00e4re ohne professionelle Referenten nicht m\u00f6glich, denen gilt ein herzliches Dankesch\u00f6n. Ein besonderer Dank gilt den Gastgebern des Workshops vom Fraunhofer IESE (Herrn Dr. Andreas Jedlitschka und Herrn Prof. Dr. Jens Heidrich)! Ein Dank geht ebenfalls an die Unterst\u00fctzer der Veranstaltung, d.h. die Gesellschaft f\u00fcr Informatik (<span style=\"color: #0000ff;\"><a style=\"color: #0000ff;\" href=\"https:\/\/gi.de\" target=\"_blank\" rel=\"noopener\">GI e.V.<\/a><\/span>) sowie die Central Europe Computer Measurement Group (<span style=\"color: #0000ff;\"><a style=\"color: #0000ff;\" href=\"https:\/\/cecmg.de\/\" target=\"_blank\" rel=\"noopener\">ceCMG e.V.<\/a><\/span>).<\/p>\r\n<p><em>Prof. Dr. Andreas Schmietendorf, ProjL TAHAI<br \/><\/em><\/p>\r\n<div class=\"wp-block-group\">\u00a0<\/div>","protected":false},"excerpt":{"rendered":"<p>Fraunhofer IESE, 21. November 2023 \u00d6ffentlicher Expertenworkshop unter Ber\u00fccksichtigung ausgew\u00e4hlter Themen des IFAF-Forschungsprojekts TAHAI (TrustAdHocAI). Im folgenden finden sich die Themen der gehaltenen Vortr\u00e4ge, zum Teil sind diese bereits mit den entsprechenden Beitr\u00e4gen hinterlegt. Er\u00f6ffnung und Motivation zum Thema Dr. Andreas Jedlitschka \u2013 Gru\u00dfwort des Gastgeber am Fraunhofer IESE bzw. Sprecher der GI-Fachgruppe 2.1.10 Prof. [&hellip;]<\/p>\n","protected":false},"author":2,"featured_media":0,"parent":0,"menu_order":0,"comment_status":"closed","ping_status":"closed","template":"","meta":{"footnotes":""},"class_list":["post-1531","page","type-page","status-publish","hentry"],"_links":{"self":[{"href":"https:\/\/blog.hwr-berlin.de\/schmietendorf\/wp-json\/wp\/v2\/pages\/1531","targetHints":{"allow":["GET"]}}],"collection":[{"href":"https:\/\/blog.hwr-berlin.de\/schmietendorf\/wp-json\/wp\/v2\/pages"}],"about":[{"href":"https:\/\/blog.hwr-berlin.de\/schmietendorf\/wp-json\/wp\/v2\/types\/page"}],"author":[{"embeddable":true,"href":"https:\/\/blog.hwr-berlin.de\/schmietendorf\/wp-json\/wp\/v2\/users\/2"}],"replies":[{"embeddable":true,"href":"https:\/\/blog.hwr-berlin.de\/schmietendorf\/wp-json\/wp\/v2\/comments?post=1531"}],"version-history":[{"count":28,"href":"https:\/\/blog.hwr-berlin.de\/schmietendorf\/wp-json\/wp\/v2\/pages\/1531\/revisions"}],"predecessor-version":[{"id":1616,"href":"https:\/\/blog.hwr-berlin.de\/schmietendorf\/wp-json\/wp\/v2\/pages\/1531\/revisions\/1616"}],"wp:attachment":[{"href":"https:\/\/blog.hwr-berlin.de\/schmietendorf\/wp-json\/wp\/v2\/media?parent=1531"}],"curies":[{"name":"wp","href":"https:\/\/api.w.org\/{rel}","templated":true}]}}