

{"id":1625,"date":"2024-03-25T15:08:40","date_gmt":"2024-03-25T14:08:40","guid":{"rendered":"https:\/\/blog.hwr-berlin.de\/schmietendorf\/?page_id=1625"},"modified":"2025-02-21T13:27:33","modified_gmt":"2025-02-21T12:27:33","slug":"forschung-2024","status":"publish","type":"page","link":"https:\/\/blog.hwr-berlin.de\/schmietendorf\/forschung-2024\/","title":{"rendered":"Forschung 2024"},"content":{"rendered":"<p><em><strong>Vortr\u00e4ge, Diskussionen und Jury<br \/>\n<\/strong><\/em><\/p>\n<ul>\n<li>Schmietendorf, A.: Gesetzliche Herausforderungen bei der \u00dcberlassung personenbezogener Daten, Impuls im Rahmen des Doktorandentags (Arbeitsgruppe Systementwicklung), HWR Berlin, 07. Mai 2024<\/li>\n<li>Schmietendorf, A.: Halbzeit im Projekt TrustAdHocAI &#8211; Erreichte Ergebnisse und Ausblick, Kurzstatus im Rahmen des &#8222;IFAF Berlin Dialog #1&#8220;, Berliner Hochschule f\u00fcr Technik (GlasBox), 24. Mai 2024<\/li>\n<li>Schmietendorf, A.: Low-Code basierte Softwareentwicklung im Diskurs einer zunehmenden Verwendung generativer KI-Ans\u00e4tze, Vortrag im Rahmen der 7. ASQF Net Week, 04. Juni 2024<\/li>\n<li>Schmietendorf, A.: Angewandte KI in der Mediationsforschung &#8211; Impulsvortrag beim Abschlussworkshop zu den Ergebnissen der KI-basierten Verarbeitung von Transskripten \u2026, Workshop, Universit\u00e4t Innsbruck, 10. Juni 2024<\/li>\n<li>Schmietendorf, A.: KI-basierte Analyse rollenbasierter Gespr\u00e4chsverl\u00e4ufe, eingeladener Beitrag im Rahmen der ceCMG-Konferenz f\u00fcr Mainframe -Technologien, Frankfurt\/M., IBM TOWER, 19. Juni 2024<\/li>\n<li>Schmietendorf, A.; Hartenstein, S.; Letzel, W. H.: KI-gest\u00fctzte Analyse von transkribierten Mediationssitzungen, Vortrag im Rahmen der Wismarer Wirtschaftsinformatik-Tage (WiWiTa 2024), Innovation Port Wismar, 27. Juni 2024<\/li>\n<li>Schmietendorf, A.; Hartenstein, S.; Radke, J.: Einsatz von KI-Chatbots im Software Engineering &#8211; speziell im Diskurs der Programmiertechnik des Pair Programmings, Vortrag im Rahmen der Wismarer Wirtschaftsinformatik-Tage (WiWiTa 2024), Innovation Port Wismar, 27. Juni 2024<\/li>\n<li>Schmietendorf, A.; Hartenstein, S.:\u00a0 Vorstellung der Ziele, Vorgehensweisen, Ergebnisse und anstehenden Aufgaben des Projekts TAHAI (TrusAdHocAI), im Rahmen der Transferale 2024 &#8211; Das Wissenschafts- und Transfer-Festival (<span style=\"color: #0000ff;\"><a style=\"color: #0000ff;\" href=\"https:\/\/zukunftstadt.berlin\/transferale-1\" target=\"_blank\" rel=\"noopener\">weitere Details<\/a> <span style=\"color: #000000;\">und<\/span> <a href=\"https:\/\/blog.hwr-berlin.de\/schmietendorf\/wp-content\/uploads\/2024\/09\/Transfernale2024-v1.pdf\" target=\"_blank\" rel=\"noopener\"><span style=\"color: #0000ff;\">Pitch<\/span><\/a><span style=\"color: #0000ff;\"><span style=\"color: #000000;\">)<\/span><\/span><span style=\"color: #0000ff;\">, <\/span><\/span>27. September 2024<\/li>\n<li>Schmietendorf, A.:\u00a0 Operationalisierung praktischer KI-Szenarien mit Hilfe Low Code orientierter L\u00f6sungen (Beispiele des Projekts TAHAI &#8211; TrusAdHocAI), angefragt f\u00fcr den IFAF-Stand im Rahmen des Zukunfsforums K\u00fcnstliche Intelligenz der IHK Berlin, (<span style=\"color: #0000ff;\"><a style=\"color: #0000ff;\" href=\"https:\/\/www.ihk.de\/berlin\/politische-positionen-und-statistiken-channel\/innovationspolitik\/zukunftsforum-ki-6263028\" target=\"_blank\" rel=\"noopener\">weitere Details<\/a><\/span>), 06. November 2024<\/li>\n<li>Schmietendorf, A.: Hintergr\u00fcnde und Zielen des Projekts TAHAI (TrusAdHocAI), Impuls im Rahmen des Expertenworkshop \u201eHerausforderungen Low-Code orientierter KI-Ans\u00e4tze\u201c, ESAPI-Arbeitskreis der GI-Fachgruppe \u201cMeasurement &amp; Data Science\u201d, Fraunhofer IESE, 12. November 2024<\/li>\n<li>Schmietendorf, A.: Herausforderungen Low-Code-orientierter KI-Ans\u00e4tze aus Sicht der Lehre und Forschung (<span style=\"color: #0000ff;\"><a style=\"color: #0000ff;\" href=\"https:\/\/blog.hwr-berlin.de\/schmietendorf\/wp-content\/uploads\/2024\/11\/AI-Herausforderungen-fin.pdf\" target=\"_blank\" rel=\"noopener\">weitere Details<\/a><\/span>), eingelandener Vortrag im Rahmen der ceCMG-Konferenz Infrastruktur meet Anwendungsentwicklung, Gastgeber BearingPoint D\u00fcsseldorf, 19. November 2024<\/li>\n<li>\u2026<\/li>\n<\/ul>\n<p><em><strong>Publikationen<\/strong><\/em><\/p>\n<ul>\n<li>Schmietendorf, A.: Workshop Report &#8211; KI-Szenarien im Zeitalter von ChatGPT &amp; Co \u2013 inspiriert durch die Themen des IFAF-Forschungsprojekts TAHAI, <a href=\"https:\/\/fg-data-science.gi.de\/fileadmin\/FG\/Metriken\/Workshop-2023\/Impressionen_zum_Workshop_v2.pdf\" target=\"_blank\" rel=\"noopener\">Online-Versio<\/a>n, in Software Measurement News \u2013 Journal of the Software Metrics Community, S. 13-17, Volume 29, Number 1, March 2024, ISSN 1867-9196<\/li>\n<li>Schmietendorf, A.; Knuth, M.: Book Project Report: Vera\u0308nderungen im Software Engineering durch den Einsatz von \u201elow code\u201c orientierten Softwareentwicklungsansa\u0308tzen, in Software Measurement News \u2013 Journal of the Software Metrics Community, S. 21-25, Volume 29, Number 1, March 2024, ISSN 1867-9196<\/li>\n<li>Hartenstein, S.; Schmietendorf, A.: KI-gest\u00fctzte Modernisierung von Altanwendungen: Anwendungsfelder von LLMs im Software Reengineering, in Proc. 26. Workshop Software-Reengineering und -Evolution WSRE 2024 der GI-Fachgruppe Software-Reengineering (SRE), S. 25-26, Physikzentrum Bad Honef, April 2024<\/li>\n<li>Schmietendorf, A.: TAHAI &#8211; Vertrauen in fachgetriebene Ad-Hoc-KI-L\u00f6sungen (TrustAdHocAI), Expos\u00e9 zum Projektstatus, Institut f\u00fcr angewandte Forschung Berlin (IFAF Berlin), Juni 2024<\/li>\n<li>Nadobny, K.; Schmietendorf, A.: Measuring the architecture fit of system integration designs, accepted paper for: IWSM\/Mensura 2024 &#8211; International Workshop on Software Measurement\u00a0and the\u00a0International Conference on Software Process and Product Measurement, September\/October 2024<\/li>\n<li>Hartenstein, S.; Fischer, M. S.; Schmietendorf, A.: Fallstudie zur KI-gest\u00fctzten Anonymisierung deutschsprachiger Transkripte, in Software Measurement News \u2013 Journal of the Software Metrics Community, S. 20-32, Volume 29, Number 2, October 2024, ISSN 1867-9196<\/li>\n<\/ul>\n<p><strong>Ver\u00f6ffentlichte B\u00fccher und Studien<\/strong><\/p>\n<ul>\n<li>Monett, D.; Haase, L.; Zimmermann, A.; H\u00f6hne, R.; Schmietendorf, A.; Riegel, J. (Hrsgg.): Von Ontologien, Web-Anwendungen und KI-Algorithmen &#8211; Ausgezeichnete Bachelorthesen der dualen Informatikstudierenden des Jahrgangs 2020, Reihe \u201eDie besten Bachelorthesen\u201c, Vol. 2, 474, Hochschule f\u00fcr Wirtschaft und Recht Berlin. https:\/\/doi.org\/10.4393\/opushwr-4321.<\/li>\n<li>Schmietendorf, A. (Hrsg.): Diskussionsbeitr\u00e4ge zum Projekt TAHAI (TrustAdHocAI) &#8211; Ergebnisse eines \u00f6ffentlichen Expertenworkshops am Fraunhofer IESE, in Berliner Schriften zu modernen Integrationsarchitekturen, Shaker-Verlag, D\u00fcren, Band 28, ISBN 978-3-8440-9244-8<\/li>\n<li>Schmidt, S.: Entwicklung eines generischen Requirements Engineering Frameworks f\u00fcr digitale Services unter Ber\u00fccksichtigung der Rolle der der Vertrauensw\u00fcrdigkeit, in Schmietendorf, A. (Hrsg.): Berliner Schriften zu modernen Integrationsarchitekturen, Shaker-Verlag, D\u00fcren, Band 29, ISBN 978-3-8440-9523-4<\/li>\n<li>Schmietendorf, A.; Knuth, M.: Aspekte des Software Engineerings im Diskurs einer Low-Code orientierten Softwareentwicklung, Ausgew\u00e4hlte Ergebnisse des Projekts TAHAI (gef\u00f6rdert durch das IFAF Berlin), ca. 124 Seiten, Monografie, Logos-Verlag, Berlin, ISBN 978-3-8325-5733-1<\/li>\n<\/ul>\n","protected":false},"excerpt":{"rendered":"<p>Vortr\u00e4ge, Diskussionen und Jury Schmietendorf, A.: Gesetzliche Herausforderungen bei der \u00dcberlassung personenbezogener Daten, Impuls im Rahmen des Doktorandentags (Arbeitsgruppe Systementwicklung), HWR Berlin, 07. Mai 2024 Schmietendorf, A.: Halbzeit im Projekt TrustAdHocAI &#8211; Erreichte Ergebnisse und Ausblick, Kurzstatus im Rahmen des &#8222;IFAF Berlin Dialog #1&#8220;, Berliner Hochschule f\u00fcr Technik (GlasBox), 24. Mai 2024 Schmietendorf, A.: Low-Code [&hellip;]<\/p>\n","protected":false},"author":2,"featured_media":0,"parent":0,"menu_order":0,"comment_status":"closed","ping_status":"closed","template":"","meta":{"footnotes":""},"class_list":["post-1625","page","type-page","status-publish","hentry"],"_links":{"self":[{"href":"https:\/\/blog.hwr-berlin.de\/schmietendorf\/wp-json\/wp\/v2\/pages\/1625","targetHints":{"allow":["GET"]}}],"collection":[{"href":"https:\/\/blog.hwr-berlin.de\/schmietendorf\/wp-json\/wp\/v2\/pages"}],"about":[{"href":"https:\/\/blog.hwr-berlin.de\/schmietendorf\/wp-json\/wp\/v2\/types\/page"}],"author":[{"embeddable":true,"href":"https:\/\/blog.hwr-berlin.de\/schmietendorf\/wp-json\/wp\/v2\/users\/2"}],"replies":[{"embeddable":true,"href":"https:\/\/blog.hwr-berlin.de\/schmietendorf\/wp-json\/wp\/v2\/comments?post=1625"}],"version-history":[{"count":34,"href":"https:\/\/blog.hwr-berlin.de\/schmietendorf\/wp-json\/wp\/v2\/pages\/1625\/revisions"}],"predecessor-version":[{"id":1894,"href":"https:\/\/blog.hwr-berlin.de\/schmietendorf\/wp-json\/wp\/v2\/pages\/1625\/revisions\/1894"}],"wp:attachment":[{"href":"https:\/\/blog.hwr-berlin.de\/schmietendorf\/wp-json\/wp\/v2\/media?parent=1625"}],"curies":[{"name":"wp","href":"https:\/\/api.w.org\/{rel}","templated":true}]}}