

{"id":1662,"date":"2024-05-08T10:08:27","date_gmt":"2024-05-08T08:08:27","guid":{"rendered":"https:\/\/blog.hwr-berlin.de\/schmietendorf\/?page_id=1662"},"modified":"2024-05-08T11:16:07","modified_gmt":"2024-05-08T09:16:07","slug":"doktorandentag-am-07-mai-2024-hwr-berlin-forschungsgruppe-wirtschaftsinformatik-systementwicklung-am-fb-2","status":"publish","type":"page","link":"https:\/\/blog.hwr-berlin.de\/schmietendorf\/doktorandentag-am-07-mai-2024-hwr-berlin-forschungsgruppe-wirtschaftsinformatik-systementwicklung-am-fb-2\/","title":{"rendered":"Doktorandentag am 07. Mai 2024 (HWR Berlin &#8211; FB 2 &#8211; WI\/Systementwicklung)"},"content":{"rendered":"<p>Der \u00f6ffentlich durchgef\u00fchrte Doktorandentag war mit 11 Teilnehmern ein voller Erfolg! Im Kern wurden die Herausforderungen einer rechtskonformen Datenverarbeitung pseudonymisierter bzw. anonymisierter Transskripte im wissenschaftlichen Diskurs behandelt. An Hochschulen und Universit\u00e4ten durchgef\u00fchrten Forschungsprojekten fehlen zumeist die Ressourcen um den Anforderungen aus z.B. der EU-DSGVO umf\u00e4nglich gerecht zu werden. Motiviert war die Themenstellung durch ein aktuell durchgef\u00fchrtes Forschungsprojekt (IFAF-Projekt TAHAI), in dessen Rahmen der Einsatz von KI-Modellen (speziell Large Language Models) im Zusammenhang mit transkribierten Mediationssitzungen erfolgte. Im Folgenden finden sich die gehaltenen Vortr\u00e4ge der Referenten zur Einsicht. Diese widmen sich den gesetzlichen Rahmenbedingungen, den fachspezifischen Diskurs der verarbeiten Transskripte, den sicherheitsbedingt \u201eOn Premise\u201c durchgef\u00fchrten Schritten zur Anonymisierung und konkret erzielten Ergebnissen durchgef\u00fchrter KI-Analysen. F\u00fcr konstruktive Hinweise und Diskussionsbed\u00fcrfnisse ist unsere Forschungsgruppe jederzeit dankbar!<\/p>\n<p><a href=\"https:\/\/blog.hwr-berlin.de\/schmietendorf\/wp-content\/uploads\/2024\/05\/schmietendorf-mai24-phd.pdf\" target=\"_blank\" rel=\"noopener\"><span style=\"color: #0000ff;\">Schmietendorf, A. (HWR Berlin): Gesetzliche Herausforderungen bei der \u00dcberlassung personenbezogener Daten<\/span><\/a><\/p>\n<ul>\n<li>Anforderungen EU DSGVO und EU AI Act<\/li>\n<li>Aspekte einer Daten\u00fcberlassung<\/li>\n<li>Herausforderungen f\u00fcr wissenschaftliche Organisationen<\/li>\n<\/ul>\n<p><a href=\"https:\/\/blog.hwr-berlin.de\/schmietendorf\/wp-content\/uploads\/2024\/05\/letzel-mai24-phd.pdf\" target=\"_blank\" rel=\"noopener\"><span style=\"color: #0000ff;\">Walter Letzel (HWR Berlin\/TU Berlin): Transkribierte Mediationssitzungen als Quelldaten der empirischen Forschung<\/span><\/a><\/p>\n<ul>\n<li>Forschungsziele im Diskurs der Mediation<\/li>\n<li>Begriff der Prim\u00e4r- und Sekund\u00e4rdaten im Mediationskontext<\/li>\n<li>Automatische und manuelle Erzeugung von Transkripten<\/li>\n<\/ul>\n<p><span style=\"color: #0000ff;\"><a style=\"color: #0000ff;\" href=\"https:\/\/blog.hwr-berlin.de\/schmietendorf\/wp-content\/uploads\/2024\/05\/raihani-mai24-phd.pdf\" target=\"_blank\" rel=\"noopener\">Jasmin Raihani (HTW Berlin): Anonymisierung personenbezogener Daten zum Zweck der Datenweitergabe<\/a><\/span><\/p>\n<ul>\n<li>Begriff der personenbezogenen Daten<\/li>\n<li>Grunds\u00e4tze der Datenverarbeitung<\/li>\n<li>Psoudonymisierung und Anonymisierung<\/li>\n<\/ul>\n<p><span style=\"color: #0000ff;\"><a style=\"color: #0000ff;\" href=\"https:\/\/blog.hwr-berlin.de\/schmietendorf\/wp-content\/uploads\/2024\/05\/hartenstein-mai24-phd.pdf\" target=\"_blank\" rel=\"noopener\">Sandro Hartenstein (HWR Berlin\/OvG Uni Magdeburg): KI-basierte Verarbeitung und Analyse von Transkripten<\/a><\/span><\/p>\n<ul>\n<li>Technisches Management von Quelldaten<\/li>\n<li>Anonymisierung von Transkriptionen<\/li>\n<li>M\u00f6glichkeiten\/Ergebnisse einer KI-basierten Auswertung<\/li>\n<\/ul>\n<p>Bei allen Referenten und Teilnehmern m\u00f6chte ich mich noch einmal ganz herzlich f\u00fcr die gehaltenen Vortr\u00e4ge und konstruktiv durchgef\u00fchrten Diskussionen bedanken!<\/p>\n<p>Prof. Dr. Andreas Schmietendorf (Chair des Doktorandentags und ProjL TAHAI &#8211; 08. Mai 2024)<\/p>\n","protected":false},"excerpt":{"rendered":"<p>Der \u00f6ffentlich durchgef\u00fchrte Doktorandentag war mit 11 Teilnehmern ein voller Erfolg! Im Kern wurden die Herausforderungen einer rechtskonformen Datenverarbeitung pseudonymisierter bzw. anonymisierter Transskripte im wissenschaftlichen Diskurs behandelt. An Hochschulen und Universit\u00e4ten durchgef\u00fchrten Forschungsprojekten fehlen zumeist die Ressourcen um den Anforderungen aus z.B. der EU-DSGVO umf\u00e4nglich gerecht zu werden. Motiviert war die Themenstellung durch ein aktuell [&hellip;]<\/p>\n","protected":false},"author":2,"featured_media":0,"parent":0,"menu_order":0,"comment_status":"closed","ping_status":"closed","template":"","meta":{"footnotes":""},"class_list":["post-1662","page","type-page","status-publish","hentry"],"_links":{"self":[{"href":"https:\/\/blog.hwr-berlin.de\/schmietendorf\/wp-json\/wp\/v2\/pages\/1662","targetHints":{"allow":["GET"]}}],"collection":[{"href":"https:\/\/blog.hwr-berlin.de\/schmietendorf\/wp-json\/wp\/v2\/pages"}],"about":[{"href":"https:\/\/blog.hwr-berlin.de\/schmietendorf\/wp-json\/wp\/v2\/types\/page"}],"author":[{"embeddable":true,"href":"https:\/\/blog.hwr-berlin.de\/schmietendorf\/wp-json\/wp\/v2\/users\/2"}],"replies":[{"embeddable":true,"href":"https:\/\/blog.hwr-berlin.de\/schmietendorf\/wp-json\/wp\/v2\/comments?post=1662"}],"version-history":[{"count":10,"href":"https:\/\/blog.hwr-berlin.de\/schmietendorf\/wp-json\/wp\/v2\/pages\/1662\/revisions"}],"predecessor-version":[{"id":1678,"href":"https:\/\/blog.hwr-berlin.de\/schmietendorf\/wp-json\/wp\/v2\/pages\/1662\/revisions\/1678"}],"wp:attachment":[{"href":"https:\/\/blog.hwr-berlin.de\/schmietendorf\/wp-json\/wp\/v2\/media?parent=1662"}],"curies":[{"name":"wp","href":"https:\/\/api.w.org\/{rel}","templated":true}]}}