

{"id":1723,"date":"2024-07-04T19:06:16","date_gmt":"2024-07-04T17:06:16","guid":{"rendered":"https:\/\/blog.hwr-berlin.de\/schmietendorf\/?page_id=1723"},"modified":"2024-07-04T19:55:26","modified_gmt":"2024-07-04T17:55:26","slug":"ki-basierte-analyse-rollenbasierter-gespraechsverlaeufe","status":"publish","type":"page","link":"https:\/\/blog.hwr-berlin.de\/schmietendorf\/ki-basierte-analyse-rollenbasierter-gespraechsverlaeufe\/","title":{"rendered":"Ergebnisse KI-basierter Analysen rollenbasierter Gespr\u00e4chsverl\u00e4ufe"},"content":{"rendered":"<h4>Offener Workshop des Projekts TAHAI (TrustAdHocAI)<\/h4>\n<p>Durchgef\u00fchrt am 10. Juni 2024 an der Universit\u00e4t Innsbruck\/\u00d6sterreich<\/p>\n<p>Gastgeber: Dr. Peter M\u00fcnte, Leopold-Franzens-Universit\u00e4t Innsbruck<br \/>\nInstitut f\u00fcr Psychosoziale Intervention und Kommunikationsforschung<\/p>\n<p>Die Er\u00f6ffnung des Workshops erfolgte durch die Herren Peter M\u00fcnte als Gastgeber und Andreas Schmietendorf als TAHAI-Projektleiter. Eine kurze \u00dcbersicht zum aktuellen TAHAI-Projektstatus findet sich im hier <span style=\"color: #0000ff;\"><a style=\"color: #0000ff;\" href=\"https:\/\/www.ifaf-berlin.de\/media\/ifaf_tahai_expose.pdf\">verlinkten Flyer<\/a><\/span>. Im Kontext des Workshops sollte es vordergr\u00fcndig um die Ziele und M\u00f6glichkeiten der angewandten KI in der Mediationsforschung gehen. Mit Hilfe der heterogen zusammengesetzten Teilnehmer (speziell: Informatik, K\u00fcnstliche Intelligenz, Soziologie, Mediationsforschung) sollte eine facettenreiche Interpretation und ggf. auch kontradiktorische Diskussion der im Projekt TAHAI gewonnenen Erkenntnisse gew\u00e4hrleistet werden.<\/p>\n<p>Die folgenden Beitr\u00e4ge spannen einen Bogen von den Bed\u00fcrfnissen und Zielen der Mediationsforschung, \u00fcber die herausgearbeiteten Analyseszenarien bis hin zu den eigentlichen Ergebnissen der KI-basiert durchgef\u00fchrten Analysen. Die projektbezogenen Aufgabenschwerpunkte bezogen sich auf die datenschutzkonforme Daten\u00fcbernahme, das Datenmanagement, die Datenanonymisierung, die Ausf\u00fchrung der eigentlichen KI-Analysen und schlie\u00dflich die Validation und Interpretation der Ergebnisse. Als Analysemethoden wurden statistische non KI-Verfahren (Fokus: H\u00e4ufigkeitsanalysen zu Redeanteilen), unterschiedliche Transformer-Modelle (Fokus: Sentimentanalysen im zeitlichen Verlauf der Mediationssitzungen) und Dom\u00e4nen spezifisch optimierte Large Language Models so genannte Retrieval Augmented Generation (kurz RAG) verwendet (Fokus: Formulierung fachlich orientierter Datenanfragen durch Spezialisten der Anwendungsdom\u00e4ne).<\/p>\n<p>Bei nahezu allen Aufgabenstellungen der durchgef\u00fchrten Untersuchung zeigte sich ein massiv ben\u00f6tigter Abstimmungsbedarf zwischen Dom\u00e4nenexperten und den eingesetzten Softwareentwicklern.<\/p>\n<ul>\n<li>Andreas Schmietendorf (HWR Berlin\/Uni Magdeburg): <a href=\"https:\/\/blog.hwr-berlin.de\/schmietendorf\/wp-content\/uploads\/2024\/07\/schmietendorf-innsbruck2024.pdf\" target=\"_blank\" rel=\"noopener\"><span style=\"color: #0000ff;\">\u00dcberblick zu den Hintergr\u00fcnden des Forschungsprojekts TAHAI<\/span><\/a>\n<ul>\n<li>Motivation und verfolgte Projektziele.<\/li>\n<li>Projektstruktur und Projektpartner.<\/li>\n<li>Fachlich fokussierte KI-Anwendungsdom\u00e4nen.<\/li>\n<li>Herausforderungen im Projekt: EU-DSGVO, EU-AI-Act, Low-Code, &#8230;<\/li>\n<\/ul>\n<\/li>\n<li>Hans Dieter Will (FH Erfurt): <span style=\"color: #0000ff;\"><a style=\"color: #0000ff;\" href=\"https:\/\/blog.hwr-berlin.de\/schmietendorf\/wp-content\/uploads\/2024\/07\/will-innsbruck2024.pdf\" target=\"_blank\" rel=\"noopener\">Bed\u00fcrfnisse der Mediationsforschung<\/a><\/span>\n<ul>\n<li>Mediation eine Profession?<\/li>\n<li>Mediationsgesetz (Kenntnisse, Kompetenzen und Methoden).<\/li>\n<li>Bewertung der Leistung eines Mediators?<\/li>\n<li>Unzureichende Datenlage hinsichtlich durchgef\u00fchrter Mediationen.<\/li>\n<\/ul>\n<\/li>\n<li>Walter Letzel (TU Berlin): <span style=\"color: #0000ff;\"><a style=\"color: #0000ff;\" href=\"https:\/\/blog.hwr-berlin.de\/schmietendorf\/wp-content\/uploads\/2024\/07\/letzel-innsbruck2024.pdf\" target=\"_blank\" rel=\"noopener\">Ziele der angewandten KI in der Mediationsforschung<\/a><\/span>\n<ul>\n<li>Ziele der Mediationsforschung.<\/li>\n<li>Begriff der Prim\u00e4r- und Sekund\u00e4rdaten im Mediationskontext.<\/li>\n<li>Transkribierte Mediationssitzungen zur unabh\u00e4ngigen Einsicht.<\/li>\n<li>Erwartungshaltung hinsichtlich KI-Analysen.<\/li>\n<\/ul>\n<\/li>\n<li>Sandro Hartenstein (HWR Berlin\/Uni Magdeburg): <a href=\"https:\/\/blog.hwr-berlin.de\/schmietendorf\/wp-content\/uploads\/2024\/07\/hartenstein-innsbruck2024.pdf\" target=\"_blank\" rel=\"noopener\"><span style=\"color: #0000ff;\">Herausforderungen und Ergebnisse durchgef\u00fchrter KI-Analysen<\/span><\/a>\n<ul>\n<li>Grundlegende Aspekte der Transformerarchitektur.<\/li>\n<li>Direkte (umgangsprachliche) Befragung der Transkripte via Retrieval-Augmented Generation (kurz RAG).<\/li>\n<li>Indirekte Befragung der Transkripte via Agentic RAG.<\/li>\n<li>Problem der Erkl\u00e4rbarkeit mittels KI erzielter Ergebnisse.<\/li>\n<\/ul>\n<\/li>\n<\/ul>\n<p>Die hier hinterlegten Vortr\u00e4ge bieten nur einen kleinen und vor allem begrenzten Einblick in die erzielten Projektergebnisse. Aufgrund der einhergehenden Komplexit\u00e4t sind diese h\u00e4ufig nicht selbst erkl\u00e4rend, weshalb wir f\u00fcr Fragen und Anregungen jederzeit offen sind. Dar\u00fcber hinaus ist es geplant korrespondierende Artikel in einschl\u00e4gigen Journalen bzw. einem Tagungsband (geplant f\u00fcr I\/2025) zu ver\u00f6ffentlichen.<\/p>\n<p>Zusammenfassung des Workshops erstellt durch: Andreas Schmietendorf und Walter Letzel, 04. Juli 2024<\/p>\n","protected":false},"excerpt":{"rendered":"<p>Offener Workshop des Projekts TAHAI (TrustAdHocAI) Durchgef\u00fchrt am 10. Juni 2024 an der Universit\u00e4t Innsbruck\/\u00d6sterreich Gastgeber: Dr. Peter M\u00fcnte, Leopold-Franzens-Universit\u00e4t Innsbruck Institut f\u00fcr Psychosoziale Intervention und Kommunikationsforschung Die Er\u00f6ffnung des Workshops erfolgte durch die Herren Peter M\u00fcnte als Gastgeber und Andreas Schmietendorf als TAHAI-Projektleiter. Eine kurze \u00dcbersicht zum aktuellen TAHAI-Projektstatus findet sich im hier verlinkten [&hellip;]<\/p>\n","protected":false},"author":2,"featured_media":0,"parent":0,"menu_order":0,"comment_status":"closed","ping_status":"closed","template":"","meta":{"footnotes":""},"class_list":["post-1723","page","type-page","status-publish","hentry"],"_links":{"self":[{"href":"https:\/\/blog.hwr-berlin.de\/schmietendorf\/wp-json\/wp\/v2\/pages\/1723","targetHints":{"allow":["GET"]}}],"collection":[{"href":"https:\/\/blog.hwr-berlin.de\/schmietendorf\/wp-json\/wp\/v2\/pages"}],"about":[{"href":"https:\/\/blog.hwr-berlin.de\/schmietendorf\/wp-json\/wp\/v2\/types\/page"}],"author":[{"embeddable":true,"href":"https:\/\/blog.hwr-berlin.de\/schmietendorf\/wp-json\/wp\/v2\/users\/2"}],"replies":[{"embeddable":true,"href":"https:\/\/blog.hwr-berlin.de\/schmietendorf\/wp-json\/wp\/v2\/comments?post=1723"}],"version-history":[{"count":12,"href":"https:\/\/blog.hwr-berlin.de\/schmietendorf\/wp-json\/wp\/v2\/pages\/1723\/revisions"}],"predecessor-version":[{"id":1740,"href":"https:\/\/blog.hwr-berlin.de\/schmietendorf\/wp-json\/wp\/v2\/pages\/1723\/revisions\/1740"}],"wp:attachment":[{"href":"https:\/\/blog.hwr-berlin.de\/schmietendorf\/wp-json\/wp\/v2\/media?parent=1723"}],"curies":[{"name":"wp","href":"https:\/\/api.w.org\/{rel}","templated":true}]}}