

{"id":173,"date":"2018-01-05T16:58:39","date_gmt":"2018-01-05T15:58:39","guid":{"rendered":"https:\/\/blog.hwr-berlin.de\/schmietendorf\/?page_id=173"},"modified":"2026-01-16T14:15:43","modified_gmt":"2026-01-16T13:15:43","slug":"publikationen-und-vortraege","status":"publish","type":"page","link":"https:\/\/blog.hwr-berlin.de\/schmietendorf\/publikationen-und-vortraege\/","title":{"rendered":"Publikationen, Studien und Vortr\u00e4ge"},"content":{"rendered":"<p>Im folgenden findet sich eine jahresbezogene \u00dcbersicht der erstellten Publikationen und Studien bzw. gehaltenen Vortr\u00e4ge. Dabei handelt es sich um Arbeiten die sowohl im industriellen als auch wissenschaftlichen Diskurs entstanden sind.<\/p>\r\n<table class=\"MsoTableGrid\" style=\"border-collapse: collapse; border: none; mso-border-alt: double windowtext 1.5pt; mso-yfti-tbllook: 480; mso-padding-alt: 0cm 5.4pt 0cm 5.4pt; mso-border-insideh: 1.5pt double windowtext; mso-border-insidev: 1.5pt double windowtext;\" border=\"1\" cellspacing=\"0\" cellpadding=\"0\">\r\n<tbody>\r\n<tr style=\"mso-yfti-irow: 0; mso-yfti-firstrow: yes;\">\r\n<td style=\"width: 92.1pt; border: double windowtext 1.5pt; padding: 0cm 5.4pt 0cm 5.4pt;\" valign=\"top\" width=\"123\">\r\n<p class=\"MsoNormal\" style=\"text-align: center; margin: 6.0pt 0cm 6.0pt 0cm;\" align=\"center\"><a href=\"https:\/\/blog.hwr-berlin.de\/schmietendorf\/forschung-2025\" target=\"_blank\" rel=\"noopener\"><span style=\"color: #000000;\"><strong><span style=\"color: #0000ff;\">2025<\/span><\/strong><\/span><\/a><\/p>\r\n<\/td>\r\n<td style=\"width: 92.1pt; border: double windowtext 1.5pt; border-left: none; mso-border-left-alt: double windowtext 1.5pt; padding: 0cm 5.4pt 0cm 5.4pt;\" valign=\"top\" width=\"123\">\r\n<p class=\"MsoNormal\" style=\"text-align: center; margin: 6.0pt 0cm 6.0pt 0cm;\" align=\"center\"><a href=\"https:\/\/blog.hwr-berlin.de\/schmietendorf\/forschung-2026\/\" target=\"_blank\" rel=\"noopener\"><span style=\"color: #000000;\"><strong><span style=\"color: #0000ff;\">2026<\/span><\/strong><\/span><\/a><\/p>\r\n<\/td>\r\n<td style=\"width: 92.1pt; border: double windowtext 1.5pt; border-left: none; mso-border-left-alt: double windowtext 1.5pt; padding: 0cm 5.4pt 0cm 5.4pt;\" valign=\"top\" width=\"123\">\r\n<p class=\"MsoNormal\" style=\"text-align: center; margin: 6.0pt 0cm 6.0pt 0cm;\" align=\"center\"><span style=\"color: #000000;\"><strong>2027<\/strong><\/span><\/p>\r\n<\/td>\r\n<td style=\"width: 92.15pt; border: double windowtext 1.5pt; border-left: none; mso-border-left-alt: double windowtext 1.5pt; padding: 0cm 5.4pt 0cm 5.4pt;\" valign=\"top\" width=\"123\">\r\n<p class=\"MsoNormal\" style=\"text-align: center; margin: 6pt 0cm;\" align=\"center\"><span style=\"color: #000000;\"><strong>2028<\/strong><\/span><\/p>\r\n<\/td>\r\n<td style=\"width: 92.15pt; border: double windowtext 1.5pt; border-left: none; mso-border-left-alt: double windowtext 1.5pt; padding: 0cm 5.4pt 0cm 5.4pt;\" valign=\"top\" width=\"123\">\r\n<p class=\"MsoNormal\" style=\"text-align: center; margin: 6pt 0cm;\" align=\"center\"><span style=\"color: #000000;\"><strong>2029<\/strong><\/span><\/p>\r\n<\/td>\r\n<\/tr>\r\n<tr style=\"mso-yfti-irow: 1;\">\r\n<td style=\"width: 92.1pt; border: double windowtext 1.5pt; border-top: none; mso-border-top-alt: double windowtext 1.5pt; padding: 0cm 5.4pt 0cm 5.4pt;\" valign=\"top\" width=\"123\">\r\n<p class=\"MsoNormal\" style=\"text-align: center; margin: 6.0pt 0cm 6.0pt 0cm;\" align=\"center\"><strong><a href=\"https:\/\/blog.hwr-berlin.de\/schmietendorf\/forschung-2020\/\"><span style=\"color: #0000ff;\">2020<\/span><\/a><\/strong><\/p>\r\n<\/td>\r\n<td style=\"width: 92.1pt; border-top: none; border-left: none; border-bottom: double windowtext 1.5pt; border-right: double windowtext 1.5pt; mso-border-top-alt: double windowtext 1.5pt; mso-border-left-alt: double windowtext 1.5pt; padding: 0cm 5.4pt 0cm 5.4pt;\" valign=\"top\" width=\"123\">\r\n<p class=\"MsoNormal\" style=\"text-align: center; margin: 6.0pt 0cm 6.0pt 0cm;\" align=\"center\"><span style=\"color: #0000ff;\"><strong><a style=\"color: #0000ff;\" href=\"https:\/\/blog.hwr-berlin.de\/schmietendorf\/forschung-2021\">2021<\/a><\/strong><\/span><\/p>\r\n<\/td>\r\n<td style=\"width: 92.1pt; border-top: none; border-left: none; border-bottom: double windowtext 1.5pt; border-right: double windowtext 1.5pt; mso-border-top-alt: double windowtext 1.5pt; mso-border-left-alt: double windowtext 1.5pt; padding: 0cm 5.4pt 0cm 5.4pt;\" valign=\"top\" width=\"123\">\r\n<p class=\"MsoNormal\" style=\"text-align: center; margin: 6.0pt 0cm 6.0pt 0cm;\" align=\"center\"><strong><a href=\"https:\/\/blog.hwr-berlin.de\/schmietendorf\/forschung-2022\"><span style=\"color: #0000ff;\">2022<\/span><\/a><\/strong><\/p>\r\n<\/td>\r\n<td style=\"width: 92.15pt; border-top: none; border-left: none; border-bottom: double windowtext 1.5pt; border-right: double windowtext 1.5pt; mso-border-top-alt: double windowtext 1.5pt; mso-border-left-alt: double windowtext 1.5pt; padding: 0cm 5.4pt 0cm 5.4pt;\" valign=\"top\" width=\"123\">\r\n<p class=\"MsoNormal\" style=\"text-align: center; margin: 6.0pt 0cm 6.0pt 0cm;\" align=\"center\"><strong><a href=\"https:\/\/blog.hwr-berlin.de\/schmietendorf\/forschung-2023\/\"><span style=\"color: #0000ff;\">2023<\/span><\/a><\/strong><\/p>\r\n<\/td>\r\n<td style=\"width: 92.15pt; border-top: none; border-left: none; border-bottom: double windowtext 1.5pt; border-right: double windowtext 1.5pt; mso-border-top-alt: double windowtext 1.5pt; mso-border-left-alt: double windowtext 1.5pt; padding: 0cm 5.4pt 0cm 5.4pt;\" valign=\"top\" width=\"123\">\r\n<p class=\"MsoNormal\" style=\"text-align: center; margin: 6.0pt 0cm 6.0pt 0cm;\" align=\"center\"><strong><a href=\"https:\/\/blog.hwr-berlin.de\/schmietendorf\/forschung-2024\/\" target=\"_blank\" rel=\"noopener\"><span style=\"color: #0000ff;\">2024<\/span><\/a><\/strong><\/p>\r\n<\/td>\r\n<\/tr>\r\n<tr style=\"mso-yfti-irow: 2;\">\r\n<td style=\"width: 92.1pt; border: double windowtext 1.5pt; border-top: none; mso-border-top-alt: double windowtext 1.5pt; padding: 0cm 5.4pt 0cm 5.4pt;\" valign=\"top\" width=\"123\">\r\n<p class=\"MsoNormal\" style=\"text-align: center; margin: 6.0pt 0cm 6.0pt 0cm;\" align=\"center\"><strong><a href=\"https:\/\/blog.hwr-berlin.de\/schmietendorf\/forschung-2015\/\"><span style=\"color: #0000ff;\">2015<\/span><\/a><\/strong><\/p>\r\n<\/td>\r\n<td style=\"width: 92.1pt; border-top: none; border-left: none; border-bottom: double windowtext 1.5pt; border-right: double windowtext 1.5pt; mso-border-top-alt: double windowtext 1.5pt; mso-border-left-alt: double windowtext 1.5pt; padding: 0cm 5.4pt 0cm 5.4pt;\" valign=\"top\" width=\"123\">\r\n<p class=\"MsoNormal\" style=\"text-align: center; margin: 6.0pt 0cm 6.0pt 0cm;\" align=\"center\"><strong><a href=\"https:\/\/blog.hwr-berlin.de\/schmietendorf\/publikationen-und-vortraege\/forschungs-2016\/\"><span style=\"color: #0000ff;\">2016<\/span><\/a><\/strong><\/p>\r\n<\/td>\r\n<td style=\"width: 92.1pt; border-top: none; border-left: none; border-bottom: double windowtext 1.5pt; border-right: double windowtext 1.5pt; mso-border-top-alt: double windowtext 1.5pt; mso-border-left-alt: double windowtext 1.5pt; padding: 0cm 5.4pt 0cm 5.4pt;\" valign=\"top\" width=\"123\">\r\n<p class=\"MsoNormal\" style=\"text-align: center; margin: 6.0pt 0cm 6.0pt 0cm;\" align=\"center\"><strong><a href=\"https:\/\/blog.hwr-berlin.de\/schmietendorf\/publikationen-und-vortraege\/forschung-2017\/\"><span style=\"color: #0000ff;\">2017<\/span><\/a><\/strong><\/p>\r\n<\/td>\r\n<td style=\"width: 92.15pt; border-top: none; border-left: none; border-bottom: double windowtext 1.5pt; border-right: double windowtext 1.5pt; mso-border-top-alt: double windowtext 1.5pt; mso-border-left-alt: double windowtext 1.5pt; padding: 0cm 5.4pt 0cm 5.4pt;\" valign=\"top\" width=\"123\">\r\n<p class=\"MsoNormal\" style=\"text-align: center; margin: 6.0pt 0cm 6.0pt 0cm;\" align=\"center\"><strong><a href=\"https:\/\/blog.hwr-berlin.de\/schmietendorf\/forschung-2018\" target=\"_blank\" rel=\"noopener noreferrer\"><span style=\"color: #0000ff;\">2018<\/span><\/a><\/strong><\/p>\r\n<\/td>\r\n<td style=\"width: 92.15pt; border-top: none; border-left: none; border-bottom: double windowtext 1.5pt; border-right: double windowtext 1.5pt; mso-border-top-alt: double windowtext 1.5pt; mso-border-left-alt: double windowtext 1.5pt; padding: 0cm 5.4pt 0cm 5.4pt;\" valign=\"top\" width=\"123\">\r\n<p class=\"MsoNormal\" style=\"text-align: center; margin: 6.0pt 0cm 6.0pt 0cm;\" align=\"center\"><a href=\"https:\/\/blog.hwr-berlin.de\/schmietendorf\/forschung-2019\"><strong><span style=\"color: #0000ff;\">2019<\/span><\/strong><\/a><\/p>\r\n<\/td>\r\n<\/tr>\r\n<tr style=\"mso-yfti-irow: 3;\">\r\n<td style=\"width: 92.1pt; border: double windowtext 1.5pt; border-top: none; mso-border-top-alt: double windowtext 1.5pt; padding: 0cm 5.4pt 0cm 5.4pt;\" valign=\"top\" width=\"123\">\r\n<p class=\"MsoNormal\" style=\"text-align: center; margin: 6.0pt 0cm 6.0pt 0cm;\" align=\"center\"><strong>2010<\/strong><\/p>\r\n<\/td>\r\n<td style=\"width: 92.1pt; border-top: none; border-left: none; border-bottom: double windowtext 1.5pt; border-right: double windowtext 1.5pt; mso-border-top-alt: double windowtext 1.5pt; mso-border-left-alt: double windowtext 1.5pt; padding: 0cm 5.4pt 0cm 5.4pt;\" valign=\"top\" width=\"123\">\r\n<p class=\"MsoNormal\" style=\"text-align: center; margin: 6.0pt 0cm 6.0pt 0cm;\" align=\"center\"><strong>2011<\/strong><\/p>\r\n<\/td>\r\n<td style=\"width: 92.1pt; border-top: none; border-left: none; border-bottom: double windowtext 1.5pt; border-right: double windowtext 1.5pt; mso-border-top-alt: double windowtext 1.5pt; mso-border-left-alt: double windowtext 1.5pt; padding: 0cm 5.4pt 0cm 5.4pt;\" valign=\"top\" width=\"123\">\r\n<p class=\"MsoNormal\" style=\"text-align: center; margin: 6.0pt 0cm 6.0pt 0cm;\" align=\"center\"><strong>2012<\/strong><\/p>\r\n<\/td>\r\n<td style=\"width: 92.15pt; border-top: none; border-left: none; border-bottom: double windowtext 1.5pt; border-right: double windowtext 1.5pt; mso-border-top-alt: double windowtext 1.5pt; mso-border-left-alt: double windowtext 1.5pt; padding: 0cm 5.4pt 0cm 5.4pt;\" valign=\"top\" width=\"123\">\r\n<p class=\"MsoNormal\" style=\"text-align: center; margin: 6.0pt 0cm 6.0pt 0cm;\" align=\"center\"><strong>2013<\/strong><\/p>\r\n<\/td>\r\n<td style=\"width: 92.15pt; border-top: none; border-left: none; border-bottom: double windowtext 1.5pt; border-right: double windowtext 1.5pt; mso-border-top-alt: double windowtext 1.5pt; mso-border-left-alt: double windowtext 1.5pt; padding: 0cm 5.4pt 0cm 5.4pt;\" valign=\"top\" width=\"123\">\r\n<p class=\"MsoNormal\" style=\"text-align: center; margin: 6.0pt 0cm 6.0pt 0cm;\" align=\"center\"><strong><a href=\"https:\/\/blog.hwr-berlin.de\/schmietendorf\/forschung-2014\"><span style=\"color: #0000ff;\">2014<\/span><\/a><\/strong><\/p>\r\n<\/td>\r\n<\/tr>\r\n<tr style=\"mso-yfti-irow: 4; mso-yfti-lastrow: yes;\">\r\n<td style=\"width: 92.1pt; border: double windowtext 1.5pt; border-top: none; mso-border-top-alt: double windowtext 1.5pt; padding: 0cm 5.4pt 0cm 5.4pt;\" valign=\"top\" width=\"123\">\r\n<p class=\"MsoNormal\" style=\"text-align: center; margin: 6.0pt 0cm 6.0pt 0cm;\" align=\"center\"><strong>2005<\/strong><\/p>\r\n<\/td>\r\n<td style=\"width: 92.1pt; border-top: none; border-left: none; border-bottom: double windowtext 1.5pt; border-right: double windowtext 1.5pt; mso-border-top-alt: double windowtext 1.5pt; mso-border-left-alt: double windowtext 1.5pt; padding: 0cm 5.4pt 0cm 5.4pt;\" valign=\"top\" width=\"123\">\r\n<p class=\"MsoNormal\" style=\"text-align: center; margin: 6.0pt 0cm 6.0pt 0cm;\" align=\"center\"><strong>2006<\/strong><\/p>\r\n<\/td>\r\n<td style=\"width: 92.1pt; border-top: none; border-left: none; border-bottom: double windowtext 1.5pt; border-right: double windowtext 1.5pt; mso-border-top-alt: double windowtext 1.5pt; mso-border-left-alt: double windowtext 1.5pt; padding: 0cm 5.4pt 0cm 5.4pt;\" valign=\"top\" width=\"123\">\r\n<p class=\"MsoNormal\" style=\"text-align: center; margin: 6.0pt 0cm 6.0pt 0cm;\" align=\"center\"><strong>2007<\/strong><\/p>\r\n<\/td>\r\n<td style=\"width: 92.15pt; border-top: none; border-left: none; border-bottom: double windowtext 1.5pt; border-right: double windowtext 1.5pt; mso-border-top-alt: double windowtext 1.5pt; mso-border-left-alt: double windowtext 1.5pt; padding: 0cm 5.4pt 0cm 5.4pt;\" valign=\"top\" width=\"123\">\r\n<p class=\"MsoNormal\" style=\"text-align: center; margin: 6.0pt 0cm 6.0pt 0cm;\" align=\"center\"><strong>2008<\/strong><\/p>\r\n<\/td>\r\n<td style=\"width: 92.15pt; border-top: none; border-left: none; border-bottom: double windowtext 1.5pt; border-right: double windowtext 1.5pt; mso-border-top-alt: double windowtext 1.5pt; mso-border-left-alt: double windowtext 1.5pt; padding: 0cm 5.4pt 0cm 5.4pt;\" valign=\"top\" width=\"123\">\r\n<p class=\"MsoNormal\" style=\"text-align: center; margin: 6.0pt 0cm 6.0pt 0cm;\" align=\"center\"><strong>2009<\/strong><\/p>\r\n<\/td>\r\n<\/tr>\r\n<\/tbody>\r\n<\/table>\r\n\r\n<p>&nbsp;<\/p>\r\n","protected":false},"excerpt":{"rendered":"<p>Im folgenden findet sich eine jahresbezogene \u00dcbersicht der erstellten Publikationen und Studien bzw. gehaltenen Vortr\u00e4ge. Dabei handelt es sich um Arbeiten die sowohl im industriellen als auch wissenschaftlichen Diskurs entstanden sind. 2025 2026 2027 2028 2029 2020 2021 2022 2023 2024 2015 2016 2017 2018 2019 2010 2011 2012 2013 2014 2005 2006 2007 2008 [&hellip;]<\/p>\n","protected":false},"author":2,"featured_media":0,"parent":0,"menu_order":0,"comment_status":"closed","ping_status":"closed","template":"","meta":{"footnotes":""},"class_list":["post-173","page","type-page","status-publish","hentry"],"_links":{"self":[{"href":"https:\/\/blog.hwr-berlin.de\/schmietendorf\/wp-json\/wp\/v2\/pages\/173","targetHints":{"allow":["GET"]}}],"collection":[{"href":"https:\/\/blog.hwr-berlin.de\/schmietendorf\/wp-json\/wp\/v2\/pages"}],"about":[{"href":"https:\/\/blog.hwr-berlin.de\/schmietendorf\/wp-json\/wp\/v2\/types\/page"}],"author":[{"embeddable":true,"href":"https:\/\/blog.hwr-berlin.de\/schmietendorf\/wp-json\/wp\/v2\/users\/2"}],"replies":[{"embeddable":true,"href":"https:\/\/blog.hwr-berlin.de\/schmietendorf\/wp-json\/wp\/v2\/comments?post=173"}],"version-history":[{"count":20,"href":"https:\/\/blog.hwr-berlin.de\/schmietendorf\/wp-json\/wp\/v2\/pages\/173\/revisions"}],"predecessor-version":[{"id":2182,"href":"https:\/\/blog.hwr-berlin.de\/schmietendorf\/wp-json\/wp\/v2\/pages\/173\/revisions\/2182"}],"wp:attachment":[{"href":"https:\/\/blog.hwr-berlin.de\/schmietendorf\/wp-json\/wp\/v2\/media?parent=173"}],"curies":[{"name":"wp","href":"https:\/\/api.w.org\/{rel}","templated":true}]}}