

{"id":1864,"date":"2025-02-19T17:22:01","date_gmt":"2025-02-19T16:22:01","guid":{"rendered":"https:\/\/blog.hwr-berlin.de\/schmietendorf\/?page_id=1864"},"modified":"2025-02-19T17:26:34","modified_gmt":"2025-02-19T16:26:34","slug":"doktorandentag-am-18-februar-2025","status":"publish","type":"page","link":"https:\/\/blog.hwr-berlin.de\/schmietendorf\/doktorandentag-am-18-februar-2025\/","title":{"rendered":"Doktorandentag am 18. Februar 2025"},"content":{"rendered":"<p><strong>Beitr\u00e4ge zum Download<\/strong><\/p>\n<p><span style=\"color: #0000ff;\"><a style=\"color: #0000ff;\" href=\"https:\/\/blog.hwr-berlin.de\/schmietendorf\/wp-content\/uploads\/2025\/02\/Doktorandentag-18Feb2025-v2.pdf\" target=\"_blank\" rel=\"noopener\">\u00dcbersicht zur Veranstaltung<\/a><\/span><\/p>\n<p>Herr Dr. Konrad Nadobny &#8211; <span style=\"color: #0000ff;\"><a style=\"color: #0000ff;\" href=\"https:\/\/blog.hwr-berlin.de\/schmietendorf\/wp-content\/uploads\/2025\/02\/PhD-Feb2025-nadobny.pdf\" target=\"_blank\" rel=\"noopener\">Impuls<\/a><\/span><br \/>\nB\u00fcrokratische Stromschnellen auf dem Weg zur Promotion (der eigener Abschluss erfolgte am 07.\u00a0Februar 2025 an der OvG-Universit\u00e4t Magdeburg)<\/p>\n<p>Herr Prof. Dr. Andreas Schmietendorf &#8211; <span style=\"color: #0000ff;\"><a style=\"color: #0000ff;\" href=\"https:\/\/blog.hwr-berlin.de\/schmietendorf\/wp-content\/uploads\/2025\/02\/PhD-Feb2025-schmietendorf-v1-1.pdf\" target=\"_blank\" rel=\"noopener\">Impuls<\/a><\/span><br \/>\nVergleich zwischen kooperativen Promotionsverfahren und <span style=\"text-decoration: line-through;\">angedachten<\/span> Promotionszentren der Hochschulen f\u00fcr angewandte Wissenschaften<\/p>\n<p>&nbsp;<\/p>\n","protected":false},"excerpt":{"rendered":"<p>Beitr\u00e4ge zum Download \u00dcbersicht zur Veranstaltung Herr Dr. Konrad Nadobny &#8211; Impuls B\u00fcrokratische Stromschnellen auf dem Weg zur Promotion (der eigener Abschluss erfolgte am 07.\u00a0Februar 2025 an der OvG-Universit\u00e4t Magdeburg) Herr Prof. Dr. Andreas Schmietendorf &#8211; Impuls Vergleich zwischen kooperativen Promotionsverfahren und angedachten Promotionszentren der Hochschulen f\u00fcr angewandte Wissenschaften &nbsp;<\/p>\n","protected":false},"author":2,"featured_media":0,"parent":0,"menu_order":0,"comment_status":"closed","ping_status":"closed","template":"","meta":{"footnotes":""},"class_list":["post-1864","page","type-page","status-publish","hentry"],"_links":{"self":[{"href":"https:\/\/blog.hwr-berlin.de\/schmietendorf\/wp-json\/wp\/v2\/pages\/1864","targetHints":{"allow":["GET"]}}],"collection":[{"href":"https:\/\/blog.hwr-berlin.de\/schmietendorf\/wp-json\/wp\/v2\/pages"}],"about":[{"href":"https:\/\/blog.hwr-berlin.de\/schmietendorf\/wp-json\/wp\/v2\/types\/page"}],"author":[{"embeddable":true,"href":"https:\/\/blog.hwr-berlin.de\/schmietendorf\/wp-json\/wp\/v2\/users\/2"}],"replies":[{"embeddable":true,"href":"https:\/\/blog.hwr-berlin.de\/schmietendorf\/wp-json\/wp\/v2\/comments?post=1864"}],"version-history":[{"count":5,"href":"https:\/\/blog.hwr-berlin.de\/schmietendorf\/wp-json\/wp\/v2\/pages\/1864\/revisions"}],"predecessor-version":[{"id":1873,"href":"https:\/\/blog.hwr-berlin.de\/schmietendorf\/wp-json\/wp\/v2\/pages\/1864\/revisions\/1873"}],"wp:attachment":[{"href":"https:\/\/blog.hwr-berlin.de\/schmietendorf\/wp-json\/wp\/v2\/media?parent=1864"}],"curies":[{"name":"wp","href":"https:\/\/api.w.org\/{rel}","templated":true}]}}