

{"id":1877,"date":"2025-02-21T12:02:45","date_gmt":"2025-02-21T11:02:45","guid":{"rendered":"https:\/\/blog.hwr-berlin.de\/schmietendorf\/?page_id=1877"},"modified":"2025-02-28T15:05:48","modified_gmt":"2025-02-28T14:05:48","slug":"workhsop-12-november-2024-iese-kaiserlautern","status":"publish","type":"page","link":"https:\/\/blog.hwr-berlin.de\/schmietendorf\/workhsop-12-november-2024-iese-kaiserlautern\/","title":{"rendered":"Workhsop 12. November 2024 &#8211; IESE Kaiserlautern"},"content":{"rendered":"<p><strong>Beitr\u00e4ge des Workshops:<\/strong><\/p>\n<p>Impuls zu den Hintergr\u00fcnden und Zielen des TAHAI-Projekts &#8211; <span style=\"color: #0000ff;\"><a style=\"color: #0000ff;\" href=\"https:\/\/blog.hwr-berlin.de\/schmietendorf\/wp-content\/uploads\/2025\/02\/schmietendorf-esapi2024.pdf\" target=\"_blank\" rel=\"noopener\">Download<\/a><\/span><br \/>\nProf. Dr. Andreas Schmietendorf (<em>HWR Berlin\/Uni Magdeburg<\/em>)<\/p>\n<p>Impuls zu den KI-Ergebnissen im Mediationsdiskurs &#8211; <span style=\"color: #0000ff;\"><a style=\"color: #0000ff;\" href=\"https:\/\/blog.hwr-berlin.de\/schmietendorf\/wp-content\/uploads\/2025\/02\/letzel-esapi2024.pdf\" target=\"_blank\" rel=\"noopener\">Download<\/a><\/span><br \/>\nWalter Letzel (<em>TU Berlin<\/em>)<\/p>\n<p>Impuls zu den Herausforderungen des EU Artificial Intelligence Acts &#8211; <span style=\"color: #0000ff;\"><a style=\"color: #0000ff;\" href=\"https:\/\/blog.hwr-berlin.de\/schmietendorf\/wp-content\/uploads\/2025\/02\/schnieders-esapi2024.pdf\" target=\"_blank\" rel=\"noopener\">Download<\/a><\/span><br \/>\nProf. Dr. Ralf Schnieders (<em>HTW Berlin<\/em>)<\/p>\n<p>Robuste KI-Systeme entwickeln mit dem Badgers Bad Data Generator<br \/>\nDr. Julien Siebert (<em>Fraunhofer IESE<\/em>)<\/p>\n<p>Unsicherheiten in KI-Systemen managen: Transparenz und Zuverl\u00e4ssigkeit durch Uncertainty Wrappers<br \/>\nDr. Michael Kl\u00e4s (<em>Fraunhofer IESE<\/em>)<\/p>\n<p>KI-basierte Totholzerkennung in der Forstwirtschaft (Online-Beitrag) &#8211; <span style=\"color: #0000ff;\"><a style=\"color: #0000ff;\" href=\"https:\/\/blog.hwr-berlin.de\/schmietendorf\/wp-content\/uploads\/2025\/02\/rodner-esapi2024.pdf\" target=\"_blank\" rel=\"noopener\">Download<\/a><\/span><br \/>\nProf. Dr. Erik Rodner <em>(HTW Berlin)<\/em><\/p>\n<p>KI-gest\u00fctzte F\u00f6rderung nachhaltiger Forstwirtschaft<br \/>\nDr. Andreas Jedlitschka (<em>Fraunhofer IESE<\/em>)<\/p>\n<p>Diskussionsrunde &#8211; KI-Sicherheit im Diskurs dom\u00e4nenspezifischer Anwendungsfelder &#8211; <a href=\"https:\/\/blog.hwr-berlin.de\/schmietendorf\/wp-content\/uploads\/2025\/02\/hartenstein-esapi2024-1.pdf\" target=\"_blank\" rel=\"noopener\"><span style=\"color: #0000ff;\">Download<\/span><\/a><br \/>\nSandro Hartenstein <em>(HWR Berlin)<\/em><\/p>\n<p>Bem.: Einige Beitr\u00e4ge werden auch innerhalb des folgenden Tagungsbands zur Verf\u00fcgung gestellt:<\/p>\n<p>Schmietendorf, A.; Rodner, E.; Schnieders, R.: Herausforderungen Low-Code orientierter KI-Ans\u00e4tze \u2013 Ergebnisse eines \u00f6ffentlichen Expertenworkshops am Fraunhofer IESE unter Ber\u00fccksichtigung der TAHAI-Projektergebnisse, in Berliner Schriften zu modernen Integrationsarchitekturen, Shaker-Verlag, D\u00fcren, Band 30, ISBN 978-3-8440-9729-0 (in Vorbereitung f\u00fcr I\/2025)<\/p>\n","protected":false},"excerpt":{"rendered":"<p>Beitr\u00e4ge des Workshops: Impuls zu den Hintergr\u00fcnden und Zielen des TAHAI-Projekts &#8211; Download Prof. Dr. Andreas Schmietendorf (HWR Berlin\/Uni Magdeburg) Impuls zu den KI-Ergebnissen im Mediationsdiskurs &#8211; Download Walter Letzel (TU Berlin) Impuls zu den Herausforderungen des EU Artificial Intelligence Acts &#8211; Download Prof. Dr. Ralf Schnieders (HTW Berlin) Robuste KI-Systeme entwickeln mit dem Badgers [&hellip;]<\/p>\n","protected":false},"author":2,"featured_media":0,"parent":0,"menu_order":0,"comment_status":"closed","ping_status":"closed","template":"","meta":{"footnotes":""},"class_list":["post-1877","page","type-page","status-publish","hentry"],"_links":{"self":[{"href":"https:\/\/blog.hwr-berlin.de\/schmietendorf\/wp-json\/wp\/v2\/pages\/1877","targetHints":{"allow":["GET"]}}],"collection":[{"href":"https:\/\/blog.hwr-berlin.de\/schmietendorf\/wp-json\/wp\/v2\/pages"}],"about":[{"href":"https:\/\/blog.hwr-berlin.de\/schmietendorf\/wp-json\/wp\/v2\/types\/page"}],"author":[{"embeddable":true,"href":"https:\/\/blog.hwr-berlin.de\/schmietendorf\/wp-json\/wp\/v2\/users\/2"}],"replies":[{"embeddable":true,"href":"https:\/\/blog.hwr-berlin.de\/schmietendorf\/wp-json\/wp\/v2\/comments?post=1877"}],"version-history":[{"count":12,"href":"https:\/\/blog.hwr-berlin.de\/schmietendorf\/wp-json\/wp\/v2\/pages\/1877\/revisions"}],"predecessor-version":[{"id":1901,"href":"https:\/\/blog.hwr-berlin.de\/schmietendorf\/wp-json\/wp\/v2\/pages\/1877\/revisions\/1901"}],"wp:attachment":[{"href":"https:\/\/blog.hwr-berlin.de\/schmietendorf\/wp-json\/wp\/v2\/media?parent=1877"}],"curies":[{"name":"wp","href":"https:\/\/api.w.org\/{rel}","templated":true}]}}