

{"id":190,"date":"2018-02-01T18:43:13","date_gmt":"2018-02-01T17:43:13","guid":{"rendered":"https:\/\/blog.hwr-berlin.de\/schmietendorf\/?page_id=190"},"modified":"2018-02-01T18:43:13","modified_gmt":"2018-02-01T17:43:13","slug":"forschung-2014","status":"publish","type":"page","link":"https:\/\/blog.hwr-berlin.de\/schmietendorf\/forschung-2014\/","title":{"rendered":"Forschung 2014"},"content":{"rendered":"<p><b><i><span style=\"font-family: Arial;\">Gehaltene Vortr\u00e4ge<\/span><\/i><\/b><\/p>\n<ul>\n<li>Schmietendorf, A.: Einf\u00fchrungsvortrag &#8211; Theorie und Praxis von Big Data Szenarien (Mythen \u2013 Ziele \u2013 Realit\u00e4ten \u2013 Strategien), Learnshop: Theorie und Praxis von Big Data Szenarien, Dresden, 18. M\u00e4rz 2014<\/li>\n<li>Bauer, M.; Schmietendorf, A. (Moderation): Prozessbezogene Cloud-Services in mittelst\u00e4ndischen Unternehmen, Roundtable im Rahmen der Enterprise Computing Conference (ECC 2014), Dresden, 20. M\u00e4rz 2014<\/li>\n<li>Schmietendorf, A.: Cross-Platform orientiertes Mobile Device Management (On-Premise vs. Cloud-L\u00f6sungen), Vortrag im Rahmen der Enterprise Computing Conference (ECC 2014), Dresden, 20. M\u00e4rz 2014<\/li>\n<li>Simon, F.; Schmietendorf, A. (Fachbeirat): Virtualisiertes Testen f\u00fcr echte Qualit\u00e4t, Einf\u00fchrungsvortrag im Rahmen der 21. OBJEKTspektrum Information Days, jeweils in Stuttgart, Darmstadt, K\u00f6ln, 1.-3. April 2014<\/li>\n<li>Schmietendorf, A.: Erfahrungen bei der Einf\u00fchrung von prozessbezogenen Cloud-Services in mittelst\u00e4ndischen Unternehmen, Vortrag im Rahmen der 9. Wismarer Wirtschaftsinformatiktage an der Hochschule Wismar, 12. Juni 2014<\/li>\n<li>Schmietendorf, A.: Qualit\u00e4tsgesicherte \u00dcberf\u00fchrung interner IT-L\u00f6sungen bei KMUs zu einem Cloud-Anbieter, Vortrag zum BITKOM Software Summit &#8211; Software verbindet Welten, Frankfurt\/M., 23.09.2014<\/li>\n<li>Schmietendorf, A.: Kosten- und Nutzenanalysen bei der Auswahl prozessbezogener Cloud-Services f\u00fcr Klein- und Mittelst\u00e4ndische Unternehmen, Vortrag im Rahmen des DASMA Software Metrik Kongress (Metrikon2014), Stuttgart, 06. November 2014<\/li>\n<li>Schmietendorf, A.: Entwicklung und Einsatz von Big Data Applikationen: eine kritische Betrachtung der einhergehenden Aufw\u00e4nde, Vortrag im Rahmen des DASMA Software Metrik Kongress (Metrikon2014), Stuttgart, 07. November 2014<\/li>\n<\/ul>\n<p><b><i><span style=\"font-family: Arial;\">Externe Publikationen<\/span><\/i><\/b><\/p>\n<ul>\n<li>Schmietendorf, A.; Simon, F.: Bewertungsaspekte service- und cloudbasierter Architekturen (BSOA\/BCloud2013) &#8211; detaillierter Workshopbericht, in Software Measurement News, Journal of GI-Interest Group on Software Metrics, S. 9-14, Vol. 19 No. 1, M\u00e4rz 2014, ISSN 1867-9196<\/li>\n<li>R\u00f6sler, F.; Nitze, A.; Schmietendorf, A.: Performance Evaluation of Cross-Platform Mobile Applications, in Software Measurement News, Journal of GI-Interest Group on Software Metrics, S. 15-20, Vol. 19 No. 1, M\u00e4rz 2014, ISSN 1867-9196<\/li>\n<li>Nitze, A.; Schmietendorf, A.: Cross-Platform Mobile Application Development, in Wuksch, D.; Peischl, B.; Kop, C.: Selected Topics to the User Conference on Software Quality, Test and Innovation 2013, S. 29-32, \u00d6sterreichische Computer Gesellschaft &#8211; Band 303, April 2014, ISBN 978-3-85403-303-5<\/li>\n<li>Schmietendorf, A.; Nitze, A.: Lust und Frust mit Apps &#8211; Die Forschungsstudie: \u201eQualitative und quantitative Bewertungsaspekte bei der agilen Softwareentwicklung plattform\u00fcbergreifender mobiler Applikationen\u201c, in SemesterJournal 1\/2014, S. 36, HWR Berlin, Juni 2014, ISSN 0945-7933<\/li>\n<li>Schmietendorf, A.; Bauer, M.: Erfahrungen bei der Einf\u00fchrung von prozessbezogenen Cloud-Services in mittelst\u00e4ndischen Unternehmen, in Cleve, J.; Alde, E.: Proceedings 9. Wismarer Wirtschaftsinformatiktage (WIWITA 2014), S. 1-13, Hochschule Wismar 2014, ISBN 978-3-942100-14-4<\/li>\n<li>Nitze, A.; Schmietendorf, A.: Konzeptionelle Ans\u00e4tze f\u00fcr ein Modell zur Aufwandssch\u00e4tzung in der App-Entwicklung, in Cleve, J.; Alde, E.: Proceedings 9. Wismarer Wirtschaftsinformatiktage (WIWITA 2014), S. 145-157, Hochschule Wismar 2014, ISBN 978-3-942100-14-4<\/li>\n<li>R\u00f6sler, F.; Nitze, A.; Schmietendorf, A.: Performance implications of different mobile application types, in Proc.: The Ninth International Conference on Internet and Web Applications and Services (ICIW 2014), S. 55-59, IARIA, Paris\/France, July 2014, ISBN 978-1-61208-361-2<\/li>\n<li>Nitze, A.; Schmietendorf, A.: Modularity of JavaScript Libraries and Frameworks in modern Web Applications, akzeptierter Beitrag zur 12. Anwenderkonferenz f\u00fcr Softwarequalit\u00e4t, Test und Innovation (ASQT 2014), Klagenfurt\/\u00d6sterreich, September 2014<\/li>\n<li>Dumke, R.; Neumann, R.; Schmietendorf, A.; Wille, C.: Empirical-based extension of COSMIC, in Proc.: 24th International Workshop on Software Measurement and the 9th International Conference on Software Process and Product Measurement (IWSM\/Mensura 2014), S. 5-10, IEEE, Rotterdam\/Netherlands, ISBN 978-1-4799-4174-2<\/li>\n<li>Nitze, A.; Schmietendorf, A.; Dumke, R.: An Analogy-Based Effort Estimation Approach for Mobile Application Development Projects, in Proc.: 24th International Workshop on Software Measurement and the 9th International Conference on Software Process and Product Measurement (IWSM\/Mensura 2014), S. 99 &#8211; 103, IEEE, Rotterdam\/Netherlands, ISBN 978-1-4799-4174-2<\/li>\n<li>Kiese, T.; Ohms, K.; Schmietendorf, A.: Einsatz dokumentenorientierte Serviceschnittstellen bei NoSQL-Datenbanksystemen am Beispiel von CouchDB, in Tagungsband BSOA\/BCloud 2014, Shaker-Verlag, Aachen, November 2014, ISBN 978-3-8440-2940-6<\/li>\n<li>Schmietendorf, A.; Dumke, R.: Softwareentwicklung von Big Data Applikationen: eine kritische Betrachtung der einhergehenden Aufw\u00e4nde, in Tagungsband MetriKon 2014 &#8211; Praxis der Software-Messung, Shaker-Verlag, Aachen, November 2014, ISBN 978-3-8440-3163-8<\/li>\n<li>Schmietendorf, A.; Bauer, M.: Bewertungsaspekte beim Einsatz prozessbezogener Cloud-Services bei Klein- und Mittelst\u00e4ndischen Unternehmen, in Tagungsband MetriKon 2014 &#8211; Praxis der Software-Messung, Shaker-Verlag, Aachen, November 2014, ISBN 978-3-8440-3163-8<\/li>\n<\/ul>\n<p><b><i><span style=\"font-family: Arial;\">Publizierte B\u00fccher<\/span><\/i><\/b><\/p>\n<ul>\n<li>Nitze, A.; Schmietendorf, A.: Qualitative und quantitative Bewertungsaspekte bei der agilen Softwareentwicklung plattform\u00fcbergreifender mobiler Applikationen, Forschungsstudie (Monografie), 166 Seiten, Logos-Verlag, Berlin, August 2014, ISBN 978-3-8325-3774-6<\/li>\n<li>Dumke, R.; Schmietendorf, A.; Seufert, M.; Wille, C.: The Next Generation of Functional Size Measurement &#8211; Handbuch der Software-Umfangsmessung und Aufwandsch\u00e4tzung, 570 Seiten, Logos-Verlag, Berlin, September 2014, ISBN 978-3-8325-3784-5<\/li>\n<li>Schmietendorf, A.; Simon, F. (Hrsg.): BSOA\/BCloud 2014 &#8211; 9. Workshop Bewertungsaspekte service- und cloudbasierter Architekturen (Frankfurt\/M. &#8211; 04. November 2014), in Berliner Schriften zu modernen Integrationsarchitekuren, Shaker-Verlag, Aachen, November 2014, ISBN 978-3-8440-2940-6<\/li>\n<\/ul>\n","protected":false},"excerpt":{"rendered":"<p>Gehaltene Vortr\u00e4ge Schmietendorf, A.: Einf\u00fchrungsvortrag &#8211; Theorie und Praxis von Big Data Szenarien (Mythen \u2013 Ziele \u2013 Realit\u00e4ten \u2013 Strategien), Learnshop: Theorie und Praxis von Big Data Szenarien, Dresden, 18. M\u00e4rz 2014 Bauer, M.; Schmietendorf, A. (Moderation): Prozessbezogene Cloud-Services in mittelst\u00e4ndischen Unternehmen, Roundtable im Rahmen der Enterprise Computing Conference (ECC 2014), Dresden, 20. M\u00e4rz 2014 [&hellip;]<\/p>\n","protected":false},"author":2,"featured_media":0,"parent":0,"menu_order":0,"comment_status":"closed","ping_status":"closed","template":"","meta":{"footnotes":""},"class_list":["post-190","page","type-page","status-publish","hentry"],"_links":{"self":[{"href":"https:\/\/blog.hwr-berlin.de\/schmietendorf\/wp-json\/wp\/v2\/pages\/190","targetHints":{"allow":["GET"]}}],"collection":[{"href":"https:\/\/blog.hwr-berlin.de\/schmietendorf\/wp-json\/wp\/v2\/pages"}],"about":[{"href":"https:\/\/blog.hwr-berlin.de\/schmietendorf\/wp-json\/wp\/v2\/types\/page"}],"author":[{"embeddable":true,"href":"https:\/\/blog.hwr-berlin.de\/schmietendorf\/wp-json\/wp\/v2\/users\/2"}],"replies":[{"embeddable":true,"href":"https:\/\/blog.hwr-berlin.de\/schmietendorf\/wp-json\/wp\/v2\/comments?post=190"}],"version-history":[{"count":1,"href":"https:\/\/blog.hwr-berlin.de\/schmietendorf\/wp-json\/wp\/v2\/pages\/190\/revisions"}],"predecessor-version":[{"id":191,"href":"https:\/\/blog.hwr-berlin.de\/schmietendorf\/wp-json\/wp\/v2\/pages\/190\/revisions\/191"}],"wp:attachment":[{"href":"https:\/\/blog.hwr-berlin.de\/schmietendorf\/wp-json\/wp\/v2\/media?parent=190"}],"curies":[{"name":"wp","href":"https:\/\/api.w.org\/{rel}","templated":true}]}}