

{"id":1945,"date":"2025-03-31T12:39:35","date_gmt":"2025-03-31T10:39:35","guid":{"rendered":"https:\/\/blog.hwr-berlin.de\/schmietendorf\/?page_id=1945"},"modified":"2025-03-31T19:16:51","modified_gmt":"2025-03-31T17:16:51","slug":"ki-sicherheit-im-diskurs-der-ergebnisse-des-forschungspro-jekts-tahai-trustadhocai-auswirkungen-auf-technische-or-ganisatorische-und-ethische-aspekte","status":"publish","type":"page","link":"https:\/\/blog.hwr-berlin.de\/schmietendorf\/ki-sicherheit-im-diskurs-der-ergebnisse-des-forschungspro-jekts-tahai-trustadhocai-auswirkungen-auf-technische-or-ganisatorische-und-ethische-aspekte\/","title":{"rendered":"Workshop zum Thema der KI-Sicherheit"},"content":{"rendered":"<p>HTW Berlin \u2013 Campus Wilheminenhof, 13. M\u00e4rz 2025 (13:00 bis 16:30 Uhr)<\/p>\n<p>Vortr\u00e4ge zum Download:<\/p>\n<ul>\n<li>Andreas Schmietendorf (HWR Berlin, Universit\u00e4t Magdeburg):<br \/>\n<span style=\"color: #0000ff;\"><a style=\"color: #0000ff;\" href=\"https:\/\/blog.hwr-berlin.de\/schmietendorf\/wp-content\/uploads\/2025\/03\/Schmietendorf-Herausforderungen-KI-Dienste.pdf\" target=\"_blank\" rel=\"noopener\">Herausforderungen API-basierter KI-Dienste (Blackbox, Vorhersagbarkeit, XAI, Robustness, Fairness, \u2026)<\/a><\/span><\/li>\n<li>Rainer Rumpel (Auriscon): <span style=\"color: #0000ff;\"><br \/>\n<a style=\"color: #0000ff;\" href=\"https:\/\/blog.hwr-berlin.de\/schmietendorf\/wp-content\/uploads\/2025\/03\/Rumpel-Spezielle-Angriffsvektoren.pdf\" target=\"_blank\" rel=\"noopener\">Spezielle Angriffsvektoren \/ -arten von KI (Bedrohungsmodellierung)<\/a><\/span><\/li>\n<li>Janek Gro\u00df (HS Mainz):<br \/>\n<span style=\"color: #0000ff;\"><a style=\"color: #0000ff;\" href=\"https:\/\/blog.hwr-berlin.de\/schmietendorf\/wp-content\/uploads\/2025\/03\/Gross-Towards-Reliable-AI.pdf\" target=\"_blank\" rel=\"noopener\">Towards Reliable AI \/ ML Testing by Systematic Assessment of Test Data Quality<\/a><\/span><\/li>\n<li>Rudolf Hoffmann (HTW Berlin): <span style=\"color: #0000ff;\"><br \/>\n<a style=\"color: #0000ff;\" href=\"https:\/\/blog.hwr-berlin.de\/schmietendorf\/wp-content\/uploads\/2025\/03\/Hoffmann-Robustheitsanalyse.pdf\" target=\"_blank\" rel=\"noopener\">Robustheitsanalyse f\u00fcr Vision-Modelle<\/a><\/span><\/li>\n<li>Sandro Hartenstein (HWR Berlin, Universit\u00e4t Magdeburg):<br \/>\n<span style=\"color: #0000ff;\"><a style=\"color: #0000ff;\" href=\"https:\/\/blog.hwr-berlin.de\/schmietendorf\/wp-content\/uploads\/2025\/03\/Hartenstein-Sicherheitsbewertung.pdf\" target=\"_blank\" rel=\"noopener\">Sicherheitsbewertung durch Angriff und Verteidigung: Ein KI-Benchmark mit pr\u00e4ventiven Klassifikationsmethoden<\/a><\/span><\/li>\n<\/ul>\n","protected":false},"excerpt":{"rendered":"<p>HTW Berlin \u2013 Campus Wilheminenhof, 13. M\u00e4rz 2025 (13:00 bis 16:30 Uhr) Vortr\u00e4ge zum Download: Andreas Schmietendorf (HWR Berlin, Universit\u00e4t Magdeburg): Herausforderungen API-basierter KI-Dienste (Blackbox, Vorhersagbarkeit, XAI, Robustness, Fairness, \u2026) Rainer Rumpel (Auriscon): Spezielle Angriffsvektoren \/ -arten von KI (Bedrohungsmodellierung) Janek Gro\u00df (HS Mainz): Towards Reliable AI \/ ML Testing by Systematic Assessment of Test [&hellip;]<\/p>\n","protected":false},"author":2,"featured_media":0,"parent":0,"menu_order":0,"comment_status":"closed","ping_status":"closed","template":"","meta":{"footnotes":""},"class_list":["post-1945","page","type-page","status-publish","hentry"],"_links":{"self":[{"href":"https:\/\/blog.hwr-berlin.de\/schmietendorf\/wp-json\/wp\/v2\/pages\/1945","targetHints":{"allow":["GET"]}}],"collection":[{"href":"https:\/\/blog.hwr-berlin.de\/schmietendorf\/wp-json\/wp\/v2\/pages"}],"about":[{"href":"https:\/\/blog.hwr-berlin.de\/schmietendorf\/wp-json\/wp\/v2\/types\/page"}],"author":[{"embeddable":true,"href":"https:\/\/blog.hwr-berlin.de\/schmietendorf\/wp-json\/wp\/v2\/users\/2"}],"replies":[{"embeddable":true,"href":"https:\/\/blog.hwr-berlin.de\/schmietendorf\/wp-json\/wp\/v2\/comments?post=1945"}],"version-history":[{"count":10,"href":"https:\/\/blog.hwr-berlin.de\/schmietendorf\/wp-json\/wp\/v2\/pages\/1945\/revisions"}],"predecessor-version":[{"id":1961,"href":"https:\/\/blog.hwr-berlin.de\/schmietendorf\/wp-json\/wp\/v2\/pages\/1945\/revisions\/1961"}],"wp:attachment":[{"href":"https:\/\/blog.hwr-berlin.de\/schmietendorf\/wp-json\/wp\/v2\/media?parent=1945"}],"curies":[{"name":"wp","href":"https:\/\/api.w.org\/{rel}","templated":true}]}}