

{"id":197,"date":"2018-02-14T16:15:32","date_gmt":"2018-02-14T15:15:32","guid":{"rendered":"https:\/\/blog.hwr-berlin.de\/schmietendorf\/?page_id=197"},"modified":"2020-01-24T12:02:02","modified_gmt":"2020-01-24T11:02:02","slug":"forschung-2018","status":"publish","type":"page","link":"https:\/\/blog.hwr-berlin.de\/schmietendorf\/forschung-2018\/","title":{"rendered":"Forschung 2018"},"content":{"rendered":"<p><b><i>Gehaltene Vortr\u00e4ge, Moderationen und gegebene Interviews<br \/>\n<\/i><\/b><\/p>\n<ul>\n<li>Schmietendorf, A.: Experteninterview, in Bahr, I.: Report: Wo bleiben Potenziale im deutschen SaaS Markt unausgesch\u00f6pft?, 09. M\u00e4rz 2018, https:\/\/www.capterra.com.de\/blog\/264\/potenziale-deutscher-saas-markt<\/li>\n<li>Schmietendorf, A. (Moderation): Digitalisierung im Diskurs konservativer Gesch\u00e4ftsmodelle, Podiumsdiskussion im Rahmen der Enterprise Computing Conference (ECC 2018), Hamburg, 18. April 2018<\/li>\n<li>Schmietendorf, A.: Entwicklung und Management von Open Data und Open API Angeboten, Er\u00f6ffnungsvortrag im Rahmen des gleichnamigen Workshops auf der Enterprise Computing Conference (ECC 2018), Berlin, 19. April 2018<\/li>\n<li>\u00a0Kunisch, M.; Schmietendorf, A.: Hintergrundgespr\u00e4ch zur Studie &#8222;Cloud-Nutzung im dt. Mittelstand&#8220; (Interview zum Schwerpunkt Performance), Redakteurin: Narloch, S., in <em>funkschau<\/em> 8\/2018, WEKA-Verlagsgruppe, 27. April 2018<\/li>\n<li>Schmietendorf, A.: Cloud-L\u00f6sungen f\u00fcr KMUs als Grundlage einer erfolgreichen Digitalisierungstrategie, Vortrag im Rahmen der 11. Wismarer Wirtschaftsinformatiktage an der Hochschule Wismar (WIWITA 2018), 07. Juni 2018<\/li>\n<li>Schmietendorf, A.: Open APIs als Treiber der Digitalisierung, eine empirische Betrachtung, Vortrag im Rahmen der 11. Wismarer Wirtschaftsinformatiktage an der Hochschule Wismar (WIWITA 2018), 07. Juni 2018<\/li>\n<li>Schmietendorf, A.: Digitalisierung &#8211; allumfassende Vernetzung und Automation der Arbeits- und Privatwelt, Keynote im Rahmen des Mediationskongresses (Mediation 4.0 &#8211; Mut zur Ver\u00e4nderung), Weimar, 09. Juni 2018<br \/>\n(siehe v. Bismarck, S.: Konfliktl\u00f6sungen&#8230;, Spektrum der Mediation 73\/2018, S. 53)<\/li>\n<li>Schmietendorf, A.: Experteninterview, in Bahr, I.: <span class=\"topline\">5 Schritte zur Digitalen Transformation &#8211; A<\/span>uf der Suche &#8230;, 02. Juli 2018, https:\/\/www.it-daily.net\/it-management\/digitale-transformation\/18994-auf-der-suche-nach-der-zauberformel-fuer-die-digitalisierung<\/li>\n<li>Schmietendorf, A.: Deep-Dive Workshop: Virtualisierung der Softwareentwicklung, Impulsvortrag im Rahmen des DevCamp der Gesellschaft f\u00fcr Informatik, Informatikfestival, Berlin, 28.09.2018<\/li>\n<li>Mandl, P.; Schmietendorf, A.: Er\u00f6ffnungsvortrag zum 2. Workshop &#8222;Evaluation of Service-APIs &#8211; Motivation und Ziele&#8220;, Hochschule M\u00fcnchen, 08. November 2018<\/li>\n<li>&#8230;<\/li>\n<\/ul>\n<p><b><i>Externe Publikationen<\/i><\/b><\/p>\n<ul>\n<li>Schmietendorf, A.; Hentschel, J.: Agile Qualit\u00e4tssicherung von Big Data Projekten &#8211; Bedarf an integrierten Test- und Bewertungsans\u00e4tzen, in Rundbrief des Fachausschusses WI-MAW der Gesellschaft f\u00fcr Informatik, S. 24-32, Heft 1\/2018, April 2018, ISSN 1610-5753<\/li>\n<li>Binzen, M.; Nadobny, K.; Neumann, H.; Nitze, A.; Schmietendorf, A.: Workshop \u201cEvaluation of Service-APIs \u2013 ESAPI 2017\u201c Service APIs als Enabler einer erfolgreichen Digitalisierung, in Rundbrief des Fachausschusses WI-MAW der Gesellschaft f\u00fcr Informatik, S. 71-75, Heft 1\/2018, April 2018, ISSN 1610-5753<\/li>\n<li>Schmietendorf, A.: Interview zu den Inhalten der Keynote &#8222;Digitalisierung &#8211; allumfassende Vernetzung und Automation der Arbeits- und Privatwelt&#8220; anl\u00e4\u00dflich des BarCamp &#8222;Mediation 4.0 &#8211; Mut zur Ver\u00e4nderung&#8220;, in Zeitschrift ZKJ, S. 118, Ausgabe M\u00e4rz 2018, 13. Jahrgang, ISSN 1861-6631<\/li>\n<li>Binzen, M.; Nadobny, K.; Neumann, H.; Nitze, A.; Schmietendorf, A.: Workshop \u201cEvaluation of Service-APIs \u2013 ESAPI 2017\u201c Service APIs als Enabler einer erfolgreichen Digitalisierung (detaillierter Bericht), in Software Measurement News \u2013 Journal of the Software Metrics Community, S. 11-15, Volume 23, Number 1, March 2018<\/li>\n<li>Schmietendorf, A.; Nitze, A.: Empirische Untersuchung zum Einsatz von SaaS-L\u00f6sungen bei Klein- und mittelst\u00e4ndischen Unternehmen (KMUs), in Software Measurement News \u2013 Journal of the Software Metrics Community, S. 40-48, Volume 23, Number 1, March 2018, ISSN 1867-9196<\/li>\n<li>Reichenbach, A.; Schmietendorf, A.: Empirische Untersuchung zur Open API Spezifikationen, in Proc. API-First\/API-Management &#8211; Open APIs als Treiber der Digitalisierung, in Berliner Schriften zu modernen Integrationsarchitekturen, S. 1-28, Shaker-Verlag, Aachen, April 2018<\/li>\n<li>Nadobny, K.; Neumann, H.; Nitze, A.; Schmietendorf, A.: Ergebnisse des World Caf\u00e9 im Rahmen des ESAPI 2017 Workshops, in Proc. API-First\/API-Management &#8211; Open APIs als Treiber der Digitalisierung, in Berliner Schriften zu modernen Integrationsarchitekturen, S. 61-64, Shaker-Verlag, Aachen, April 2018<\/li>\n<li>Schmietendorf, A.; Nadobny, K,; Reichenbach, A.: Open APIs als Treiber der Digitalisierung eine empirische Betrachtung, in Reimers, H.-E. (Hrsg.): Proceedings 11. Wismarer Wirtschaftsinformatiktage (WIWITA 2018), S. 47-56, Hochschule Wismar 2018, ISBN 978-3-942100-58-8<\/li>\n<li>Schmietendorf, A.; Nitze, A.: Cloud-L\u00f6sungen f\u00fcr KMUs als Grundlage einer erfolgreichen Digitalisierungstrategie, in Reimers, H.-E. (Hrsg.): Proceedings 11. Wismarer Wirtschaftsinformatiktage (WIWITA 2018), S. 57-68, Hochschule Wismar 2018, ISBN 978-3-942100-58-8<\/li>\n<li>Schmietendorf, A.: Bericht zum Workshop \u201eAPI-First\/API-Management \u2013 Open APIs als Treiber der Digitalisierung\u201c im Rahmen der ECC 2018, in Software Measurement News \u2013 Journal of the Software Metrics Community, S. 9-12, Volume 23, Number 2, September 2018, ISSN 1867-9196<\/li>\n<li>&#8230;<\/li>\n<\/ul>\n<p><b><i>Publizierte B\u00fccher\/Studien<\/i><\/b><\/p>\n<ul>\n<li>Nitze, A.; Schmietendorf, A.; Nadobny, K.; Kunisch, M.: Deutscher Mittelstand auf Wolke 7? &#8211; Cloud Computing in kleineren und mittleren Unternehmen 2015 und 2017, Redaktion\/Layout: M\u00f6ller Horcher Public Relations GmbH\/Der Punkt GmbH, Januar 2018, Studie abrufbar \u00fcber: https:\/\/blog.hwr-berlin.de\/schmietendorf<\/li>\n<li>Schmietendorf, A.; Nitze, A. (Hrsg.): API-First\/API-Management &#8211; Open APIs als Treiber der Digitalisierung (Workshop im Rahmen der Enterprise Computing Conference), in Berliner Schriften zu modernen Integrationsarchitekturen, Shaker-Verlag, Aachen, April 2018, ISBN 978-3-8440-5927-4<\/li>\n<li>Schmietendorf, A. (Hrsg.): ESAPI 2018 \u2013 2. Workshop Evaluation of Service-APIs, M\u00fcnchen \u2013 08. November 2018, in Berliner Schriften zu modernen Integrationsarchitekuren, Shaker-Verlag, Aachen, November 2018, ISBN 978-3-8440-6254-0<\/li>\n<li>&#8230;<\/li>\n<\/ul>\n","protected":false},"excerpt":{"rendered":"<p>Gehaltene Vortr\u00e4ge, Moderationen und gegebene Interviews Schmietendorf, A.: Experteninterview, in Bahr, I.: Report: Wo bleiben Potenziale im deutschen SaaS Markt unausgesch\u00f6pft?, 09. M\u00e4rz 2018, https:\/\/www.capterra.com.de\/blog\/264\/potenziale-deutscher-saas-markt Schmietendorf, A. (Moderation): Digitalisierung im Diskurs konservativer Gesch\u00e4ftsmodelle, Podiumsdiskussion im Rahmen der Enterprise Computing Conference (ECC 2018), Hamburg, 18. April 2018 Schmietendorf, A.: Entwicklung und Management von Open Data und [&hellip;]<\/p>\n","protected":false},"author":2,"featured_media":0,"parent":0,"menu_order":0,"comment_status":"closed","ping_status":"closed","template":"","meta":{"footnotes":""},"class_list":["post-197","page","type-page","status-publish","hentry"],"_links":{"self":[{"href":"https:\/\/blog.hwr-berlin.de\/schmietendorf\/wp-json\/wp\/v2\/pages\/197","targetHints":{"allow":["GET"]}}],"collection":[{"href":"https:\/\/blog.hwr-berlin.de\/schmietendorf\/wp-json\/wp\/v2\/pages"}],"about":[{"href":"https:\/\/blog.hwr-berlin.de\/schmietendorf\/wp-json\/wp\/v2\/types\/page"}],"author":[{"embeddable":true,"href":"https:\/\/blog.hwr-berlin.de\/schmietendorf\/wp-json\/wp\/v2\/users\/2"}],"replies":[{"embeddable":true,"href":"https:\/\/blog.hwr-berlin.de\/schmietendorf\/wp-json\/wp\/v2\/comments?post=197"}],"version-history":[{"count":50,"href":"https:\/\/blog.hwr-berlin.de\/schmietendorf\/wp-json\/wp\/v2\/pages\/197\/revisions"}],"predecessor-version":[{"id":639,"href":"https:\/\/blog.hwr-berlin.de\/schmietendorf\/wp-json\/wp\/v2\/pages\/197\/revisions\/639"}],"wp:attachment":[{"href":"https:\/\/blog.hwr-berlin.de\/schmietendorf\/wp-json\/wp\/v2\/media?parent=197"}],"curies":[{"name":"wp","href":"https:\/\/api.w.org\/{rel}","templated":true}]}}