

{"id":2024,"date":"2025-05-21T13:49:27","date_gmt":"2025-05-21T11:49:27","guid":{"rendered":"https:\/\/blog.hwr-berlin.de\/schmietendorf\/?page_id=2024"},"modified":"2025-05-26T17:50:04","modified_gmt":"2025-05-26T15:50:04","slug":"abschlussreview-projekt-tahai-20-mai-2025","status":"publish","type":"page","link":"https:\/\/blog.hwr-berlin.de\/schmietendorf\/abschlussreview-projekt-tahai-20-mai-2025\/","title":{"rendered":"Abschlussreview Projekt TAHAI &#8211; 20. Mai 2025"},"content":{"rendered":"<p>Im Kern setzte sich das Projekt TAHAI (TrustAdHocAI) mit einer vereinfachten und vor allem fachgetriebenen Implementierung von Anwendungsszenarien der k\u00fcnstlichen Intelligenz auseinander. Getestet wurden daf\u00fcr die M\u00f6glichkeiten (Web)-API basiert angebotener KI-Algorithmen, aber auch im Zusammenhang mit der Implementierung eingesetzte Low-Code-Entwicklungsans\u00e4tze. Konkrete Szenarien der k\u00fcnstlichen Intelligenz beziehen sich auf die Professionsforschung (Analyse transkribierter Mediationssitzungen), die Forstwirtschaft (Drohnenbasierte Totholzerkennung) und die Eisenbahninfrastruktur (Vandalismusbek\u00e4mpfung bez\u00fcglich aufgebrachter Graffitis). Besonderes Interesse galt der Qualit\u00e4t derartiger L\u00f6sungen, wobei insbesondere Aspekte der Vertrauensw\u00fcrdigkeit, der Sicherheit, der Robustheit, der Erkl\u00e4rbarkeit aber auch der Diskriminierungsfreiheit (Bias) untersucht wurden. Dar\u00fcber hinaus wurde auf Fragen der Ethik und Compliance eingegangen.\u00a0 Die folgenden Beitr\u00e4ge reflektieren die gewonnenen Erkenntnisse aus der Sicht der verschiedenen Projektbeteiligten. F\u00fcr weiterf\u00fchrende Informationen sei auf die im Projektkontext entstandenen Publikationen verwiesen.<\/p>\n<p>Ergebnisdarstellung aus Sicht der Projektleitung (HWR Berlin und HTW-Berlin):<\/p>\n<ul>\n<li><span style=\"color: #0000ff;\"><a style=\"color: #0000ff;\" href=\"https:\/\/blog.hwr-berlin.de\/schmietendorf\/wp-content\/uploads\/2025\/05\/schmietendorf_20Mai2025-fin.pdf\" target=\"_blank\" rel=\"noopener\">Andreas Schmietendorf: Zusammenfassende Darstellung der Projektergebnisse<\/a><\/span><\/li>\n<li><span style=\"color: #0000ff;\"><a style=\"color: #0000ff;\" href=\"https:\/\/blog.hwr-berlin.de\/schmietendorf\/wp-content\/uploads\/2025\/05\/250520-Abschlussreview-TAHAI_Schnieders.pdf\" target=\"_blank\" rel=\"noopener\">Ralf Schnieders: Rechtliche und ethische Fragen des KI-Einsatzes (u.a. EU AI-Act)<\/a><\/span><\/li>\n<li><span style=\"color: #0000ff;\"><a style=\"color: #0000ff;\" href=\"https:\/\/blog.hwr-berlin.de\/schmietendorf\/wp-content\/uploads\/2025\/05\/TAHAI_Abschluss-SH.pdf\" target=\"_blank\" rel=\"noopener\">Sandro Hartenstein: Prototypisch implementierte KI-L\u00f6sungen<\/a><\/span><\/li>\n<\/ul>\n<p>Ergebnisreflektion aus Sicht der Praxis- und Forschungspartner:<\/p>\n<ul>\n<li><span style=\"color: #0000ff;\"><a style=\"color: #0000ff;\" href=\"https:\/\/blog.hwr-berlin.de\/schmietendorf\/wp-content\/uploads\/2025\/05\/Rueckblick-TAHAIxDB.pdf\" target=\"_blank\" rel=\"noopener\">Steven Schmidt: Reflektion aus Sicht der Deutschen Bahn\/Bundespolizei<\/a><\/span><\/li>\n<li><span style=\"color: #0000ff;\"><a style=\"color: #0000ff;\" href=\"https:\/\/blog.hwr-berlin.de\/schmietendorf\/wp-content\/uploads\/2025\/05\/TAHAI_Abschlussreview2025-1.pdf\" target=\"_blank\" rel=\"noopener\">Walter Letzel: Reflektion aus Sicht der BAFM e.V.<\/a><\/span><\/li>\n<li><span style=\"color: #0000ff;\"><a style=\"color: #0000ff;\" href=\"https:\/\/blog.hwr-berlin.de\/schmietendorf\/wp-content\/uploads\/2025\/05\/jens-heidrich.mp4\" target=\"_blank\" rel=\"noopener\">Jens Heidrich: Reflektion aus Sicht des Fraunhofer IESE GmbH (Videobotschaft)<\/a><\/span><\/li>\n<\/ul>\n","protected":false},"excerpt":{"rendered":"<p>Im Kern setzte sich das Projekt TAHAI (TrustAdHocAI) mit einer vereinfachten und vor allem fachgetriebenen Implementierung von Anwendungsszenarien der k\u00fcnstlichen Intelligenz auseinander. Getestet wurden daf\u00fcr die M\u00f6glichkeiten (Web)-API basiert angebotener KI-Algorithmen, aber auch im Zusammenhang mit der Implementierung eingesetzte Low-Code-Entwicklungsans\u00e4tze. Konkrete Szenarien der k\u00fcnstlichen Intelligenz beziehen sich auf die Professionsforschung (Analyse transkribierter Mediationssitzungen), die Forstwirtschaft [&hellip;]<\/p>\n","protected":false},"author":2,"featured_media":0,"parent":0,"menu_order":0,"comment_status":"closed","ping_status":"closed","template":"","meta":{"footnotes":""},"class_list":["post-2024","page","type-page","status-publish","hentry"],"_links":{"self":[{"href":"https:\/\/blog.hwr-berlin.de\/schmietendorf\/wp-json\/wp\/v2\/pages\/2024","targetHints":{"allow":["GET"]}}],"collection":[{"href":"https:\/\/blog.hwr-berlin.de\/schmietendorf\/wp-json\/wp\/v2\/pages"}],"about":[{"href":"https:\/\/blog.hwr-berlin.de\/schmietendorf\/wp-json\/wp\/v2\/types\/page"}],"author":[{"embeddable":true,"href":"https:\/\/blog.hwr-berlin.de\/schmietendorf\/wp-json\/wp\/v2\/users\/2"}],"replies":[{"embeddable":true,"href":"https:\/\/blog.hwr-berlin.de\/schmietendorf\/wp-json\/wp\/v2\/comments?post=2024"}],"version-history":[{"count":11,"href":"https:\/\/blog.hwr-berlin.de\/schmietendorf\/wp-json\/wp\/v2\/pages\/2024\/revisions"}],"predecessor-version":[{"id":2042,"href":"https:\/\/blog.hwr-berlin.de\/schmietendorf\/wp-json\/wp\/v2\/pages\/2024\/revisions\/2042"}],"wp:attachment":[{"href":"https:\/\/blog.hwr-berlin.de\/schmietendorf\/wp-json\/wp\/v2\/media?parent=2024"}],"curies":[{"name":"wp","href":"https:\/\/api.w.org\/{rel}","templated":true}]}}