

{"id":205,"date":"2018-02-17T18:48:15","date_gmt":"2018-02-17T17:48:15","guid":{"rendered":"https:\/\/blog.hwr-berlin.de\/schmietendorf\/?page_id=205"},"modified":"2018-02-17T19:32:27","modified_gmt":"2018-02-17T18:32:27","slug":"forschungsthemen","status":"publish","type":"page","link":"https:\/\/blog.hwr-berlin.de\/schmietendorf\/forschungsthemen\/","title":{"rendered":"Forschungsthemen"},"content":{"rendered":"<p>Im Folgenden werden die aktuellen Forschungsschwerpunkte der Professur verdeutlicht, welche den inhaltlichen Diskurs f\u00fcr zu betreuende Bachelor- und Masterarbeiten aber auch f\u00fcr Promotionsvorhaben bilden. Es sei ausdr\u00fccklich darauf hingewiesen, dass sich die Themenstellungen in verschiedenen Branchen wie z.B. bei Banken, Versicherungen, der Telekommunikation oder auch in der Pharmaindustrie niederschlagen. Die Themenbereiche orientieren sich an den Interessen\/Erfordernissen potentieller Forschungsprogramme bzw. Projektpartner. Dar\u00fcber hinaus leiten sich m\u00f6gliche Vorlaufprojekte aus erkannten Entwicklungstendenzen im Rahmen der Mitwirkung in entsprechenden Interessensverb\u00e4nden ab.<\/p>\n<ul>\n<li>Entwicklung und Einf\u00fchrung von modernen <span style=\"color: #008000;\"><em>Integrationsarchitekturen<\/em><span style=\"color: #000000;\">:<\/span><\/span><\/li>\n<\/ul>\n<ul>\n<li style=\"list-style-type: none;\">\n<ul>\n<li>Prozessans\u00e4tze f\u00fcr komplexe (webbasierte) Integrationsprojekte.<\/li>\n<li>Open-API-\/Open-Data-Techniken innerhalb der Entwicklung.<\/li>\n<li>Kompositorische und cloudbasierte Softwareentwicklung.<\/li>\n<li>Ziele und Aufgaben im API-Management (u.a. Security).<\/li>\n<\/ul>\n<\/li>\n<\/ul>\n<ul>\n<li><span style=\"color: #008000;\"><em>Bewertung<\/em> <\/span>von Softwarel\u00f6sungen bzw. des korrespondierenden SW-Engineerings:<\/li>\n<\/ul>\n<ul>\n<li style=\"list-style-type: none;\">\n<ul>\n<li>Reengineering existierender L\u00f6sungen (z.B. Austausch DBMS).<\/li>\n<li>Aufwands- und Risikosch\u00e4tzung (z.B. COSMIC, COCOMO, IFPUG).<\/li>\n<li>Implementierung agiler Vorgehensweisen f\u00fcr IT-Projekte.<\/li>\n<li>Messbasierte Ans\u00e4tze f\u00fcr Architekturbewertungen.<\/li>\n<\/ul>\n<\/li>\n<\/ul>\n<ul>\n<li>Aufgaben des <span style=\"color: #008000;\"><em>Daten- und Prozessmanagements<\/em><\/span>:<\/li>\n<\/ul>\n<ul>\n<li style=\"list-style-type: none;\">\n<ul>\n<li>Notationen zur Prozess- und Datenmodellierung \u2013 z.B. BPMN, EPK, UML.<\/li>\n<li>Referenzmodelle f\u00fcr Gesch\u00e4fts-, Informations- und Datenobjekte.<\/li>\n<li>Architekturen f\u00fcr Data Science Applikationen (z.B. Hadoop, Spark).<\/li>\n<li>Servicebasierter Einsatz von Machine Learning Algorithmen.<\/li>\n<\/ul>\n<\/li>\n<\/ul>\n<ul>\n<li><span style=\"color: #008000;\"><em>Soziologische Implikationen <\/em><\/span>der Digitalisierung:<em><br \/>\n<\/em><\/li>\n<\/ul>\n<ul>\n<li style=\"list-style-type: none;\">\n<ul>\n<li>Umgang mit dematerialisierten und softwaredefinierten Produkten.<\/li>\n<li>Auswirkungen der Automation von Arbeits- und Privatwelt.<\/li>\n<li>Konfliktmanagement bei IT-Projekten mittels Mediation.<\/li>\n<li>Gestaltung des digitalen Wandels bzw. notwendige Ver\u00e4nderungsprozessen.<\/li>\n<\/ul>\n<\/li>\n<\/ul>\n","protected":false},"excerpt":{"rendered":"<p>Im Folgenden werden die aktuellen Forschungsschwerpunkte der Professur verdeutlicht, welche den inhaltlichen Diskurs f\u00fcr zu betreuende Bachelor- und Masterarbeiten aber auch f\u00fcr Promotionsvorhaben bilden. Es sei ausdr\u00fccklich darauf hingewiesen, dass sich die Themenstellungen in verschiedenen Branchen wie z.B. bei Banken, Versicherungen, der Telekommunikation oder auch in der Pharmaindustrie niederschlagen. Die Themenbereiche orientieren sich an den [&hellip;]<\/p>\n","protected":false},"author":2,"featured_media":0,"parent":0,"menu_order":0,"comment_status":"closed","ping_status":"closed","template":"","meta":{"footnotes":""},"class_list":["post-205","page","type-page","status-publish","hentry"],"_links":{"self":[{"href":"https:\/\/blog.hwr-berlin.de\/schmietendorf\/wp-json\/wp\/v2\/pages\/205","targetHints":{"allow":["GET"]}}],"collection":[{"href":"https:\/\/blog.hwr-berlin.de\/schmietendorf\/wp-json\/wp\/v2\/pages"}],"about":[{"href":"https:\/\/blog.hwr-berlin.de\/schmietendorf\/wp-json\/wp\/v2\/types\/page"}],"author":[{"embeddable":true,"href":"https:\/\/blog.hwr-berlin.de\/schmietendorf\/wp-json\/wp\/v2\/users\/2"}],"replies":[{"embeddable":true,"href":"https:\/\/blog.hwr-berlin.de\/schmietendorf\/wp-json\/wp\/v2\/comments?post=205"}],"version-history":[{"count":5,"href":"https:\/\/blog.hwr-berlin.de\/schmietendorf\/wp-json\/wp\/v2\/pages\/205\/revisions"}],"predecessor-version":[{"id":213,"href":"https:\/\/blog.hwr-berlin.de\/schmietendorf\/wp-json\/wp\/v2\/pages\/205\/revisions\/213"}],"wp:attachment":[{"href":"https:\/\/blog.hwr-berlin.de\/schmietendorf\/wp-json\/wp\/v2\/media?parent=205"}],"curies":[{"name":"wp","href":"https:\/\/api.w.org\/{rel}","templated":true}]}}