

{"id":273,"date":"2018-05-25T09:27:50","date_gmt":"2018-05-25T07:27:50","guid":{"rendered":"https:\/\/blog.hwr-berlin.de\/schmietendorf\/?page_id=273"},"modified":"2018-05-26T13:12:45","modified_gmt":"2018-05-26T11:12:45","slug":"datenschutzerklaerung","status":"publish","type":"page","link":"https:\/\/blog.hwr-berlin.de\/schmietendorf\/datenschutzerklaerung\/","title":{"rendered":"Datenschutzerkl\u00e4rung"},"content":{"rendered":"<p>Hinweise zum Datenschutz f\u00fcr den Blog<\/p>\n<p><em><a href=\"https:\/\/blog.hwr-berlin.de\/schmietendorf\">https:\/\/blog.hwr-berlin.de\/schmietendorf<\/a><br \/>\n<\/em>an der Hochschule f\u00fcr Wirtschaft und Recht Berlin<br \/>\nauf dem WordPress Server<\/p>\n<p>&nbsp;<\/p>\n<p>Die Hochschule f\u00fcr Wirtschaft und Recht Berlin (HWR Berlin) orientiert sich beim Thema Datenschutz an der EU-weit geltenden Datenschutz-Grundverordnung (EU-DSGVO). In den nachstehenden Hinweisen wird erl\u00e4utert, welche personenbezogenen Daten bei der der Nutzung der Blogseite <strong><a href=\"https:\/\/blog.hwr-berlin.de\/schmietendorf\">https:\/\/blog.hwr-berlin.de\/schmietendorf<\/a> <\/strong>erfasst und wie diese Daten genutzt werden.<\/p>\n<h1>1\u00a0\u00a0\u00a0\u00a0\u00a0\u00a0\u00a0\u00a0 Allgemeine Informationen<\/h1>\n<p>Verantwortlich f\u00fcr die Datenverarbeitung dieses Webangebots ist die Hochschule f\u00fcr Wirtschaft und Recht Berlin, Badensche Strasse 52 10825 Berlin, vertreten durch den Verfahrensverantwortlichen <em>Prof. Dr. Andreas Schmietendorf<\/em>.<\/p>\n<p>Es bestehen folgende Kontaktm\u00f6glichkeiten:<\/p>\n<p>HWR Berlin<br \/>\nAlt-Friedrichsfelde 60<br \/>\n10315 Berlin<br \/>\nE-Mail: andreas.schmietendorf[at]hwr-berlin.de<br \/>\nTelefon: 030-30877-2431<\/p>\n<p>Kontaktdaten des\/der beh\u00f6rdlichen Datenschutzbeauftragten:<\/p>\n<p>HWR Berlin<\/p>\n<p>Datenschutzbeauftragter<br \/>\nAlt-Friedrichsfelde 60<br \/>\n10315 Berlin<br \/>\nE-Mail: datenschutz[at]hwr-berlin.de<\/p>\n<h1>2\u00a0\u00a0\u00a0\u00a0\u00a0\u00a0\u00a0\u00a0 Hinweis auf Betroffenenrechte<\/h1>\n<p>Nach Art. 15 EU-Datenschutzgrundverordnung (EU-DSGVO besteht ein Anspruch auf kostenlose Auskunft dar\u00fcber, ob personenbezogene Daten der eigenen Person verarbeitet werden und wenn ja, um welche personenbezogenen Daten es sich hierbei handelt. Dabei kann grunds\u00e4tzlich eine Kopie der Daten verlangt werden, sofern keine gesetzliche Ausnahme oder h\u00f6here Interessen Dritter greifen. Sind die Daten unvollst\u00e4ndig oder nicht korrekt, besteht ein Anspruch auf Berichtigung gem\u00e4\u00df Art. 16 EU-DSGVO.<br \/>\nWeitere Betroffenenrechte sind:<\/p>\n<ul>\n<li>Art. 17 EU-DSGVO: L\u00f6schung der eigenen personenbezogenen Daten, wenn ein dort genannter L\u00f6schgrund vorliegt und keine \u00fcbergeordneten Gr\u00fcnde existieren.<\/li>\n<li>Art. 18 EU-DSGVO: Einschr\u00e4nkung der Verarbeitung der personenbezogenen Daten, wenn ein dort genannter Grund vorliegt.<\/li>\n<li>Art. 20 EU-DSGVO: \u00dcbertragung der eigenen personenbezogenen Daten zu einem Anbieter, wenn die Verarbeitung aufgrund einer Einwilligung oder aufgrund eines Vertrags erfolgt.<\/li>\n<li>Art. 21 EU-DSGVO: Aus Gr\u00fcnden einer besonderen pers\u00f6nlichen Situation kann das Recht auf Widerspruch gegen eine ansonsten legale Verarbeitung von personenbezogenen Daten bestehen.<\/li>\n<li>Art. 22 EU-DSGVO: R\u00e4umt besondere Betroffenenrechte bei Automatisierten Entscheidungen im Einzelfall einschlie\u00dflich Profiling ein.<\/li>\n<\/ul>\n<h1>3\u00a0\u00a0\u00a0\u00a0\u00a0\u00a0\u00a0\u00a0 Beschwerderecht<\/h1>\n<p>Es besteht das Recht zur Beschwerde bei der f\u00fcr die Hochschule f\u00fcr Wirtschaft und Recht Berlin zust\u00e4ndigen Aufsichtsbeh\u00f6rde:<\/p>\n<p>Berliner Beauftragte f\u00fcr Datenschutz und Informationsfreiheit<br \/>\nFriedrichsstra\u00dfe 219<br \/>\n10969 Berlin<br \/>\nTel.: +49 30 13889-0<br \/>\nFax: +49 30 2155050<br \/>\nE-Mail: mailbox@datenschutz-berlin.de<\/p>\n<h1>4\u00a0\u00a0\u00a0\u00a0\u00a0\u00a0\u00a0\u00a0 Zweck der Verarbeitung personenbezogener Daten<\/h1>\n<p>Die Webseite <strong><a href=\"https:\/\/blog.hwr-berlin.de\/schmietendorf\">https:\/\/blog.hwr-berlin.de\/schmietendorf<\/a> <\/strong>dient der Information \u00fcber Mitglieder und ehemalige Mitglieder des Forschungsteams, \u00fcber die M\u00f6glichkeiten zur Doktorandenbetreuung, \u00fcber existierende Lehrangebote, \u00fcber aktuelle Forschungsschwerpunkte und Publikationen die im Rahmen <strong>der Professur Wirtschaftsinformatik (Systementwicklung)<\/strong> an der der Hochschule f\u00fcr Wirtschaft und Recht Berlin entstanden sind. Auf diesem Blog werden dar\u00fcber hinaus empirische Umfragen referenziert (verlinkt) bzw. resultierende Ergebnisberichte zur Verf\u00fcgung gestellt.<\/p>\n<p>Die Webseite dient der Information aller Statusgruppen der HWR Berlin und ist \u00f6ffentlich auch f\u00fcr externe Interessierte zug\u00e4nglich. Eine Erhebung von personenbezogenen Daten erfolgt nur zur Sicherstellung des Betriebes der Webseite. Es ist derzeit nicht beabsichtigt, die Daten zu anderen als den genannten Zwecken zu verwenden. Falls die Daten in der Zukunft doch zu anderen Zwecken verwendet werden sollen, werden wir Sie vorab informieren.<\/p>\n<p>Grundlage f\u00fcr die Verarbeitung sind die Datenschutzgrundverordnung der EU (EU-DSGVO), das Bundesdatenschutzgesetz, das Landesdatenschutzgesetz des Landes Berlin und die Studierendendatenverordnung des Landes Berlin.<\/p>\n<h1>5\u00a0\u00a0\u00a0\u00a0\u00a0\u00a0\u00a0\u00a0 Erhebung und Nutzung personenbezogener Daten<\/h1>\n<p>F\u00fcr die Nutzung unseres Dienstes ist es nicht notwendig, sich unter Angabe personenbezogener Daten zu registrieren oder anzumelden.<\/p>\n<p><strong>Redaktionelle \/ administrative Benutzerverwaltung<\/strong>:<\/p>\n<p>Die Registrierung eines Nutzendens ist nur zur Administration oder redaktionellen Bearbeitung der Webseite erforderlich. Die Erstellung des Blogs erfolgt durch die IT Abteilung. Der Verantwortliche f\u00fcr den Blog erh\u00e4lt durch die IT Abteilung einen administrativen Account. Mit diesem Account ist das Anlegen weiterer administrativer oder redaktioneller Nutzender m\u00f6glich. Diese Anmeldedaten werden durch den Verantwortlichen in der dezentralen Benutzerverwaltung des Blogs angelegt und verwaltet. Diese notwendigen Anmeldedaten werden durch den Verantwortlichen \u00fcbermittelt und gespeichert. Eine Weitergabe der Daten an Dritte findet nicht statt.<\/p>\n<p>Folgende Daten werden im Rahmen des Registrierungsprozesses erhoben.<\/p>\n<ul>\n<li>Benutzername<\/li>\n<li>Passwort in verschl\u00fcsselter Form<\/li>\n<li>(hochschulbezogene) E-Mail-Adresse<\/li>\n<li>Vorname<\/li>\n<li>Nachname<\/li>\n<\/ul>\n<p>Im Rahmen des Registrierungsprozesses wird \u00fcber die Verarbeitung dieser Daten informiert. Rechtsgrundlage f\u00fcr die Verarbeitung der Daten ist Art.\u00a06 Abs.\u00a01 lit.\u00a0e DSGVO. Eine Registrierung ders Nutzenden ist f\u00fcr das Bereitstellen der Inhalte und Funktionen von WordPress zum Zweck der Bereitstellung von Inhalten erforderlich.<\/p>\n<p>Wir erheben und verwenden personenbezogene Daten unserer Nutzenden grunds\u00e4tzlich nur, soweit dies zur Bereitstellung von WordPress und seiner Funktionen erforderlich ist.<\/p>\n<p>Ist die Verarbeitung personenbezogener Daten zur Wahrnehmung einer \u00fcbertragenen Aufgabe erforderlich, dient Art.\u00a06 Abs.\u00a01 lit.\u00a0e DSGVO als Rechtsgrundlage. Ist die Verarbeitung zur Wahrung eines berechtigten Interesses der Hochschule f\u00fcr Wirtschaft und Recht Berlin oder einer\/s Dritten erforderlich und \u00fcberwiegen die Interessen, Grundrechte und Grundfreiheiten von Betroffenen das erstgenannte Interesse nicht, so dient Art.\u00a06 Abs.\u00a01 lit.\u00a0f DSGVO als Rechtsgrundlage f\u00fcr die Verarbeitung. Soweit wir f\u00fcr Verarbeitungsvorg\u00e4nge personenbezogener Daten eine Einwilligung der betroffenen Person einholen, dient Art.\u00a06 Abs.\u00a01 lit.\u00a0a EU-Datenschutzgrundverordnung (DSGVO) als Rechtsgrundlage.<\/p>\n<p>Bei der Nutzung von WordPress ohne Plugins werden folgende Daten erhoben:<\/p>\n<ul>\n<li>Verbindungsdaten (z.B. IP-Adresse, Datum und Uhrzeit des Zugriffs)<\/li>\n<li>Zugangsdaten: Benutzername, Passwort in verschl\u00fcsselter Form, (hochschulbezogene) E-Mail-Adresse, Vorname, Nachname<\/li>\n<li>Inhaltsdaten (z.B. hochgeladene Dateien, Beitr\u00e4ge,<\/li>\n<\/ul>\n<p>Die vor\u00fcbergehende Speicherung der Verbindungsdaten, insbesondere der IP-Adresse, durch das System ist notwendig, um eine Auslieferung von WordPress an den Rechner der\/s Nutzenden zu erm\u00f6glichen. Hierf\u00fcr muss die IP-Adresse der\/s Nutzenden f\u00fcr die Dauer der Sitzung gespeichert bleiben. Rechtsgrundlage f\u00fcr die vor\u00fcbergehende Speicherung der Daten ist Art.\u00a06 Abs.\u00a01 lit.\u00a0f DSGVO.<\/p>\n<p>Die Daten (Verbindungs-\/Zugangs- und Typen von Inhaltsdaten) werden ebenfalls in Logfiles gespeichert. Die Speicherung in Logfiles erfolgt, um die Funktionsf\u00e4higkeit von WordPress sicherzustellen. Ebenso nutzen wir die Funktion Fail2ban auf Serverseite, um IP Adressen zu sperren. Zudem dienen uns die Daten zur Sicherstellung der Sicherheit unserer informationstechnischen Systeme. In diesen Zwecken liegt auch unser berechtigtes Interesse an der Datenverarbeitung nach Art.\u00a06 Abs.\u00a01 lit.\u00a0f DSGVO.<\/p>\n<p>Die Daten in den Logfiles werden nach 14 Tagen gel\u00f6scht. Zugriff auf die Logfiles haben ausschlie\u00dflich Administratoren. Die Erfassung der Daten zur Bereitstellung von WordPress und die Speicherung der Daten in Logfiles ist f\u00fcr den Betrieb zwingend erforderlich. Es besteht folglich seitens der\/s Nutzenden keine Widerspruchsm\u00f6glichkeit.<\/p>\n<h1>6\u00a0\u00a0\u00a0\u00a0\u00a0\u00a0\u00a0\u00a0 Dauer der Speicherung von Daten\/ L\u00f6schfristen<\/h1>\n<p><strong>Registrierte Benutzer<\/strong><\/p>\n<p>Die personenbezogenen Daten der administrativen oder redaktionellen Nutzenden des WordPress Blogs <strong><a href=\"https:\/\/blog.hwr-berlin.de\/schmietendorf\">https:\/\/blog.hwr-berlin.de\/schmietendorf<\/a> <\/strong>werden so lange gespeichert bis die\/der Nutzende gel\u00f6scht wird, weil kein administrativer oder redaktioneller Zugriff mehr erforderlich ist.<\/p>\n<p>Dies ist der Fall, wenn die Person die HWR Berlin verl\u00e4sst, die Blogseite deaktiviert wird oder sich die Verantwortlichkeiten \u00e4ndern.<\/p>\n<h1>7\u00a0\u00a0\u00a0\u00a0\u00a0\u00a0\u00a0\u00a0 Verwendung von Cookies<\/h1>\n<p>WordPress verwendet Cookies. Bei Cookies handelt es sich um Textdateien, die im Internetbrowser bzw. vom Internetbrowser auf dem Computersystem der Nutzenden gespeichert werden. Wird WordPress aufgerufen, so kann ein Cookie auf dem Betriebssystem der\/s Nutzenden gespeichert werden. Dieses Cookie enth\u00e4lt eine charakteristische Zeichenfolge, die eine eindeutige Identifizierung des Browsers beim erneuten Aufrufen der Website erm\u00f6glicht.<\/p>\n<p>W\u00e4hrend der Anmeldung am Blog it.hwr-berlin.de wird tempor\u00e4r ein Cookie gesetzt, um festzustellen, ob der Browser Cookies akzeptiert. Dieses Cookie enth\u00e4lt keine personenbezogenen Daten und wird verworfen, wenn der Browser geschlossen wird. W\u00e4hrend der Anmeldung am Blog it.hwr-berlin.de werden zus\u00e4tzlich einige Cookies eingerichtet, um die Anmeldeinformationen und Anzeigeoptionen zu speichern. Anmelde-Cookies verfallen nach zwei Tagen, Cookies f\u00fcr die Anzeigeoptionen nach einem Jahr. Falls bei der Anmeldung die Option\u00a0\u201eAngemeldet bleiben\u201c ausgew\u00e4hlt wird, wird die Anmeldung zwei Wochen lang aufrechterhalten. Mit der Abmeldung an WordPress werden die Anmelde-Cookies gel\u00f6scht.<\/p>\n<p>Wenn ein Artikel bearbeitet oder ver\u00f6ffentlicht wird, wird ein zus\u00e4tzliches Cookie im Browser gespeichert. Dieses Cookie enth\u00e4lt keine personenbezogenen Daten und verweist nur auf die Beitrags-ID des Artikels, die gerade bearbeitet wird. Dieses Cookie verf\u00e4llt nach einem Tag.<\/p>\n<h1>8\u00a0\u00a0\u00a0\u00a0\u00a0\u00a0\u00a0\u00a0 Eingesetzte Plugins<\/h1>\n<p>Folgende Plugins werden f\u00fcr den Betrieb des Blogs genutzt: keine<\/p>\n<h1>9\u00a0\u00a0\u00a0\u00a0\u00a0\u00a0\u00a0\u00a0 Auskunft<\/h1>\n<p>Wir teilen Ihnen auf Ihre Anforderung umgehend mit, welche personenbezogenen Daten \u00fcber Sie in WordPress auf dem Blog <strong><a href=\"https:\/\/blog.hwr-berlin.de\/schmietendorf\">https:\/\/blog.hwr-berlin.de\/schmietendorf<\/a> <\/strong>gespeichert sind. Bitte wenden Sie sich hierzu per E-Mail an die Administration der WordPress Seite. Die E-Mail-Adresse lautet: <strong>andreas.schmietendorf[at]hwr-berlin.de.<\/strong><\/p>\n<p>Ausk\u00fcnfte erteilt auch unser beh\u00f6rdlicher Datenschutzbeauftragter: Prof. Dr. Hartmut Aden: datenschutz[at]hwr-berlin.de.<\/p>\n<h1>10\u00a0\u00a0\u00a0 Rechtsgrundlagen<\/h1>\n<p><a href=\"https:\/\/dsgvo-gesetz.de\/\">Datenschutz-Grundverordnung (EU-DSGVO)<\/a><br \/>\n<a href=\"http:\/\/gesetze.berlin.de\/jportal\/portal\/t\/16yp\/page\/bsbeprod.psml?doc.hl=1&amp;doc.id=jlr-StudDatVBErahmen&amp;documentnumber=1&amp;numberofresults=9&amp;showdoccase=1&amp;doc.part=X&amp;paramfromHL=true#focuspoint\">Studierendendatenverordnung (StudDatVO)<\/a><br \/>\n<a href=\"http:\/\/www.gesetze-im-internet.de\/bdsg_1990\/\">Bundesdatenschutzgesetz (BDSG)<\/a><br \/>\n<a href=\"http:\/\/gesetze.berlin.de\/jportal\/portal\/t\/3mk\/page\/bsbeprod.psml?pid=Dokumentanzeige&amp;showdoccase=1&amp;js_peid=Trefferliste&amp;documentnumber=1&amp;numberofresults=1&amp;fromdoctodoc=yes&amp;doc.id=jlr-DSGBErahmen&amp;doc.part=X&amp;doc.price=0.0#focuspoint\">Berliner Datenschutzgesetz (BlnDSG)<\/a><br \/>\n<a href=\"http:\/\/www.gesetze-im-internet.de\/tmg\/\">Telemediengesetz (TMG)<\/a><\/p>\n<p><a href=\"https:\/\/www.hwr-berlin.de\/fileadmin\/downloads_internet\/gesetze_richtlinien_ordnungen\/Datenverarbeitungssatzung_2011.pdf\">Datenverarbeitungssatzung der HWR Berlin (DVS HWR Bln)<\/a><\/p>\n<p>Weitere Informationen zum Datenschutz finden Sie im Internetauftritt des Landesbeauftragten f\u00fcr den Datenschutz:<br \/>\n<a href=\"https:\/\/www.datenschutz-berlin.de\/\">https:\/\/www.datenschutz-berlin.de<\/a><\/p>\n<p>Stand: 24.05.2018<\/p>\n","protected":false},"excerpt":{"rendered":"<p>Hinweise zum Datenschutz f\u00fcr den Blog https:\/\/blog.hwr-berlin.de\/schmietendorf an der Hochschule f\u00fcr Wirtschaft und Recht Berlin auf dem WordPress Server &nbsp; Die Hochschule f\u00fcr Wirtschaft und Recht Berlin (HWR Berlin) orientiert sich beim Thema Datenschutz an der EU-weit geltenden Datenschutz-Grundverordnung (EU-DSGVO). In den nachstehenden Hinweisen wird erl\u00e4utert, welche personenbezogenen Daten bei der der Nutzung der Blogseite [&hellip;]<\/p>\n","protected":false},"author":2,"featured_media":0,"parent":0,"menu_order":0,"comment_status":"closed","ping_status":"closed","template":"","meta":{"footnotes":""},"class_list":["post-273","page","type-page","status-publish","hentry"],"_links":{"self":[{"href":"https:\/\/blog.hwr-berlin.de\/schmietendorf\/wp-json\/wp\/v2\/pages\/273","targetHints":{"allow":["GET"]}}],"collection":[{"href":"https:\/\/blog.hwr-berlin.de\/schmietendorf\/wp-json\/wp\/v2\/pages"}],"about":[{"href":"https:\/\/blog.hwr-berlin.de\/schmietendorf\/wp-json\/wp\/v2\/types\/page"}],"author":[{"embeddable":true,"href":"https:\/\/blog.hwr-berlin.de\/schmietendorf\/wp-json\/wp\/v2\/users\/2"}],"replies":[{"embeddable":true,"href":"https:\/\/blog.hwr-berlin.de\/schmietendorf\/wp-json\/wp\/v2\/comments?post=273"}],"version-history":[{"count":5,"href":"https:\/\/blog.hwr-berlin.de\/schmietendorf\/wp-json\/wp\/v2\/pages\/273\/revisions"}],"predecessor-version":[{"id":281,"href":"https:\/\/blog.hwr-berlin.de\/schmietendorf\/wp-json\/wp\/v2\/pages\/273\/revisions\/281"}],"wp:attachment":[{"href":"https:\/\/blog.hwr-berlin.de\/schmietendorf\/wp-json\/wp\/v2\/media?parent=273"}],"curies":[{"name":"wp","href":"https:\/\/api.w.org\/{rel}","templated":true}]}}