

{"id":418,"date":"2019-02-12T12:37:48","date_gmt":"2019-02-12T11:37:48","guid":{"rendered":"https:\/\/blog.hwr-berlin.de\/schmietendorf\/?page_id=418"},"modified":"2019-09-23T17:03:17","modified_gmt":"2019-09-23T15:03:17","slug":"competence-center-digitalisierung","status":"publish","type":"page","link":"https:\/\/blog.hwr-berlin.de\/schmietendorf\/competence-center-digitalisierung\/","title":{"rendered":"Berliner Competence Center Digitalisierung"},"content":{"rendered":"\n<p>Im Rahmen des Berlin Competence Center Digitalisierung am FB 2 sollen aktuelle Herausforderungen der Digitalisierung im unternehmenrischen und beh\u00f6rdlichen Diskurs aufgegriffen werden. Mit Hilfe der B\u00fcndelung von dom\u00e4nenspezifischen Kompetenzen mit den denen der Wirtschaftinformatik\/Informatik sollen wissenschaftliche und industrielle Fragestellungen kooperativ bearbeitet werden. Im Mittelpunkt des Interesses stehen neue Gesch\u00e4ftsmodelle, ben\u00f6tigte Unternehmens- und IT-Architekturen aber auch resultierende Ver\u00e4nderungen der Arbeits- und Privatwelt. Inhaltliche Unterst\u00fctzung erf\u00e4hrt das CC durch unser Forschungsteam in Fragen moderner Integrationsarchitekturen, bei Zielstellungen im Big Data\/Data Science oder auch bei methodischen Herangehensweisen zur Konfliktbew\u00e4ltigung (Mediation). Die angestrebte Zusammenarbeit bezieht sich auf folgende Aufgaben:<\/p>\n\n\n<ul>\n<li>Angebot themenspezifischer Workshops und Seminare<\/li>\n<li>Kooperative Forschungs- und Innovationsprojekte<\/li>\n<li>Gestaltung von Ausbildungskonzepten<\/li>\n<li>Unterst\u00fctzung\/Networking von Interessengruppen<\/li>\n<\/ul>\n\n\n<p>Aktuell beteiligte Kollegen:<\/p>\n\n\n<div>\n<ul>\n<li>Prof. Dr. Silke Bustamante (A-BWL &#8211; Unternehmensf\u00fchrung)<\/li>\n<li>Prof. Dr. Thomas K\u00f6hne (A-BWL &#8211; Versicherungsbetriebslehre)<\/li>\n<li>Prof. Dr. Claudia Lemke (Wirtschaftsinformatik)<\/li>\n<li>Prof. Dr. Dagmar Monett Diaz (Informatik)<\/li>\n<li>Prof. Dr. Andreas Schmietendorf (Wirtschaftsinformatik &#8211; Systementwicklung)<\/li>\n<li>Oliver Giering (Forschungsassistenz im Kompetenzzentrum Digitalisierung)<\/li>\n<\/ul>\n<p><a href=\"https:\/\/blog.hwr-berlin.de\/ccdigital\/\" target=\"_blank\" rel=\"noreferrer noopener\" aria-label=\"Offizielle Webseite des CC Digital (\u00f6ffnet in neuem Tab)\" data-rich-text-format-boundary=\"true\"><span style=\"color: #0000ff;\">Offizielle Webseite des CC Digital<\/span><\/a><\/p>\n<\/div>","protected":false},"excerpt":{"rendered":"<p>Im Rahmen des Berlin Competence Center Digitalisierung am FB 2 sollen aktuelle Herausforderungen der Digitalisierung im unternehmenrischen und beh\u00f6rdlichen Diskurs aufgegriffen werden. Mit Hilfe der B\u00fcndelung von dom\u00e4nenspezifischen Kompetenzen mit den denen der Wirtschaftinformatik\/Informatik sollen wissenschaftliche und industrielle Fragestellungen kooperativ bearbeitet werden. Im Mittelpunkt des Interesses stehen neue Gesch\u00e4ftsmodelle, ben\u00f6tigte Unternehmens- und IT-Architekturen aber auch [&hellip;]<\/p>\n","protected":false},"author":2,"featured_media":0,"parent":0,"menu_order":0,"comment_status":"closed","ping_status":"closed","template":"","meta":{"footnotes":""},"class_list":["post-418","page","type-page","status-publish","hentry"],"_links":{"self":[{"href":"https:\/\/blog.hwr-berlin.de\/schmietendorf\/wp-json\/wp\/v2\/pages\/418","targetHints":{"allow":["GET"]}}],"collection":[{"href":"https:\/\/blog.hwr-berlin.de\/schmietendorf\/wp-json\/wp\/v2\/pages"}],"about":[{"href":"https:\/\/blog.hwr-berlin.de\/schmietendorf\/wp-json\/wp\/v2\/types\/page"}],"author":[{"embeddable":true,"href":"https:\/\/blog.hwr-berlin.de\/schmietendorf\/wp-json\/wp\/v2\/users\/2"}],"replies":[{"embeddable":true,"href":"https:\/\/blog.hwr-berlin.de\/schmietendorf\/wp-json\/wp\/v2\/comments?post=418"}],"version-history":[{"count":15,"href":"https:\/\/blog.hwr-berlin.de\/schmietendorf\/wp-json\/wp\/v2\/pages\/418\/revisions"}],"predecessor-version":[{"id":591,"href":"https:\/\/blog.hwr-berlin.de\/schmietendorf\/wp-json\/wp\/v2\/pages\/418\/revisions\/591"}],"wp:attachment":[{"href":"https:\/\/blog.hwr-berlin.de\/schmietendorf\/wp-json\/wp\/v2\/media?parent=418"}],"curies":[{"name":"wp","href":"https:\/\/api.w.org\/{rel}","templated":true}]}}