

{"id":49,"date":"2017-10-25T16:09:54","date_gmt":"2017-10-25T14:09:54","guid":{"rendered":"https:\/\/blog.hwr-berlin.de\/schmietendorf\/?page_id=49"},"modified":"2017-10-25T16:09:54","modified_gmt":"2017-10-25T14:09:54","slug":"studien2017","status":"publish","type":"page","link":"https:\/\/blog.hwr-berlin.de\/schmietendorf\/studien2017\/","title":{"rendered":"Publikationen 2017"},"content":{"rendered":"<p><b><i><span style=\"font-family: Arial;\">Gehaltene Vortr\u00e4ge<\/span><\/i><\/b><\/p>\n<ul>\n<li>Schmietendorf, A. (Moderation): IT-Security als Innovationsbremse?, Moderierte Podiumsdiskussion im Rahmen der Enterprise Computing Conference (ECC 2017), Hamburg, 26. April 2017<\/li>\n<li>Schmietendorf, A.: Bewertungsans\u00e4tze f\u00fcr Data Science Projekte, Er\u00f6ffnungsvortrag im Rahmen des Workshops &#8222;Workshop Data Science\/Machine Learning &#8211; Innovative Anwendungsszenarien identifizieren, bewerten und qualit\u00e4tssichern&#8220; auf der Enterprise Computing Conference (ECC 2017), Berlin, 27. April 2017<\/li>\n<li>Schmietendorf, A.: Vergleich der Einsatzpotentiale der Content Management Systeme Joomla und October, Diskussionsbeitrag im Rahmen der Strategietagung der ceCMG, Stein am Rhein\/Schweiz, 22. September 2017<\/li>\n<li>Schmietendorf, A.: Agile Qualit\u00e4tssicherung von Big Data Projekten &#8211; Bedarf an integrierten Test- und Bewertungsans\u00e4tzen, akzeptierter Vortrag im Rahmen der 15. Anwenderkonferenz Softwarequalit\u00e4t und Test (ASQT), Technischen Universit\u00e4t Graz, 10. November 2017<\/li>\n<li>Schmietendorf, A.: Open Data und Open APIs \u2013 Messung und Empirische Bewertung, Workshop Software Messung 2017 &#8211; GI Fachgruppe 2.1.10 (Softwaremessung und Bewertung), Fraunhofer IESE, Kaiserslautern, 07. Dezember 2017<\/li>\n<li>&#8230;<\/li>\n<\/ul>\n<p><b><i><span style=\"font-family: Arial;\">Externe Publikationen<\/span><\/i><\/b><\/p>\n<ul>\n<li>Schmietendorf, A.: Bericht zur IWSM\/Mensura-Konferenz 2016 &#8211; 26th International Workshop on Software Measurement &amp; 11th International Conference on Software Process and Product Measurement, Online abrufbar unter: <a href=\"http:\/\/www.hwr-berlin.de\/aktuelles\/neuigkeiten\/einzelansicht\/article\/bericht-zur-iwsmmensura-konferenz-2016\" target=\"new\">HWR Berlin &#8211; Aktuelles und Neuigkeiten 2017<\/a>, 3 Seiten, Februar 2017<\/li>\n<li>Schmietendorf, A.; Simon, F.: Bewertungsaspekte service- und cloudbasierter Architekturen (BSOA\/BCloud2016), in Software Measurement News &#8211; Journal of the Software Metrics Community, S. 11-16, Volume 22, Number 1, February 2017<\/li>\n<li>Schmietendorf, A.; Nitze, A.; Hentschel, J.: Entscheidungskriterien f\u00fcr SaaS-Services bei KMUs &#8211; Ergebnisse einer empirischen Untersuchung, in Rundbrief des Fachausschusses WI-MAW der Gesellschaft f\u00fcr Informatik, S. 13-20, Heft 1\/2017<\/li>\n<li>Schmietendorf, A.; Simon, F.: Bewertungsaspekte service- und cloudbasierter Architekturen (BSOA\/BCloud2016) &#8211; detaillierter Workshopbericht, in Rundbrief des Fachausschusses WI-MAW der Gesellschaft f\u00fcr Informatik, S. 37-43, Heft 1\/2017<\/li>\n<li>Schmietendorf, A.: An empirical evaluation of Open API approaches &#8211; discussion paper, in Software Measurement News &#8211; Journal of the Software Metrics Community, S. 21-30, Volume 22, Number 2, August 2017<\/li>\n<li>&#8230;<\/li>\n<\/ul>\n<p><b><i><span style=\"font-family: Arial;\">Publizierte B\u00fccher\/Studien<\/span><\/i><\/b><\/p>\n<ul>\n<li>Schmietendorf, A.(Hrsg.): ESAPI 2017 &#8211; 1. Workshop Evaluation of Service-APIs, Berlin &#8211; 02. November 2017, in Berliner Schriften zu modernen Integrationsarchitekuren, Shaker-Verlag, Aachen, November 2017, ISBN 978-3-8440-5559-7<\/li>\n<\/ul>\n","protected":false},"excerpt":{"rendered":"<p>Gehaltene Vortr\u00e4ge Schmietendorf, A. (Moderation): IT-Security als Innovationsbremse?, Moderierte Podiumsdiskussion im Rahmen der Enterprise Computing Conference (ECC 2017), Hamburg, 26. April 2017 Schmietendorf, A.: Bewertungsans\u00e4tze f\u00fcr Data Science Projekte, Er\u00f6ffnungsvortrag im Rahmen des Workshops &#8222;Workshop Data Science\/Machine Learning &#8211; Innovative Anwendungsszenarien identifizieren, bewerten und qualit\u00e4tssichern&#8220; auf der Enterprise Computing Conference (ECC 2017), Berlin, 27. April [&hellip;]<\/p>\n","protected":false},"author":2,"featured_media":0,"parent":0,"menu_order":0,"comment_status":"closed","ping_status":"closed","template":"","meta":{"footnotes":""},"class_list":["post-49","page","type-page","status-publish","hentry"],"_links":{"self":[{"href":"https:\/\/blog.hwr-berlin.de\/schmietendorf\/wp-json\/wp\/v2\/pages\/49","targetHints":{"allow":["GET"]}}],"collection":[{"href":"https:\/\/blog.hwr-berlin.de\/schmietendorf\/wp-json\/wp\/v2\/pages"}],"about":[{"href":"https:\/\/blog.hwr-berlin.de\/schmietendorf\/wp-json\/wp\/v2\/types\/page"}],"author":[{"embeddable":true,"href":"https:\/\/blog.hwr-berlin.de\/schmietendorf\/wp-json\/wp\/v2\/users\/2"}],"replies":[{"embeddable":true,"href":"https:\/\/blog.hwr-berlin.de\/schmietendorf\/wp-json\/wp\/v2\/comments?post=49"}],"version-history":[{"count":1,"href":"https:\/\/blog.hwr-berlin.de\/schmietendorf\/wp-json\/wp\/v2\/pages\/49\/revisions"}],"predecessor-version":[{"id":50,"href":"https:\/\/blog.hwr-berlin.de\/schmietendorf\/wp-json\/wp\/v2\/pages\/49\/revisions\/50"}],"wp:attachment":[{"href":"https:\/\/blog.hwr-berlin.de\/schmietendorf\/wp-json\/wp\/v2\/media?parent=49"}],"curies":[{"name":"wp","href":"https:\/\/api.w.org\/{rel}","templated":true}]}}