

{"id":58,"date":"2017-10-25T16:31:39","date_gmt":"2017-10-25T14:31:39","guid":{"rendered":"https:\/\/blog.hwr-berlin.de\/schmietendorf\/?page_id=58"},"modified":"2017-10-25T16:31:39","modified_gmt":"2017-10-25T14:31:39","slug":"lehre","status":"publish","type":"page","link":"https:\/\/blog.hwr-berlin.de\/schmietendorf\/lehre\/","title":{"rendered":"Lehre"},"content":{"rendered":"<p>Lehrveranstaltungen und Studentenbetreuung<\/p>\n<p>Hier finden Studenten Unterlagen zu an der Otto-von-Guericke-Universit\u00e4t Magdeburg gehaltenen Lehrveranstaltungen. Dar\u00fcber hinaus werden aktuelle Themenvorschl\u00e4ge f\u00fcr Studien-, Bachelor- und Masterarbeiten hier bekannt gegeben. Die Unterlagen zu Lehrveranstaltungen an der HWR Berlin werden \u00fcber das dortige <a href=\"https:\/\/moodle.hwr-berlin.de\">Moodle-System<\/a> bereitgestellt.<\/p>\n","protected":false},"excerpt":{"rendered":"<p>Lehrveranstaltungen und Studentenbetreuung Hier finden Studenten Unterlagen zu an der Otto-von-Guericke-Universit\u00e4t Magdeburg gehaltenen Lehrveranstaltungen. Dar\u00fcber hinaus werden aktuelle Themenvorschl\u00e4ge f\u00fcr Studien-, Bachelor- und Masterarbeiten hier bekannt gegeben. Die Unterlagen zu Lehrveranstaltungen an der HWR Berlin werden \u00fcber das dortige Moodle-System bereitgestellt.<\/p>\n","protected":false},"author":2,"featured_media":0,"parent":0,"menu_order":0,"comment_status":"closed","ping_status":"closed","template":"","meta":{"footnotes":""},"class_list":["post-58","page","type-page","status-publish","hentry"],"_links":{"self":[{"href":"https:\/\/blog.hwr-berlin.de\/schmietendorf\/wp-json\/wp\/v2\/pages\/58","targetHints":{"allow":["GET"]}}],"collection":[{"href":"https:\/\/blog.hwr-berlin.de\/schmietendorf\/wp-json\/wp\/v2\/pages"}],"about":[{"href":"https:\/\/blog.hwr-berlin.de\/schmietendorf\/wp-json\/wp\/v2\/types\/page"}],"author":[{"embeddable":true,"href":"https:\/\/blog.hwr-berlin.de\/schmietendorf\/wp-json\/wp\/v2\/users\/2"}],"replies":[{"embeddable":true,"href":"https:\/\/blog.hwr-berlin.de\/schmietendorf\/wp-json\/wp\/v2\/comments?post=58"}],"version-history":[{"count":1,"href":"https:\/\/blog.hwr-berlin.de\/schmietendorf\/wp-json\/wp\/v2\/pages\/58\/revisions"}],"predecessor-version":[{"id":59,"href":"https:\/\/blog.hwr-berlin.de\/schmietendorf\/wp-json\/wp\/v2\/pages\/58\/revisions\/59"}],"wp:attachment":[{"href":"https:\/\/blog.hwr-berlin.de\/schmietendorf\/wp-json\/wp\/v2\/media?parent=58"}],"curies":[{"name":"wp","href":"https:\/\/api.w.org\/{rel}","templated":true}]}}