

{"id":628,"date":"2020-01-20T14:21:14","date_gmt":"2020-01-20T13:21:14","guid":{"rendered":"https:\/\/blog.hwr-berlin.de\/schmietendorf\/?page_id=628"},"modified":"2020-11-30T11:29:39","modified_gmt":"2020-11-30T10:29:39","slug":"forschung-2020","status":"publish","type":"page","link":"https:\/\/blog.hwr-berlin.de\/schmietendorf\/forschung-2020\/","title":{"rendered":"Forschung 2020"},"content":{"rendered":"<p><em><strong>Gehaltende Vortr\u00e4ge und Moderationen<\/strong><\/em><\/p>\n<ul>\n<li>Schmietendorf, A.: Ende der (klassischen) Softwareentwicklung &#8211; Impulsvortrag und Moderation World Caf\u00e9\/Stand-Up Meeting, ECC-Tagung 2020, K\u00f6ln, 12. M\u00e4rz 2020<\/li>\n<li>Schmietendorf, A.: K\u00fcnstliche Intelligenz mit Web APIs, Vortrag im Rahmen des Workshops &#8222;Secure API-Management&#8220;, ECC-Tagung 2020, K\u00f6ln, 13. M\u00e4rz 2020<\/li>\n<li>Schmidt, S.; Schmietendorf, A. (Moderation: Binzen, M.): Secure Web APIs &#8211; Ergebnisse einer wissenschaftlichen Studie zur Diskussion gestellt, im Rahmen des Workshops &#8222;Secure API-Management&#8220;, ECC-Tagung 2020, K\u00f6ln, 13. M\u00e4rz 2020<\/li>\n<li>Schmietendorf, A.; Nadobny, K.: Er\u00f6ffnung des 4. Workshops Evaluation of Service-APIs (ESAPI2020) &#8211; Ziele und Motivation, Online-Workshop, gehostet von der Bayer AG\/Berlin, 03. November 2020<\/li>\n<li>Schmietendorf, A.: Sicherheits- und Compliance-Management f\u00fcr Open Data bzw. Open APIs, im Rahmen der Reihe: HWR-Forschungsergebnisse online pr\u00e4sentiert, Institute for Data-Driven Digital Transformation (d-cube), 01. Dezember 2020<\/li>\n<li>&#8230;<\/li>\n<\/ul>\n<p><em><strong>Publikationen<\/strong><\/em><\/p>\n<ul>\n<li>Schmietendorf, A.: Implizite Praxiskooperationen in der IT-Lehre und \u2013Forschung, in Egger, M.; Resch, O. (Hrsg.): Digitalit\u00e4t@HWR &#8211; Erfahrungen mit Digitalisierung in Forschung und Lehre, Reihe HWR-Forschung, Band 67, S. 59-74, Nomos Verlagsgesellschaft, Februar 2020, ISBN 978-3-8487-6484-6<\/li>\n<li>Schmietendorf, A.: \u00d6ffentlich angebotene Daten und Funktionen (Open Data\/Open APIs) als R\u00fcckgrat des digitalen Wandels in den deutschen Beh\u00f6rden \u2013 eine Bestandsaufnahme, akzeptierter Beitrag in Fisch, R. (Hrsg.): Verst\u00e4ndliche Verwaltungskommunikation in Zeiten der Digitalisierung, Reihe \u201eVerwaltungsressourcen und Verwaltungsstrukturen\u201c, S. 25-38, Nomos Verlagsgesellschaft, Baden-Baden, M\u00e4rz 2020, ISBN <span class=\"value\">978-3-8487-6200-2<\/span><\/li>\n<li>Schmietendorf, A.: Evaluation of Service-APIs \u2013 ESAPI 2019 &#8211; Themenschwerpunkt: API-Sicherheit, detailierter Workshopbericht, in Software Measurement News \u2013 Journal of the Software Metrics Community, S. 9-13, Volume 25, Number 1, April 2020, ISSN 1867-9196<\/li>\n<li>Schmietendorf, A.: Enterprise Computing Conference ECC 2020 in K\u00f6ln &#8211; Transformationen im Unternehmenskontext (detaillierter Bericht), in Software Measurement News \u2013 Journal of the Software Metrics Community, S. 14-22, Volume 25, Number 1, April 2020, ISSN 1867-9196<\/li>\n<li>Schmietendorf, A.: K\u00fcnstliche Intelligenz mit Web APIs &#8211; Marktpl\u00e4tze f\u00fcr KI-Algorithmen, in Proceedings &#8211; Enterprise Computing Conference 2020, Shaker-Verlag, Aachen, April 2020, ISBN 978-3-8440-7320-1<\/li>\n<li>Schmietendorf, A.: Enterprise Computing Conference ECC 2020 in K\u00f6ln &#8211; Transformationen im Unternehmenskontext (detaillierter Bericht &#8211; Nachdruck), in 44. WI-MAW-Rundbrief, S. 53-59, Jahrgang 26 &#8211; Heft 1, Mai 2020, ISSN 1610-5753<\/li>\n<li>Ider, K.; Schmietendorf, A.: Data Privacy For AI Fraud Detection Models &#8211; A framework for GDPR compliant AI, in Proc. 14th International Conference on Digital Society (ICDS 2020), S. 102-107, IARIA Valencia\/Spain, November 2020, ISBN 978-1-61208-760-3<\/li>\n<li>Hartenstein, S.; Schmidt, S.; Schmietendorf, A.: Towards An Empirical Analysis Of Trustworthiness Attributes In The Context of Digitalization, in Proc. 14th International Conference on Digital Society (ICDS 2020), S. 112-116, IARIA Valencia\/Spain, November 2020, ISBN 978-1-61208-760-3<\/li>\n<li>Fiegler, A.; Schmietendorf, A.: Entwicklung smarter Anwendungen mit Hilfe cloudbasiert angebotener KI-Algorithmen, in Proceedings ESAPI 2020, S. 01-08, Shaker-Verlag, Aachen, November 2020<\/li>\n<li>&#8230;<\/li>\n<\/ul>\n<p><em><strong>Ver\u00f6ffentlichte B\u00fccher<\/strong><\/em><\/p>\n<ul>\n<li>Hartenstein, S.; Nadobny, K.; Schmidt, S.; Schmietendorf, A.: Sicherheits- und Compliance-Management im Lebenszyklus von Web APIs, Ergebnisse eines Forschungsprojektes an der HWR Berlin\/Uni Magdeburg, 140 Seiten, Monografie, Logos-Verlag, Berlin, M\u00e4rz 2020, ISBN\u00a0978-3-8325-5086-8<\/li>\n<li>Greis, W.; Schmietendorf, A. (Hrsg.): Proceedings &#8211; Enterprise Computing Conference 2020 &#8211; Ausgew\u00e4hlte Ergebnisse der Podiumsdiskussion, Diskussionsrunden und Workshops, 86 Seiten, in Berliner Schriften zu modernen Integrationsarchitekturen, Shaker-Verlag, D\u00fcren, April 2020, ISBN 978-3-8440-7320-1<\/li>\n<li>Schmietendorf, A.: Empirische Untersuchungen zum Cloud-Einsatz im KMU-Bereich &#8211; eine zusammenfassende Betrachtung, 100 Seiten, in Berliner Schriften zu modernen Integrationsarchitekturen, Shaker-Verlag, D\u00fcren, April 2020, ISBN 978-3-8440-7356-0<\/li>\n<li>Schmietendorf, A.; Nadobny, K. (Hrsg.): ESAPI 2020 \u2013 4. Workshop Evaluation of Service-APIs, Berlin \u2013 03. November 2020, 140 Seiten, in Berliner Schriften zu modernen Integrationsarchitekuren, Shaker-Verlag, D\u00fcren, November 2020, ISBN 978-3-8440-7515-1<\/li>\n<li>&#8230;<\/li>\n<\/ul>\n","protected":false},"excerpt":{"rendered":"<p>Gehaltende Vortr\u00e4ge und Moderationen Schmietendorf, A.: Ende der (klassischen) Softwareentwicklung &#8211; Impulsvortrag und Moderation World Caf\u00e9\/Stand-Up Meeting, ECC-Tagung 2020, K\u00f6ln, 12. M\u00e4rz 2020 Schmietendorf, A.: K\u00fcnstliche Intelligenz mit Web APIs, Vortrag im Rahmen des Workshops &#8222;Secure API-Management&#8220;, ECC-Tagung 2020, K\u00f6ln, 13. M\u00e4rz 2020 Schmidt, S.; Schmietendorf, A. (Moderation: Binzen, M.): Secure Web APIs &#8211; Ergebnisse [&hellip;]<\/p>\n","protected":false},"author":2,"featured_media":0,"parent":0,"menu_order":0,"comment_status":"closed","ping_status":"closed","template":"","meta":{"footnotes":""},"class_list":["post-628","page","type-page","status-publish","hentry"],"_links":{"self":[{"href":"https:\/\/blog.hwr-berlin.de\/schmietendorf\/wp-json\/wp\/v2\/pages\/628","targetHints":{"allow":["GET"]}}],"collection":[{"href":"https:\/\/blog.hwr-berlin.de\/schmietendorf\/wp-json\/wp\/v2\/pages"}],"about":[{"href":"https:\/\/blog.hwr-berlin.de\/schmietendorf\/wp-json\/wp\/v2\/types\/page"}],"author":[{"embeddable":true,"href":"https:\/\/blog.hwr-berlin.de\/schmietendorf\/wp-json\/wp\/v2\/users\/2"}],"replies":[{"embeddable":true,"href":"https:\/\/blog.hwr-berlin.de\/schmietendorf\/wp-json\/wp\/v2\/comments?post=628"}],"version-history":[{"count":41,"href":"https:\/\/blog.hwr-berlin.de\/schmietendorf\/wp-json\/wp\/v2\/pages\/628\/revisions"}],"predecessor-version":[{"id":835,"href":"https:\/\/blog.hwr-berlin.de\/schmietendorf\/wp-json\/wp\/v2\/pages\/628\/revisions\/835"}],"wp:attachment":[{"href":"https:\/\/blog.hwr-berlin.de\/schmietendorf\/wp-json\/wp\/v2\/media?parent=628"}],"curies":[{"name":"wp","href":"https:\/\/api.w.org\/{rel}","templated":true}]}}