

{"id":69,"date":"2017-10-25T17:42:18","date_gmt":"2017-10-25T15:42:18","guid":{"rendered":"https:\/\/blog.hwr-berlin.de\/schmietendorf\/?page_id=69"},"modified":"2024-12-11T22:25:18","modified_gmt":"2024-12-11T21:25:18","slug":"studium","status":"publish","type":"page","link":"https:\/\/blog.hwr-berlin.de\/schmietendorf\/studium\/","title":{"rendered":"Akademischer Werdegang"},"content":{"rendered":"<p><b>Akademische Qualifikationen<\/b><\/p>\n<ul>\n<li>2007 bis 2008 (1 Semester) Berufsbegleitendes Qualifizierungsprogramm f\u00fcr Hochschullehrende an der Freien Universit\u00e4t Berlin,<\/li>\n<\/ul>\n<p style=\"padding-left: 40px;\"><em>Zertifikats-Abschlu\u00df der FU Berlin (e-Teaching)<\/em><\/p>\n<ul>\n<li>2002 bis 2007 Habilitand an der Otto-von-Guericke-Universit\u00e4t Magdeburg, Institut f\u00fcr verteilte Systeme &#8211; Lehrstuhl Softwaretechnik,<\/li>\n<\/ul>\n<p style=\"padding-left: 40px;\">Abschlu\u00df als <em>Dr.-Ing. habil. (Doktoringenieur habilitatus &#8211; Privatdozent)<\/em><\/p>\n<ul>\n<li>1999 bis 2001 Doktorand an der Otto-von-Guericke-Universit\u00e4t Magdeburg, Institut f\u00fcr verteilte Systeme &#8211; Lehrstuhl Softwaretechnik,<\/li>\n<\/ul>\n<p style=\"padding-left: 40px;\">Abschlu\u00df als <em>Dr.-Ing. (Doktoringenieur)<\/em><\/p>\n<ul>\n<li>1996 bis 1999 Studium an der Otto-von-Guericke-Universit\u00e4t Magdeburg &#8211; Vertiefungsrichtung verteilte Systeme,<\/li>\n<\/ul>\n<p style=\"padding-left: 40px;\">Abschlu\u00df als <i>Diplom-Informatiker<\/i><\/p>\n<ul>\n<li>1994 bis 1996 Studium an der Hochschule f\u00fcr Technik und Wirtschaft Dresden,<\/li>\n<\/ul>\n<p style=\"padding-left: 40px;\">Abschlu\u00df als <i>Diplom-Informatiker (FH) f\u00fcr allgemeine Informatik<br \/>\n<\/i><\/p>\n<ul>\n<li>1992 bis 1994 Studium an der Fachhochschule f\u00fcr Technik und Wirtschaft Berlin,<\/li>\n<\/ul>\n<p style=\"padding-left: 40px;\">Abschlu\u00df als <i>Diplom-Ingenieur (FH) f\u00fcr Nachrichtentechnik<br \/>\n<\/i><\/p>\n<ul>\n<li>Jan. bis Dez. 1993 Studium an der Akademie f\u00fcr F\u00fchrungskr\u00e4fte der DBP Telekom, <i><\/i><\/li>\n<\/ul>\n<p style=\"padding-left: 40px;\"><i>Zertifikats-Abschlu\u00df<\/i> (VWL &amp; BWL, HR-Management, Marketing, Recht)<\/p>\n<ul>\n<li>1990 bis 1992 Studium an der Technischen Fachhochschule Berlin,<\/li>\n<\/ul>\n<p style=\"padding-left: 40px;\">Abschlu\u00df als <i>Diplom-Ingenieur (FH) f\u00fcr technische Informatik<br \/>\n<\/i><\/p>\n<ul>\n<li>1985 bis 1990 Studium an der Ingenieurhochschule Berlin-Lichtenberg,<\/li>\n<\/ul>\n<p style=\"padding-left: 40px;\">Abschlu\u00df als <i>Ingenieur f\u00fcr Ger\u00e4te und Anlagen der Nachrichtentechnik<\/i><\/p>\n<p><b>Belegte Professuren<\/b><\/p>\n<ul>\n<li>ab April 2009 <i>Professor<\/i> an der Hochschule f\u00fcr Wirtschaft und Recht Berlin, Fachbereich II &#8211; Lehrgebiet Wirtschaftsinformatik (Schwerpunkt Systementwicklung)<\/li>\n<li>2005 bis 2009 <i>Professor<\/i> an der Fachhochschule f\u00fcr Wirtschaft Berlin, Fachbereich II &#8211; Lehrgebiet Wirtschaftsinformatik (Schwerpunkt Systementwicklung)<\/li>\n<li>2004 bis 2005 <i>Professor<\/i> an der Hochschule Harz &#8211; Wernigerode, Fachbereich Automatisierung und Informatik &#8211; Lehrgebiet Datenbanksysteme<\/li>\n<\/ul>\n<p><b>Privat- und Gastdozenturen<\/b><\/p>\n<ul>\n<li>seit Mitte 2007 <i>Privatdozent<\/i> (Venia Legendi) an der Otto-von-Guericke-Universit\u00e4t Magdeburg, Fakult\u00e4t Informatik\/Institut f\u00fcr Intelligente Kooperierende Systeme (IKS) &#8211; Lehrgebiet Software Engineering<\/li>\n<li>2005 bis 2014 <i>Gastdozent<\/i> an der Hochschule Harz &#8211; Wernigerode, Fachbereich Automatisierung und Informatik (AI) &#8211; Vorlesungen: Verteile Datenbanksysteme (Berufsfeldorientierung)<\/li>\n<li>2000 bis 2007 <i>Gastdozent an der <\/i>Otto-von-Guericke-Universit\u00e4t Magdeburg, Fakult\u00e4t Informatik\/Institut f\u00fcr verteilte Systeme (IVS) &#8211; Vorlesungen: Web Service Technologien, Serviceorientierte Architekturen<\/li>\n<li>1999 bis 2003 <i>Gastdozent an der Fachhochschule f\u00fcr Technik und Wirtschaft Berlin<\/i>, Fachbereich 4 \/AI &#8211; Vorlesungen: Informationsmanagement und praktische Informationssysteme<\/li>\n<\/ul>\n","protected":false},"excerpt":{"rendered":"<p>Akademische Qualifikationen 2007 bis 2008 (1 Semester) Berufsbegleitendes Qualifizierungsprogramm f\u00fcr Hochschullehrende an der Freien Universit\u00e4t Berlin, Zertifikats-Abschlu\u00df der FU Berlin (e-Teaching) 2002 bis 2007 Habilitand an der Otto-von-Guericke-Universit\u00e4t Magdeburg, Institut f\u00fcr verteilte Systeme &#8211; Lehrstuhl Softwaretechnik, Abschlu\u00df als Dr.-Ing. habil. (Doktoringenieur habilitatus &#8211; Privatdozent) 1999 bis 2001 Doktorand an der Otto-von-Guericke-Universit\u00e4t Magdeburg, Institut f\u00fcr verteilte [&hellip;]<\/p>\n","protected":false},"author":2,"featured_media":0,"parent":0,"menu_order":0,"comment_status":"closed","ping_status":"closed","template":"","meta":{"footnotes":""},"class_list":["post-69","page","type-page","status-publish","hentry"],"_links":{"self":[{"href":"https:\/\/blog.hwr-berlin.de\/schmietendorf\/wp-json\/wp\/v2\/pages\/69","targetHints":{"allow":["GET"]}}],"collection":[{"href":"https:\/\/blog.hwr-berlin.de\/schmietendorf\/wp-json\/wp\/v2\/pages"}],"about":[{"href":"https:\/\/blog.hwr-berlin.de\/schmietendorf\/wp-json\/wp\/v2\/types\/page"}],"author":[{"embeddable":true,"href":"https:\/\/blog.hwr-berlin.de\/schmietendorf\/wp-json\/wp\/v2\/users\/2"}],"replies":[{"embeddable":true,"href":"https:\/\/blog.hwr-berlin.de\/schmietendorf\/wp-json\/wp\/v2\/comments?post=69"}],"version-history":[{"count":12,"href":"https:\/\/blog.hwr-berlin.de\/schmietendorf\/wp-json\/wp\/v2\/pages\/69\/revisions"}],"predecessor-version":[{"id":1815,"href":"https:\/\/blog.hwr-berlin.de\/schmietendorf\/wp-json\/wp\/v2\/pages\/69\/revisions\/1815"}],"wp:attachment":[{"href":"https:\/\/blog.hwr-berlin.de\/schmietendorf\/wp-json\/wp\/v2\/media?parent=69"}],"curies":[{"name":"wp","href":"https:\/\/api.w.org\/{rel}","templated":true}]}}