

{"id":72,"date":"2017-10-25T17:43:56","date_gmt":"2017-10-25T15:43:56","guid":{"rendered":"https:\/\/blog.hwr-berlin.de\/schmietendorf\/?page_id=72"},"modified":"2017-10-25T17:44:13","modified_gmt":"2017-10-25T15:44:13","slug":"beruf","status":"publish","type":"page","link":"https:\/\/blog.hwr-berlin.de\/schmietendorf\/beruf\/","title":{"rendered":"Beruflicher Werdegang"},"content":{"rendered":"<ul>\n<li>1979 bis 1982 Ausbildung zum Facharbeiter f\u00fcr Nachrichtentechnik, DP &#8211; Funkschule K\u00f6nigs-Wusterhausen<\/li>\n<li>1982 bis 1988 Instandhalter von H\u00f6rrundfunksendeanlagen, DP &#8211; Funkamt K\u00f6penick<\/li>\n<li>1988 bis 1990 Ingenieur f\u00fcr Rationalisierung, DP &#8211; Funkamt K\u00f6penick<\/li>\n<li>1990 bis 1991 Ingenieur f\u00fcr Vorbereitung und Durchf\u00fchrung von Investitionen, DP &#8211; Funkamt K\u00f6penick<\/li>\n<li>1991 bis 1992 Planungsingenieur f\u00fcr Sendeanlagen, DBP Telekom &#8211; Fernmeldeamt 1 Berlin<\/li>\n<li>1992 bis 1993 Planungsingenieur f\u00fcr Informations- und Netzwerkstechnik, DBP Telekom &#8211; Fernmeldeamt Potsdam<\/li>\n<li>1993 bis 1994 Systemtechnischer Projektberater, DBP Telekom &#8211; Generaldirektion FG 6233<\/li>\n<li>1994 bis 1996 Berater f\u00fcr UNIX-Systemarchitekturen, DBP Telekom &#8211; Generaldirektion TD 433<\/li>\n<li>1996 bis 1999 Consultant f\u00fcr System- und Softwareentwicklung, Deutsche Telekom &#8211; Entwicklungszentrum Berlin<\/li>\n<li>1999 bis 2000 Senior-Consultant f\u00fcr System- und Softwareentwicklung, T-Nova &#8211; Entwicklungszentrum Berlin<\/li>\n<li>2000 bis 2004 Abteilungsleiter &#8222;Integration Services&#8220; &amp; Chefarchitekt, T-Nova\/T-Systems &#8211; Entwicklungszentrum Berlin<\/li>\n<li>seit 2005 nebenberuflich als beratender Ingenieur f\u00fcr verschiedene IT-Unternehmen t\u00e4tig<\/li>\n<\/ul>\n<hr \/>\n","protected":false},"excerpt":{"rendered":"<p>1979 bis 1982 Ausbildung zum Facharbeiter f\u00fcr Nachrichtentechnik, DP &#8211; Funkschule K\u00f6nigs-Wusterhausen 1982 bis 1988 Instandhalter von H\u00f6rrundfunksendeanlagen, DP &#8211; Funkamt K\u00f6penick 1988 bis 1990 Ingenieur f\u00fcr Rationalisierung, DP &#8211; Funkamt K\u00f6penick 1990 bis 1991 Ingenieur f\u00fcr Vorbereitung und Durchf\u00fchrung von Investitionen, DP &#8211; Funkamt K\u00f6penick 1991 bis 1992 Planungsingenieur f\u00fcr Sendeanlagen, DBP Telekom &#8211; [&hellip;]<\/p>\n","protected":false},"author":2,"featured_media":0,"parent":0,"menu_order":0,"comment_status":"closed","ping_status":"closed","template":"","meta":{"footnotes":""},"class_list":["post-72","page","type-page","status-publish","hentry"],"_links":{"self":[{"href":"https:\/\/blog.hwr-berlin.de\/schmietendorf\/wp-json\/wp\/v2\/pages\/72","targetHints":{"allow":["GET"]}}],"collection":[{"href":"https:\/\/blog.hwr-berlin.de\/schmietendorf\/wp-json\/wp\/v2\/pages"}],"about":[{"href":"https:\/\/blog.hwr-berlin.de\/schmietendorf\/wp-json\/wp\/v2\/types\/page"}],"author":[{"embeddable":true,"href":"https:\/\/blog.hwr-berlin.de\/schmietendorf\/wp-json\/wp\/v2\/users\/2"}],"replies":[{"embeddable":true,"href":"https:\/\/blog.hwr-berlin.de\/schmietendorf\/wp-json\/wp\/v2\/comments?post=72"}],"version-history":[{"count":1,"href":"https:\/\/blog.hwr-berlin.de\/schmietendorf\/wp-json\/wp\/v2\/pages\/72\/revisions"}],"predecessor-version":[{"id":73,"href":"https:\/\/blog.hwr-berlin.de\/schmietendorf\/wp-json\/wp\/v2\/pages\/72\/revisions\/73"}],"wp:attachment":[{"href":"https:\/\/blog.hwr-berlin.de\/schmietendorf\/wp-json\/wp\/v2\/media?parent=72"}],"curies":[{"name":"wp","href":"https:\/\/api.w.org\/{rel}","templated":true}]}}