

{"id":81,"date":"2017-10-25T18:02:41","date_gmt":"2017-10-25T16:02:41","guid":{"rendered":"https:\/\/blog.hwr-berlin.de\/schmietendorf\/?page_id=81"},"modified":"2017-12-28T14:40:06","modified_gmt":"2017-12-28T13:40:06","slug":"studien-2016","status":"publish","type":"page","link":"https:\/\/blog.hwr-berlin.de\/schmietendorf\/studien-2016\/","title":{"rendered":"Publikationen 2016"},"content":{"rendered":"<p><b><i><span style=\"font-family: Arial;\">Gehaltene Vortr\u00e4ge<\/span><\/i><\/b><\/p>\n<ul>\n<li>Schmietendorf, A. (Moderation): Digitalisierung \u2013 \u00c4ndert sich wirklich alles?, Moderierte Podiumsdiskussion im Rahmen der Enterprise Computing Conference (ECC 2016), Hamburg, 13. April 2016<\/li>\n<li>Schmietendorf, A.: Big Data \u2013 Einsatzpotentiale heben, aber wie?, Er\u00f6ffnungsvortrag im Rahmen des Workshops &#8222;Big Data &#8211; Erfolgreiche Data Science Initiativen&#8220; auf der Enterprise Computing Conference (ECC 2016), Hamburg, 14. April 2016<\/li>\n<li>Schmietendorf, A.: Big Data &amp; Co. \u2013 Der Datenwissenschaftler als gesuchte Spezies, eingeladene Keynote auf der GSE-Jahrestagung &#8211; Digitale Transformation: Gefahr und Chance f\u00fcr die Unternehmens-IT (GSE2016), Berlin, 04. Mai 2016<\/li>\n<li>Schmietendorf, A.: Einsatzszenarien f\u00fcr Big-Data-Anwendungen, Vortrag im Rahmen der 10. Wismarer Wirtschaftsinformatiktage an der Hochschule Wismar (WIWITA 2016), 09. Juni 2016<\/li>\n<li>Schmietendorf, A.: Nutzung von SaaS-L\u00f6sungen bei Klein- und mittelst\u00e4ndischen Unternehmen, Vortrag im Rahmen der 10. Wismarer Wirtschaftsinformatiktage an der Hochschule Wismar (WIWITA 2016), 09. Juni 2016<\/li>\n<li>Schmietendorf, A.: Entscheidungskriterien f\u00fcr SaaS-Services bei KMUs &#8211; Ergebnisse einer empirischen Untersuchung, Vortrag im Rahmen der 14. Anwenderkonferenz f\u00fcr Softwarequalit\u00e4t, Test und Innovation (ASQT 2016), Klagenfurt\/\u00d6sterreich, 23. September 2016<\/li>\n<li>Schmietendorf, A.: Big Data benefits for the Software Measurement Community, Vortrag im Rahmen des International Workshop on Software Measurement and the International Conference on Software Process and Product Measurement (IWSM\/Mensura 2016), Berlin\/Germany, 06. October 2016<\/li>\n<li>&#8230;<\/li>\n<\/ul>\n<p><b><i><span style=\"font-family: Arial;\">Externe Publikationen<\/span><\/i><\/b><\/p>\n<ul>\n<li>Schmietendorf, A.; Simon, F.: Bewertungsaspekte service- und cloudbasierter Architekturen (BSOA\/BCloud2015) &#8211; detaillierter Workshopbericht, in Software Measurement News, Journal of the Software Metrics Community, S. 14-18, Vol. 21 No. 1, February 2016, ISSN 1867-9196<\/li>\n<li>Schmietendorf, A.: Big Data &amp; Co &#8211; Der Datenwissenschaftler als gesuchte Spezies, Artikel in Datenschutz-Berater Nr. 06\/2016, S. 127-128, Handelsblatt Fachmedien GmbH, D\u00fcsseldorf, Juni 2016, ISSN 0170-7256<\/li>\n<li>Schmietendorf, A.: Einsatzszenarien f\u00fcr Big-Data-Anwendungen, in Cleve, J.; Alde, E.: Proceedings 10. Wismarer Wirtschaftsinformatiktage (WIWITA 2016), S. 49-60, Hochschule Wismar 2016, ISBN 978-3-942100-26-7<\/li>\n<li>Schmietendorf, A.; Nitze, A.; Hentschel, J.: Nutzung von SaaS-L\u00f6sungen bei Klein- und mittelst\u00e4ndischen Unternehmen, in Cleve, J.; Alde, E.: Proceedings 10. Wismarer Wirtschaftsinformatiktage (WIWITA 2016), S. 79-88, Hochschule Wismar 2016, ISBN 978-3-942100-26-7<\/li>\n<li>Schmietendorf, A.: Industrialisierung der IT durch Web-APIs, Beitrag f\u00fcr MEHR.WERT &#8211; Das Kundenmagazin der Bluecarat AG, S. 5, Ausgabe 4, August 2016 (Online verf\u00fcgbar unter: http:\/\/www.bluecarat.de\/wp-content\/uploads\/2016\/07\/MehrWert04.pdf &#8211; letzter Abruf: 10. August 2016)<\/li>\n<li>Schmietendorf, A.; Nadobny, K.; Hentschel, J.: Design Guidelines zur konstruktiven Qualit\u00e4tssicherung von Web-APIs (Titelthema), Beitrag f\u00fcr SQ Magazin: Ausgabe 40 &#8211; Jubil\u00e4umsspecial zu 10 Jahren SQ-Magazin, Arbeitskreis Software-Qualit\u00e4t und -Fortbildung (ASQF), S. 18-19, September 2016<\/li>\n<li>Schmietendorf, A.: Web APIs als Enabler einer erfolgreichen Digitalisierungsstrategie (Position Paper), in Software Measurement News, Journal of the Software Metrics Community, S. 15-18, Vol. 21 No. 2, September 2016, ISSN 1867-9196<\/li>\n<li>Schmietendorf, A.; Nitze, A.; Hentschel, J.: Entscheidungskriterien f\u00fcr SaaS-Services bei KMUs &#8211; Ergebnisse einer empirischen Untersuchung, akzeptierter Beitrag zur 14. Anwenderkonferenz f\u00fcr Softwarequalit\u00e4t, Test und Innovation (ASQT 2016), Klagenfurt\/\u00d6sterreich, September 2016<\/li>\n<li>Hentschel, J.; Schmietendorf, A.; Dumke, R.: Big Data benefits for the Software Measurement Community, in Proc. International Workshop on Software Measurement (IWSM) and the International Conference on Software Process and Product Measurement (Mensura), ISBN 978-1-5090-4147-3, IEEE Computer Society Conference Publishing Services (CPS), S.108-114, October 2016<\/li>\n<li>Gurczik, G.; Hentschel, J.; Schmietendorf, A.: Retrieval of Origin\/Destination-Matrices from Bluetooth-based Floating Car Observer Data using Big Data Algorithms, accepted for: European Transport Conference, Barcelona, October 2016<\/li>\n<li>Schmietendorf, A.; Hentschel, J.: Ver\u00e4nderte Anforderungen an die Qualit\u00e4tssicherung von Data Science L\u00f6sungen, Beitrag f\u00fcr SQ-Sonderausgabe \u201e20 Jahre im Dienst von Qualit\u00e4t\u201c, Arbeitskreis Software-Qualit\u00e4t und -Fortbildung (ASQF), S. 76-83, Dezember 2016<\/li>\n<li>&#8230;<\/li>\n<\/ul>\n<p><b><i><span style=\"font-family: Arial;\">Publizierte B\u00fccher\/Studien<\/span><\/i><\/b><\/p>\n<ul>\n<li>Schmietendorf, A.; Kunisch, M. (Hrsg.): Sind deutsche Unternehmen bereit f\u00fcr Cloud Computing? Eine Umfrage unter Anwendern und Anbietern von Software-as-a-Service, \u00f6ffentliche Studie verf\u00fcgbar unter URL: http:\/\/forcont.de\/cloudumfrage2015, Januar 2016<\/li>\n<li>Schmietendorf, A.(Hrsg.): BSOA\/BCloud 2016 &#8211; 11. Workshop Bewertungsaspekte service- und cloudbasierter Architekturen Berlin &#8211; 03. November 2016), in Berliner Schriften zu modernen Integrationsarchitekuren, Shaker-Verlag, Aachen, November 2016, ISBN 978-3-8440-4653-3<\/li>\n<li>Schmietendorf, A.: Reifegrad \u00fcber das Internet als Services angebotener Programmierschnittstellen (Empirische Analysen von Web- und Cloud-APIs), Forschungsstudie (Monografie), ca. 150 Seiten, HWR Berlin\/Uni Magdeburg, 2016, in Vorbereitung<\/li>\n<li>&#8230;<\/li>\n<\/ul>\n","protected":false},"excerpt":{"rendered":"<p>Gehaltene Vortr\u00e4ge Schmietendorf, A. (Moderation): Digitalisierung \u2013 \u00c4ndert sich wirklich alles?, Moderierte Podiumsdiskussion im Rahmen der Enterprise Computing Conference (ECC 2016), Hamburg, 13. April 2016 Schmietendorf, A.: Big Data \u2013 Einsatzpotentiale heben, aber wie?, Er\u00f6ffnungsvortrag im Rahmen des Workshops &#8222;Big Data &#8211; Erfolgreiche Data Science Initiativen&#8220; auf der Enterprise Computing Conference (ECC 2016), Hamburg, 14. [&hellip;]<\/p>\n","protected":false},"author":2,"featured_media":0,"parent":0,"menu_order":0,"comment_status":"closed","ping_status":"closed","template":"","meta":{"footnotes":""},"class_list":["post-81","page","type-page","status-publish","hentry"],"_links":{"self":[{"href":"https:\/\/blog.hwr-berlin.de\/schmietendorf\/wp-json\/wp\/v2\/pages\/81","targetHints":{"allow":["GET"]}}],"collection":[{"href":"https:\/\/blog.hwr-berlin.de\/schmietendorf\/wp-json\/wp\/v2\/pages"}],"about":[{"href":"https:\/\/blog.hwr-berlin.de\/schmietendorf\/wp-json\/wp\/v2\/types\/page"}],"author":[{"embeddable":true,"href":"https:\/\/blog.hwr-berlin.de\/schmietendorf\/wp-json\/wp\/v2\/users\/2"}],"replies":[{"embeddable":true,"href":"https:\/\/blog.hwr-berlin.de\/schmietendorf\/wp-json\/wp\/v2\/comments?post=81"}],"version-history":[{"count":1,"href":"https:\/\/blog.hwr-berlin.de\/schmietendorf\/wp-json\/wp\/v2\/pages\/81\/revisions"}],"predecessor-version":[{"id":82,"href":"https:\/\/blog.hwr-berlin.de\/schmietendorf\/wp-json\/wp\/v2\/pages\/81\/revisions\/82"}],"wp:attachment":[{"href":"https:\/\/blog.hwr-berlin.de\/schmietendorf\/wp-json\/wp\/v2\/media?parent=81"}],"curies":[{"name":"wp","href":"https:\/\/api.w.org\/{rel}","templated":true}]}}