

{"id":94,"date":"2017-10-25T18:18:48","date_gmt":"2017-10-25T16:18:48","guid":{"rendered":"https:\/\/blog.hwr-berlin.de\/schmietendorf\/?page_id=94"},"modified":"2025-06-26T18:53:50","modified_gmt":"2025-06-26T16:53:50","slug":"unimd","status":"publish","type":"page","link":"https:\/\/blog.hwr-berlin.de\/schmietendorf\/unimd\/","title":{"rendered":"Lehre an der OvG-Universit\u00e4t Magdeburg"},"content":{"rendered":"<p><strong>Vorlesung &#8211; Service Engineering (im SoSe 2025 &#8211; G02-112)<\/strong><\/p>\r\n<p><span style=\"color: #ff0000;\"><strong>ACHTUNG:<\/strong><\/span> Die Vorlesung vom 22.05.2025 wird auf den 20.05.2025 um 17:00 Uhr verschoben. Dar\u00fcber hinaus findet diese mit Hilfe von Big Blue Button, d.h. ausschlie\u00dflich virtuell statt!!! Der entsprechende Link wird im Rahmen der Vorlesung am 15.05.2025 zur Verf\u00fcgung gestellt.<\/p>\r\n<p>Bitte ber\u00fccksichtigen Sie die den <a href=\"https:\/\/blog.hwr-berlin.de\/schmietendorf\/wp-content\/uploads\/2025\/04\/Vorlesungssplan-sose2025-v1.pdf\" target=\"_blank\" rel=\"noopener\"><span style=\"color: #0000ff;\">Plan zur Vorlesung<\/span><\/a><span style=\"color: #0000ff;\"><span style=\"color: #003300;\"><br \/><\/span><\/span><\/p>\r\n<p>Abgabetermin f\u00fcr die Belege: <span style=\"color: #ff0000;\">18. August 2025\u00a0 (via Email ggf. via File-Upload)<\/span><\/p>\r\n<p>Pr\u00fcfungsanmeldung:<span style=\"color: #ff0000;\"><span style=\"color: #0000ff;\"><a style=\"color: #0000ff;\" href=\"https:\/\/www.fin.ovgu.de\/Studium\/W%C3%A4hrend+des+Studiums\/Pr%C3%BCfungsamt\/Pr%C3%BCfungspl%C3%A4ne.html\" target=\"_blank\" rel=\"noopener\"> Online ab ca. Mitte Mai 2025 \u00fcber LSF!!!<\/a><\/span><br \/><\/span><\/p>\r\n<p>Mentimeter-Umfrage &#8211; KI im Software Engineering vom 26 Juni 2025: <a href=\"https:\/\/blog.hwr-berlin.de\/schmietendorf\/wp-content\/uploads\/2025\/06\/ki_softEnf_26Jun25.pdf\" target=\"_blank\" rel=\"noopener\"><span style=\"color: #0000ff;\">Report<\/span><\/a><\/p>\r\n<p>Inhaltliche Ausrichtung:<\/p>\r\n<p>Die Vorlesung Service Engineering in der Informationsverarbeitung besch\u00e4ftigt sich mit der gesch\u00e4ftsprozessorientierten Identifikation, Auswahl und der ggf. notwendigen Implementierung von Serviceangeboten f\u00fcr service- bzw. weborientierte Integrationsarchitekturen. Daf\u00fcr wird auf prozess-, ressourcen- und produktbezogene Aspekte, unter Ber\u00fccksichtigung der verschiedenen Verantwortungsbereiche entlang des Lebenszyklus eines Informationssystems, eingegangen. Dem entsprechend erhalten die Studierenden einen \u00dcberblick zu den Auswirkungen moderner Integrationsarchitekturen auf das Informationsmanagement, auf die klassische Softwareentwicklung und auf die Betreiber serviceorientiert implementierter Informationssysteme. In diesem Zusammenhang wird auch auf Auswirkungen beim Einsatz von Cloud-Services eingegangen. Im Rahmen der Vorlesung werden folgende Themen behandelt (hinter den Links finden sich die verwendeten Foliens\u00e4tze):<\/p>\r\n<ul>\r\n<li>\r\n<h5><a href=\"https:\/\/blog.hwr-berlin.de\/schmietendorf\/wp-content\/uploads\/2020\/04\/serv_eng_part0.pdf\" target=\"_blank\" rel=\"noopener noreferrer\"><span style=\"color: #0000ff;\">Einf\u00fchrung zur Vorlesung<\/span><\/a><\/h5>\r\n<\/li>\r\n<li>\r\n<h5><span style=\"color: #0000ff;\"><a style=\"color: #0000ff;\" href=\"https:\/\/blog.hwr-berlin.de\/schmietendorf\/wp-content\/uploads\/2020\/04\/serv_eng_part1.pdf\" target=\"_blank\" rel=\"noopener noreferrer\">Integrieren statt Implementieren<\/a><\/span><\/h5>\r\n<\/li>\r\n<li>\r\n<h5><span style=\"color: #0000ff;\"><a style=\"color: #0000ff;\" href=\"https:\/\/blog.hwr-berlin.de\/schmietendorf\/wp-content\/uploads\/2025\/05\/serv_eng_part2.pdf\" target=\"_blank\" rel=\"noopener noreferrer\">Basistechnologien &#8211; HTTP, XML, JSON<\/a><\/span><\/h5>\r\n<\/li>\r\n<li>\r\n<h5><span style=\"color: #0000ff;\"><a style=\"color: #0000ff;\" href=\"https:\/\/blog.hwr-berlin.de\/schmietendorf\/wp-content\/uploads\/2025\/05\/serv_eng_part2b.pdf\" target=\"_blank\" rel=\"noopener noreferrer\">Basistechnologien &#8211; Secure Web-APIs und GraphQL<\/a><\/span><\/h5>\r\n<\/li>\r\n<li>\r\n<h5><span style=\"color: #0000ff;\"><a style=\"color: #0000ff;\" href=\"https:\/\/blog.hwr-berlin.de\/schmietendorf\/wp-content\/uploads\/2019\/06\/serv_eng_part3-2019-1.pdf\">Spezifikation, Entwicklung und Management von Web-APIs<\/a><\/span><\/h5>\r\n<\/li>\r\n<li>\r\n<h5><span style=\"color: #0000ff;\"><a style=\"color: #0000ff;\" href=\"https:\/\/blog.hwr-berlin.de\/schmietendorf\/wp-content\/uploads\/2024\/07\/serv_eng_part4.pdf\" target=\"_blank\" rel=\"noopener noreferrer\">Prozess-Modellierung und -Implementierung<\/a><\/span><\/h5>\r\n<\/li>\r\n<\/ul>\r\n<p>\u00dcbungen im Rahmen der Vorlesung:<\/p>\r\n<p>Die Vorlesung wird durch entsprechende \u00dcbungen des virtuell gestalteten Software-Messlabor (SMLab) begleitet. Im Rahmen der teamorientiert zu bearbeitenden \u00dcbungen werden ausgew\u00e4hlte Sachverhalte des Service Engineering vertieft. Dem entsprechend bilden diese den inhaltlichen Schwerpunkt der m\u00fcndlich durchgef\u00fchrten Pr\u00fcfung (Semesterbegleitend). Im Einzelnen geht es dabei um die folgenden Themenbereiche:<\/p>\r\n<ul>\r\n<li>\r\n<h5><a href=\"https:\/\/blog.hwr-berlin.de\/schmietendorf\/wp-content\/uploads\/2023\/05\/serv_eng_ue1.pdf\" target=\"_blank\" rel=\"noopener\"><span style=\"color: #0000ff;\">\u00dcbung 1<\/span><\/a> &#8211; Serviceverzeichnisse und Servicemarktpl\u00e4tze<\/h5>\r\n<\/li>\r\n<li>\r\n<h5><a href=\"https:\/\/blog.hwr-berlin.de\/schmietendorf\/wp-content\/uploads\/2018\/05\/serv_eng_ue2a.pdf\"><span style=\"color: #0000ff;\">\u00dcbung 2a<\/span><\/a> &#8211; Spezifikation und Nutzung von Web-APIs<\/h5>\r\n<\/li>\r\n<li>\r\n<h5><span style=\"color: #0000ff;\"><a style=\"color: #0000ff;\" href=\"https:\/\/blog.hwr-berlin.de\/schmietendorf\/wp-content\/uploads\/2018\/05\/serv_eng_ue2b.pdf\">\u00dcbung 2b<\/a><\/span> &#8211; Modellierung\/Entwicklung von Web-APIs<\/h5>\r\n<\/li>\r\n<li>\r\n<h5><a href=\"https:\/\/blog.hwr-berlin.de\/schmietendorf\/wp-content\/uploads\/2018\/05\/serv_eng_ue2c.pdf\"><span style=\"color: #0000ff;\">\u00dcbung 2c<\/span><\/a> &#8211; Einbindung von Web APIs in mobilen Applikationen<\/h5>\r\n<\/li>\r\n<li>\r\n<h5><a href=\"https:\/\/blog.hwr-berlin.de\/schmietendorf\/wp-content\/uploads\/2023\/06\/serv_eng_ue2d.pdf\" target=\"_blank\" rel=\"noopener\"><span style=\"color: #0000ff;\">\u00dcbung 2d<\/span><\/a> &#8211; Einbindung von KI via Web APIs<\/h5>\r\n<\/li>\r\n<li>\r\n<h5><span style=\"color: #0000ff;\"><a style=\"color: #0000ff;\" href=\"https:\/\/blog.hwr-berlin.de\/schmietendorf\/wp-content\/uploads\/2023\/06\/serv_eng_ue3a.pdf\" target=\"_blank\" rel=\"noopener\">\u00dcbung 3a<\/a><\/span> &#8211; Ableitung der Servicekomposition aus BPMN-Modellen<\/h5>\r\n<\/li>\r\n<li>\r\n<h5><a href=\"https:\/\/blog.hwr-berlin.de\/schmietendorf\/wp-content\/uploads\/2023\/06\/serv_eng_ue3b.pdf\" target=\"_blank\" rel=\"noopener\"><span style=\"color: #0000ff;\">\u00dcbung 3b<\/span><\/a> &#8211; Open API Spezifikationen des TM Forums<\/h5>\r\n<\/li>\r\n<li>\r\n<h5><a href=\"https:\/\/blog.hwr-berlin.de\/schmietendorf\/wp-content\/uploads\/2023\/06\/serv_eng_ue3c.pdf\" target=\"_blank\" rel=\"noopener\"><span style=\"color: #0000ff;\">\u00dcbung 3c<\/span><\/a> &#8211; Low Code Servicekomposition\/API-Management<\/h5>\r\n<\/li>\r\n<li>\r\n<h5><span style=\"color: #0000ff;\"><a style=\"color: #0000ff;\" href=\"https:\/\/blog.hwr-berlin.de\/schmietendorf\/wp-content\/uploads\/2023\/06\/serv_eng_ue3d-1.pdf\" target=\"_blank\" rel=\"noopener\">\u00dcbung 3d<\/a><\/span> &#8211; Aspekte des Domain Driven Designs<\/h5>\r\n<\/li>\r\n<\/ul>\r\n<p>Die \u00dcbungen werden durch die vorgenannten Anleitungen begleitet. Die Bereitstellung erfolgt sukzessive entsprechend des inhaltlichen Fortschritts der Vorlesung. Bei den \u00dcbungen 2 und 3 kann eine Auswahl aus den jeweils 3 vorgegebenen Alternativen getroffen werden.<\/p>\r\n<p>Organisatorische Aspekte:<\/p>\r\n<p>Die Lehrveranstaltung wurde so konzipiert, dass diese sowohl durch Bachelor- als auch Masterstudenten besucht werden kann. Die Details regeln die entsprechenden Pr\u00fcfungsordnungen. Die Vorlesung findet jeweils am Do von 09:00 bis 11:00 Uhr (Sommersemester 2025) statt.<\/p>\r\n<hr \/>\r\n<p>Verfasser: Prof. Dr.-Ing. habil. Andreas Schmietendorf<\/p>\r\n<p><em>Professur Wirtschaftsinformatik\/Systementwicklung &#8211; Hochschule f\u00fcr Wirtschaft und Recht Berlin &#8211; FB2<\/em><\/p>\r\n<p><em>Privatdozentur Software-Engineering &#8211; Otto-von-Guericke-Universit\u00e4t Magdeburg &#8211; FIN<\/em><\/p>\r\n\r\n<p>&nbsp;<\/p>\r\n","protected":false},"excerpt":{"rendered":"<p>Vorlesung &#8211; Service Engineering (im SoSe 2025 &#8211; G02-112) ACHTUNG: Die Vorlesung vom 22.05.2025 wird auf den 20.05.2025 um 17:00 Uhr verschoben. Dar\u00fcber hinaus findet diese mit Hilfe von Big Blue Button, d.h. ausschlie\u00dflich virtuell statt!!! Der entsprechende Link wird im Rahmen der Vorlesung am 15.05.2025 zur Verf\u00fcgung gestellt. Bitte ber\u00fccksichtigen Sie die den Plan [&hellip;]<\/p>\n","protected":false},"author":2,"featured_media":0,"parent":0,"menu_order":0,"comment_status":"closed","ping_status":"closed","template":"","meta":{"footnotes":""},"class_list":["post-94","page","type-page","status-publish","hentry"],"_links":{"self":[{"href":"https:\/\/blog.hwr-berlin.de\/schmietendorf\/wp-json\/wp\/v2\/pages\/94","targetHints":{"allow":["GET"]}}],"collection":[{"href":"https:\/\/blog.hwr-berlin.de\/schmietendorf\/wp-json\/wp\/v2\/pages"}],"about":[{"href":"https:\/\/blog.hwr-berlin.de\/schmietendorf\/wp-json\/wp\/v2\/types\/page"}],"author":[{"embeddable":true,"href":"https:\/\/blog.hwr-berlin.de\/schmietendorf\/wp-json\/wp\/v2\/users\/2"}],"replies":[{"embeddable":true,"href":"https:\/\/blog.hwr-berlin.de\/schmietendorf\/wp-json\/wp\/v2\/comments?post=94"}],"version-history":[{"count":114,"href":"https:\/\/blog.hwr-berlin.de\/schmietendorf\/wp-json\/wp\/v2\/pages\/94\/revisions"}],"predecessor-version":[{"id":2077,"href":"https:\/\/blog.hwr-berlin.de\/schmietendorf\/wp-json\/wp\/v2\/pages\/94\/revisions\/2077"}],"wp:attachment":[{"href":"https:\/\/blog.hwr-berlin.de\/schmietendorf\/wp-json\/wp\/v2\/media?parent=94"}],"curies":[{"name":"wp","href":"https:\/\/api.w.org\/{rel}","templated":true}]}}