

{"id":96,"date":"2017-10-25T18:19:05","date_gmt":"2017-10-25T16:19:05","guid":{"rendered":"https:\/\/blog.hwr-berlin.de\/schmietendorf\/?page_id=96"},"modified":"2025-04-01T14:33:12","modified_gmt":"2025-04-01T12:33:12","slug":"phds","status":"publish","type":"page","link":"https:\/\/blog.hwr-berlin.de\/schmietendorf\/phds\/","title":{"rendered":"Doktorandenbetreuung"},"content":{"rendered":"<p>Im Rahmen meiner an der Otto-von-Guericke-Universit\u00e4t Magdeburg gehaltenen Privatdozentur zum Software Engineering biete ich Absolventen der HWR Berlin, aber auch anderer Hochschulen, die direkte M\u00f6glichkeit der Betreuung eines Promotionsvorhabens. Die Voraussetzung f\u00fcr die Betreuung bzw. den Doktorandenstatus an der Universit\u00e4t Magdeburg ist selbstverst\u00e4ndlich ein \u00fcberdurchschnittlich guter Abschluss des vorangegangenen Diplom- bzw. Masterabschlusses. Die Zusammenarbeit kann z.B. auf der Grundlage eines an der HWR Berlin durchgef\u00fchrten Drittmittelprojektes, im Rahmen eines Kooperationsprojektes mit einem Industriepartner oder auch als externer Doktorand erfolgen. Dar\u00fcber hinaus besteht die M\u00f6glichkeit einer Doktorandenbetreuung im Diskurs des an der HWR Berlin eingerichteten Promotionskollegs. In diesem Fall erfolgt die Zusammenarbeit mit einer Berliner Universit\u00e4t.<\/p>\n<p>Weitere Informationen finden sich folgender <strong><a href=\"https:\/\/blog.hwr-berlin.de\/schmietendorf\/wp-content\/uploads\/2019\/07\/dissmanagement-v4.pdf\"><span style=\"color: #ff0000;\">Datei<\/span><\/a>.<\/strong><\/p>\n<p>Erfolgreich abgeschlossen Promotionsvorhaben:<\/p>\n<ul>\n<li>Dmytro Rud &#8211; Promotionskolloquium am 4. Dezember 2008, Otto-von-Guericke-Universit\u00e4t Magdeburg, Fakult\u00e4t Informatik<\/li>\n<li>Ayaz Farooq &#8211; Promotionskolloquium am 29. September 2009, Otto-von-Guericke-Universit\u00e4t Magdeburg, Fakult\u00e4t Informatik<\/li>\n<li>Vasile Stroian &#8211; Promotionskolloquium am 22. M\u00e4rz 2011, \u00c9cole de technologie sup\u00e9rieure &#8211; ETS Montreal, Quebec\/Canada<\/li>\n<li>Robert Neumann &#8211; Promotionskolloquium am 29. Mai 2012, Otto-von-Guericke-Universit\u00e4t Magdeburg, Fakult\u00e4t Informatik<\/li>\n<li>Andr\u00e9 Janus &#8211; Promotionskolloquium am 22. Oktober 2012, Otto-von-Guericke-Universit\u00e4t Magdeburg, Fakult\u00e4t Informatik<\/li>\n<li>Florian Muhss \u2013 Promotionskolloquium am 14. Februar 2013, Otto-von-Guericke-Universit\u00e4t Magdeburg, Fakult\u00e4t Informatik<\/li>\n<li>Andre Nitze \u2013 Promotionskolloquium am 28. Juni 2018, Otto-von-Guericke-Universit\u00e4t Magdeburg, Fakult\u00e4t Informatik<\/li>\n<li>Andr\u00e9 Karg -Disputation &#8211; wissenschaftliche Aussprache, 29. September 2020, Technische Universit\u00e4t Berlin, Fakut\u00e4t 1<\/li>\n<li>Steven Schmidt &#8211; Promotionskolloquium am 02. Mai 2024, Otto-von-Guericke-Universit\u00e4t Magdeburg, Fakult\u00e4t Informatik<\/li>\n<li>Konrad Nadobny &#8211; Promotionskolloquium am 07. Februar 2025, Otto-von-Guericke-Universit\u00e4t Magdeburg, Fakult\u00e4t Informatik<\/li>\n<\/ul>\n<p>Aktuell betreute Promotionsvorhaben:<\/p>\n<ul>\n<li>Sando Hartenstein \u2013 in Bearbeitung (Doktorandenstatus anerkannt am 08. April 2021, Uni Magdeburg)<\/li>\n<li>Walter Letzel \u2013 in Bearbeitung (Doktorandenstatus anerkannt am 08. Juli 2021, TU Berlin)<\/li>\n<li>&#8230;<\/li>\n<\/ul>\n<p>Ergebnisoffene Promotionsberatungen:<\/p>\n<ul>\n<li>Marc Fischer<\/li>\n<li>Julius Schinschke<\/li>\n<li>Marcus Zieger<\/li>\n<li>&#8230;<\/li>\n<\/ul>\n<p>Informationen zum <a href=\"https:\/\/www.hwr-berlin.de\/forschung\/promotion\/promotionskolleg\/\"><span style=\"color: #0000ff;\">Promotionskolleg der HWR Berlin<\/span><\/a><strong>.<\/strong><\/p>\n<p>Informationen zur <span style=\"color: #0000ff;\"><a style=\"color: #0000ff;\" href=\"https:\/\/www.hwr-berlin.de\/forschung\/promotion\/unterstuetzungsfonds\/\" target=\"_blank\" rel=\"noopener\">Unterst\u00fctzung von Promotionen an der HWR Berlin<\/a><\/span>.<\/p>\n","protected":false},"excerpt":{"rendered":"<p>Im Rahmen meiner an der Otto-von-Guericke-Universit\u00e4t Magdeburg gehaltenen Privatdozentur zum Software Engineering biete ich Absolventen der HWR Berlin, aber auch anderer Hochschulen, die direkte M\u00f6glichkeit der Betreuung eines Promotionsvorhabens. Die Voraussetzung f\u00fcr die Betreuung bzw. den Doktorandenstatus an der Universit\u00e4t Magdeburg ist selbstverst\u00e4ndlich ein \u00fcberdurchschnittlich guter Abschluss des vorangegangenen Diplom- bzw. Masterabschlusses. Die Zusammenarbeit kann [&hellip;]<\/p>\n","protected":false},"author":2,"featured_media":0,"parent":0,"menu_order":0,"comment_status":"closed","ping_status":"closed","template":"","meta":{"footnotes":""},"class_list":["post-96","page","type-page","status-publish","hentry"],"_links":{"self":[{"href":"https:\/\/blog.hwr-berlin.de\/schmietendorf\/wp-json\/wp\/v2\/pages\/96","targetHints":{"allow":["GET"]}}],"collection":[{"href":"https:\/\/blog.hwr-berlin.de\/schmietendorf\/wp-json\/wp\/v2\/pages"}],"about":[{"href":"https:\/\/blog.hwr-berlin.de\/schmietendorf\/wp-json\/wp\/v2\/types\/page"}],"author":[{"embeddable":true,"href":"https:\/\/blog.hwr-berlin.de\/schmietendorf\/wp-json\/wp\/v2\/users\/2"}],"replies":[{"embeddable":true,"href":"https:\/\/blog.hwr-berlin.de\/schmietendorf\/wp-json\/wp\/v2\/comments?post=96"}],"version-history":[{"count":39,"href":"https:\/\/blog.hwr-berlin.de\/schmietendorf\/wp-json\/wp\/v2\/pages\/96\/revisions"}],"predecessor-version":[{"id":1962,"href":"https:\/\/blog.hwr-berlin.de\/schmietendorf\/wp-json\/wp\/v2\/pages\/96\/revisions\/1962"}],"wp:attachment":[{"href":"https:\/\/blog.hwr-berlin.de\/schmietendorf\/wp-json\/wp\/v2\/media?parent=96"}],"curies":[{"name":"wp","href":"https:\/\/api.w.org\/{rel}","templated":true}]}}