

{"id":967,"date":"2021-07-08T16:32:02","date_gmt":"2021-07-08T14:32:02","guid":{"rendered":"https:\/\/blog.hwr-berlin.de\/schmietendorf\/?page_id=967"},"modified":"2021-07-19T13:51:50","modified_gmt":"2021-07-19T11:51:50","slug":"online-workshop-e-trust-vertrauen-in-digitale-dienste","status":"publish","type":"page","link":"https:\/\/blog.hwr-berlin.de\/schmietendorf\/online-workshop-e-trust-vertrauen-in-digitale-dienste\/","title":{"rendered":"Online-Workshop (e) trust &#8211; Vertrauen in digitale Dienste"},"content":{"rendered":"\n<p>HWR Berlin &#8211; FB 2: 05. Juli 2021 &#8211; 12:00 bis 16:00 Uhr<\/p>\n\n\n\n<p><strong>Workshoper\u00f6ffnung<\/strong><\/p>\n\n\n\n<p><em>Andreas Schmietendorf, HWR Berlin\/Uni Magdeburg<\/em><br><a rel=\"noreferrer noopener\" href=\"https:\/\/blog.hwr-berlin.de\/schmietendorf\/wp-content\/uploads\/2021\/07\/schmietendorf-etrust.pdf\" target=\"_blank\"><span class=\"has-inline-color has-vivid-cyan-blue-color\">Motivation und Einf\u00fchrung<\/span><\/a><\/p>\n\n\n\n<p><strong>Eingeladene Keynotesprecher<\/strong><\/p>\n\n\n\n<p><em>Juan Jos\u00e9 Cuadrado Gallego, University of Alcal\u00e1, Madrid\/Spain and Concordia University, Montreal\/Canada<\/em><br><a rel=\"noreferrer noopener\" href=\"https:\/\/blog.hwr-berlin.de\/schmietendorf\/wp-content\/uploads\/2021\/07\/gallego-etrust.pdf\" target=\"_blank\"><span class=\"has-inline-color has-vivid-cyan-blue-color\">Data Science Framework \u2013 Trust Aspects<\/span><\/a><\/p>\n\n\n\n<p><em>Anja Fiegler, Microsoft Deutschland GmbH<\/em><br><a rel=\"noreferrer noopener\" href=\"https:\/\/blog.hwr-berlin.de\/schmietendorf\/wp-content\/uploads\/2021\/07\/fiegler-etrust.pdf\" target=\"_blank\"><span class=\"has-inline-color has-vivid-cyan-blue-color\">Vertrauensw\u00fcrdige KI-Services<\/span><\/a><\/p>\n\n\n\n<p><strong>Impulsvortr\u00e4ge der Moderatoren zum World-Cafe<\/strong><\/p>\n\n\n\n<p><em>Kadir Ider, Delivery Hero\/HWR Berlin<\/em>, <br><a href=\"https:\/\/blog.hwr-berlin.de\/schmietendorf\/wp-content\/uploads\/2021\/07\/ider-etrust.pdf\" target=\"_blank\" rel=\"noreferrer noopener\"><span class=\"has-inline-color has-vivid-cyan-blue-color\">Datenschutzrechtliche Aspekte<\/span><\/a><\/p>\n\n\n\n<p><em>Steven Schmidt, Deutsche Bahn AG\/Uni Magdeburg<\/em>,<br><a href=\"https:\/\/blog.hwr-berlin.de\/schmietendorf\/wp-content\/uploads\/2021\/07\/schmidt-etrust.pdf\" target=\"_blank\" rel=\"noreferrer noopener\"><span class=\"has-inline-color has-vivid-cyan-blue-color\">Integrative Aspekte<\/span><\/a><\/p>\n\n\n\n<p><em>Sandro Hartenstein, HWR Berlin<\/em>\/Uni Magdeburg, <br><a rel=\"noreferrer noopener\" href=\"https:\/\/blog.hwr-berlin.de\/schmietendorf\/wp-content\/uploads\/2021\/07\/hartenstein-trust.pdf\" target=\"_blank\"><span class=\"has-inline-color has-vivid-cyan-blue-color\">Technische Aspekte<\/span><\/a><\/p>\n\n\n\n<p><em>Walter Letzel, TU Berlin\/HWR Berlin<\/em>, <br><a rel=\"noreferrer noopener\" href=\"https:\/\/blog.hwr-berlin.de\/schmietendorf\/wp-content\/uploads\/2021\/07\/letzel-etrust.pdf\" target=\"_blank\"><span class=\"has-inline-color has-vivid-cyan-blue-color\">Soziologische Aspekte<\/span><\/a><\/p>\n\n\n\n<p>Im Nachgang zum Workshop werden die wesentlichen Inhalte der Keynotes, Impulsvortr\u00e4ge und Ergebnisdiskussionen beim Shaker-Verlag als Tagungsband (ISBN 978-3-8440-8106-0) publiziert.<\/p>\n","protected":false},"excerpt":{"rendered":"<p>HWR Berlin &#8211; FB 2: 05. Juli 2021 &#8211; 12:00 bis 16:00 Uhr Workshoper\u00f6ffnung Andreas Schmietendorf, HWR Berlin\/Uni MagdeburgMotivation und Einf\u00fchrung Eingeladene Keynotesprecher Juan Jos\u00e9 Cuadrado Gallego, University of Alcal\u00e1, Madrid\/Spain and Concordia University, Montreal\/CanadaData Science Framework \u2013 Trust Aspects Anja Fiegler, Microsoft Deutschland GmbHVertrauensw\u00fcrdige KI-Services Impulsvortr\u00e4ge der Moderatoren zum World-Cafe Kadir Ider, Delivery Hero\/HWR [&hellip;]<\/p>\n","protected":false},"author":2,"featured_media":0,"parent":0,"menu_order":0,"comment_status":"closed","ping_status":"closed","template":"","meta":{"footnotes":""},"class_list":["post-967","page","type-page","status-publish","hentry"],"_links":{"self":[{"href":"https:\/\/blog.hwr-berlin.de\/schmietendorf\/wp-json\/wp\/v2\/pages\/967","targetHints":{"allow":["GET"]}}],"collection":[{"href":"https:\/\/blog.hwr-berlin.de\/schmietendorf\/wp-json\/wp\/v2\/pages"}],"about":[{"href":"https:\/\/blog.hwr-berlin.de\/schmietendorf\/wp-json\/wp\/v2\/types\/page"}],"author":[{"embeddable":true,"href":"https:\/\/blog.hwr-berlin.de\/schmietendorf\/wp-json\/wp\/v2\/users\/2"}],"replies":[{"embeddable":true,"href":"https:\/\/blog.hwr-berlin.de\/schmietendorf\/wp-json\/wp\/v2\/comments?post=967"}],"version-history":[{"count":10,"href":"https:\/\/blog.hwr-berlin.de\/schmietendorf\/wp-json\/wp\/v2\/pages\/967\/revisions"}],"predecessor-version":[{"id":1004,"href":"https:\/\/blog.hwr-berlin.de\/schmietendorf\/wp-json\/wp\/v2\/pages\/967\/revisions\/1004"}],"wp:attachment":[{"href":"https:\/\/blog.hwr-berlin.de\/schmietendorf\/wp-json\/wp\/v2\/media?parent=967"}],"curies":[{"name":"wp","href":"https:\/\/api.w.org\/{rel}","templated":true}]}}